{"id":14089,"date":"2019-02-02T21:44:52","date_gmt":"2019-02-02T21:44:52","guid":{"rendered":"https:\/\/todotrial.com\/tienda\/product\/piston2019-02-02-21-44-52\/"},"modified":"2025-02-20T17:46:41","modified_gmt":"2025-02-20T16:46:41","slug":"piston2019-02-02-21-44-52","status":"publish","type":"product","link":"https:\/\/todotrial.com\/tienda\/piston2019-02-02-21-44-52\/","title":{"rendered":"KIT PISTON BULTACO PURSANG  360\/370"},"content":{"rendered":"<p>bultaco pursang del mk6 al mk11 modelos 350\/360\/370. medidas: 83.40, 83.60, 84.00, 84.50, 85.00, 85.25, 85.50, 86.00, 86.50 wiseco, 87.00 wiseco, 87.50 wiseco. los tama\u00f1os 86.50, 87.00 y 87.50mm solo est\u00e1n disponibles como pistones wiseco. los tama\u00f1os de pist\u00f3n disponibles desde 83.40 hasta 86.00 mm son pistones italkit, por lo que estos pistones necesitar\u00e1n un cojinete de extremo peque\u00f1o de 23 mm .hay 3 anchos de cojinetes del extremo peque\u00f1o disponibles para los modelos bultaco 350\/360\/370-<\/p>\n<p>compruebe el tama\u00f1o que necesita<\/p>\n<p>usa los 20 mm uno con espaciadores.<\/p>\n<p>usa el ancho de 30mm sin espaciadores.<\/p>\n<p>utilice el de 23 mm solo con pistones italkit.<br \/>un cojinete de extremo peque\u00f1o de 20 mm de ancho original de bultaco no funcionar\u00e1 con este pist\u00f3n ya que es demasiado corto<\/p>\n<p>tambi\u00e9n los cojinetes del extremo peque\u00f1o de 30 mm de ancho disponibles son demasiado largos<\/p>\n","protected":false},"excerpt":{"rendered":"<p>KIT PISTON BULTACO PURSANG  360\/370<br \/>\nSe adapta de MK 6 a MK11 Pursang 350\/360\/370 modelos<\/p>\n<p>Los tama\u00f1os 86.50, 87.00 y 87.50mm solo est\u00e1n disponibles como pistones WISECO<\/p>\n<p>Por favor, seleccione el tama\u00f1o del men\u00fa desplegable<\/p>\n<p>Peso 0,55 kg.<br \/>\nTama\u00f1os de pist\u00f3n<br \/>\n83.60, 84.00, 85.00, 85.25, 85.50, 86.00, 83.40, 84.50, 86.50 WISECO, 87.00 WISECO, 87.50 WISECO<\/p>\n","protected":false},"featured_media":14088,"comment_status":"open","ping_status":"closed","template":"","meta":[],"product_brand":[],"product_cat":[15],"product_tag":[],"class_list":{"0":"post-14089","1":"product","2":"type-product","3":"status-publish","4":"has-post-thumbnail","6":"product_cat-uncategorized","8":"first","9":"outofstock","10":"taxable","11":"shipping-taxable","12":"purchasable","13":"product-type-simple"},"yoast_head":"<!-- This site is optimized with the Yoast SEO Premium plugin v21.2 (Yoast SEO v27.5) - https:\/\/yoast.com\/product\/yoast-seo-premium-wordpress\/ -->\n<title>KIT PISTON BULTACO PURSANG 360\/370 - Tienda de todotrial<\/title>\n<meta name=\"robots\" content=\"index, follow, max-snippet:-1, max-image-preview:large, max-video-preview:-1\" \/>\n<link rel=\"canonical\" href=\"https:\/\/todotrial.com\/tienda\/piston2019-02-02-21-44-52\/\" \/>\n<meta property=\"og:locale\" content=\"es_ES\" \/>\n<meta property=\"og:type\" content=\"article\" \/>\n<meta property=\"og:title\" content=\"KIT PISTON BULTACO PURSANG 360\/370\" \/>\n<meta property=\"og:description\" content=\"KIT PISTON BULTACO PURSANG 360\/370 Se adapta de MK 6 a MK11 Pursang 350\/360\/370 modelos  Los tama\u00f1os 86.50, 87.00 y 87.50mm solo est\u00e1n disponibles como pistones WISECO  Por favor, seleccione el tama\u00f1o del men\u00fa desplegable  Peso 0,55 kg. Tama\u00f1os de pist\u00f3n 83.60, 84.00, 85.00, 85.25, 85.50, 86.00, 83.40, 84.50, 86.50 WISECO, 87.00 WISECO, 87.50 WISECO\" \/>\n<meta property=\"og:url\" content=\"https:\/\/todotrial.com\/tienda\/piston2019-02-02-21-44-52\/\" \/>\n<meta property=\"og:site_name\" content=\"Tienda de todotrial\" \/>\n<meta property=\"article:modified_time\" content=\"2025-02-20T16:46:41+00:00\" \/>\n<meta property=\"og:image\" content=\"https:\/\/todotrial.com\/tienda\/wp-content\/uploads\/2019\/02\/bultaco_pursang_piston_2502.jpg\" \/>\n\t<meta property=\"og:image:width\" content=\"434\" \/>\n\t<meta property=\"og:image:height\" content=\"570\" \/>\n\t<meta property=\"og:image:type\" content=\"image\/jpeg\" \/>\n<meta name=\"twitter:card\" content=\"summary_large_image\" \/>\n<meta name=\"twitter:label1\" content=\"Tiempo de lectura\" \/>\n\t<meta name=\"twitter:data1\" content=\"1 minuto\" \/>\n<script type=\"application\/ld+json\" class=\"yoast-schema-graph\">{\"@context\":\"https:\\\/\\\/schema.org\",\"@graph\":[{\"@type\":\"WebPage\",\"@id\":\"https:\\\/\\\/todotrial.com\\\/tienda\\\/piston2019-02-02-21-44-52\\\/\",\"url\":\"https:\\\/\\\/todotrial.com\\\/tienda\\\/piston2019-02-02-21-44-52\\\/\",\"name\":\"KIT PISTON BULTACO PURSANG 360\\\/370 - Tienda de todotrial\",\"isPartOf\":{\"@id\":\"https:\\\/\\\/todotrial.com\\\/tienda\\\/#website\"},\"primaryImageOfPage\":{\"@id\":\"https:\\\/\\\/todotrial.com\\\/tienda\\\/piston2019-02-02-21-44-52\\\/#primaryimage\"},\"image\":{\"@id\":\"https:\\\/\\\/todotrial.com\\\/tienda\\\/piston2019-02-02-21-44-52\\\/#primaryimage\"},\"thumbnailUrl\":\"https:\\\/\\\/todotrial.com\\\/tienda\\\/wp-content\\\/uploads\\\/2019\\\/02\\\/bultaco_pursang_piston_2502.jpg\",\"datePublished\":\"2019-02-02T21:44:52+00:00\",\"dateModified\":\"2025-02-20T16:46:41+00:00\",\"breadcrumb\":{\"@id\":\"https:\\\/\\\/todotrial.com\\\/tienda\\\/piston2019-02-02-21-44-52\\\/#breadcrumb\"},\"inLanguage\":\"es\",\"potentialAction\":[{\"@type\":\"ReadAction\",\"target\":[\"https:\\\/\\\/todotrial.com\\\/tienda\\\/piston2019-02-02-21-44-52\\\/\"]}]},{\"@type\":\"ImageObject\",\"inLanguage\":\"es\",\"@id\":\"https:\\\/\\\/todotrial.com\\\/tienda\\\/piston2019-02-02-21-44-52\\\/#primaryimage\",\"url\":\"https:\\\/\\\/todotrial.com\\\/tienda\\\/wp-content\\\/uploads\\\/2019\\\/02\\\/bultaco_pursang_piston_2502.jpg\",\"contentUrl\":\"https:\\\/\\\/todotrial.com\\\/tienda\\\/wp-content\\\/uploads\\\/2019\\\/02\\\/bultaco_pursang_piston_2502.jpg\",\"width\":434,\"height\":570},{\"@type\":\"BreadcrumbList\",\"@id\":\"https:\\\/\\\/todotrial.com\\\/tienda\\\/piston2019-02-02-21-44-52\\\/#breadcrumb\",\"itemListElement\":[{\"@type\":\"ListItem\",\"position\":1,\"name\":\"Portada\",\"item\":\"https:\\\/\\\/todotrial.com\\\/tienda\\\/\"},{\"@type\":\"ListItem\",\"position\":2,\"name\":\"Shop\",\"item\":\"https:\\\/\\\/todotrial.com\\\/tienda\\\/shop\\\/\"},{\"@type\":\"ListItem\",\"position\":3,\"name\":\"KIT PISTON BULTACO PURSANG 360\\\/370\"}]},{\"@type\":\"WebSite\",\"@id\":\"https:\\\/\\\/todotrial.com\\\/tienda\\\/#website\",\"url\":\"https:\\\/\\\/todotrial.com\\\/tienda\\\/\",\"name\":\"Tienda de todotrial\",\"description\":\"\",\"potentialAction\":[{\"@type\":\"SearchAction\",\"target\":{\"@type\":\"EntryPoint\",\"urlTemplate\":\"https:\\\/\\\/todotrial.com\\\/tienda\\\/?s={search_term_string}\"},\"query-input\":{\"@type\":\"PropertyValueSpecification\",\"valueRequired\":true,\"valueName\":\"search_term_string\"}}],\"inLanguage\":\"es\"}]}<\/script>\n<!-- \/ Yoast SEO Premium plugin. -->","yoast_head_json":{"title":"KIT PISTON BULTACO PURSANG 360\/370 - Tienda de todotrial","robots":{"index":"index","follow":"follow","max-snippet":"max-snippet:-1","max-image-preview":"max-image-preview:large","max-video-preview":"max-video-preview:-1"},"canonical":"https:\/\/todotrial.com\/tienda\/piston2019-02-02-21-44-52\/","og_locale":"es_ES","og_type":"article","og_title":"KIT PISTON BULTACO PURSANG 360\/370","og_description":"KIT PISTON BULTACO PURSANG 360\/370 Se adapta de MK 6 a MK11 Pursang 350\/360\/370 modelos  Los tama\u00f1os 86.50, 87.00 y 87.50mm solo est\u00e1n disponibles como pistones WISECO  Por favor, seleccione el tama\u00f1o del men\u00fa desplegable  Peso 0,55 kg. Tama\u00f1os de pist\u00f3n 83.60, 84.00, 85.00, 85.25, 85.50, 86.00, 83.40, 84.50, 86.50 WISECO, 87.00 WISECO, 87.50 WISECO","og_url":"https:\/\/todotrial.com\/tienda\/piston2019-02-02-21-44-52\/","og_site_name":"Tienda de todotrial","article_modified_time":"2025-02-20T16:46:41+00:00","og_image":[{"width":434,"height":570,"url":"https:\/\/todotrial.com\/tienda\/wp-content\/uploads\/2019\/02\/bultaco_pursang_piston_2502.jpg","type":"image\/jpeg"}],"twitter_card":"summary_large_image","twitter_misc":{"Tiempo de lectura":"1 minuto"},"schema":{"@context":"https:\/\/schema.org","@graph":[{"@type":"WebPage","@id":"https:\/\/todotrial.com\/tienda\/piston2019-02-02-21-44-52\/","url":"https:\/\/todotrial.com\/tienda\/piston2019-02-02-21-44-52\/","name":"KIT PISTON BULTACO PURSANG 360\/370 - Tienda de todotrial","isPartOf":{"@id":"https:\/\/todotrial.com\/tienda\/#website"},"primaryImageOfPage":{"@id":"https:\/\/todotrial.com\/tienda\/piston2019-02-02-21-44-52\/#primaryimage"},"image":{"@id":"https:\/\/todotrial.com\/tienda\/piston2019-02-02-21-44-52\/#primaryimage"},"thumbnailUrl":"https:\/\/todotrial.com\/tienda\/wp-content\/uploads\/2019\/02\/bultaco_pursang_piston_2502.jpg","datePublished":"2019-02-02T21:44:52+00:00","dateModified":"2025-02-20T16:46:41+00:00","breadcrumb":{"@id":"https:\/\/todotrial.com\/tienda\/piston2019-02-02-21-44-52\/#breadcrumb"},"inLanguage":"es","potentialAction":[{"@type":"ReadAction","target":["https:\/\/todotrial.com\/tienda\/piston2019-02-02-21-44-52\/"]}]},{"@type":"ImageObject","inLanguage":"es","@id":"https:\/\/todotrial.com\/tienda\/piston2019-02-02-21-44-52\/#primaryimage","url":"https:\/\/todotrial.com\/tienda\/wp-content\/uploads\/2019\/02\/bultaco_pursang_piston_2502.jpg","contentUrl":"https:\/\/todotrial.com\/tienda\/wp-content\/uploads\/2019\/02\/bultaco_pursang_piston_2502.jpg","width":434,"height":570},{"@type":"BreadcrumbList","@id":"https:\/\/todotrial.com\/tienda\/piston2019-02-02-21-44-52\/#breadcrumb","itemListElement":[{"@type":"ListItem","position":1,"name":"Portada","item":"https:\/\/todotrial.com\/tienda\/"},{"@type":"ListItem","position":2,"name":"Shop","item":"https:\/\/todotrial.com\/tienda\/shop\/"},{"@type":"ListItem","position":3,"name":"KIT PISTON BULTACO PURSANG 360\/370"}]},{"@type":"WebSite","@id":"https:\/\/todotrial.com\/tienda\/#website","url":"https:\/\/todotrial.com\/tienda\/","name":"Tienda de todotrial","description":"","potentialAction":[{"@type":"SearchAction","target":{"@type":"EntryPoint","urlTemplate":"https:\/\/todotrial.com\/tienda\/?s={search_term_string}"},"query-input":{"@type":"PropertyValueSpecification","valueRequired":true,"valueName":"search_term_string"}}],"inLanguage":"es"}]}},"_links":{"self":[{"href":"https:\/\/todotrial.com\/tienda\/wp-json\/wp\/v2\/product\/14089","targetHints":{"allow":["GET"]}}],"collection":[{"href":"https:\/\/todotrial.com\/tienda\/wp-json\/wp\/v2\/product"}],"about":[{"href":"https:\/\/todotrial.com\/tienda\/wp-json\/wp\/v2\/types\/product"}],"replies":[{"embeddable":true,"href":"https:\/\/todotrial.com\/tienda\/wp-json\/wp\/v2\/comments?post=14089"}],"version-history":[{"count":0,"href":"https:\/\/todotrial.com\/tienda\/wp-json\/wp\/v2\/product\/14089\/revisions"}],"wp:featuredmedia":[{"embeddable":true,"href":"https:\/\/todotrial.com\/tienda\/wp-json\/wp\/v2\/media\/14088"}],"wp:attachment":[{"href":"https:\/\/todotrial.com\/tienda\/wp-json\/wp\/v2\/media?parent=14089"}],"wp:term":[{"taxonomy":"product_brand","embeddable":true,"href":"https:\/\/todotrial.com\/tienda\/wp-json\/wp\/v2\/product_brand?post=14089"},{"taxonomy":"product_cat","embeddable":true,"href":"https:\/\/todotrial.com\/tienda\/wp-json\/wp\/v2\/product_cat?post=14089"},{"taxonomy":"product_tag","embeddable":true,"href":"https:\/\/todotrial.com\/tienda\/wp-json\/wp\/v2\/product_tag?post=14089"}],"curies":[{"name":"wp","href":"https:\/\/api.w.org\/{rel}","templated":true}]}}