{"id":14087,"date":"2019-02-02T21:34:10","date_gmt":"2019-02-02T21:34:10","guid":{"rendered":"https:\/\/todotrial.com\/tienda\/product\/piston2019-02-02-21-34-10\/"},"modified":"2025-02-20T17:46:43","modified_gmt":"2025-02-20T16:46:43","slug":"piston2019-02-02-21-34-10","status":"publish","type":"product","link":"https:\/\/todotrial.com\/tienda\/piston2019-02-02-21-34-10\/","title":{"rendered":"kit piston bultaco pursang 250 MOTOCROSS"},"content":{"rendered":"<p>kit piston bultaco pursang 250 MOTOCROSS<br \/>Se adapta a 250 modelos Pursang MK 6 a MK 8<\/p>\n<p>Los tama\u00f1os de pist\u00f3n 73.50, 74.00 solo est\u00e1n disponibles en una opci\u00f3n WISECO<\/p>\n<p>Por favor, seleccione el tama\u00f1o del men\u00fa&nbsp;<\/p>\n<p>Peso 0.76 kg<br \/>Tama\u00f1os de pist\u00f3n<br \/>72.00, 72.25, 72.50, 73.00, 73.50 WISECO, 74.00 WISECO<\/p>\n","protected":false},"excerpt":{"rendered":"<p>kit piston bultaco pursang 250 MOTOCROSS<br \/>\nSe adapta a 250 modelos Pursang MK 6 a MK 8<\/p>\n<p>Los tama\u00f1os de pist\u00f3n 73.50, 74.00 solo est\u00e1n disponibles en una opci\u00f3n WISECO<\/p>\n<p>Por favor, seleccione el tama\u00f1o del men\u00fa desplegable<\/p>\n<p>Peso 0.76 kg<br \/>\nTama\u00f1os de pist\u00f3n<br \/>\n72.00, 72.25, 72.50, 73.00, 73.50 WISECO, 74.00 WISECO<\/p>\n","protected":false},"featured_media":14086,"comment_status":"open","ping_status":"closed","template":"","meta":[],"product_brand":[],"product_cat":[15],"product_tag":[],"class_list":{"0":"post-14087","1":"product","2":"type-product","3":"status-publish","4":"has-post-thumbnail","6":"product_cat-uncategorized","8":"first","9":"outofstock","10":"taxable","11":"shipping-taxable","12":"purchasable","13":"product-type-simple"},"yoast_head":"<!-- This site is optimized with the Yoast SEO Premium plugin v21.2 (Yoast SEO v27.5) - https:\/\/yoast.com\/product\/yoast-seo-premium-wordpress\/ -->\n<title>kit piston bultaco pursang 250 MOTOCROSS - Tienda de todotrial<\/title>\n<meta name=\"robots\" content=\"index, follow, max-snippet:-1, max-image-preview:large, max-video-preview:-1\" \/>\n<link rel=\"canonical\" href=\"https:\/\/todotrial.com\/tienda\/piston2019-02-02-21-34-10\/\" \/>\n<meta property=\"og:locale\" content=\"es_ES\" \/>\n<meta property=\"og:type\" content=\"article\" \/>\n<meta property=\"og:title\" content=\"kit piston bultaco pursang 250 MOTOCROSS\" \/>\n<meta property=\"og:description\" content=\"kit piston bultaco pursang 250 MOTOCROSS Se adapta a 250 modelos Pursang MK 6 a MK 8  Los tama\u00f1os de pist\u00f3n 73.50, 74.00 solo est\u00e1n disponibles en una opci\u00f3n WISECO  Por favor, seleccione el tama\u00f1o del men\u00fa desplegable  Peso 0.76 kg Tama\u00f1os de pist\u00f3n 72.00, 72.25, 72.50, 73.00, 73.50 WISECO, 74.00 WISECO\" \/>\n<meta property=\"og:url\" content=\"https:\/\/todotrial.com\/tienda\/piston2019-02-02-21-34-10\/\" \/>\n<meta property=\"og:site_name\" content=\"Tienda de todotrial\" \/>\n<meta property=\"article:modified_time\" content=\"2025-02-20T16:46:43+00:00\" \/>\n<meta property=\"og:image\" content=\"https:\/\/todotrial.com\/tienda\/wp-content\/uploads\/2019\/02\/bultaco_pursang_piston_250.jpg\" \/>\n\t<meta property=\"og:image:width\" content=\"434\" \/>\n\t<meta property=\"og:image:height\" content=\"570\" \/>\n\t<meta property=\"og:image:type\" content=\"image\/jpeg\" \/>\n<meta name=\"twitter:card\" content=\"summary_large_image\" \/>\n<script type=\"application\/ld+json\" class=\"yoast-schema-graph\">{\"@context\":\"https:\\\/\\\/schema.org\",\"@graph\":[{\"@type\":\"WebPage\",\"@id\":\"https:\\\/\\\/todotrial.com\\\/tienda\\\/piston2019-02-02-21-34-10\\\/\",\"url\":\"https:\\\/\\\/todotrial.com\\\/tienda\\\/piston2019-02-02-21-34-10\\\/\",\"name\":\"kit piston bultaco pursang 250 MOTOCROSS - Tienda de todotrial\",\"isPartOf\":{\"@id\":\"https:\\\/\\\/todotrial.com\\\/tienda\\\/#website\"},\"primaryImageOfPage\":{\"@id\":\"https:\\\/\\\/todotrial.com\\\/tienda\\\/piston2019-02-02-21-34-10\\\/#primaryimage\"},\"image\":{\"@id\":\"https:\\\/\\\/todotrial.com\\\/tienda\\\/piston2019-02-02-21-34-10\\\/#primaryimage\"},\"thumbnailUrl\":\"https:\\\/\\\/todotrial.com\\\/tienda\\\/wp-content\\\/uploads\\\/2019\\\/02\\\/bultaco_pursang_piston_250.jpg\",\"datePublished\":\"2019-02-02T21:34:10+00:00\",\"dateModified\":\"2025-02-20T16:46:43+00:00\",\"breadcrumb\":{\"@id\":\"https:\\\/\\\/todotrial.com\\\/tienda\\\/piston2019-02-02-21-34-10\\\/#breadcrumb\"},\"inLanguage\":\"es\",\"potentialAction\":[{\"@type\":\"ReadAction\",\"target\":[\"https:\\\/\\\/todotrial.com\\\/tienda\\\/piston2019-02-02-21-34-10\\\/\"]}]},{\"@type\":\"ImageObject\",\"inLanguage\":\"es\",\"@id\":\"https:\\\/\\\/todotrial.com\\\/tienda\\\/piston2019-02-02-21-34-10\\\/#primaryimage\",\"url\":\"https:\\\/\\\/todotrial.com\\\/tienda\\\/wp-content\\\/uploads\\\/2019\\\/02\\\/bultaco_pursang_piston_250.jpg\",\"contentUrl\":\"https:\\\/\\\/todotrial.com\\\/tienda\\\/wp-content\\\/uploads\\\/2019\\\/02\\\/bultaco_pursang_piston_250.jpg\",\"width\":434,\"height\":570},{\"@type\":\"BreadcrumbList\",\"@id\":\"https:\\\/\\\/todotrial.com\\\/tienda\\\/piston2019-02-02-21-34-10\\\/#breadcrumb\",\"itemListElement\":[{\"@type\":\"ListItem\",\"position\":1,\"name\":\"Portada\",\"item\":\"https:\\\/\\\/todotrial.com\\\/tienda\\\/\"},{\"@type\":\"ListItem\",\"position\":2,\"name\":\"Shop\",\"item\":\"https:\\\/\\\/todotrial.com\\\/tienda\\\/shop\\\/\"},{\"@type\":\"ListItem\",\"position\":3,\"name\":\"kit piston bultaco pursang 250 MOTOCROSS\"}]},{\"@type\":\"WebSite\",\"@id\":\"https:\\\/\\\/todotrial.com\\\/tienda\\\/#website\",\"url\":\"https:\\\/\\\/todotrial.com\\\/tienda\\\/\",\"name\":\"Tienda de todotrial\",\"description\":\"\",\"potentialAction\":[{\"@type\":\"SearchAction\",\"target\":{\"@type\":\"EntryPoint\",\"urlTemplate\":\"https:\\\/\\\/todotrial.com\\\/tienda\\\/?s={search_term_string}\"},\"query-input\":{\"@type\":\"PropertyValueSpecification\",\"valueRequired\":true,\"valueName\":\"search_term_string\"}}],\"inLanguage\":\"es\"}]}<\/script>\n<!-- \/ Yoast SEO Premium plugin. -->","yoast_head_json":{"title":"kit piston bultaco pursang 250 MOTOCROSS - Tienda de todotrial","robots":{"index":"index","follow":"follow","max-snippet":"max-snippet:-1","max-image-preview":"max-image-preview:large","max-video-preview":"max-video-preview:-1"},"canonical":"https:\/\/todotrial.com\/tienda\/piston2019-02-02-21-34-10\/","og_locale":"es_ES","og_type":"article","og_title":"kit piston bultaco pursang 250 MOTOCROSS","og_description":"kit piston bultaco pursang 250 MOTOCROSS Se adapta a 250 modelos Pursang MK 6 a MK 8  Los tama\u00f1os de pist\u00f3n 73.50, 74.00 solo est\u00e1n disponibles en una opci\u00f3n WISECO  Por favor, seleccione el tama\u00f1o del men\u00fa desplegable  Peso 0.76 kg Tama\u00f1os de pist\u00f3n 72.00, 72.25, 72.50, 73.00, 73.50 WISECO, 74.00 WISECO","og_url":"https:\/\/todotrial.com\/tienda\/piston2019-02-02-21-34-10\/","og_site_name":"Tienda de todotrial","article_modified_time":"2025-02-20T16:46:43+00:00","og_image":[{"width":434,"height":570,"url":"https:\/\/todotrial.com\/tienda\/wp-content\/uploads\/2019\/02\/bultaco_pursang_piston_250.jpg","type":"image\/jpeg"}],"twitter_card":"summary_large_image","schema":{"@context":"https:\/\/schema.org","@graph":[{"@type":"WebPage","@id":"https:\/\/todotrial.com\/tienda\/piston2019-02-02-21-34-10\/","url":"https:\/\/todotrial.com\/tienda\/piston2019-02-02-21-34-10\/","name":"kit piston bultaco pursang 250 MOTOCROSS - Tienda de todotrial","isPartOf":{"@id":"https:\/\/todotrial.com\/tienda\/#website"},"primaryImageOfPage":{"@id":"https:\/\/todotrial.com\/tienda\/piston2019-02-02-21-34-10\/#primaryimage"},"image":{"@id":"https:\/\/todotrial.com\/tienda\/piston2019-02-02-21-34-10\/#primaryimage"},"thumbnailUrl":"https:\/\/todotrial.com\/tienda\/wp-content\/uploads\/2019\/02\/bultaco_pursang_piston_250.jpg","datePublished":"2019-02-02T21:34:10+00:00","dateModified":"2025-02-20T16:46:43+00:00","breadcrumb":{"@id":"https:\/\/todotrial.com\/tienda\/piston2019-02-02-21-34-10\/#breadcrumb"},"inLanguage":"es","potentialAction":[{"@type":"ReadAction","target":["https:\/\/todotrial.com\/tienda\/piston2019-02-02-21-34-10\/"]}]},{"@type":"ImageObject","inLanguage":"es","@id":"https:\/\/todotrial.com\/tienda\/piston2019-02-02-21-34-10\/#primaryimage","url":"https:\/\/todotrial.com\/tienda\/wp-content\/uploads\/2019\/02\/bultaco_pursang_piston_250.jpg","contentUrl":"https:\/\/todotrial.com\/tienda\/wp-content\/uploads\/2019\/02\/bultaco_pursang_piston_250.jpg","width":434,"height":570},{"@type":"BreadcrumbList","@id":"https:\/\/todotrial.com\/tienda\/piston2019-02-02-21-34-10\/#breadcrumb","itemListElement":[{"@type":"ListItem","position":1,"name":"Portada","item":"https:\/\/todotrial.com\/tienda\/"},{"@type":"ListItem","position":2,"name":"Shop","item":"https:\/\/todotrial.com\/tienda\/shop\/"},{"@type":"ListItem","position":3,"name":"kit piston bultaco pursang 250 MOTOCROSS"}]},{"@type":"WebSite","@id":"https:\/\/todotrial.com\/tienda\/#website","url":"https:\/\/todotrial.com\/tienda\/","name":"Tienda de todotrial","description":"","potentialAction":[{"@type":"SearchAction","target":{"@type":"EntryPoint","urlTemplate":"https:\/\/todotrial.com\/tienda\/?s={search_term_string}"},"query-input":{"@type":"PropertyValueSpecification","valueRequired":true,"valueName":"search_term_string"}}],"inLanguage":"es"}]}},"_links":{"self":[{"href":"https:\/\/todotrial.com\/tienda\/wp-json\/wp\/v2\/product\/14087","targetHints":{"allow":["GET"]}}],"collection":[{"href":"https:\/\/todotrial.com\/tienda\/wp-json\/wp\/v2\/product"}],"about":[{"href":"https:\/\/todotrial.com\/tienda\/wp-json\/wp\/v2\/types\/product"}],"replies":[{"embeddable":true,"href":"https:\/\/todotrial.com\/tienda\/wp-json\/wp\/v2\/comments?post=14087"}],"version-history":[{"count":0,"href":"https:\/\/todotrial.com\/tienda\/wp-json\/wp\/v2\/product\/14087\/revisions"}],"wp:featuredmedia":[{"embeddable":true,"href":"https:\/\/todotrial.com\/tienda\/wp-json\/wp\/v2\/media\/14086"}],"wp:attachment":[{"href":"https:\/\/todotrial.com\/tienda\/wp-json\/wp\/v2\/media?parent=14087"}],"wp:term":[{"taxonomy":"product_brand","embeddable":true,"href":"https:\/\/todotrial.com\/tienda\/wp-json\/wp\/v2\/product_brand?post=14087"},{"taxonomy":"product_cat","embeddable":true,"href":"https:\/\/todotrial.com\/tienda\/wp-json\/wp\/v2\/product_cat?post=14087"},{"taxonomy":"product_tag","embeddable":true,"href":"https:\/\/todotrial.com\/tienda\/wp-json\/wp\/v2\/product_tag?post=14087"}],"curies":[{"name":"wp","href":"https:\/\/api.w.org\/{rel}","templated":true}]}}