{"id":13894,"date":"2019-01-21T15:23:15","date_gmt":"2019-01-21T15:23:15","guid":{"rendered":"https:\/\/todotrial.com\/tienda\/product\/libro2019-01-21-15-23-15\/"},"modified":"2025-02-20T17:47:57","modified_gmt":"2025-02-20T16:47:57","slug":"libro2019-01-21-15-23-15","status":"publish","type":"product","link":"https:\/\/todotrial.com\/tienda\/libro2019-01-21-15-23-15\/","title":{"rendered":"Libro MONTESA  \u00abBRIO\u00bb"},"content":{"rendered":"<p>Libro MONTESA \u00abBRIO\u00bb<\/p>\n<p>En este libro se describen todos los modelos de esta marca desde su nacimiento en 1945 hasta el paso a la fabricaci\u00f3n de la familia Impala en 1962. Con tapas duras y de medidas 245&#215;227 mm en sus 215 p\u00e1ginas (blanco\/negro y color) repasa la historia y evoluci\u00f3n de todos los modelos citados m\u00e1s arriba, sus caracter\u00edsticas t\u00e9cnicas e incluye los manuales de mantenimiento y despiece as\u00ed como el libro de taller.<\/p>\n","protected":false},"excerpt":{"rendered":"<p>Libro MONTESA  \u00abBRIO\u00bb<\/p>\n","protected":false},"featured_media":13893,"comment_status":"open","ping_status":"closed","template":"","meta":[],"product_brand":[],"product_cat":[15],"product_tag":[],"class_list":{"0":"post-13894","1":"product","2":"type-product","3":"status-publish","4":"has-post-thumbnail","6":"product_cat-uncategorized","8":"first","9":"instock","10":"taxable","11":"shipping-taxable","12":"purchasable","13":"product-type-simple"},"yoast_head":"<!-- This site is optimized with the Yoast SEO Premium plugin v21.2 (Yoast SEO v27.5) - https:\/\/yoast.com\/product\/yoast-seo-premium-wordpress\/ -->\n<title>Libro MONTESA &quot;BRIO&quot; - Tienda de todotrial<\/title>\n<meta name=\"robots\" content=\"index, follow, max-snippet:-1, max-image-preview:large, max-video-preview:-1\" \/>\n<link rel=\"canonical\" href=\"https:\/\/todotrial.com\/tienda\/libro2019-01-21-15-23-15\/\" \/>\n<meta property=\"og:locale\" content=\"es_ES\" \/>\n<meta property=\"og:type\" content=\"article\" \/>\n<meta property=\"og:title\" content=\"Libro MONTESA &quot;BRIO&quot;\" \/>\n<meta property=\"og:description\" content=\"Libro MONTESA &quot;BRIO&quot;\" \/>\n<meta property=\"og:url\" content=\"https:\/\/todotrial.com\/tienda\/libro2019-01-21-15-23-15\/\" \/>\n<meta property=\"og:site_name\" content=\"Tienda de todotrial\" \/>\n<meta property=\"article:modified_time\" content=\"2025-02-20T16:47:57+00:00\" \/>\n<meta property=\"og:image\" content=\"https:\/\/todotrial.com\/tienda\/wp-content\/uploads\/2019\/01\/libro_montesa_brio.jpg\" \/>\n\t<meta property=\"og:image:width\" content=\"358\" \/>\n\t<meta property=\"og:image:height\" content=\"288\" \/>\n\t<meta property=\"og:image:type\" content=\"image\/jpeg\" \/>\n<meta name=\"twitter:card\" content=\"summary_large_image\" \/>\n<script type=\"application\/ld+json\" class=\"yoast-schema-graph\">{\"@context\":\"https:\\\/\\\/schema.org\",\"@graph\":[{\"@type\":\"WebPage\",\"@id\":\"https:\\\/\\\/todotrial.com\\\/tienda\\\/libro2019-01-21-15-23-15\\\/\",\"url\":\"https:\\\/\\\/todotrial.com\\\/tienda\\\/libro2019-01-21-15-23-15\\\/\",\"name\":\"Libro MONTESA \\\"BRIO\\\" - Tienda de todotrial\",\"isPartOf\":{\"@id\":\"https:\\\/\\\/todotrial.com\\\/tienda\\\/#website\"},\"primaryImageOfPage\":{\"@id\":\"https:\\\/\\\/todotrial.com\\\/tienda\\\/libro2019-01-21-15-23-15\\\/#primaryimage\"},\"image\":{\"@id\":\"https:\\\/\\\/todotrial.com\\\/tienda\\\/libro2019-01-21-15-23-15\\\/#primaryimage\"},\"thumbnailUrl\":\"https:\\\/\\\/todotrial.com\\\/tienda\\\/wp-content\\\/uploads\\\/2019\\\/01\\\/libro_montesa_brio.jpg\",\"datePublished\":\"2019-01-21T15:23:15+00:00\",\"dateModified\":\"2025-02-20T16:47:57+00:00\",\"breadcrumb\":{\"@id\":\"https:\\\/\\\/todotrial.com\\\/tienda\\\/libro2019-01-21-15-23-15\\\/#breadcrumb\"},\"inLanguage\":\"es\",\"potentialAction\":[{\"@type\":\"ReadAction\",\"target\":[\"https:\\\/\\\/todotrial.com\\\/tienda\\\/libro2019-01-21-15-23-15\\\/\"]}]},{\"@type\":\"ImageObject\",\"inLanguage\":\"es\",\"@id\":\"https:\\\/\\\/todotrial.com\\\/tienda\\\/libro2019-01-21-15-23-15\\\/#primaryimage\",\"url\":\"https:\\\/\\\/todotrial.com\\\/tienda\\\/wp-content\\\/uploads\\\/2019\\\/01\\\/libro_montesa_brio.jpg\",\"contentUrl\":\"https:\\\/\\\/todotrial.com\\\/tienda\\\/wp-content\\\/uploads\\\/2019\\\/01\\\/libro_montesa_brio.jpg\",\"width\":358,\"height\":288},{\"@type\":\"BreadcrumbList\",\"@id\":\"https:\\\/\\\/todotrial.com\\\/tienda\\\/libro2019-01-21-15-23-15\\\/#breadcrumb\",\"itemListElement\":[{\"@type\":\"ListItem\",\"position\":1,\"name\":\"Portada\",\"item\":\"https:\\\/\\\/todotrial.com\\\/tienda\\\/\"},{\"@type\":\"ListItem\",\"position\":2,\"name\":\"Shop\",\"item\":\"https:\\\/\\\/todotrial.com\\\/tienda\\\/shop\\\/\"},{\"@type\":\"ListItem\",\"position\":3,\"name\":\"Libro MONTESA \u00abBRIO\u00bb\"}]},{\"@type\":\"WebSite\",\"@id\":\"https:\\\/\\\/todotrial.com\\\/tienda\\\/#website\",\"url\":\"https:\\\/\\\/todotrial.com\\\/tienda\\\/\",\"name\":\"Tienda de todotrial\",\"description\":\"\",\"potentialAction\":[{\"@type\":\"SearchAction\",\"target\":{\"@type\":\"EntryPoint\",\"urlTemplate\":\"https:\\\/\\\/todotrial.com\\\/tienda\\\/?s={search_term_string}\"},\"query-input\":{\"@type\":\"PropertyValueSpecification\",\"valueRequired\":true,\"valueName\":\"search_term_string\"}}],\"inLanguage\":\"es\"}]}<\/script>\n<!-- \/ Yoast SEO Premium plugin. -->","yoast_head_json":{"title":"Libro MONTESA \"BRIO\" - Tienda de todotrial","robots":{"index":"index","follow":"follow","max-snippet":"max-snippet:-1","max-image-preview":"max-image-preview:large","max-video-preview":"max-video-preview:-1"},"canonical":"https:\/\/todotrial.com\/tienda\/libro2019-01-21-15-23-15\/","og_locale":"es_ES","og_type":"article","og_title":"Libro MONTESA \"BRIO\"","og_description":"Libro MONTESA \"BRIO\"","og_url":"https:\/\/todotrial.com\/tienda\/libro2019-01-21-15-23-15\/","og_site_name":"Tienda de todotrial","article_modified_time":"2025-02-20T16:47:57+00:00","og_image":[{"width":358,"height":288,"url":"https:\/\/todotrial.com\/tienda\/wp-content\/uploads\/2019\/01\/libro_montesa_brio.jpg","type":"image\/jpeg"}],"twitter_card":"summary_large_image","schema":{"@context":"https:\/\/schema.org","@graph":[{"@type":"WebPage","@id":"https:\/\/todotrial.com\/tienda\/libro2019-01-21-15-23-15\/","url":"https:\/\/todotrial.com\/tienda\/libro2019-01-21-15-23-15\/","name":"Libro MONTESA \"BRIO\" - Tienda de todotrial","isPartOf":{"@id":"https:\/\/todotrial.com\/tienda\/#website"},"primaryImageOfPage":{"@id":"https:\/\/todotrial.com\/tienda\/libro2019-01-21-15-23-15\/#primaryimage"},"image":{"@id":"https:\/\/todotrial.com\/tienda\/libro2019-01-21-15-23-15\/#primaryimage"},"thumbnailUrl":"https:\/\/todotrial.com\/tienda\/wp-content\/uploads\/2019\/01\/libro_montesa_brio.jpg","datePublished":"2019-01-21T15:23:15+00:00","dateModified":"2025-02-20T16:47:57+00:00","breadcrumb":{"@id":"https:\/\/todotrial.com\/tienda\/libro2019-01-21-15-23-15\/#breadcrumb"},"inLanguage":"es","potentialAction":[{"@type":"ReadAction","target":["https:\/\/todotrial.com\/tienda\/libro2019-01-21-15-23-15\/"]}]},{"@type":"ImageObject","inLanguage":"es","@id":"https:\/\/todotrial.com\/tienda\/libro2019-01-21-15-23-15\/#primaryimage","url":"https:\/\/todotrial.com\/tienda\/wp-content\/uploads\/2019\/01\/libro_montesa_brio.jpg","contentUrl":"https:\/\/todotrial.com\/tienda\/wp-content\/uploads\/2019\/01\/libro_montesa_brio.jpg","width":358,"height":288},{"@type":"BreadcrumbList","@id":"https:\/\/todotrial.com\/tienda\/libro2019-01-21-15-23-15\/#breadcrumb","itemListElement":[{"@type":"ListItem","position":1,"name":"Portada","item":"https:\/\/todotrial.com\/tienda\/"},{"@type":"ListItem","position":2,"name":"Shop","item":"https:\/\/todotrial.com\/tienda\/shop\/"},{"@type":"ListItem","position":3,"name":"Libro MONTESA \u00abBRIO\u00bb"}]},{"@type":"WebSite","@id":"https:\/\/todotrial.com\/tienda\/#website","url":"https:\/\/todotrial.com\/tienda\/","name":"Tienda de todotrial","description":"","potentialAction":[{"@type":"SearchAction","target":{"@type":"EntryPoint","urlTemplate":"https:\/\/todotrial.com\/tienda\/?s={search_term_string}"},"query-input":{"@type":"PropertyValueSpecification","valueRequired":true,"valueName":"search_term_string"}}],"inLanguage":"es"}]}},"_links":{"self":[{"href":"https:\/\/todotrial.com\/tienda\/wp-json\/wp\/v2\/product\/13894","targetHints":{"allow":["GET"]}}],"collection":[{"href":"https:\/\/todotrial.com\/tienda\/wp-json\/wp\/v2\/product"}],"about":[{"href":"https:\/\/todotrial.com\/tienda\/wp-json\/wp\/v2\/types\/product"}],"replies":[{"embeddable":true,"href":"https:\/\/todotrial.com\/tienda\/wp-json\/wp\/v2\/comments?post=13894"}],"version-history":[{"count":0,"href":"https:\/\/todotrial.com\/tienda\/wp-json\/wp\/v2\/product\/13894\/revisions"}],"wp:featuredmedia":[{"embeddable":true,"href":"https:\/\/todotrial.com\/tienda\/wp-json\/wp\/v2\/media\/13893"}],"wp:attachment":[{"href":"https:\/\/todotrial.com\/tienda\/wp-json\/wp\/v2\/media?parent=13894"}],"wp:term":[{"taxonomy":"product_brand","embeddable":true,"href":"https:\/\/todotrial.com\/tienda\/wp-json\/wp\/v2\/product_brand?post=13894"},{"taxonomy":"product_cat","embeddable":true,"href":"https:\/\/todotrial.com\/tienda\/wp-json\/wp\/v2\/product_cat?post=13894"},{"taxonomy":"product_tag","embeddable":true,"href":"https:\/\/todotrial.com\/tienda\/wp-json\/wp\/v2\/product_tag?post=13894"}],"curies":[{"name":"wp","href":"https:\/\/api.w.org\/{rel}","templated":true}]}}