{"id":13892,"date":"2019-01-21T12:49:44","date_gmt":"2019-01-21T11:49:44","guid":{"rendered":"https:\/\/todotrial.com\/tienda\/product\/libro2019-01-21-12-49-44\/"},"modified":"2025-02-20T17:47:58","modified_gmt":"2025-02-20T16:47:58","slug":"libro2019-01-21-12-49-44","status":"publish","type":"product","link":"https:\/\/todotrial.com\/tienda\/libro2019-01-21-12-49-44\/","title":{"rendered":"Motorcycle Competition Scotland 1975-2005"},"content":{"rendered":"<p>Motorcycle Competition Scotland 1975-2005<br \/>Por John Moffat<\/p>\n<p>Es un orgullo presentar este magn\u00edfico libro de tapa dura que cubre la historia de la Competici\u00f3n de la Moto en Escocia desde 1975 hasta 2005 por John Moffat. Presentado con una mezcla de emocionantes carreras, trial, enduro y motocross con im\u00e1genes en color y en blanco y negro, el libro est\u00e1 en formato A4 con m\u00e1s de 100 p\u00e1ginas.<\/p>\n","protected":false},"excerpt":{"rendered":"<p>Motorcycle Competition Scotland 1975-2005<br \/>\nPor John Moffat<\/p>\n","protected":false},"featured_media":13891,"comment_status":"open","ping_status":"closed","template":"","meta":[],"product_brand":[],"product_cat":[15],"product_tag":[],"class_list":{"0":"post-13892","1":"product","2":"type-product","3":"status-publish","4":"has-post-thumbnail","6":"product_cat-uncategorized","8":"first","9":"outofstock","10":"taxable","11":"shipping-taxable","12":"purchasable","13":"product-type-simple"},"yoast_head":"<!-- This site is optimized with the Yoast SEO Premium plugin v21.2 (Yoast SEO v27.5) - https:\/\/yoast.com\/product\/yoast-seo-premium-wordpress\/ -->\n<title>Motorcycle Competition Scotland 1975-2005 - Tienda de todotrial<\/title>\n<meta name=\"robots\" content=\"index, follow, max-snippet:-1, max-image-preview:large, max-video-preview:-1\" \/>\n<link rel=\"canonical\" href=\"https:\/\/todotrial.com\/tienda\/libro2019-01-21-12-49-44\/\" \/>\n<meta property=\"og:locale\" content=\"es_ES\" \/>\n<meta property=\"og:type\" content=\"article\" \/>\n<meta property=\"og:title\" content=\"Motorcycle Competition Scotland 1975-2005\" \/>\n<meta property=\"og:description\" content=\"Motorcycle Competition Scotland 1975-2005 Por John Moffat\" \/>\n<meta property=\"og:url\" content=\"https:\/\/todotrial.com\/tienda\/libro2019-01-21-12-49-44\/\" \/>\n<meta property=\"og:site_name\" content=\"Tienda de todotrial\" \/>\n<meta property=\"article:modified_time\" content=\"2025-02-20T16:47:58+00:00\" \/>\n<meta property=\"og:image\" content=\"https:\/\/todotrial.com\/tienda\/wp-content\/uploads\/2019\/01\/motorcycle_compet_scotland.jpg\" \/>\n\t<meta property=\"og:image:width\" content=\"144\" \/>\n\t<meta property=\"og:image:height\" content=\"212\" \/>\n\t<meta property=\"og:image:type\" content=\"image\/jpeg\" \/>\n<meta name=\"twitter:card\" content=\"summary_large_image\" \/>\n<script type=\"application\/ld+json\" class=\"yoast-schema-graph\">{\"@context\":\"https:\\\/\\\/schema.org\",\"@graph\":[{\"@type\":\"WebPage\",\"@id\":\"https:\\\/\\\/todotrial.com\\\/tienda\\\/libro2019-01-21-12-49-44\\\/\",\"url\":\"https:\\\/\\\/todotrial.com\\\/tienda\\\/libro2019-01-21-12-49-44\\\/\",\"name\":\"Motorcycle Competition Scotland 1975-2005 - Tienda de todotrial\",\"isPartOf\":{\"@id\":\"https:\\\/\\\/todotrial.com\\\/tienda\\\/#website\"},\"primaryImageOfPage\":{\"@id\":\"https:\\\/\\\/todotrial.com\\\/tienda\\\/libro2019-01-21-12-49-44\\\/#primaryimage\"},\"image\":{\"@id\":\"https:\\\/\\\/todotrial.com\\\/tienda\\\/libro2019-01-21-12-49-44\\\/#primaryimage\"},\"thumbnailUrl\":\"https:\\\/\\\/todotrial.com\\\/tienda\\\/wp-content\\\/uploads\\\/2019\\\/01\\\/motorcycle_compet_scotland.jpg\",\"datePublished\":\"2019-01-21T11:49:44+00:00\",\"dateModified\":\"2025-02-20T16:47:58+00:00\",\"breadcrumb\":{\"@id\":\"https:\\\/\\\/todotrial.com\\\/tienda\\\/libro2019-01-21-12-49-44\\\/#breadcrumb\"},\"inLanguage\":\"es\",\"potentialAction\":[{\"@type\":\"ReadAction\",\"target\":[\"https:\\\/\\\/todotrial.com\\\/tienda\\\/libro2019-01-21-12-49-44\\\/\"]}]},{\"@type\":\"ImageObject\",\"inLanguage\":\"es\",\"@id\":\"https:\\\/\\\/todotrial.com\\\/tienda\\\/libro2019-01-21-12-49-44\\\/#primaryimage\",\"url\":\"https:\\\/\\\/todotrial.com\\\/tienda\\\/wp-content\\\/uploads\\\/2019\\\/01\\\/motorcycle_compet_scotland.jpg\",\"contentUrl\":\"https:\\\/\\\/todotrial.com\\\/tienda\\\/wp-content\\\/uploads\\\/2019\\\/01\\\/motorcycle_compet_scotland.jpg\",\"width\":144,\"height\":212},{\"@type\":\"BreadcrumbList\",\"@id\":\"https:\\\/\\\/todotrial.com\\\/tienda\\\/libro2019-01-21-12-49-44\\\/#breadcrumb\",\"itemListElement\":[{\"@type\":\"ListItem\",\"position\":1,\"name\":\"Portada\",\"item\":\"https:\\\/\\\/todotrial.com\\\/tienda\\\/\"},{\"@type\":\"ListItem\",\"position\":2,\"name\":\"Shop\",\"item\":\"https:\\\/\\\/todotrial.com\\\/tienda\\\/shop\\\/\"},{\"@type\":\"ListItem\",\"position\":3,\"name\":\"Motorcycle Competition Scotland 1975-2005\"}]},{\"@type\":\"WebSite\",\"@id\":\"https:\\\/\\\/todotrial.com\\\/tienda\\\/#website\",\"url\":\"https:\\\/\\\/todotrial.com\\\/tienda\\\/\",\"name\":\"Tienda de todotrial\",\"description\":\"\",\"potentialAction\":[{\"@type\":\"SearchAction\",\"target\":{\"@type\":\"EntryPoint\",\"urlTemplate\":\"https:\\\/\\\/todotrial.com\\\/tienda\\\/?s={search_term_string}\"},\"query-input\":{\"@type\":\"PropertyValueSpecification\",\"valueRequired\":true,\"valueName\":\"search_term_string\"}}],\"inLanguage\":\"es\"}]}<\/script>\n<!-- \/ Yoast SEO Premium plugin. -->","yoast_head_json":{"title":"Motorcycle Competition Scotland 1975-2005 - Tienda de todotrial","robots":{"index":"index","follow":"follow","max-snippet":"max-snippet:-1","max-image-preview":"max-image-preview:large","max-video-preview":"max-video-preview:-1"},"canonical":"https:\/\/todotrial.com\/tienda\/libro2019-01-21-12-49-44\/","og_locale":"es_ES","og_type":"article","og_title":"Motorcycle Competition Scotland 1975-2005","og_description":"Motorcycle Competition Scotland 1975-2005 Por John Moffat","og_url":"https:\/\/todotrial.com\/tienda\/libro2019-01-21-12-49-44\/","og_site_name":"Tienda de todotrial","article_modified_time":"2025-02-20T16:47:58+00:00","og_image":[{"width":144,"height":212,"url":"https:\/\/todotrial.com\/tienda\/wp-content\/uploads\/2019\/01\/motorcycle_compet_scotland.jpg","type":"image\/jpeg"}],"twitter_card":"summary_large_image","schema":{"@context":"https:\/\/schema.org","@graph":[{"@type":"WebPage","@id":"https:\/\/todotrial.com\/tienda\/libro2019-01-21-12-49-44\/","url":"https:\/\/todotrial.com\/tienda\/libro2019-01-21-12-49-44\/","name":"Motorcycle Competition Scotland 1975-2005 - Tienda de todotrial","isPartOf":{"@id":"https:\/\/todotrial.com\/tienda\/#website"},"primaryImageOfPage":{"@id":"https:\/\/todotrial.com\/tienda\/libro2019-01-21-12-49-44\/#primaryimage"},"image":{"@id":"https:\/\/todotrial.com\/tienda\/libro2019-01-21-12-49-44\/#primaryimage"},"thumbnailUrl":"https:\/\/todotrial.com\/tienda\/wp-content\/uploads\/2019\/01\/motorcycle_compet_scotland.jpg","datePublished":"2019-01-21T11:49:44+00:00","dateModified":"2025-02-20T16:47:58+00:00","breadcrumb":{"@id":"https:\/\/todotrial.com\/tienda\/libro2019-01-21-12-49-44\/#breadcrumb"},"inLanguage":"es","potentialAction":[{"@type":"ReadAction","target":["https:\/\/todotrial.com\/tienda\/libro2019-01-21-12-49-44\/"]}]},{"@type":"ImageObject","inLanguage":"es","@id":"https:\/\/todotrial.com\/tienda\/libro2019-01-21-12-49-44\/#primaryimage","url":"https:\/\/todotrial.com\/tienda\/wp-content\/uploads\/2019\/01\/motorcycle_compet_scotland.jpg","contentUrl":"https:\/\/todotrial.com\/tienda\/wp-content\/uploads\/2019\/01\/motorcycle_compet_scotland.jpg","width":144,"height":212},{"@type":"BreadcrumbList","@id":"https:\/\/todotrial.com\/tienda\/libro2019-01-21-12-49-44\/#breadcrumb","itemListElement":[{"@type":"ListItem","position":1,"name":"Portada","item":"https:\/\/todotrial.com\/tienda\/"},{"@type":"ListItem","position":2,"name":"Shop","item":"https:\/\/todotrial.com\/tienda\/shop\/"},{"@type":"ListItem","position":3,"name":"Motorcycle Competition Scotland 1975-2005"}]},{"@type":"WebSite","@id":"https:\/\/todotrial.com\/tienda\/#website","url":"https:\/\/todotrial.com\/tienda\/","name":"Tienda de todotrial","description":"","potentialAction":[{"@type":"SearchAction","target":{"@type":"EntryPoint","urlTemplate":"https:\/\/todotrial.com\/tienda\/?s={search_term_string}"},"query-input":{"@type":"PropertyValueSpecification","valueRequired":true,"valueName":"search_term_string"}}],"inLanguage":"es"}]}},"_links":{"self":[{"href":"https:\/\/todotrial.com\/tienda\/wp-json\/wp\/v2\/product\/13892","targetHints":{"allow":["GET"]}}],"collection":[{"href":"https:\/\/todotrial.com\/tienda\/wp-json\/wp\/v2\/product"}],"about":[{"href":"https:\/\/todotrial.com\/tienda\/wp-json\/wp\/v2\/types\/product"}],"replies":[{"embeddable":true,"href":"https:\/\/todotrial.com\/tienda\/wp-json\/wp\/v2\/comments?post=13892"}],"version-history":[{"count":0,"href":"https:\/\/todotrial.com\/tienda\/wp-json\/wp\/v2\/product\/13892\/revisions"}],"wp:featuredmedia":[{"embeddable":true,"href":"https:\/\/todotrial.com\/tienda\/wp-json\/wp\/v2\/media\/13891"}],"wp:attachment":[{"href":"https:\/\/todotrial.com\/tienda\/wp-json\/wp\/v2\/media?parent=13892"}],"wp:term":[{"taxonomy":"product_brand","embeddable":true,"href":"https:\/\/todotrial.com\/tienda\/wp-json\/wp\/v2\/product_brand?post=13892"},{"taxonomy":"product_cat","embeddable":true,"href":"https:\/\/todotrial.com\/tienda\/wp-json\/wp\/v2\/product_cat?post=13892"},{"taxonomy":"product_tag","embeddable":true,"href":"https:\/\/todotrial.com\/tienda\/wp-json\/wp\/v2\/product_tag?post=13892"}],"curies":[{"name":"wp","href":"https:\/\/api.w.org\/{rel}","templated":true}]}}