{"id":13479,"date":"2019-01-02T22:07:46","date_gmt":"2019-01-02T22:07:46","guid":{"rendered":"https:\/\/todotrial.com\/tienda\/product\/pegatinas2019-01-02-22-07-46\/"},"modified":"2026-01-27T21:26:19","modified_gmt":"2026-01-27T20:26:19","slug":"pegatinas2019-01-02-22-07-46","status":"publish","type":"product","link":"https:\/\/todotrial.com\/tienda\/pegatinas2019-01-02-22-07-46\/","title":{"rendered":"YAMAHA TY 250 Trial mono nuevo dise\u00f1o de juego decals  Pinky"},"content":{"rendered":"<p>YAMAHA TY 250 Trial mono nuevo dise\u00f1o de juego decals Pinky.<\/p>\n<p>Adhesivos de vinilo adhesivos laminados transparentes, cortados por computadora e impresos digitalmente para adaptarse a los modelos Yamaha TY 250 Mono &#8216;Pinky&#8217;: se suministran con una capa de aplicaci\u00f3n para facilitar el ajuste (no se muestra en la foto)<\/p>\n<p>NOTA: si tiene un guardabarros trasero blanco en su moto y \/ o una unidad de asiento blanca, las calcoman\u00edas del guardabarros se pueden entregar en vinilo rosado Yamaha en lugar de vinilo blanco, y las calcoman\u00edas del panel lateral o del asiento se suministran a su medida, ya sea o ambas opciones DEBEN solicitarse al realizar el pedido o se le enviar\u00e1n las calcoman\u00edas est\u00e1ndar que se muestran.<\/p>\n<p>Las etiquetas adhesivas de los depositos se venden por separado ya que solo son adecuadas para depositos de aluminio o acero, o fibra de vidrio, NO adecuadas para los depositos de pl\u00e1stico originales de Yamaha que permiten que el vapor de combustible se filtre por los poros, que hace que el vinilo adhesivo &#8216;burbujee&#8217; y se levante.<\/p>\n<p>Tenga en cuenta: estas calcoman\u00edas son de nuestro propio dise\u00f1o y los colores pueden diferir de los originales.<\/p>\n","protected":false},"excerpt":{"rendered":"<p>YAMAHA TY 250 Trial mono nuevo dise\u00f1o de juego decals para Pinky.<\/p>\n","protected":false},"featured_media":13478,"comment_status":"open","ping_status":"closed","template":"","meta":[],"product_brand":[],"product_cat":[15],"product_tag":[],"class_list":{"0":"post-13479","1":"product","2":"type-product","3":"status-publish","4":"has-post-thumbnail","6":"product_cat-uncategorized","8":"first","9":"instock","10":"taxable","11":"shipping-taxable","12":"purchasable","13":"product-type-simple"},"yoast_head":"<!-- This site is optimized with the Yoast SEO Premium plugin v21.2 (Yoast SEO v27.3) - https:\/\/yoast.com\/product\/yoast-seo-premium-wordpress\/ -->\n<title>YAMAHA TY 250 Trial mono nuevo dise\u00f1o de juego decals Pinky - Tienda de todotrial<\/title>\n<meta name=\"robots\" content=\"index, follow, max-snippet:-1, max-image-preview:large, max-video-preview:-1\" \/>\n<link rel=\"canonical\" href=\"https:\/\/todotrial.com\/tienda\/pegatinas2019-01-02-22-07-46\/\" \/>\n<meta property=\"og:locale\" content=\"es_ES\" \/>\n<meta property=\"og:type\" content=\"article\" \/>\n<meta property=\"og:title\" content=\"YAMAHA TY 250 Trial mono nuevo dise\u00f1o de juego decals Pinky\" \/>\n<meta property=\"og:description\" content=\"YAMAHA TY 250 Trial mono nuevo dise\u00f1o de juego decals para Pinky.\" \/>\n<meta property=\"og:url\" content=\"https:\/\/todotrial.com\/tienda\/pegatinas2019-01-02-22-07-46\/\" \/>\n<meta property=\"og:site_name\" content=\"Tienda de todotrial\" \/>\n<meta property=\"article:modified_time\" content=\"2026-01-27T20:26:19+00:00\" \/>\n<meta property=\"og:image\" content=\"https:\/\/todotrial.com\/tienda\/wp-content\/uploads\/2019\/01\/s-l1600-19.jpg\" \/>\n\t<meta property=\"og:image:width\" content=\"1600\" \/>\n\t<meta property=\"og:image:height\" content=\"1200\" \/>\n\t<meta property=\"og:image:type\" content=\"image\/jpeg\" \/>\n<meta name=\"twitter:card\" content=\"summary_large_image\" \/>\n<meta name=\"twitter:label1\" content=\"Tiempo de lectura\" \/>\n\t<meta name=\"twitter:data1\" content=\"2 minutos\" \/>\n<script type=\"application\/ld+json\" class=\"yoast-schema-graph\">{\"@context\":\"https:\\\/\\\/schema.org\",\"@graph\":[{\"@type\":\"WebPage\",\"@id\":\"https:\\\/\\\/todotrial.com\\\/tienda\\\/pegatinas2019-01-02-22-07-46\\\/\",\"url\":\"https:\\\/\\\/todotrial.com\\\/tienda\\\/pegatinas2019-01-02-22-07-46\\\/\",\"name\":\"YAMAHA TY 250 Trial mono nuevo dise\u00f1o de juego decals Pinky - Tienda de todotrial\",\"isPartOf\":{\"@id\":\"https:\\\/\\\/todotrial.com\\\/tienda\\\/#website\"},\"primaryImageOfPage\":{\"@id\":\"https:\\\/\\\/todotrial.com\\\/tienda\\\/pegatinas2019-01-02-22-07-46\\\/#primaryimage\"},\"image\":{\"@id\":\"https:\\\/\\\/todotrial.com\\\/tienda\\\/pegatinas2019-01-02-22-07-46\\\/#primaryimage\"},\"thumbnailUrl\":\"https:\\\/\\\/todotrial.com\\\/tienda\\\/wp-content\\\/uploads\\\/2019\\\/01\\\/s-l1600-19.jpg\",\"datePublished\":\"2019-01-02T22:07:46+00:00\",\"dateModified\":\"2026-01-27T20:26:19+00:00\",\"breadcrumb\":{\"@id\":\"https:\\\/\\\/todotrial.com\\\/tienda\\\/pegatinas2019-01-02-22-07-46\\\/#breadcrumb\"},\"inLanguage\":\"es\",\"potentialAction\":[{\"@type\":\"ReadAction\",\"target\":[\"https:\\\/\\\/todotrial.com\\\/tienda\\\/pegatinas2019-01-02-22-07-46\\\/\"]}]},{\"@type\":\"ImageObject\",\"inLanguage\":\"es\",\"@id\":\"https:\\\/\\\/todotrial.com\\\/tienda\\\/pegatinas2019-01-02-22-07-46\\\/#primaryimage\",\"url\":\"https:\\\/\\\/todotrial.com\\\/tienda\\\/wp-content\\\/uploads\\\/2019\\\/01\\\/s-l1600-19.jpg\",\"contentUrl\":\"https:\\\/\\\/todotrial.com\\\/tienda\\\/wp-content\\\/uploads\\\/2019\\\/01\\\/s-l1600-19.jpg\",\"width\":1600,\"height\":1200},{\"@type\":\"BreadcrumbList\",\"@id\":\"https:\\\/\\\/todotrial.com\\\/tienda\\\/pegatinas2019-01-02-22-07-46\\\/#breadcrumb\",\"itemListElement\":[{\"@type\":\"ListItem\",\"position\":1,\"name\":\"Portada\",\"item\":\"https:\\\/\\\/todotrial.com\\\/tienda\\\/\"},{\"@type\":\"ListItem\",\"position\":2,\"name\":\"Shop\",\"item\":\"https:\\\/\\\/todotrial.com\\\/tienda\\\/shop\\\/\"},{\"@type\":\"ListItem\",\"position\":3,\"name\":\"YAMAHA TY 250 Trial mono nuevo dise\u00f1o de juego decals Pinky\"}]},{\"@type\":\"WebSite\",\"@id\":\"https:\\\/\\\/todotrial.com\\\/tienda\\\/#website\",\"url\":\"https:\\\/\\\/todotrial.com\\\/tienda\\\/\",\"name\":\"Tienda de todotrial\",\"description\":\"\",\"potentialAction\":[{\"@type\":\"SearchAction\",\"target\":{\"@type\":\"EntryPoint\",\"urlTemplate\":\"https:\\\/\\\/todotrial.com\\\/tienda\\\/?s={search_term_string}\"},\"query-input\":{\"@type\":\"PropertyValueSpecification\",\"valueRequired\":true,\"valueName\":\"search_term_string\"}}],\"inLanguage\":\"es\"}]}<\/script>\n<!-- \/ Yoast SEO Premium plugin. -->","yoast_head_json":{"title":"YAMAHA TY 250 Trial mono nuevo dise\u00f1o de juego decals Pinky - Tienda de todotrial","robots":{"index":"index","follow":"follow","max-snippet":"max-snippet:-1","max-image-preview":"max-image-preview:large","max-video-preview":"max-video-preview:-1"},"canonical":"https:\/\/todotrial.com\/tienda\/pegatinas2019-01-02-22-07-46\/","og_locale":"es_ES","og_type":"article","og_title":"YAMAHA TY 250 Trial mono nuevo dise\u00f1o de juego decals Pinky","og_description":"YAMAHA TY 250 Trial mono nuevo dise\u00f1o de juego decals para Pinky.","og_url":"https:\/\/todotrial.com\/tienda\/pegatinas2019-01-02-22-07-46\/","og_site_name":"Tienda de todotrial","article_modified_time":"2026-01-27T20:26:19+00:00","og_image":[{"width":1600,"height":1200,"url":"https:\/\/todotrial.com\/tienda\/wp-content\/uploads\/2019\/01\/s-l1600-19.jpg","type":"image\/jpeg"}],"twitter_card":"summary_large_image","twitter_misc":{"Tiempo de lectura":"2 minutos"},"schema":{"@context":"https:\/\/schema.org","@graph":[{"@type":"WebPage","@id":"https:\/\/todotrial.com\/tienda\/pegatinas2019-01-02-22-07-46\/","url":"https:\/\/todotrial.com\/tienda\/pegatinas2019-01-02-22-07-46\/","name":"YAMAHA TY 250 Trial mono nuevo dise\u00f1o de juego decals Pinky - Tienda de todotrial","isPartOf":{"@id":"https:\/\/todotrial.com\/tienda\/#website"},"primaryImageOfPage":{"@id":"https:\/\/todotrial.com\/tienda\/pegatinas2019-01-02-22-07-46\/#primaryimage"},"image":{"@id":"https:\/\/todotrial.com\/tienda\/pegatinas2019-01-02-22-07-46\/#primaryimage"},"thumbnailUrl":"https:\/\/todotrial.com\/tienda\/wp-content\/uploads\/2019\/01\/s-l1600-19.jpg","datePublished":"2019-01-02T22:07:46+00:00","dateModified":"2026-01-27T20:26:19+00:00","breadcrumb":{"@id":"https:\/\/todotrial.com\/tienda\/pegatinas2019-01-02-22-07-46\/#breadcrumb"},"inLanguage":"es","potentialAction":[{"@type":"ReadAction","target":["https:\/\/todotrial.com\/tienda\/pegatinas2019-01-02-22-07-46\/"]}]},{"@type":"ImageObject","inLanguage":"es","@id":"https:\/\/todotrial.com\/tienda\/pegatinas2019-01-02-22-07-46\/#primaryimage","url":"https:\/\/todotrial.com\/tienda\/wp-content\/uploads\/2019\/01\/s-l1600-19.jpg","contentUrl":"https:\/\/todotrial.com\/tienda\/wp-content\/uploads\/2019\/01\/s-l1600-19.jpg","width":1600,"height":1200},{"@type":"BreadcrumbList","@id":"https:\/\/todotrial.com\/tienda\/pegatinas2019-01-02-22-07-46\/#breadcrumb","itemListElement":[{"@type":"ListItem","position":1,"name":"Portada","item":"https:\/\/todotrial.com\/tienda\/"},{"@type":"ListItem","position":2,"name":"Shop","item":"https:\/\/todotrial.com\/tienda\/shop\/"},{"@type":"ListItem","position":3,"name":"YAMAHA TY 250 Trial mono nuevo dise\u00f1o de juego decals Pinky"}]},{"@type":"WebSite","@id":"https:\/\/todotrial.com\/tienda\/#website","url":"https:\/\/todotrial.com\/tienda\/","name":"Tienda de todotrial","description":"","potentialAction":[{"@type":"SearchAction","target":{"@type":"EntryPoint","urlTemplate":"https:\/\/todotrial.com\/tienda\/?s={search_term_string}"},"query-input":{"@type":"PropertyValueSpecification","valueRequired":true,"valueName":"search_term_string"}}],"inLanguage":"es"}]}},"_links":{"self":[{"href":"https:\/\/todotrial.com\/tienda\/wp-json\/wp\/v2\/product\/13479","targetHints":{"allow":["GET"]}}],"collection":[{"href":"https:\/\/todotrial.com\/tienda\/wp-json\/wp\/v2\/product"}],"about":[{"href":"https:\/\/todotrial.com\/tienda\/wp-json\/wp\/v2\/types\/product"}],"replies":[{"embeddable":true,"href":"https:\/\/todotrial.com\/tienda\/wp-json\/wp\/v2\/comments?post=13479"}],"version-history":[{"count":1,"href":"https:\/\/todotrial.com\/tienda\/wp-json\/wp\/v2\/product\/13479\/revisions"}],"predecessor-version":[{"id":56163,"href":"https:\/\/todotrial.com\/tienda\/wp-json\/wp\/v2\/product\/13479\/revisions\/56163"}],"wp:featuredmedia":[{"embeddable":true,"href":"https:\/\/todotrial.com\/tienda\/wp-json\/wp\/v2\/media\/13478"}],"wp:attachment":[{"href":"https:\/\/todotrial.com\/tienda\/wp-json\/wp\/v2\/media?parent=13479"}],"wp:term":[{"taxonomy":"product_brand","embeddable":true,"href":"https:\/\/todotrial.com\/tienda\/wp-json\/wp\/v2\/product_brand?post=13479"},{"taxonomy":"product_cat","embeddable":true,"href":"https:\/\/todotrial.com\/tienda\/wp-json\/wp\/v2\/product_cat?post=13479"},{"taxonomy":"product_tag","embeddable":true,"href":"https:\/\/todotrial.com\/tienda\/wp-json\/wp\/v2\/product_tag?post=13479"}],"curies":[{"name":"wp","href":"https:\/\/api.w.org\/{rel}","templated":true}]}}