{"id":13465,"date":"2019-01-02T18:15:50","date_gmt":"2019-01-02T18:15:50","guid":{"rendered":"https:\/\/todotrial.com\/tienda\/product\/pegatinas2019-01-02-18-15-50\/"},"modified":"2025-02-20T17:49:20","modified_gmt":"2025-02-20T16:49:20","slug":"pegatinas2019-01-02-18-15-50","status":"publish","type":"product","link":"https:\/\/todotrial.com\/tienda\/pegatinas2019-01-02-18-15-50\/","title":{"rendered":"British Bikes Trial  Pre 65 BSA Triumph etc DECALS"},"content":{"rendered":"<p>British Bikes Trial&nbsp; Pre 65 BSA Triumph etc DECALS.<\/p>\n<p>Adhesivos de calidad para el deposito de motocicleta brit\u00e1nica que se adaptan a la mayor\u00eda de las marcas: AJS, Armstrong, Ariel, BSA, Algod\u00f3n, DMW, Francis Barnett, James, JAP, Matchless, Norton, Norman, Royal Enfield, Sprite, Triumph, Comerford Cub, Triumph Tiger Cub, Tribsa Velocette m\u00e1s otros y productos \u00fanicos personalizados a pedido.<\/p>\n<p>Usted est\u00e1 comprando un par de la selecci\u00f3n que se muestra: recuerde indicar qu\u00e9 tipo necesita al comprar,<\/p>\n<p>Se venden en pares en los colores que se muestran O seg\u00fan las especificaciones de su color, ind\u00edquelo cuando ordene qu\u00e9 calcoman\u00edas y qu\u00e9 combinaciones de color necesita.<\/p>\n<p>Tambi\u00e9n disponible en cualquier tama\u00f1o para adaptarse a furgonetas, autom\u00f3viles, remolques, etc., tambi\u00e9n disponibles como logotipos de veh\u00edculos extra\u00edbles (con respaldo magn\u00e9tico)<\/p>\n<p>&#8211; Cont\u00e1ctenos para m\u00e1s detalles \/ precios.<\/p>\n","protected":false},"excerpt":{"rendered":"<p>British Bikes Trial  Pre 65 BSA, Triumph etc DECALS.<\/p>\n<p>Adhesivos de calidad para el deposito de motocicleta brit\u00e1nica que se adaptan a la mayor\u00eda de las marcas: AJS, Armstrong, Ariel, BSA, Algod\u00f3n, DMW, Francis Barnett, James, JAP, Matchless, Norton, Norman, Royal Enfield, Sprite, Triumph, Comerford Cub, Triumph Tiger Cub, Tribsa Velocette m\u00e1s otros y productos \u00fanicos personalizados a pedido.<\/p>\n<p>Usted est\u00e1 comprando un par de la selecci\u00f3n que se muestra: recuerde indicar qu\u00e9 tipo necesita al comprar,<\/p>\n<p>Se venden en pares en los colores que se muestran O seg\u00fan las especificaciones de su color, ind\u00edquelo cuando ordene qu\u00e9 calcoman\u00edas y qu\u00e9 combinaciones de color necesita.<\/p>\n<p>Tambi\u00e9n disponible en cualquier tama\u00f1o para adaptarse a furgonetas, autom\u00f3viles, remolques, etc., tambi\u00e9n disponibles como logotipos de veh\u00edculos extra\u00edbles (con respaldo magn\u00e9tico)<\/p>\n<p>&#8211; Cont\u00e1ctenos para m\u00e1s detalles \/ precios.<\/p>\n","protected":false},"featured_media":13464,"comment_status":"open","ping_status":"closed","template":"","meta":[],"product_brand":[],"product_cat":[15],"product_tag":[],"class_list":{"0":"post-13465","1":"product","2":"type-product","3":"status-publish","4":"has-post-thumbnail","6":"product_cat-uncategorized","8":"first","9":"outofstock","10":"taxable","11":"shipping-taxable","12":"purchasable","13":"product-type-simple"},"yoast_head":"<!-- This site is optimized with the Yoast SEO Premium plugin v21.2 (Yoast SEO v27.3) - https:\/\/yoast.com\/product\/yoast-seo-premium-wordpress\/ -->\n<title>British Bikes Trial Pre 65 BSA Triumph etc DECALS - Tienda de todotrial<\/title>\n<meta name=\"robots\" content=\"index, follow, max-snippet:-1, max-image-preview:large, max-video-preview:-1\" \/>\n<link rel=\"canonical\" href=\"https:\/\/todotrial.com\/tienda\/pegatinas2019-01-02-18-15-50\/\" \/>\n<meta property=\"og:locale\" content=\"es_ES\" \/>\n<meta property=\"og:type\" content=\"article\" \/>\n<meta property=\"og:title\" content=\"British Bikes Trial Pre 65 BSA Triumph etc DECALS\" \/>\n<meta property=\"og:description\" content=\"British Bikes Trial Pre 65 BSA, Triumph etc DECALS.  Adhesivos de calidad para el deposito de motocicleta brit\u00e1nica que se adaptan a la mayor\u00eda de las marcas: AJS, Armstrong, Ariel, BSA, Algod\u00f3n, DMW, Francis Barnett, James, JAP, Matchless, Norton, Norman, Royal Enfield, Sprite, Triumph, Comerford Cub, Triumph Tiger Cub, Tribsa Velocette m\u00e1s otros y productos \u00fanicos personalizados a pedido.  Usted est\u00e1 comprando un par de la selecci\u00f3n que se muestra: recuerde indicar qu\u00e9 tipo necesita al comprar,  Se venden en pares en los colores que se muestran O seg\u00fan las especificaciones de su color, ind\u00edquelo cuando ordene qu\u00e9 calcoman\u00edas y qu\u00e9 combinaciones de color necesita.  Tambi\u00e9n disponible en cualquier tama\u00f1o para adaptarse a furgonetas, autom\u00f3viles, remolques, etc., tambi\u00e9n disponibles como logotipos de veh\u00edculos extra\u00edbles (con respaldo magn\u00e9tico)  - Cont\u00e1ctenos para m\u00e1s detalles \/ precios.\" \/>\n<meta property=\"og:url\" content=\"https:\/\/todotrial.com\/tienda\/pegatinas2019-01-02-18-15-50\/\" \/>\n<meta property=\"og:site_name\" content=\"Tienda de todotrial\" \/>\n<meta property=\"article:modified_time\" content=\"2025-02-20T16:49:20+00:00\" \/>\n<meta property=\"og:image\" content=\"https:\/\/todotrial.com\/tienda\/wp-content\/uploads\/2019\/01\/s-l500-247.jpg\" \/>\n\t<meta property=\"og:image:width\" content=\"400\" \/>\n\t<meta property=\"og:image:height\" content=\"300\" \/>\n\t<meta property=\"og:image:type\" content=\"image\/jpeg\" \/>\n<meta name=\"twitter:card\" content=\"summary_large_image\" \/>\n<meta name=\"twitter:label1\" content=\"Tiempo de lectura\" \/>\n\t<meta name=\"twitter:data1\" content=\"1 minuto\" \/>\n<script type=\"application\/ld+json\" class=\"yoast-schema-graph\">{\"@context\":\"https:\\\/\\\/schema.org\",\"@graph\":[{\"@type\":\"WebPage\",\"@id\":\"https:\\\/\\\/todotrial.com\\\/tienda\\\/pegatinas2019-01-02-18-15-50\\\/\",\"url\":\"https:\\\/\\\/todotrial.com\\\/tienda\\\/pegatinas2019-01-02-18-15-50\\\/\",\"name\":\"British Bikes Trial Pre 65 BSA Triumph etc DECALS - Tienda de todotrial\",\"isPartOf\":{\"@id\":\"https:\\\/\\\/todotrial.com\\\/tienda\\\/#website\"},\"primaryImageOfPage\":{\"@id\":\"https:\\\/\\\/todotrial.com\\\/tienda\\\/pegatinas2019-01-02-18-15-50\\\/#primaryimage\"},\"image\":{\"@id\":\"https:\\\/\\\/todotrial.com\\\/tienda\\\/pegatinas2019-01-02-18-15-50\\\/#primaryimage\"},\"thumbnailUrl\":\"https:\\\/\\\/todotrial.com\\\/tienda\\\/wp-content\\\/uploads\\\/2019\\\/01\\\/s-l500-247.jpg\",\"datePublished\":\"2019-01-02T18:15:50+00:00\",\"dateModified\":\"2025-02-20T16:49:20+00:00\",\"breadcrumb\":{\"@id\":\"https:\\\/\\\/todotrial.com\\\/tienda\\\/pegatinas2019-01-02-18-15-50\\\/#breadcrumb\"},\"inLanguage\":\"es\",\"potentialAction\":[{\"@type\":\"ReadAction\",\"target\":[\"https:\\\/\\\/todotrial.com\\\/tienda\\\/pegatinas2019-01-02-18-15-50\\\/\"]}]},{\"@type\":\"ImageObject\",\"inLanguage\":\"es\",\"@id\":\"https:\\\/\\\/todotrial.com\\\/tienda\\\/pegatinas2019-01-02-18-15-50\\\/#primaryimage\",\"url\":\"https:\\\/\\\/todotrial.com\\\/tienda\\\/wp-content\\\/uploads\\\/2019\\\/01\\\/s-l500-247.jpg\",\"contentUrl\":\"https:\\\/\\\/todotrial.com\\\/tienda\\\/wp-content\\\/uploads\\\/2019\\\/01\\\/s-l500-247.jpg\",\"width\":400,\"height\":300},{\"@type\":\"BreadcrumbList\",\"@id\":\"https:\\\/\\\/todotrial.com\\\/tienda\\\/pegatinas2019-01-02-18-15-50\\\/#breadcrumb\",\"itemListElement\":[{\"@type\":\"ListItem\",\"position\":1,\"name\":\"Portada\",\"item\":\"https:\\\/\\\/todotrial.com\\\/tienda\\\/\"},{\"@type\":\"ListItem\",\"position\":2,\"name\":\"Shop\",\"item\":\"https:\\\/\\\/todotrial.com\\\/tienda\\\/shop\\\/\"},{\"@type\":\"ListItem\",\"position\":3,\"name\":\"British Bikes Trial Pre 65 BSA Triumph etc DECALS\"}]},{\"@type\":\"WebSite\",\"@id\":\"https:\\\/\\\/todotrial.com\\\/tienda\\\/#website\",\"url\":\"https:\\\/\\\/todotrial.com\\\/tienda\\\/\",\"name\":\"Tienda de todotrial\",\"description\":\"\",\"potentialAction\":[{\"@type\":\"SearchAction\",\"target\":{\"@type\":\"EntryPoint\",\"urlTemplate\":\"https:\\\/\\\/todotrial.com\\\/tienda\\\/?s={search_term_string}\"},\"query-input\":{\"@type\":\"PropertyValueSpecification\",\"valueRequired\":true,\"valueName\":\"search_term_string\"}}],\"inLanguage\":\"es\"}]}<\/script>\n<!-- \/ Yoast SEO Premium plugin. -->","yoast_head_json":{"title":"British Bikes Trial Pre 65 BSA Triumph etc DECALS - Tienda de todotrial","robots":{"index":"index","follow":"follow","max-snippet":"max-snippet:-1","max-image-preview":"max-image-preview:large","max-video-preview":"max-video-preview:-1"},"canonical":"https:\/\/todotrial.com\/tienda\/pegatinas2019-01-02-18-15-50\/","og_locale":"es_ES","og_type":"article","og_title":"British Bikes Trial Pre 65 BSA Triumph etc DECALS","og_description":"British Bikes Trial Pre 65 BSA, Triumph etc DECALS.  Adhesivos de calidad para el deposito de motocicleta brit\u00e1nica que se adaptan a la mayor\u00eda de las marcas: AJS, Armstrong, Ariel, BSA, Algod\u00f3n, DMW, Francis Barnett, James, JAP, Matchless, Norton, Norman, Royal Enfield, Sprite, Triumph, Comerford Cub, Triumph Tiger Cub, Tribsa Velocette m\u00e1s otros y productos \u00fanicos personalizados a pedido.  Usted est\u00e1 comprando un par de la selecci\u00f3n que se muestra: recuerde indicar qu\u00e9 tipo necesita al comprar,  Se venden en pares en los colores que se muestran O seg\u00fan las especificaciones de su color, ind\u00edquelo cuando ordene qu\u00e9 calcoman\u00edas y qu\u00e9 combinaciones de color necesita.  Tambi\u00e9n disponible en cualquier tama\u00f1o para adaptarse a furgonetas, autom\u00f3viles, remolques, etc., tambi\u00e9n disponibles como logotipos de veh\u00edculos extra\u00edbles (con respaldo magn\u00e9tico)  - Cont\u00e1ctenos para m\u00e1s detalles \/ precios.","og_url":"https:\/\/todotrial.com\/tienda\/pegatinas2019-01-02-18-15-50\/","og_site_name":"Tienda de todotrial","article_modified_time":"2025-02-20T16:49:20+00:00","og_image":[{"width":400,"height":300,"url":"https:\/\/todotrial.com\/tienda\/wp-content\/uploads\/2019\/01\/s-l500-247.jpg","type":"image\/jpeg"}],"twitter_card":"summary_large_image","twitter_misc":{"Tiempo de lectura":"1 minuto"},"schema":{"@context":"https:\/\/schema.org","@graph":[{"@type":"WebPage","@id":"https:\/\/todotrial.com\/tienda\/pegatinas2019-01-02-18-15-50\/","url":"https:\/\/todotrial.com\/tienda\/pegatinas2019-01-02-18-15-50\/","name":"British Bikes Trial Pre 65 BSA Triumph etc DECALS - Tienda de todotrial","isPartOf":{"@id":"https:\/\/todotrial.com\/tienda\/#website"},"primaryImageOfPage":{"@id":"https:\/\/todotrial.com\/tienda\/pegatinas2019-01-02-18-15-50\/#primaryimage"},"image":{"@id":"https:\/\/todotrial.com\/tienda\/pegatinas2019-01-02-18-15-50\/#primaryimage"},"thumbnailUrl":"https:\/\/todotrial.com\/tienda\/wp-content\/uploads\/2019\/01\/s-l500-247.jpg","datePublished":"2019-01-02T18:15:50+00:00","dateModified":"2025-02-20T16:49:20+00:00","breadcrumb":{"@id":"https:\/\/todotrial.com\/tienda\/pegatinas2019-01-02-18-15-50\/#breadcrumb"},"inLanguage":"es","potentialAction":[{"@type":"ReadAction","target":["https:\/\/todotrial.com\/tienda\/pegatinas2019-01-02-18-15-50\/"]}]},{"@type":"ImageObject","inLanguage":"es","@id":"https:\/\/todotrial.com\/tienda\/pegatinas2019-01-02-18-15-50\/#primaryimage","url":"https:\/\/todotrial.com\/tienda\/wp-content\/uploads\/2019\/01\/s-l500-247.jpg","contentUrl":"https:\/\/todotrial.com\/tienda\/wp-content\/uploads\/2019\/01\/s-l500-247.jpg","width":400,"height":300},{"@type":"BreadcrumbList","@id":"https:\/\/todotrial.com\/tienda\/pegatinas2019-01-02-18-15-50\/#breadcrumb","itemListElement":[{"@type":"ListItem","position":1,"name":"Portada","item":"https:\/\/todotrial.com\/tienda\/"},{"@type":"ListItem","position":2,"name":"Shop","item":"https:\/\/todotrial.com\/tienda\/shop\/"},{"@type":"ListItem","position":3,"name":"British Bikes Trial Pre 65 BSA Triumph etc DECALS"}]},{"@type":"WebSite","@id":"https:\/\/todotrial.com\/tienda\/#website","url":"https:\/\/todotrial.com\/tienda\/","name":"Tienda de todotrial","description":"","potentialAction":[{"@type":"SearchAction","target":{"@type":"EntryPoint","urlTemplate":"https:\/\/todotrial.com\/tienda\/?s={search_term_string}"},"query-input":{"@type":"PropertyValueSpecification","valueRequired":true,"valueName":"search_term_string"}}],"inLanguage":"es"}]}},"_links":{"self":[{"href":"https:\/\/todotrial.com\/tienda\/wp-json\/wp\/v2\/product\/13465","targetHints":{"allow":["GET"]}}],"collection":[{"href":"https:\/\/todotrial.com\/tienda\/wp-json\/wp\/v2\/product"}],"about":[{"href":"https:\/\/todotrial.com\/tienda\/wp-json\/wp\/v2\/types\/product"}],"replies":[{"embeddable":true,"href":"https:\/\/todotrial.com\/tienda\/wp-json\/wp\/v2\/comments?post=13465"}],"version-history":[{"count":0,"href":"https:\/\/todotrial.com\/tienda\/wp-json\/wp\/v2\/product\/13465\/revisions"}],"wp:featuredmedia":[{"embeddable":true,"href":"https:\/\/todotrial.com\/tienda\/wp-json\/wp\/v2\/media\/13464"}],"wp:attachment":[{"href":"https:\/\/todotrial.com\/tienda\/wp-json\/wp\/v2\/media?parent=13465"}],"wp:term":[{"taxonomy":"product_brand","embeddable":true,"href":"https:\/\/todotrial.com\/tienda\/wp-json\/wp\/v2\/product_brand?post=13465"},{"taxonomy":"product_cat","embeddable":true,"href":"https:\/\/todotrial.com\/tienda\/wp-json\/wp\/v2\/product_cat?post=13465"},{"taxonomy":"product_tag","embeddable":true,"href":"https:\/\/todotrial.com\/tienda\/wp-json\/wp\/v2\/product_tag?post=13465"}],"curies":[{"name":"wp","href":"https:\/\/api.w.org\/{rel}","templated":true}]}}