{"id":13415,"date":"2018-12-10T16:46:25","date_gmt":"2018-12-10T16:46:25","guid":{"rendered":"https:\/\/todotrial.com\/tienda\/product\/moto\/"},"modified":"2025-02-20T17:49:38","modified_gmt":"2025-02-20T16:49:38","slug":"honda-tl-250-trial","status":"publish","type":"product","link":"https:\/\/todotrial.com\/tienda\/honda-tl-250-trial\/","title":{"rendered":"HONDA TL 250 Trial"},"content":{"rendered":"<p>HONDA TL 250 Trial<\/p>\n<p>La Honda TL 250 es una moto de trial de 4 tiempos que naci\u00f3 en Jap\u00f3n en 1975, gracias al inter\u00e9s del irland\u00e9s Sammy Miller experto y once veces campe\u00f3n de trial en los \u00abBritish Trials\u00bb y dos veces campe\u00f3n de los \u00abEuropean Trials Championship\u00bb. Antes de su desarrollo Miller viaj\u00f3 a Jap\u00f3n donde firm\u00f3 un contrato con Honda para el desarrollo de nuevos modelos de trial en la sede de Honda R &#038; D.<\/p>\n<p>\u00c9l comenz\u00f3 a trabajar con el motor TL125 y XL250, partiendo de la base del peque\u00f1o monocil\u00edndrico de dos v\u00e1lvulas del motor SOHC de la Trail Honda SL125.<\/p>\n<p>El equipo de I + D de Honda colabora con Sammy para desarrollar el nuevo modelo de trial., sobre la base del XL250, teniendo que realizar muchos ensayos y modificaciones, no solo en motor, sino sobre todo en chasis, ruedas y suspensiones, para finalmente realizar una obra maestra en este desarrollo de producto. En 1974 Sammy obtuvo varias victorias con el primer prototipo de 250. En octubre de este a\u00f1o, Sammy Miller gan\u00f3 su primera victoria con el segundo prototipo Honda en Sturminister Newton Trial en Gillingham. Este segundo prototipo fue famoso por tener la matr\u00edcula 1N SAM.<\/p>\n<p>En 1975 la producci\u00f3n de la TL250 comenz\u00f3, declarando una potencia de 16,5 CV a 7.000 rpm, pero finalmente los modelos de producci\u00f3n definitivos se quedaron en 16 CV, produciendo unas 4.000 unidades para el mercado estadounidense.<\/p>\n<p>A continuaci\u00f3n puedes leer la prueba publicada en la revista Solo Moto n\u00ba 16 de 1975<\/p>\n","protected":false},"excerpt":{"rendered":"<p>HONDA TL 250 Trial<\/p>\n","protected":false},"featured_media":13414,"comment_status":"open","ping_status":"closed","template":"","meta":[],"product_brand":[],"product_cat":[15],"product_tag":[],"class_list":{"0":"post-13415","1":"product","2":"type-product","3":"status-publish","4":"has-post-thumbnail","6":"product_cat-uncategorized","8":"first","9":"instock","10":"taxable","11":"shipping-taxable","12":"purchasable","13":"product-type-simple"},"yoast_head":"<!-- This site is optimized with the Yoast SEO Premium plugin v21.2 (Yoast SEO v27.5) - https:\/\/yoast.com\/product\/yoast-seo-premium-wordpress\/ -->\n<title>HONDA TL 250 Trial - Tienda de todotrial<\/title>\n<meta name=\"robots\" content=\"index, follow, max-snippet:-1, max-image-preview:large, max-video-preview:-1\" \/>\n<link rel=\"canonical\" href=\"https:\/\/todotrial.com\/tienda\/honda-tl-250-trial\/\" \/>\n<meta property=\"og:locale\" content=\"es_ES\" \/>\n<meta property=\"og:type\" content=\"article\" \/>\n<meta property=\"og:title\" content=\"HONDA TL 250 Trial\" \/>\n<meta property=\"og:description\" content=\"HONDA TL 250 Trial\" \/>\n<meta property=\"og:url\" content=\"https:\/\/todotrial.com\/tienda\/honda-tl-250-trial\/\" \/>\n<meta property=\"og:site_name\" content=\"Tienda de todotrial\" \/>\n<meta property=\"article:modified_time\" content=\"2025-02-20T16:49:38+00:00\" \/>\n<meta property=\"og:image\" content=\"https:\/\/todotrial.com\/tienda\/wp-content\/uploads\/2018\/12\/honda_tl250.jpg\" \/>\n\t<meta property=\"og:image:width\" content=\"1152\" \/>\n\t<meta property=\"og:image:height\" content=\"637\" \/>\n\t<meta property=\"og:image:type\" content=\"image\/jpeg\" \/>\n<meta name=\"twitter:card\" content=\"summary_large_image\" \/>\n<meta name=\"twitter:label1\" content=\"Tiempo de lectura\" \/>\n\t<meta name=\"twitter:data1\" content=\"1 minuto\" \/>\n<script type=\"application\/ld+json\" class=\"yoast-schema-graph\">{\"@context\":\"https:\\\/\\\/schema.org\",\"@graph\":[{\"@type\":\"WebPage\",\"@id\":\"https:\\\/\\\/todotrial.com\\\/tienda\\\/honda-tl-250-trial\\\/\",\"url\":\"https:\\\/\\\/todotrial.com\\\/tienda\\\/honda-tl-250-trial\\\/\",\"name\":\"HONDA TL 250 Trial - Tienda de todotrial\",\"isPartOf\":{\"@id\":\"https:\\\/\\\/todotrial.com\\\/tienda\\\/#website\"},\"primaryImageOfPage\":{\"@id\":\"https:\\\/\\\/todotrial.com\\\/tienda\\\/honda-tl-250-trial\\\/#primaryimage\"},\"image\":{\"@id\":\"https:\\\/\\\/todotrial.com\\\/tienda\\\/honda-tl-250-trial\\\/#primaryimage\"},\"thumbnailUrl\":\"https:\\\/\\\/todotrial.com\\\/tienda\\\/wp-content\\\/uploads\\\/2018\\\/12\\\/honda_tl250.jpg\",\"datePublished\":\"2018-12-10T16:46:25+00:00\",\"dateModified\":\"2025-02-20T16:49:38+00:00\",\"breadcrumb\":{\"@id\":\"https:\\\/\\\/todotrial.com\\\/tienda\\\/honda-tl-250-trial\\\/#breadcrumb\"},\"inLanguage\":\"es\",\"potentialAction\":[{\"@type\":\"ReadAction\",\"target\":[\"https:\\\/\\\/todotrial.com\\\/tienda\\\/honda-tl-250-trial\\\/\"]}]},{\"@type\":\"ImageObject\",\"inLanguage\":\"es\",\"@id\":\"https:\\\/\\\/todotrial.com\\\/tienda\\\/honda-tl-250-trial\\\/#primaryimage\",\"url\":\"https:\\\/\\\/todotrial.com\\\/tienda\\\/wp-content\\\/uploads\\\/2018\\\/12\\\/honda_tl250.jpg\",\"contentUrl\":\"https:\\\/\\\/todotrial.com\\\/tienda\\\/wp-content\\\/uploads\\\/2018\\\/12\\\/honda_tl250.jpg\",\"width\":1152,\"height\":637},{\"@type\":\"BreadcrumbList\",\"@id\":\"https:\\\/\\\/todotrial.com\\\/tienda\\\/honda-tl-250-trial\\\/#breadcrumb\",\"itemListElement\":[{\"@type\":\"ListItem\",\"position\":1,\"name\":\"Portada\",\"item\":\"https:\\\/\\\/todotrial.com\\\/tienda\\\/\"},{\"@type\":\"ListItem\",\"position\":2,\"name\":\"Shop\",\"item\":\"https:\\\/\\\/todotrial.com\\\/tienda\\\/shop\\\/\"},{\"@type\":\"ListItem\",\"position\":3,\"name\":\"HONDA TL 250 Trial\"}]},{\"@type\":\"WebSite\",\"@id\":\"https:\\\/\\\/todotrial.com\\\/tienda\\\/#website\",\"url\":\"https:\\\/\\\/todotrial.com\\\/tienda\\\/\",\"name\":\"Tienda de todotrial\",\"description\":\"\",\"potentialAction\":[{\"@type\":\"SearchAction\",\"target\":{\"@type\":\"EntryPoint\",\"urlTemplate\":\"https:\\\/\\\/todotrial.com\\\/tienda\\\/?s={search_term_string}\"},\"query-input\":{\"@type\":\"PropertyValueSpecification\",\"valueRequired\":true,\"valueName\":\"search_term_string\"}}],\"inLanguage\":\"es\"}]}<\/script>\n<!-- \/ Yoast SEO Premium plugin. -->","yoast_head_json":{"title":"HONDA TL 250 Trial - Tienda de todotrial","robots":{"index":"index","follow":"follow","max-snippet":"max-snippet:-1","max-image-preview":"max-image-preview:large","max-video-preview":"max-video-preview:-1"},"canonical":"https:\/\/todotrial.com\/tienda\/honda-tl-250-trial\/","og_locale":"es_ES","og_type":"article","og_title":"HONDA TL 250 Trial","og_description":"HONDA TL 250 Trial","og_url":"https:\/\/todotrial.com\/tienda\/honda-tl-250-trial\/","og_site_name":"Tienda de todotrial","article_modified_time":"2025-02-20T16:49:38+00:00","og_image":[{"width":1152,"height":637,"url":"https:\/\/todotrial.com\/tienda\/wp-content\/uploads\/2018\/12\/honda_tl250.jpg","type":"image\/jpeg"}],"twitter_card":"summary_large_image","twitter_misc":{"Tiempo de lectura":"1 minuto"},"schema":{"@context":"https:\/\/schema.org","@graph":[{"@type":"WebPage","@id":"https:\/\/todotrial.com\/tienda\/honda-tl-250-trial\/","url":"https:\/\/todotrial.com\/tienda\/honda-tl-250-trial\/","name":"HONDA TL 250 Trial - Tienda de todotrial","isPartOf":{"@id":"https:\/\/todotrial.com\/tienda\/#website"},"primaryImageOfPage":{"@id":"https:\/\/todotrial.com\/tienda\/honda-tl-250-trial\/#primaryimage"},"image":{"@id":"https:\/\/todotrial.com\/tienda\/honda-tl-250-trial\/#primaryimage"},"thumbnailUrl":"https:\/\/todotrial.com\/tienda\/wp-content\/uploads\/2018\/12\/honda_tl250.jpg","datePublished":"2018-12-10T16:46:25+00:00","dateModified":"2025-02-20T16:49:38+00:00","breadcrumb":{"@id":"https:\/\/todotrial.com\/tienda\/honda-tl-250-trial\/#breadcrumb"},"inLanguage":"es","potentialAction":[{"@type":"ReadAction","target":["https:\/\/todotrial.com\/tienda\/honda-tl-250-trial\/"]}]},{"@type":"ImageObject","inLanguage":"es","@id":"https:\/\/todotrial.com\/tienda\/honda-tl-250-trial\/#primaryimage","url":"https:\/\/todotrial.com\/tienda\/wp-content\/uploads\/2018\/12\/honda_tl250.jpg","contentUrl":"https:\/\/todotrial.com\/tienda\/wp-content\/uploads\/2018\/12\/honda_tl250.jpg","width":1152,"height":637},{"@type":"BreadcrumbList","@id":"https:\/\/todotrial.com\/tienda\/honda-tl-250-trial\/#breadcrumb","itemListElement":[{"@type":"ListItem","position":1,"name":"Portada","item":"https:\/\/todotrial.com\/tienda\/"},{"@type":"ListItem","position":2,"name":"Shop","item":"https:\/\/todotrial.com\/tienda\/shop\/"},{"@type":"ListItem","position":3,"name":"HONDA TL 250 Trial"}]},{"@type":"WebSite","@id":"https:\/\/todotrial.com\/tienda\/#website","url":"https:\/\/todotrial.com\/tienda\/","name":"Tienda de todotrial","description":"","potentialAction":[{"@type":"SearchAction","target":{"@type":"EntryPoint","urlTemplate":"https:\/\/todotrial.com\/tienda\/?s={search_term_string}"},"query-input":{"@type":"PropertyValueSpecification","valueRequired":true,"valueName":"search_term_string"}}],"inLanguage":"es"}]}},"_links":{"self":[{"href":"https:\/\/todotrial.com\/tienda\/wp-json\/wp\/v2\/product\/13415","targetHints":{"allow":["GET"]}}],"collection":[{"href":"https:\/\/todotrial.com\/tienda\/wp-json\/wp\/v2\/product"}],"about":[{"href":"https:\/\/todotrial.com\/tienda\/wp-json\/wp\/v2\/types\/product"}],"replies":[{"embeddable":true,"href":"https:\/\/todotrial.com\/tienda\/wp-json\/wp\/v2\/comments?post=13415"}],"version-history":[{"count":0,"href":"https:\/\/todotrial.com\/tienda\/wp-json\/wp\/v2\/product\/13415\/revisions"}],"wp:featuredmedia":[{"embeddable":true,"href":"https:\/\/todotrial.com\/tienda\/wp-json\/wp\/v2\/media\/13414"}],"wp:attachment":[{"href":"https:\/\/todotrial.com\/tienda\/wp-json\/wp\/v2\/media?parent=13415"}],"wp:term":[{"taxonomy":"product_brand","embeddable":true,"href":"https:\/\/todotrial.com\/tienda\/wp-json\/wp\/v2\/product_brand?post=13415"},{"taxonomy":"product_cat","embeddable":true,"href":"https:\/\/todotrial.com\/tienda\/wp-json\/wp\/v2\/product_cat?post=13415"},{"taxonomy":"product_tag","embeddable":true,"href":"https:\/\/todotrial.com\/tienda\/wp-json\/wp\/v2\/product_tag?post=13415"}],"curies":[{"name":"wp","href":"https:\/\/api.w.org\/{rel}","templated":true}]}}