{"id":13394,"date":"2018-11-26T21:20:29","date_gmt":"2018-11-26T21:20:29","guid":{"rendered":"https:\/\/todotrial.com\/tienda\/product\/dvds2018-11-26-21-20-29\/"},"modified":"2025-02-20T17:49:44","modified_gmt":"2025-02-20T16:49:44","slug":"dvds2018-11-26-21-20-29","status":"publish","type":"product","link":"https:\/\/todotrial.com\/tienda\/dvds2018-11-26-21-20-29\/","title":{"rendered":"Scottish  Trial Pre-65 -1993-2007"},"content":{"rendered":"<p>Scottish Trial Pre-65 -1993-2007<br \/>Est\u00e1n disponibles tambi\u00e9n los DVDs desde el a\u00f1o 1993 en adelante<br \/>hasta el 2006 (Excepto el 2001)<\/p>\n","protected":false},"excerpt":{"rendered":"<p>Scottish  Trial Pre-65 -1993-2007<br \/>\nEst\u00e1n disponibles tambi\u00e9n los DVDs desde el a\u00f1o 1993 en adelante<br \/>\nhasta el 2006 (Excepto el 2001)<\/p>\n","protected":false},"featured_media":0,"comment_status":"open","ping_status":"closed","template":"","meta":[],"product_brand":[],"product_cat":[15],"product_tag":[],"class_list":{"0":"post-13394","1":"product","2":"type-product","3":"status-publish","5":"product_cat-uncategorized","7":"first","8":"instock","9":"taxable","10":"shipping-taxable","11":"purchasable","12":"product-type-simple"},"yoast_head":"<!-- This site is optimized with the Yoast SEO Premium plugin v21.2 (Yoast SEO v27.3) - https:\/\/yoast.com\/product\/yoast-seo-premium-wordpress\/ -->\n<title>Scottish Trial Pre-65 -1993-2007 - Tienda de todotrial<\/title>\n<meta name=\"robots\" content=\"index, follow, max-snippet:-1, max-image-preview:large, max-video-preview:-1\" \/>\n<link rel=\"canonical\" href=\"https:\/\/todotrial.com\/tienda\/dvds2018-11-26-21-20-29\/\" \/>\n<meta property=\"og:locale\" content=\"es_ES\" \/>\n<meta property=\"og:type\" content=\"article\" \/>\n<meta property=\"og:title\" content=\"Scottish Trial Pre-65 -1993-2007\" \/>\n<meta property=\"og:description\" content=\"Scottish Trial Pre-65 -1993-2007 Est\u00e1n disponibles tambi\u00e9n los DVDs desde el a\u00f1o 1993 en adelante hasta el 2006 (Excepto el 2001)\" \/>\n<meta property=\"og:url\" content=\"https:\/\/todotrial.com\/tienda\/dvds2018-11-26-21-20-29\/\" \/>\n<meta property=\"og:site_name\" content=\"Tienda de todotrial\" \/>\n<meta property=\"article:modified_time\" content=\"2025-02-20T16:49:44+00:00\" \/>\n<meta name=\"twitter:card\" content=\"summary_large_image\" \/>\n<script type=\"application\/ld+json\" class=\"yoast-schema-graph\">{\"@context\":\"https:\\\/\\\/schema.org\",\"@graph\":[{\"@type\":\"WebPage\",\"@id\":\"https:\\\/\\\/todotrial.com\\\/tienda\\\/dvds2018-11-26-21-20-29\\\/\",\"url\":\"https:\\\/\\\/todotrial.com\\\/tienda\\\/dvds2018-11-26-21-20-29\\\/\",\"name\":\"Scottish Trial Pre-65 -1993-2007 - Tienda de todotrial\",\"isPartOf\":{\"@id\":\"https:\\\/\\\/todotrial.com\\\/tienda\\\/#website\"},\"datePublished\":\"2018-11-26T21:20:29+00:00\",\"dateModified\":\"2025-02-20T16:49:44+00:00\",\"breadcrumb\":{\"@id\":\"https:\\\/\\\/todotrial.com\\\/tienda\\\/dvds2018-11-26-21-20-29\\\/#breadcrumb\"},\"inLanguage\":\"es\",\"potentialAction\":[{\"@type\":\"ReadAction\",\"target\":[\"https:\\\/\\\/todotrial.com\\\/tienda\\\/dvds2018-11-26-21-20-29\\\/\"]}]},{\"@type\":\"BreadcrumbList\",\"@id\":\"https:\\\/\\\/todotrial.com\\\/tienda\\\/dvds2018-11-26-21-20-29\\\/#breadcrumb\",\"itemListElement\":[{\"@type\":\"ListItem\",\"position\":1,\"name\":\"Portada\",\"item\":\"https:\\\/\\\/todotrial.com\\\/tienda\\\/\"},{\"@type\":\"ListItem\",\"position\":2,\"name\":\"Shop\",\"item\":\"https:\\\/\\\/todotrial.com\\\/tienda\\\/shop\\\/\"},{\"@type\":\"ListItem\",\"position\":3,\"name\":\"Scottish Trial Pre-65 -1993-2007\"}]},{\"@type\":\"WebSite\",\"@id\":\"https:\\\/\\\/todotrial.com\\\/tienda\\\/#website\",\"url\":\"https:\\\/\\\/todotrial.com\\\/tienda\\\/\",\"name\":\"Tienda de todotrial\",\"description\":\"\",\"potentialAction\":[{\"@type\":\"SearchAction\",\"target\":{\"@type\":\"EntryPoint\",\"urlTemplate\":\"https:\\\/\\\/todotrial.com\\\/tienda\\\/?s={search_term_string}\"},\"query-input\":{\"@type\":\"PropertyValueSpecification\",\"valueRequired\":true,\"valueName\":\"search_term_string\"}}],\"inLanguage\":\"es\"}]}<\/script>\n<!-- \/ Yoast SEO Premium plugin. -->","yoast_head_json":{"title":"Scottish Trial Pre-65 -1993-2007 - Tienda de todotrial","robots":{"index":"index","follow":"follow","max-snippet":"max-snippet:-1","max-image-preview":"max-image-preview:large","max-video-preview":"max-video-preview:-1"},"canonical":"https:\/\/todotrial.com\/tienda\/dvds2018-11-26-21-20-29\/","og_locale":"es_ES","og_type":"article","og_title":"Scottish Trial Pre-65 -1993-2007","og_description":"Scottish Trial Pre-65 -1993-2007 Est\u00e1n disponibles tambi\u00e9n los DVDs desde el a\u00f1o 1993 en adelante hasta el 2006 (Excepto el 2001)","og_url":"https:\/\/todotrial.com\/tienda\/dvds2018-11-26-21-20-29\/","og_site_name":"Tienda de todotrial","article_modified_time":"2025-02-20T16:49:44+00:00","twitter_card":"summary_large_image","schema":{"@context":"https:\/\/schema.org","@graph":[{"@type":"WebPage","@id":"https:\/\/todotrial.com\/tienda\/dvds2018-11-26-21-20-29\/","url":"https:\/\/todotrial.com\/tienda\/dvds2018-11-26-21-20-29\/","name":"Scottish Trial Pre-65 -1993-2007 - Tienda de todotrial","isPartOf":{"@id":"https:\/\/todotrial.com\/tienda\/#website"},"datePublished":"2018-11-26T21:20:29+00:00","dateModified":"2025-02-20T16:49:44+00:00","breadcrumb":{"@id":"https:\/\/todotrial.com\/tienda\/dvds2018-11-26-21-20-29\/#breadcrumb"},"inLanguage":"es","potentialAction":[{"@type":"ReadAction","target":["https:\/\/todotrial.com\/tienda\/dvds2018-11-26-21-20-29\/"]}]},{"@type":"BreadcrumbList","@id":"https:\/\/todotrial.com\/tienda\/dvds2018-11-26-21-20-29\/#breadcrumb","itemListElement":[{"@type":"ListItem","position":1,"name":"Portada","item":"https:\/\/todotrial.com\/tienda\/"},{"@type":"ListItem","position":2,"name":"Shop","item":"https:\/\/todotrial.com\/tienda\/shop\/"},{"@type":"ListItem","position":3,"name":"Scottish Trial Pre-65 -1993-2007"}]},{"@type":"WebSite","@id":"https:\/\/todotrial.com\/tienda\/#website","url":"https:\/\/todotrial.com\/tienda\/","name":"Tienda de todotrial","description":"","potentialAction":[{"@type":"SearchAction","target":{"@type":"EntryPoint","urlTemplate":"https:\/\/todotrial.com\/tienda\/?s={search_term_string}"},"query-input":{"@type":"PropertyValueSpecification","valueRequired":true,"valueName":"search_term_string"}}],"inLanguage":"es"}]}},"_links":{"self":[{"href":"https:\/\/todotrial.com\/tienda\/wp-json\/wp\/v2\/product\/13394","targetHints":{"allow":["GET"]}}],"collection":[{"href":"https:\/\/todotrial.com\/tienda\/wp-json\/wp\/v2\/product"}],"about":[{"href":"https:\/\/todotrial.com\/tienda\/wp-json\/wp\/v2\/types\/product"}],"replies":[{"embeddable":true,"href":"https:\/\/todotrial.com\/tienda\/wp-json\/wp\/v2\/comments?post=13394"}],"version-history":[{"count":0,"href":"https:\/\/todotrial.com\/tienda\/wp-json\/wp\/v2\/product\/13394\/revisions"}],"wp:attachment":[{"href":"https:\/\/todotrial.com\/tienda\/wp-json\/wp\/v2\/media?parent=13394"}],"wp:term":[{"taxonomy":"product_brand","embeddable":true,"href":"https:\/\/todotrial.com\/tienda\/wp-json\/wp\/v2\/product_brand?post=13394"},{"taxonomy":"product_cat","embeddable":true,"href":"https:\/\/todotrial.com\/tienda\/wp-json\/wp\/v2\/product_cat?post=13394"},{"taxonomy":"product_tag","embeddable":true,"href":"https:\/\/todotrial.com\/tienda\/wp-json\/wp\/v2\/product_tag?post=13394"}],"curies":[{"name":"wp","href":"https:\/\/api.w.org\/{rel}","templated":true}]}}