{"id":12680,"date":"2018-05-23T16:30:54","date_gmt":"2018-05-23T16:30:54","guid":{"rendered":"https:\/\/todotrial.com\/tienda\/product\/dvds2018-05-23-16-30-54\/"},"modified":"2025-02-20T17:52:35","modified_gmt":"2025-02-20T16:52:35","slug":"dvds2018-05-23-16-30-54","status":"publish","type":"product","link":"https:\/\/todotrial.com\/tienda\/dvds2018-05-23-16-30-54\/","title":{"rendered":"EXTREME TRIALS TECHNIQUES DVD"},"content":{"rendered":"<p>EXTREME TRIALS TECHNIQUES DVD<\/p>\n<p>Just when you thought you&#8217;d seen the limits of what can be done with a trials bike, Steve Colley&#8217;s back to take you to the very edge. Steve is one of today&#8217;s most successful trials riders and here he gives one to one expert tuition for top level trials riders who want to further advance their knowledge. Preparation, balancing skills, throttle control and weight transfer are all crucial for these advanced techniques. With on-bike cameras you get the bird&#8217;s eye view of what it&#8217;s really like to do the manoeuvres and stunts. Enjoy spectacular footage, great tips and expert advice in this superb, highly entertaining package.<\/p>\n<p>Justo cuando cre\u00edas haber visto los l\u00edmites de lo que se puede hacer con una bicicleta de trial, Steve Colley vuelve para llevarte al l\u00edmite. Steve es uno de los jinetes de prueba m\u00e1s exitosos de la actualidad y aqu\u00ed brinda una ense\u00f1anza experta de uno a uno para jinetes de nivel superior que quieran avanzar en sus conocimientos. La preparaci\u00f3n, las habilidades de equilibrio, el control del acelerador y la transferencia de peso son cruciales para estas t\u00e9cnicas avanzadas. Con las c\u00e1maras en bicicleta obtienes la vista de p\u00e1jaro de lo que realmente es hacer las maniobras y acrobacias. Disfruta de im\u00e1genes espectaculares, excelentes consejos y consejos de expertos en este paquete excelente y entretenido.<\/p>\n","protected":false},"excerpt":{"rendered":"<p>EXTREME TRIALS TECHNIQUES DVD<\/p>\n","protected":false},"featured_media":12679,"comment_status":"open","ping_status":"closed","template":"","meta":[],"product_brand":[],"product_cat":[15],"product_tag":[],"class_list":{"0":"post-12680","1":"product","2":"type-product","3":"status-publish","4":"has-post-thumbnail","6":"product_cat-uncategorized","8":"first","9":"instock","10":"taxable","11":"shipping-taxable","12":"purchasable","13":"product-type-simple"},"yoast_head":"<!-- This site is optimized with the Yoast SEO Premium plugin v21.2 (Yoast SEO v27.3) - https:\/\/yoast.com\/product\/yoast-seo-premium-wordpress\/ -->\n<title>EXTREME TRIALS TECHNIQUES DVD - Tienda de todotrial<\/title>\n<meta name=\"robots\" content=\"index, follow, max-snippet:-1, max-image-preview:large, max-video-preview:-1\" \/>\n<link rel=\"canonical\" href=\"https:\/\/todotrial.com\/tienda\/dvds2018-05-23-16-30-54\/\" \/>\n<meta property=\"og:locale\" content=\"es_ES\" \/>\n<meta property=\"og:type\" content=\"article\" \/>\n<meta property=\"og:title\" content=\"EXTREME TRIALS TECHNIQUES DVD\" \/>\n<meta property=\"og:description\" content=\"EXTREME TRIALS TECHNIQUES DVD\" \/>\n<meta property=\"og:url\" content=\"https:\/\/todotrial.com\/tienda\/dvds2018-05-23-16-30-54\/\" \/>\n<meta property=\"og:site_name\" content=\"Tienda de todotrial\" \/>\n<meta property=\"article:modified_time\" content=\"2025-02-20T16:52:35+00:00\" \/>\n<meta property=\"og:image\" content=\"https:\/\/todotrial.com\/tienda\/wp-content\/uploads\/2018\/05\/2047da1.jpg\" \/>\n\t<meta property=\"og:image:width\" content=\"360\" \/>\n\t<meta property=\"og:image:height\" content=\"578\" \/>\n\t<meta property=\"og:image:type\" content=\"image\/jpeg\" \/>\n<meta name=\"twitter:card\" content=\"summary_large_image\" \/>\n<meta name=\"twitter:label1\" content=\"Tiempo de lectura\" \/>\n\t<meta name=\"twitter:data1\" content=\"1 minuto\" \/>\n<script type=\"application\/ld+json\" class=\"yoast-schema-graph\">{\"@context\":\"https:\\\/\\\/schema.org\",\"@graph\":[{\"@type\":\"WebPage\",\"@id\":\"https:\\\/\\\/todotrial.com\\\/tienda\\\/dvds2018-05-23-16-30-54\\\/\",\"url\":\"https:\\\/\\\/todotrial.com\\\/tienda\\\/dvds2018-05-23-16-30-54\\\/\",\"name\":\"EXTREME TRIALS TECHNIQUES DVD - Tienda de todotrial\",\"isPartOf\":{\"@id\":\"https:\\\/\\\/todotrial.com\\\/tienda\\\/#website\"},\"primaryImageOfPage\":{\"@id\":\"https:\\\/\\\/todotrial.com\\\/tienda\\\/dvds2018-05-23-16-30-54\\\/#primaryimage\"},\"image\":{\"@id\":\"https:\\\/\\\/todotrial.com\\\/tienda\\\/dvds2018-05-23-16-30-54\\\/#primaryimage\"},\"thumbnailUrl\":\"https:\\\/\\\/todotrial.com\\\/tienda\\\/wp-content\\\/uploads\\\/2018\\\/05\\\/2047da1.jpg\",\"datePublished\":\"2018-05-23T16:30:54+00:00\",\"dateModified\":\"2025-02-20T16:52:35+00:00\",\"breadcrumb\":{\"@id\":\"https:\\\/\\\/todotrial.com\\\/tienda\\\/dvds2018-05-23-16-30-54\\\/#breadcrumb\"},\"inLanguage\":\"es\",\"potentialAction\":[{\"@type\":\"ReadAction\",\"target\":[\"https:\\\/\\\/todotrial.com\\\/tienda\\\/dvds2018-05-23-16-30-54\\\/\"]}]},{\"@type\":\"ImageObject\",\"inLanguage\":\"es\",\"@id\":\"https:\\\/\\\/todotrial.com\\\/tienda\\\/dvds2018-05-23-16-30-54\\\/#primaryimage\",\"url\":\"https:\\\/\\\/todotrial.com\\\/tienda\\\/wp-content\\\/uploads\\\/2018\\\/05\\\/2047da1.jpg\",\"contentUrl\":\"https:\\\/\\\/todotrial.com\\\/tienda\\\/wp-content\\\/uploads\\\/2018\\\/05\\\/2047da1.jpg\",\"width\":360,\"height\":578},{\"@type\":\"BreadcrumbList\",\"@id\":\"https:\\\/\\\/todotrial.com\\\/tienda\\\/dvds2018-05-23-16-30-54\\\/#breadcrumb\",\"itemListElement\":[{\"@type\":\"ListItem\",\"position\":1,\"name\":\"Portada\",\"item\":\"https:\\\/\\\/todotrial.com\\\/tienda\\\/\"},{\"@type\":\"ListItem\",\"position\":2,\"name\":\"Shop\",\"item\":\"https:\\\/\\\/todotrial.com\\\/tienda\\\/shop\\\/\"},{\"@type\":\"ListItem\",\"position\":3,\"name\":\"EXTREME TRIALS TECHNIQUES DVD\"}]},{\"@type\":\"WebSite\",\"@id\":\"https:\\\/\\\/todotrial.com\\\/tienda\\\/#website\",\"url\":\"https:\\\/\\\/todotrial.com\\\/tienda\\\/\",\"name\":\"Tienda de todotrial\",\"description\":\"\",\"potentialAction\":[{\"@type\":\"SearchAction\",\"target\":{\"@type\":\"EntryPoint\",\"urlTemplate\":\"https:\\\/\\\/todotrial.com\\\/tienda\\\/?s={search_term_string}\"},\"query-input\":{\"@type\":\"PropertyValueSpecification\",\"valueRequired\":true,\"valueName\":\"search_term_string\"}}],\"inLanguage\":\"es\"}]}<\/script>\n<!-- \/ Yoast SEO Premium plugin. -->","yoast_head_json":{"title":"EXTREME TRIALS TECHNIQUES DVD - Tienda de todotrial","robots":{"index":"index","follow":"follow","max-snippet":"max-snippet:-1","max-image-preview":"max-image-preview:large","max-video-preview":"max-video-preview:-1"},"canonical":"https:\/\/todotrial.com\/tienda\/dvds2018-05-23-16-30-54\/","og_locale":"es_ES","og_type":"article","og_title":"EXTREME TRIALS TECHNIQUES DVD","og_description":"EXTREME TRIALS TECHNIQUES DVD","og_url":"https:\/\/todotrial.com\/tienda\/dvds2018-05-23-16-30-54\/","og_site_name":"Tienda de todotrial","article_modified_time":"2025-02-20T16:52:35+00:00","og_image":[{"width":360,"height":578,"url":"https:\/\/todotrial.com\/tienda\/wp-content\/uploads\/2018\/05\/2047da1.jpg","type":"image\/jpeg"}],"twitter_card":"summary_large_image","twitter_misc":{"Tiempo de lectura":"1 minuto"},"schema":{"@context":"https:\/\/schema.org","@graph":[{"@type":"WebPage","@id":"https:\/\/todotrial.com\/tienda\/dvds2018-05-23-16-30-54\/","url":"https:\/\/todotrial.com\/tienda\/dvds2018-05-23-16-30-54\/","name":"EXTREME TRIALS TECHNIQUES DVD - Tienda de todotrial","isPartOf":{"@id":"https:\/\/todotrial.com\/tienda\/#website"},"primaryImageOfPage":{"@id":"https:\/\/todotrial.com\/tienda\/dvds2018-05-23-16-30-54\/#primaryimage"},"image":{"@id":"https:\/\/todotrial.com\/tienda\/dvds2018-05-23-16-30-54\/#primaryimage"},"thumbnailUrl":"https:\/\/todotrial.com\/tienda\/wp-content\/uploads\/2018\/05\/2047da1.jpg","datePublished":"2018-05-23T16:30:54+00:00","dateModified":"2025-02-20T16:52:35+00:00","breadcrumb":{"@id":"https:\/\/todotrial.com\/tienda\/dvds2018-05-23-16-30-54\/#breadcrumb"},"inLanguage":"es","potentialAction":[{"@type":"ReadAction","target":["https:\/\/todotrial.com\/tienda\/dvds2018-05-23-16-30-54\/"]}]},{"@type":"ImageObject","inLanguage":"es","@id":"https:\/\/todotrial.com\/tienda\/dvds2018-05-23-16-30-54\/#primaryimage","url":"https:\/\/todotrial.com\/tienda\/wp-content\/uploads\/2018\/05\/2047da1.jpg","contentUrl":"https:\/\/todotrial.com\/tienda\/wp-content\/uploads\/2018\/05\/2047da1.jpg","width":360,"height":578},{"@type":"BreadcrumbList","@id":"https:\/\/todotrial.com\/tienda\/dvds2018-05-23-16-30-54\/#breadcrumb","itemListElement":[{"@type":"ListItem","position":1,"name":"Portada","item":"https:\/\/todotrial.com\/tienda\/"},{"@type":"ListItem","position":2,"name":"Shop","item":"https:\/\/todotrial.com\/tienda\/shop\/"},{"@type":"ListItem","position":3,"name":"EXTREME TRIALS TECHNIQUES DVD"}]},{"@type":"WebSite","@id":"https:\/\/todotrial.com\/tienda\/#website","url":"https:\/\/todotrial.com\/tienda\/","name":"Tienda de todotrial","description":"","potentialAction":[{"@type":"SearchAction","target":{"@type":"EntryPoint","urlTemplate":"https:\/\/todotrial.com\/tienda\/?s={search_term_string}"},"query-input":{"@type":"PropertyValueSpecification","valueRequired":true,"valueName":"search_term_string"}}],"inLanguage":"es"}]}},"_links":{"self":[{"href":"https:\/\/todotrial.com\/tienda\/wp-json\/wp\/v2\/product\/12680","targetHints":{"allow":["GET"]}}],"collection":[{"href":"https:\/\/todotrial.com\/tienda\/wp-json\/wp\/v2\/product"}],"about":[{"href":"https:\/\/todotrial.com\/tienda\/wp-json\/wp\/v2\/types\/product"}],"replies":[{"embeddable":true,"href":"https:\/\/todotrial.com\/tienda\/wp-json\/wp\/v2\/comments?post=12680"}],"version-history":[{"count":0,"href":"https:\/\/todotrial.com\/tienda\/wp-json\/wp\/v2\/product\/12680\/revisions"}],"wp:featuredmedia":[{"embeddable":true,"href":"https:\/\/todotrial.com\/tienda\/wp-json\/wp\/v2\/media\/12679"}],"wp:attachment":[{"href":"https:\/\/todotrial.com\/tienda\/wp-json\/wp\/v2\/media?parent=12680"}],"wp:term":[{"taxonomy":"product_brand","embeddable":true,"href":"https:\/\/todotrial.com\/tienda\/wp-json\/wp\/v2\/product_brand?post=12680"},{"taxonomy":"product_cat","embeddable":true,"href":"https:\/\/todotrial.com\/tienda\/wp-json\/wp\/v2\/product_cat?post=12680"},{"taxonomy":"product_tag","embeddable":true,"href":"https:\/\/todotrial.com\/tienda\/wp-json\/wp\/v2\/product_tag?post=12680"}],"curies":[{"name":"wp","href":"https:\/\/api.w.org\/{rel}","templated":true}]}}