{"id":12497,"date":"2018-05-10T16:35:47","date_gmt":"2018-05-10T16:35:47","guid":{"rendered":"https:\/\/todotrial.com\/tienda\/product\/silencioso2018-05-10-16-35-47\/"},"modified":"2025-02-20T17:53:11","modified_gmt":"2025-02-20T16:53:11","slug":"silencioso2018-05-10-16-35-47","status":"publish","type":"product","link":"https:\/\/todotrial.com\/tienda\/silencioso2018-05-10-16-35-47\/","title":{"rendered":"Silencioso trasero de aluminio de Alto Rendimiento para YAMAHA SPORT TY250S-TY250R-TY250Pinky-.TY350 MONO (todos)"},"content":{"rendered":"<p>Silencioso trasero de aluminio de Alto Rendimiento y gran volumen hecho en exclusiva en UK para YAMAHA SPORT TY250S-TY250R-TY250Pinky-.TY350 MONO (todos)<\/p>\n<p>Los Silenciosos han sido rehechos para que se ajusten a las motos descritas usando las prensas originales de Mick Andrews modificadas para adaptarse a una moderna prensa CNC.<br \/>Tambien se ha usado el nombre de Yamsport con permiso directamente de Mick Andrews y han sido mejorados m\u00e1s all\u00e1 de la especificaci\u00f3n mk2 original con la orientaci\u00f3n de Mick Andrews en cuanto a d\u00f3nde podr\u00edan hacerse estas mejoras.<br \/>Los silenciadores originales de Yamsport se hicieron para las motos Hamilton y Factory Yamaha Team y son uno de los \u00fanicos silenciadores que mejoran el rendimiento del TY Mono.<br \/>Este silenciador le da a la moto una agradable nota profunda en el escape y aumenta el torque en el extremo inferior, adem\u00e1s de permitir que la moto funcione sin problemas en el extremo final<\/p>\n<p>Estos silenciosos est\u00e1n hechos a mano en UK y se han fabricado utilizando solo los materiales m\u00e1s recientes y de mejor calidad.<\/p>\n<p>LLevan un gran tubo perforado de acero inoxidable y un empaquetado deportivo silencioso dentro del silenciador que producir\u00e1n una hermosa nota profunda.<br \/>Se hacen por encargo asi que la entrega puede dilatarse en 15\/20 dias.<\/p>\n","protected":false},"excerpt":{"rendered":"<p>Silencioso trasero de aluminio de Alto Rendimiento y gran volumen hecho en exclusiva en UK para YAMAHA SPORT TY250S-TY250R-TY250Pinky-.TY350 MONO (todos)<\/p>\n","protected":false},"featured_media":12496,"comment_status":"open","ping_status":"closed","template":"","meta":[],"product_brand":[],"product_cat":[15],"product_tag":[],"class_list":{"0":"post-12497","1":"product","2":"type-product","3":"status-publish","4":"has-post-thumbnail","6":"product_cat-uncategorized","8":"first","9":"instock","10":"taxable","11":"shipping-taxable","12":"purchasable","13":"product-type-simple"},"yoast_head":"<!-- This site is optimized with the Yoast SEO Premium plugin v21.2 (Yoast SEO v27.3) - https:\/\/yoast.com\/product\/yoast-seo-premium-wordpress\/ -->\n<title>Silencioso trasero de aluminio de Alto Rendimiento para YAMAHA SPORT TY250S-TY250R-TY250Pinky-.TY350 MONO (todos) - Tienda de todotrial<\/title>\n<meta name=\"robots\" content=\"index, follow, max-snippet:-1, max-image-preview:large, max-video-preview:-1\" \/>\n<link rel=\"canonical\" href=\"https:\/\/todotrial.com\/tienda\/silencioso2018-05-10-16-35-47\/\" \/>\n<meta property=\"og:locale\" content=\"es_ES\" \/>\n<meta property=\"og:type\" content=\"article\" \/>\n<meta property=\"og:title\" content=\"Silencioso trasero de aluminio de Alto Rendimiento para YAMAHA SPORT TY250S-TY250R-TY250Pinky-.TY350 MONO (todos)\" \/>\n<meta property=\"og:description\" content=\"Silencioso trasero de aluminio de Alto Rendimiento y gran volumen hecho en exclusiva en UK para YAMAHA SPORT TY250S-TY250R-TY250Pinky-.TY350 MONO (todos)\" \/>\n<meta property=\"og:url\" content=\"https:\/\/todotrial.com\/tienda\/silencioso2018-05-10-16-35-47\/\" \/>\n<meta property=\"og:site_name\" content=\"Tienda de todotrial\" \/>\n<meta property=\"article:modified_time\" content=\"2025-02-20T16:53:11+00:00\" \/>\n<meta property=\"og:image\" content=\"https:\/\/todotrial.com\/tienda\/wp-content\/uploads\/2018\/05\/silencioso_fantic_especial7.jpg\" \/>\n\t<meta property=\"og:image:width\" content=\"312\" \/>\n\t<meta property=\"og:image:height\" content=\"315\" \/>\n\t<meta property=\"og:image:type\" content=\"image\/jpeg\" \/>\n<meta name=\"twitter:card\" content=\"summary_large_image\" \/>\n<meta name=\"twitter:label1\" content=\"Tiempo de lectura\" \/>\n\t<meta name=\"twitter:data1\" content=\"1 minuto\" \/>\n<script type=\"application\/ld+json\" class=\"yoast-schema-graph\">{\"@context\":\"https:\\\/\\\/schema.org\",\"@graph\":[{\"@type\":\"WebPage\",\"@id\":\"https:\\\/\\\/todotrial.com\\\/tienda\\\/silencioso2018-05-10-16-35-47\\\/\",\"url\":\"https:\\\/\\\/todotrial.com\\\/tienda\\\/silencioso2018-05-10-16-35-47\\\/\",\"name\":\"Silencioso trasero de aluminio de Alto Rendimiento para YAMAHA SPORT TY250S-TY250R-TY250Pinky-.TY350 MONO (todos) - Tienda de todotrial\",\"isPartOf\":{\"@id\":\"https:\\\/\\\/todotrial.com\\\/tienda\\\/#website\"},\"primaryImageOfPage\":{\"@id\":\"https:\\\/\\\/todotrial.com\\\/tienda\\\/silencioso2018-05-10-16-35-47\\\/#primaryimage\"},\"image\":{\"@id\":\"https:\\\/\\\/todotrial.com\\\/tienda\\\/silencioso2018-05-10-16-35-47\\\/#primaryimage\"},\"thumbnailUrl\":\"https:\\\/\\\/todotrial.com\\\/tienda\\\/wp-content\\\/uploads\\\/2018\\\/05\\\/silencioso_fantic_especial7.jpg\",\"datePublished\":\"2018-05-10T16:35:47+00:00\",\"dateModified\":\"2025-02-20T16:53:11+00:00\",\"breadcrumb\":{\"@id\":\"https:\\\/\\\/todotrial.com\\\/tienda\\\/silencioso2018-05-10-16-35-47\\\/#breadcrumb\"},\"inLanguage\":\"es\",\"potentialAction\":[{\"@type\":\"ReadAction\",\"target\":[\"https:\\\/\\\/todotrial.com\\\/tienda\\\/silencioso2018-05-10-16-35-47\\\/\"]}]},{\"@type\":\"ImageObject\",\"inLanguage\":\"es\",\"@id\":\"https:\\\/\\\/todotrial.com\\\/tienda\\\/silencioso2018-05-10-16-35-47\\\/#primaryimage\",\"url\":\"https:\\\/\\\/todotrial.com\\\/tienda\\\/wp-content\\\/uploads\\\/2018\\\/05\\\/silencioso_fantic_especial7.jpg\",\"contentUrl\":\"https:\\\/\\\/todotrial.com\\\/tienda\\\/wp-content\\\/uploads\\\/2018\\\/05\\\/silencioso_fantic_especial7.jpg\",\"width\":312,\"height\":315},{\"@type\":\"BreadcrumbList\",\"@id\":\"https:\\\/\\\/todotrial.com\\\/tienda\\\/silencioso2018-05-10-16-35-47\\\/#breadcrumb\",\"itemListElement\":[{\"@type\":\"ListItem\",\"position\":1,\"name\":\"Portada\",\"item\":\"https:\\\/\\\/todotrial.com\\\/tienda\\\/\"},{\"@type\":\"ListItem\",\"position\":2,\"name\":\"Shop\",\"item\":\"https:\\\/\\\/todotrial.com\\\/tienda\\\/shop\\\/\"},{\"@type\":\"ListItem\",\"position\":3,\"name\":\"Silencioso trasero de aluminio de Alto Rendimiento para YAMAHA SPORT TY250S-TY250R-TY250Pinky-.TY350 MONO (todos)\"}]},{\"@type\":\"WebSite\",\"@id\":\"https:\\\/\\\/todotrial.com\\\/tienda\\\/#website\",\"url\":\"https:\\\/\\\/todotrial.com\\\/tienda\\\/\",\"name\":\"Tienda de todotrial\",\"description\":\"\",\"potentialAction\":[{\"@type\":\"SearchAction\",\"target\":{\"@type\":\"EntryPoint\",\"urlTemplate\":\"https:\\\/\\\/todotrial.com\\\/tienda\\\/?s={search_term_string}\"},\"query-input\":{\"@type\":\"PropertyValueSpecification\",\"valueRequired\":true,\"valueName\":\"search_term_string\"}}],\"inLanguage\":\"es\"}]}<\/script>\n<!-- \/ Yoast SEO Premium plugin. -->","yoast_head_json":{"title":"Silencioso trasero de aluminio de Alto Rendimiento para YAMAHA SPORT TY250S-TY250R-TY250Pinky-.TY350 MONO (todos) - Tienda de todotrial","robots":{"index":"index","follow":"follow","max-snippet":"max-snippet:-1","max-image-preview":"max-image-preview:large","max-video-preview":"max-video-preview:-1"},"canonical":"https:\/\/todotrial.com\/tienda\/silencioso2018-05-10-16-35-47\/","og_locale":"es_ES","og_type":"article","og_title":"Silencioso trasero de aluminio de Alto Rendimiento para YAMAHA SPORT TY250S-TY250R-TY250Pinky-.TY350 MONO (todos)","og_description":"Silencioso trasero de aluminio de Alto Rendimiento y gran volumen hecho en exclusiva en UK para YAMAHA SPORT TY250S-TY250R-TY250Pinky-.TY350 MONO (todos)","og_url":"https:\/\/todotrial.com\/tienda\/silencioso2018-05-10-16-35-47\/","og_site_name":"Tienda de todotrial","article_modified_time":"2025-02-20T16:53:11+00:00","og_image":[{"width":312,"height":315,"url":"https:\/\/todotrial.com\/tienda\/wp-content\/uploads\/2018\/05\/silencioso_fantic_especial7.jpg","type":"image\/jpeg"}],"twitter_card":"summary_large_image","twitter_misc":{"Tiempo de lectura":"1 minuto"},"schema":{"@context":"https:\/\/schema.org","@graph":[{"@type":"WebPage","@id":"https:\/\/todotrial.com\/tienda\/silencioso2018-05-10-16-35-47\/","url":"https:\/\/todotrial.com\/tienda\/silencioso2018-05-10-16-35-47\/","name":"Silencioso trasero de aluminio de Alto Rendimiento para YAMAHA SPORT TY250S-TY250R-TY250Pinky-.TY350 MONO (todos) - Tienda de todotrial","isPartOf":{"@id":"https:\/\/todotrial.com\/tienda\/#website"},"primaryImageOfPage":{"@id":"https:\/\/todotrial.com\/tienda\/silencioso2018-05-10-16-35-47\/#primaryimage"},"image":{"@id":"https:\/\/todotrial.com\/tienda\/silencioso2018-05-10-16-35-47\/#primaryimage"},"thumbnailUrl":"https:\/\/todotrial.com\/tienda\/wp-content\/uploads\/2018\/05\/silencioso_fantic_especial7.jpg","datePublished":"2018-05-10T16:35:47+00:00","dateModified":"2025-02-20T16:53:11+00:00","breadcrumb":{"@id":"https:\/\/todotrial.com\/tienda\/silencioso2018-05-10-16-35-47\/#breadcrumb"},"inLanguage":"es","potentialAction":[{"@type":"ReadAction","target":["https:\/\/todotrial.com\/tienda\/silencioso2018-05-10-16-35-47\/"]}]},{"@type":"ImageObject","inLanguage":"es","@id":"https:\/\/todotrial.com\/tienda\/silencioso2018-05-10-16-35-47\/#primaryimage","url":"https:\/\/todotrial.com\/tienda\/wp-content\/uploads\/2018\/05\/silencioso_fantic_especial7.jpg","contentUrl":"https:\/\/todotrial.com\/tienda\/wp-content\/uploads\/2018\/05\/silencioso_fantic_especial7.jpg","width":312,"height":315},{"@type":"BreadcrumbList","@id":"https:\/\/todotrial.com\/tienda\/silencioso2018-05-10-16-35-47\/#breadcrumb","itemListElement":[{"@type":"ListItem","position":1,"name":"Portada","item":"https:\/\/todotrial.com\/tienda\/"},{"@type":"ListItem","position":2,"name":"Shop","item":"https:\/\/todotrial.com\/tienda\/shop\/"},{"@type":"ListItem","position":3,"name":"Silencioso trasero de aluminio de Alto Rendimiento para YAMAHA SPORT TY250S-TY250R-TY250Pinky-.TY350 MONO (todos)"}]},{"@type":"WebSite","@id":"https:\/\/todotrial.com\/tienda\/#website","url":"https:\/\/todotrial.com\/tienda\/","name":"Tienda de todotrial","description":"","potentialAction":[{"@type":"SearchAction","target":{"@type":"EntryPoint","urlTemplate":"https:\/\/todotrial.com\/tienda\/?s={search_term_string}"},"query-input":{"@type":"PropertyValueSpecification","valueRequired":true,"valueName":"search_term_string"}}],"inLanguage":"es"}]}},"_links":{"self":[{"href":"https:\/\/todotrial.com\/tienda\/wp-json\/wp\/v2\/product\/12497","targetHints":{"allow":["GET"]}}],"collection":[{"href":"https:\/\/todotrial.com\/tienda\/wp-json\/wp\/v2\/product"}],"about":[{"href":"https:\/\/todotrial.com\/tienda\/wp-json\/wp\/v2\/types\/product"}],"replies":[{"embeddable":true,"href":"https:\/\/todotrial.com\/tienda\/wp-json\/wp\/v2\/comments?post=12497"}],"version-history":[{"count":0,"href":"https:\/\/todotrial.com\/tienda\/wp-json\/wp\/v2\/product\/12497\/revisions"}],"wp:featuredmedia":[{"embeddable":true,"href":"https:\/\/todotrial.com\/tienda\/wp-json\/wp\/v2\/media\/12496"}],"wp:attachment":[{"href":"https:\/\/todotrial.com\/tienda\/wp-json\/wp\/v2\/media?parent=12497"}],"wp:term":[{"taxonomy":"product_brand","embeddable":true,"href":"https:\/\/todotrial.com\/tienda\/wp-json\/wp\/v2\/product_brand?post=12497"},{"taxonomy":"product_cat","embeddable":true,"href":"https:\/\/todotrial.com\/tienda\/wp-json\/wp\/v2\/product_cat?post=12497"},{"taxonomy":"product_tag","embeddable":true,"href":"https:\/\/todotrial.com\/tienda\/wp-json\/wp\/v2\/product_tag?post=12497"}],"curies":[{"name":"wp","href":"https:\/\/api.w.org\/{rel}","templated":true}]}}