{"id":1246,"date":"2020-07-02T15:36:55","date_gmt":"2020-07-02T15:36:55","guid":{"rendered":"https:\/\/todotrial.com\/tienda\/product\/encendido-electronico2014-01-23-13-25-29\/"},"modified":"2025-02-20T17:32:10","modified_gmt":"2025-02-20T16:32:10","slug":"encendido-electronico2014-01-23-13-25-29","status":"publish","type":"product","link":"https:\/\/todotrial.com\/tienda\/encendido-electronico2014-01-23-13-25-29\/","title":{"rendered":"RMLightning encendido electronico CDI con avance variable para Bultaco SHERPA"},"content":{"rendered":"<p>El novedoso sistema RM Lightning es un encendido electr\u00f3nico CDI con avance variable apto para transformar el encendido de platinos de las motos cl\u00e1sicas a un sistema electr\u00f3nico.<\/p>\n<p>Ya est\u00e1 disponible para Montesa Cota y Bultaco Sherpa<\/p>\n<p>La instalaci\u00f3n se hace sobre el volante y el stator originales, con lo que no altera las inercias originales del motor, y es f\u00e1cilmente reversible. Proporciona una chispa 2,5 veces m\u00e1s potente que el encendido original. Facilita la puesta a punto con un led que proporciona una gran precisi\u00f3n para determinar el momento en que salta la chispa. Aporta una gran suavidad y consistencia en bajas revoluciones sin renunciar a una estirada m\u00e1s contundente que la proporcionada por el encendido de platinos. Incluye instrucciones detalladas de montaje.<\/p>\n<p>Si tienes dudas puedes consultar en el e-mail todotrial@todotrial.com.<\/p>\n<p>Productos disponibles:<\/p>\n<p>Kit encendido RMLightning Montesa Cota 1 (247, 348, 349, 330).<br \/>\nKit encendido RMLightning Montesa Cota 2 (242, 200, 172, 123).<br \/>\nKit encendido RMLightning Montesa Impala con encendido Motoplat de 2 bobinas<br \/>\nKit encendido RMLightning Montesa Impala con encendido Motoplat de 4 y 5 bobinas<br \/>\nKit encendido RMLightning Bultaco Sherpa o Alpina. (Encendido FEMSA)<br \/>\nKit encendido RMLightning Bultaco Sherpa 1. (Encendido Motoplat)<br \/>\nKit encendido RMLightning Bultaco Mercurio<br \/>\nKit encendido RMLightning Bultaco Metralla<br \/>\nKit encendido RMLightning Ossa Trial<br \/>\nKit encendido RMLightning\u00a0 SWM Trial<br \/>\nM\u00f3dulo CDI Digital con avance variable para encendidos electr\u00f3nicos Motoplat Puch Cobra<br \/>\nM\u00f3dulo CDI Digital con avance variable para encendidos electr\u00f3nicos Motoplat<\/p>\n","protected":false},"excerpt":{"rendered":"<p>RM Lightning encendido electronico CDI con avance variable para SHERPA<\/p>\n","protected":false},"featured_media":1245,"comment_status":"open","ping_status":"closed","template":"","meta":[],"product_brand":[],"product_cat":[15],"product_tag":[],"class_list":{"0":"post-1246","1":"product","2":"type-product","3":"status-publish","4":"has-post-thumbnail","6":"product_cat-uncategorized","8":"first","9":"instock","10":"taxable","11":"shipping-taxable","12":"purchasable","13":"product-type-simple"},"yoast_head":"<!-- This site is optimized with the Yoast SEO Premium plugin v21.2 (Yoast SEO v27.3) - https:\/\/yoast.com\/product\/yoast-seo-premium-wordpress\/ -->\n<title>RMLightning encendido electronico CDI con avance variable para Bultaco SHERPA - Tienda de todotrial<\/title>\n<meta name=\"robots\" content=\"index, follow, max-snippet:-1, max-image-preview:large, max-video-preview:-1\" \/>\n<link rel=\"canonical\" href=\"https:\/\/todotrial.com\/tienda\/encendido-electronico2014-01-23-13-25-29\/\" \/>\n<meta property=\"og:locale\" content=\"es_ES\" \/>\n<meta property=\"og:type\" content=\"article\" \/>\n<meta property=\"og:title\" content=\"RMLightning encendido electronico CDI con avance variable para Bultaco SHERPA\" \/>\n<meta property=\"og:description\" content=\"RM Lightning encendido electronico CDI con avance variable para SHERPA\" \/>\n<meta property=\"og:url\" content=\"https:\/\/todotrial.com\/tienda\/encendido-electronico2014-01-23-13-25-29\/\" \/>\n<meta property=\"og:site_name\" content=\"Tienda de todotrial\" \/>\n<meta property=\"article:modified_time\" content=\"2025-02-20T16:32:10+00:00\" \/>\n<meta property=\"og:image\" content=\"https:\/\/todotrial.com\/tienda\/wp-content\/uploads\/2020\/07\/rmlightning-bultaco.jpg\" \/>\n\t<meta property=\"og:image:width\" content=\"800\" \/>\n\t<meta property=\"og:image:height\" content=\"600\" \/>\n\t<meta property=\"og:image:type\" content=\"image\/jpeg\" \/>\n<meta name=\"twitter:card\" content=\"summary_large_image\" \/>\n<meta name=\"twitter:label1\" content=\"Tiempo de lectura\" \/>\n\t<meta name=\"twitter:data1\" content=\"2 minutos\" \/>\n<script type=\"application\/ld+json\" class=\"yoast-schema-graph\">{\"@context\":\"https:\\\/\\\/schema.org\",\"@graph\":[{\"@type\":\"WebPage\",\"@id\":\"https:\\\/\\\/todotrial.com\\\/tienda\\\/encendido-electronico2014-01-23-13-25-29\\\/\",\"url\":\"https:\\\/\\\/todotrial.com\\\/tienda\\\/encendido-electronico2014-01-23-13-25-29\\\/\",\"name\":\"RMLightning encendido electronico CDI con avance variable para Bultaco SHERPA - Tienda de todotrial\",\"isPartOf\":{\"@id\":\"https:\\\/\\\/todotrial.com\\\/tienda\\\/#website\"},\"primaryImageOfPage\":{\"@id\":\"https:\\\/\\\/todotrial.com\\\/tienda\\\/encendido-electronico2014-01-23-13-25-29\\\/#primaryimage\"},\"image\":{\"@id\":\"https:\\\/\\\/todotrial.com\\\/tienda\\\/encendido-electronico2014-01-23-13-25-29\\\/#primaryimage\"},\"thumbnailUrl\":\"https:\\\/\\\/todotrial.com\\\/tienda\\\/wp-content\\\/uploads\\\/2020\\\/07\\\/rmlightning-bultaco.jpg\",\"datePublished\":\"2020-07-02T15:36:55+00:00\",\"dateModified\":\"2025-02-20T16:32:10+00:00\",\"breadcrumb\":{\"@id\":\"https:\\\/\\\/todotrial.com\\\/tienda\\\/encendido-electronico2014-01-23-13-25-29\\\/#breadcrumb\"},\"inLanguage\":\"es\",\"potentialAction\":[{\"@type\":\"ReadAction\",\"target\":[\"https:\\\/\\\/todotrial.com\\\/tienda\\\/encendido-electronico2014-01-23-13-25-29\\\/\"]}]},{\"@type\":\"ImageObject\",\"inLanguage\":\"es\",\"@id\":\"https:\\\/\\\/todotrial.com\\\/tienda\\\/encendido-electronico2014-01-23-13-25-29\\\/#primaryimage\",\"url\":\"https:\\\/\\\/todotrial.com\\\/tienda\\\/wp-content\\\/uploads\\\/2020\\\/07\\\/rmlightning-bultaco.jpg\",\"contentUrl\":\"https:\\\/\\\/todotrial.com\\\/tienda\\\/wp-content\\\/uploads\\\/2020\\\/07\\\/rmlightning-bultaco.jpg\",\"width\":800,\"height\":600},{\"@type\":\"BreadcrumbList\",\"@id\":\"https:\\\/\\\/todotrial.com\\\/tienda\\\/encendido-electronico2014-01-23-13-25-29\\\/#breadcrumb\",\"itemListElement\":[{\"@type\":\"ListItem\",\"position\":1,\"name\":\"Portada\",\"item\":\"https:\\\/\\\/todotrial.com\\\/tienda\\\/\"},{\"@type\":\"ListItem\",\"position\":2,\"name\":\"Shop\",\"item\":\"https:\\\/\\\/todotrial.com\\\/tienda\\\/shop\\\/\"},{\"@type\":\"ListItem\",\"position\":3,\"name\":\"RMLightning encendido electronico CDI con avance variable para Bultaco SHERPA\"}]},{\"@type\":\"WebSite\",\"@id\":\"https:\\\/\\\/todotrial.com\\\/tienda\\\/#website\",\"url\":\"https:\\\/\\\/todotrial.com\\\/tienda\\\/\",\"name\":\"Tienda de todotrial\",\"description\":\"\",\"potentialAction\":[{\"@type\":\"SearchAction\",\"target\":{\"@type\":\"EntryPoint\",\"urlTemplate\":\"https:\\\/\\\/todotrial.com\\\/tienda\\\/?s={search_term_string}\"},\"query-input\":{\"@type\":\"PropertyValueSpecification\",\"valueRequired\":true,\"valueName\":\"search_term_string\"}}],\"inLanguage\":\"es\"}]}<\/script>\n<!-- \/ Yoast SEO Premium plugin. -->","yoast_head_json":{"title":"RMLightning encendido electronico CDI con avance variable para Bultaco SHERPA - Tienda de todotrial","robots":{"index":"index","follow":"follow","max-snippet":"max-snippet:-1","max-image-preview":"max-image-preview:large","max-video-preview":"max-video-preview:-1"},"canonical":"https:\/\/todotrial.com\/tienda\/encendido-electronico2014-01-23-13-25-29\/","og_locale":"es_ES","og_type":"article","og_title":"RMLightning encendido electronico CDI con avance variable para Bultaco SHERPA","og_description":"RM Lightning encendido electronico CDI con avance variable para SHERPA","og_url":"https:\/\/todotrial.com\/tienda\/encendido-electronico2014-01-23-13-25-29\/","og_site_name":"Tienda de todotrial","article_modified_time":"2025-02-20T16:32:10+00:00","og_image":[{"width":800,"height":600,"url":"https:\/\/todotrial.com\/tienda\/wp-content\/uploads\/2020\/07\/rmlightning-bultaco.jpg","type":"image\/jpeg"}],"twitter_card":"summary_large_image","twitter_misc":{"Tiempo de lectura":"2 minutos"},"schema":{"@context":"https:\/\/schema.org","@graph":[{"@type":"WebPage","@id":"https:\/\/todotrial.com\/tienda\/encendido-electronico2014-01-23-13-25-29\/","url":"https:\/\/todotrial.com\/tienda\/encendido-electronico2014-01-23-13-25-29\/","name":"RMLightning encendido electronico CDI con avance variable para Bultaco SHERPA - Tienda de todotrial","isPartOf":{"@id":"https:\/\/todotrial.com\/tienda\/#website"},"primaryImageOfPage":{"@id":"https:\/\/todotrial.com\/tienda\/encendido-electronico2014-01-23-13-25-29\/#primaryimage"},"image":{"@id":"https:\/\/todotrial.com\/tienda\/encendido-electronico2014-01-23-13-25-29\/#primaryimage"},"thumbnailUrl":"https:\/\/todotrial.com\/tienda\/wp-content\/uploads\/2020\/07\/rmlightning-bultaco.jpg","datePublished":"2020-07-02T15:36:55+00:00","dateModified":"2025-02-20T16:32:10+00:00","breadcrumb":{"@id":"https:\/\/todotrial.com\/tienda\/encendido-electronico2014-01-23-13-25-29\/#breadcrumb"},"inLanguage":"es","potentialAction":[{"@type":"ReadAction","target":["https:\/\/todotrial.com\/tienda\/encendido-electronico2014-01-23-13-25-29\/"]}]},{"@type":"ImageObject","inLanguage":"es","@id":"https:\/\/todotrial.com\/tienda\/encendido-electronico2014-01-23-13-25-29\/#primaryimage","url":"https:\/\/todotrial.com\/tienda\/wp-content\/uploads\/2020\/07\/rmlightning-bultaco.jpg","contentUrl":"https:\/\/todotrial.com\/tienda\/wp-content\/uploads\/2020\/07\/rmlightning-bultaco.jpg","width":800,"height":600},{"@type":"BreadcrumbList","@id":"https:\/\/todotrial.com\/tienda\/encendido-electronico2014-01-23-13-25-29\/#breadcrumb","itemListElement":[{"@type":"ListItem","position":1,"name":"Portada","item":"https:\/\/todotrial.com\/tienda\/"},{"@type":"ListItem","position":2,"name":"Shop","item":"https:\/\/todotrial.com\/tienda\/shop\/"},{"@type":"ListItem","position":3,"name":"RMLightning encendido electronico CDI con avance variable para Bultaco SHERPA"}]},{"@type":"WebSite","@id":"https:\/\/todotrial.com\/tienda\/#website","url":"https:\/\/todotrial.com\/tienda\/","name":"Tienda de todotrial","description":"","potentialAction":[{"@type":"SearchAction","target":{"@type":"EntryPoint","urlTemplate":"https:\/\/todotrial.com\/tienda\/?s={search_term_string}"},"query-input":{"@type":"PropertyValueSpecification","valueRequired":true,"valueName":"search_term_string"}}],"inLanguage":"es"}]}},"_links":{"self":[{"href":"https:\/\/todotrial.com\/tienda\/wp-json\/wp\/v2\/product\/1246","targetHints":{"allow":["GET"]}}],"collection":[{"href":"https:\/\/todotrial.com\/tienda\/wp-json\/wp\/v2\/product"}],"about":[{"href":"https:\/\/todotrial.com\/tienda\/wp-json\/wp\/v2\/types\/product"}],"replies":[{"embeddable":true,"href":"https:\/\/todotrial.com\/tienda\/wp-json\/wp\/v2\/comments?post=1246"}],"version-history":[{"count":0,"href":"https:\/\/todotrial.com\/tienda\/wp-json\/wp\/v2\/product\/1246\/revisions"}],"wp:featuredmedia":[{"embeddable":true,"href":"https:\/\/todotrial.com\/tienda\/wp-json\/wp\/v2\/media\/1245"}],"wp:attachment":[{"href":"https:\/\/todotrial.com\/tienda\/wp-json\/wp\/v2\/media?parent=1246"}],"wp:term":[{"taxonomy":"product_brand","embeddable":true,"href":"https:\/\/todotrial.com\/tienda\/wp-json\/wp\/v2\/product_brand?post=1246"},{"taxonomy":"product_cat","embeddable":true,"href":"https:\/\/todotrial.com\/tienda\/wp-json\/wp\/v2\/product_cat?post=1246"},{"taxonomy":"product_tag","embeddable":true,"href":"https:\/\/todotrial.com\/tienda\/wp-json\/wp\/v2\/product_tag?post=1246"}],"curies":[{"name":"wp","href":"https:\/\/api.w.org\/{rel}","templated":true}]}}