{"id":12442,"date":"2018-05-06T16:17:21","date_gmt":"2018-05-06T16:17:21","guid":{"rendered":"https:\/\/todotrial.com\/tienda\/product\/discos-embrague2018-05-06-16-17-21\/"},"modified":"2025-11-17T22:01:23","modified_gmt":"2025-11-17T21:01:23","slug":"discos-embrague2018-05-06-16-17-21","status":"publish","type":"product","link":"https:\/\/todotrial.com\/tienda\/discos-embrague2018-05-06-16-17-21\/","title":{"rendered":"Discos embrague SURFLEX GAS GAS con separaci\u00f3n 7 discos"},"content":{"rendered":"<p>Discos embrague SURFLEX GAS GAS con separaci\u00f3n 7 discos.<br \/>El juego de discos embrague SURFLEX GAS GAS con separaci\u00f3n 7 discos esta compuesto por 7 discos, 1 de separaci\u00f3n y 6 medios.<\/p>\n","protected":false},"excerpt":{"rendered":"<p>Discos embrague SURFLEX GAS GAS con separaci\u00f3n 7 discos.<br \/>\nEl juego de discos embrague SURFLEX GAS GAS con separaci\u00f3n 7 discos esta compuesto por 7 discos, 1 de separaci\u00f3n y 6 medios.<\/p>\n","protected":false},"featured_media":12441,"comment_status":"open","ping_status":"closed","template":"","meta":[],"product_brand":[],"product_cat":[15],"product_tag":[],"class_list":{"0":"post-12442","1":"product","2":"type-product","3":"status-publish","4":"has-post-thumbnail","6":"product_cat-uncategorized","8":"first","9":"instock","10":"taxable","11":"shipping-taxable","12":"purchasable","13":"product-type-simple"},"yoast_head":"<!-- This site is optimized with the Yoast SEO Premium plugin v21.2 (Yoast SEO v27.3) - https:\/\/yoast.com\/product\/yoast-seo-premium-wordpress\/ -->\n<title>Discos embrague SURFLEX GAS GAS con separaci\u00f3n 7 discos - Tienda de todotrial<\/title>\n<meta name=\"robots\" content=\"index, follow, max-snippet:-1, max-image-preview:large, max-video-preview:-1\" \/>\n<link rel=\"canonical\" href=\"https:\/\/todotrial.com\/tienda\/discos-embrague2018-05-06-16-17-21\/\" \/>\n<meta property=\"og:locale\" content=\"es_ES\" \/>\n<meta property=\"og:type\" content=\"article\" \/>\n<meta property=\"og:title\" content=\"Discos embrague SURFLEX GAS GAS con separaci\u00f3n 7 discos\" \/>\n<meta property=\"og:description\" content=\"Discos embrague SURFLEX GAS GAS con separaci\u00f3n 7 discos. El juego de discos embrague SURFLEX GAS GAS con separaci\u00f3n 7 discos esta compuesto por 7 discos, 1 de separaci\u00f3n y 6 medios.\" \/>\n<meta property=\"og:url\" content=\"https:\/\/todotrial.com\/tienda\/discos-embrague2018-05-06-16-17-21\/\" \/>\n<meta property=\"og:site_name\" content=\"Tienda de todotrial\" \/>\n<meta property=\"article:modified_time\" content=\"2025-11-17T21:01:23+00:00\" \/>\n<meta property=\"og:image\" content=\"https:\/\/todotrial.com\/tienda\/wp-content\/uploads\/2018\/05\/w10323-dsicos-embrague-7-discos-con-separacion-gas-gas.jpg\" \/>\n\t<meta property=\"og:image:width\" content=\"700\" \/>\n\t<meta property=\"og:image:height\" content=\"700\" \/>\n\t<meta property=\"og:image:type\" content=\"image\/jpeg\" \/>\n<meta name=\"twitter:card\" content=\"summary_large_image\" \/>\n<script type=\"application\/ld+json\" class=\"yoast-schema-graph\">{\"@context\":\"https:\\\/\\\/schema.org\",\"@graph\":[{\"@type\":\"WebPage\",\"@id\":\"https:\\\/\\\/todotrial.com\\\/tienda\\\/discos-embrague2018-05-06-16-17-21\\\/\",\"url\":\"https:\\\/\\\/todotrial.com\\\/tienda\\\/discos-embrague2018-05-06-16-17-21\\\/\",\"name\":\"Discos embrague SURFLEX GAS GAS con separaci\u00f3n 7 discos - Tienda de todotrial\",\"isPartOf\":{\"@id\":\"https:\\\/\\\/todotrial.com\\\/tienda\\\/#website\"},\"primaryImageOfPage\":{\"@id\":\"https:\\\/\\\/todotrial.com\\\/tienda\\\/discos-embrague2018-05-06-16-17-21\\\/#primaryimage\"},\"image\":{\"@id\":\"https:\\\/\\\/todotrial.com\\\/tienda\\\/discos-embrague2018-05-06-16-17-21\\\/#primaryimage\"},\"thumbnailUrl\":\"https:\\\/\\\/todotrial.com\\\/tienda\\\/wp-content\\\/uploads\\\/2018\\\/05\\\/w10323-dsicos-embrague-7-discos-con-separacion-gas-gas.jpg\",\"datePublished\":\"2018-05-06T16:17:21+00:00\",\"dateModified\":\"2025-11-17T21:01:23+00:00\",\"breadcrumb\":{\"@id\":\"https:\\\/\\\/todotrial.com\\\/tienda\\\/discos-embrague2018-05-06-16-17-21\\\/#breadcrumb\"},\"inLanguage\":\"es\",\"potentialAction\":[{\"@type\":\"ReadAction\",\"target\":[\"https:\\\/\\\/todotrial.com\\\/tienda\\\/discos-embrague2018-05-06-16-17-21\\\/\"]}]},{\"@type\":\"ImageObject\",\"inLanguage\":\"es\",\"@id\":\"https:\\\/\\\/todotrial.com\\\/tienda\\\/discos-embrague2018-05-06-16-17-21\\\/#primaryimage\",\"url\":\"https:\\\/\\\/todotrial.com\\\/tienda\\\/wp-content\\\/uploads\\\/2018\\\/05\\\/w10323-dsicos-embrague-7-discos-con-separacion-gas-gas.jpg\",\"contentUrl\":\"https:\\\/\\\/todotrial.com\\\/tienda\\\/wp-content\\\/uploads\\\/2018\\\/05\\\/w10323-dsicos-embrague-7-discos-con-separacion-gas-gas.jpg\",\"width\":700,\"height\":700},{\"@type\":\"BreadcrumbList\",\"@id\":\"https:\\\/\\\/todotrial.com\\\/tienda\\\/discos-embrague2018-05-06-16-17-21\\\/#breadcrumb\",\"itemListElement\":[{\"@type\":\"ListItem\",\"position\":1,\"name\":\"Portada\",\"item\":\"https:\\\/\\\/todotrial.com\\\/tienda\\\/\"},{\"@type\":\"ListItem\",\"position\":2,\"name\":\"Shop\",\"item\":\"https:\\\/\\\/todotrial.com\\\/tienda\\\/shop\\\/\"},{\"@type\":\"ListItem\",\"position\":3,\"name\":\"Discos embrague SURFLEX GAS GAS con separaci\u00f3n 7 discos\"}]},{\"@type\":\"WebSite\",\"@id\":\"https:\\\/\\\/todotrial.com\\\/tienda\\\/#website\",\"url\":\"https:\\\/\\\/todotrial.com\\\/tienda\\\/\",\"name\":\"Tienda de todotrial\",\"description\":\"\",\"potentialAction\":[{\"@type\":\"SearchAction\",\"target\":{\"@type\":\"EntryPoint\",\"urlTemplate\":\"https:\\\/\\\/todotrial.com\\\/tienda\\\/?s={search_term_string}\"},\"query-input\":{\"@type\":\"PropertyValueSpecification\",\"valueRequired\":true,\"valueName\":\"search_term_string\"}}],\"inLanguage\":\"es\"}]}<\/script>\n<!-- \/ Yoast SEO Premium plugin. -->","yoast_head_json":{"title":"Discos embrague SURFLEX GAS GAS con separaci\u00f3n 7 discos - Tienda de todotrial","robots":{"index":"index","follow":"follow","max-snippet":"max-snippet:-1","max-image-preview":"max-image-preview:large","max-video-preview":"max-video-preview:-1"},"canonical":"https:\/\/todotrial.com\/tienda\/discos-embrague2018-05-06-16-17-21\/","og_locale":"es_ES","og_type":"article","og_title":"Discos embrague SURFLEX GAS GAS con separaci\u00f3n 7 discos","og_description":"Discos embrague SURFLEX GAS GAS con separaci\u00f3n 7 discos. El juego de discos embrague SURFLEX GAS GAS con separaci\u00f3n 7 discos esta compuesto por 7 discos, 1 de separaci\u00f3n y 6 medios.","og_url":"https:\/\/todotrial.com\/tienda\/discos-embrague2018-05-06-16-17-21\/","og_site_name":"Tienda de todotrial","article_modified_time":"2025-11-17T21:01:23+00:00","og_image":[{"width":700,"height":700,"url":"https:\/\/todotrial.com\/tienda\/wp-content\/uploads\/2018\/05\/w10323-dsicos-embrague-7-discos-con-separacion-gas-gas.jpg","type":"image\/jpeg"}],"twitter_card":"summary_large_image","schema":{"@context":"https:\/\/schema.org","@graph":[{"@type":"WebPage","@id":"https:\/\/todotrial.com\/tienda\/discos-embrague2018-05-06-16-17-21\/","url":"https:\/\/todotrial.com\/tienda\/discos-embrague2018-05-06-16-17-21\/","name":"Discos embrague SURFLEX GAS GAS con separaci\u00f3n 7 discos - Tienda de todotrial","isPartOf":{"@id":"https:\/\/todotrial.com\/tienda\/#website"},"primaryImageOfPage":{"@id":"https:\/\/todotrial.com\/tienda\/discos-embrague2018-05-06-16-17-21\/#primaryimage"},"image":{"@id":"https:\/\/todotrial.com\/tienda\/discos-embrague2018-05-06-16-17-21\/#primaryimage"},"thumbnailUrl":"https:\/\/todotrial.com\/tienda\/wp-content\/uploads\/2018\/05\/w10323-dsicos-embrague-7-discos-con-separacion-gas-gas.jpg","datePublished":"2018-05-06T16:17:21+00:00","dateModified":"2025-11-17T21:01:23+00:00","breadcrumb":{"@id":"https:\/\/todotrial.com\/tienda\/discos-embrague2018-05-06-16-17-21\/#breadcrumb"},"inLanguage":"es","potentialAction":[{"@type":"ReadAction","target":["https:\/\/todotrial.com\/tienda\/discos-embrague2018-05-06-16-17-21\/"]}]},{"@type":"ImageObject","inLanguage":"es","@id":"https:\/\/todotrial.com\/tienda\/discos-embrague2018-05-06-16-17-21\/#primaryimage","url":"https:\/\/todotrial.com\/tienda\/wp-content\/uploads\/2018\/05\/w10323-dsicos-embrague-7-discos-con-separacion-gas-gas.jpg","contentUrl":"https:\/\/todotrial.com\/tienda\/wp-content\/uploads\/2018\/05\/w10323-dsicos-embrague-7-discos-con-separacion-gas-gas.jpg","width":700,"height":700},{"@type":"BreadcrumbList","@id":"https:\/\/todotrial.com\/tienda\/discos-embrague2018-05-06-16-17-21\/#breadcrumb","itemListElement":[{"@type":"ListItem","position":1,"name":"Portada","item":"https:\/\/todotrial.com\/tienda\/"},{"@type":"ListItem","position":2,"name":"Shop","item":"https:\/\/todotrial.com\/tienda\/shop\/"},{"@type":"ListItem","position":3,"name":"Discos embrague SURFLEX GAS GAS con separaci\u00f3n 7 discos"}]},{"@type":"WebSite","@id":"https:\/\/todotrial.com\/tienda\/#website","url":"https:\/\/todotrial.com\/tienda\/","name":"Tienda de todotrial","description":"","potentialAction":[{"@type":"SearchAction","target":{"@type":"EntryPoint","urlTemplate":"https:\/\/todotrial.com\/tienda\/?s={search_term_string}"},"query-input":{"@type":"PropertyValueSpecification","valueRequired":true,"valueName":"search_term_string"}}],"inLanguage":"es"}]}},"_links":{"self":[{"href":"https:\/\/todotrial.com\/tienda\/wp-json\/wp\/v2\/product\/12442","targetHints":{"allow":["GET"]}}],"collection":[{"href":"https:\/\/todotrial.com\/tienda\/wp-json\/wp\/v2\/product"}],"about":[{"href":"https:\/\/todotrial.com\/tienda\/wp-json\/wp\/v2\/types\/product"}],"replies":[{"embeddable":true,"href":"https:\/\/todotrial.com\/tienda\/wp-json\/wp\/v2\/comments?post=12442"}],"version-history":[{"count":0,"href":"https:\/\/todotrial.com\/tienda\/wp-json\/wp\/v2\/product\/12442\/revisions"}],"wp:featuredmedia":[{"embeddable":true,"href":"https:\/\/todotrial.com\/tienda\/wp-json\/wp\/v2\/media\/12441"}],"wp:attachment":[{"href":"https:\/\/todotrial.com\/tienda\/wp-json\/wp\/v2\/media?parent=12442"}],"wp:term":[{"taxonomy":"product_brand","embeddable":true,"href":"https:\/\/todotrial.com\/tienda\/wp-json\/wp\/v2\/product_brand?post=12442"},{"taxonomy":"product_cat","embeddable":true,"href":"https:\/\/todotrial.com\/tienda\/wp-json\/wp\/v2\/product_cat?post=12442"},{"taxonomy":"product_tag","embeddable":true,"href":"https:\/\/todotrial.com\/tienda\/wp-json\/wp\/v2\/product_tag?post=12442"}],"curies":[{"name":"wp","href":"https:\/\/api.w.org\/{rel}","templated":true}]}}