{"id":12306,"date":"2018-04-29T10:44:17","date_gmt":"2018-04-29T10:44:17","guid":{"rendered":"https:\/\/todotrial.com\/tienda\/product\/pegatinas2018-04-29-10-44-17\/"},"modified":"2025-03-21T17:13:01","modified_gmt":"2025-03-21T16:13:01","slug":"pegatinas2018-04-29-10-44-17","status":"publish","type":"product","link":"https:\/\/todotrial.com\/tienda\/pegatinas2018-04-29-10-44-17\/","title":{"rendered":"Pegatinas BULTACO FRONTERA"},"content":{"rendered":"<p>Pegatinas BULTACO FRONTERA<\/p>\n<p>1.- Anagrama Frontera transparente rodeada de color negro, para tapa caja herramientas sobre dep\u00f3sito o placa portan\u00famero en faro. Est\u00e1 realizada en vinilo troquelado y el precio aqu\u00ed indicado es por la unidad.<\/p>\n<p>2.-Leyenda FRONTERA en transparente rodeado de fondo negro, para tapas laterales modelos 74 y 125 cc. Realizada en transfer, el precio aqu\u00ed indicado es por la unidad.<\/p>\n<p>3.-Anagrama Frontera en negro sobre madero marr\u00f3n. Realizada en vinilo troquelado, el precio aqu\u00ed indicado es por la unidad.<\/p>\n","protected":false},"excerpt":{"rendered":"<p>Pegatinas BULTACO FRONTERA<br \/>\nVer en descripcion.<\/p>\n","protected":false},"featured_media":12305,"comment_status":"open","ping_status":"closed","template":"","meta":[],"product_brand":[],"product_cat":[11780,15],"product_tag":[],"class_list":{"0":"post-12306","1":"product","2":"type-product","3":"status-publish","4":"has-post-thumbnail","6":"product_cat-adhesivos-clasicas","7":"product_cat-uncategorized","9":"first","10":"instock","11":"taxable","12":"shipping-taxable","13":"purchasable","14":"product-type-simple"},"yoast_head":"<!-- This site is optimized with the Yoast SEO Premium plugin v21.2 (Yoast SEO v27.3) - https:\/\/yoast.com\/product\/yoast-seo-premium-wordpress\/ -->\n<title>Pegatinas BULTACO FRONTERA - Tienda de todotrial<\/title>\n<meta name=\"robots\" content=\"index, follow, max-snippet:-1, max-image-preview:large, max-video-preview:-1\" \/>\n<link rel=\"canonical\" href=\"https:\/\/todotrial.com\/tienda\/pegatinas2018-04-29-10-44-17\/\" \/>\n<meta property=\"og:locale\" content=\"es_ES\" \/>\n<meta property=\"og:type\" content=\"article\" \/>\n<meta property=\"og:title\" content=\"Pegatinas BULTACO FRONTERA\" \/>\n<meta property=\"og:description\" content=\"Pegatinas BULTACO FRONTERA Ver en descripcion.\" \/>\n<meta property=\"og:url\" content=\"https:\/\/todotrial.com\/tienda\/pegatinas2018-04-29-10-44-17\/\" \/>\n<meta property=\"og:site_name\" content=\"Tienda de todotrial\" \/>\n<meta property=\"article:modified_time\" content=\"2025-03-21T16:13:01+00:00\" \/>\n<meta property=\"og:image\" content=\"https:\/\/todotrial.com\/tienda\/wp-content\/uploads\/2018\/04\/pegatinas-frontera-x2.jpg\" \/>\n\t<meta property=\"og:image:width\" content=\"600\" \/>\n\t<meta property=\"og:image:height\" content=\"600\" \/>\n\t<meta property=\"og:image:type\" content=\"image\/jpeg\" \/>\n<meta name=\"twitter:card\" content=\"summary_large_image\" \/>\n<script type=\"application\/ld+json\" class=\"yoast-schema-graph\">{\"@context\":\"https:\\\/\\\/schema.org\",\"@graph\":[{\"@type\":\"WebPage\",\"@id\":\"https:\\\/\\\/todotrial.com\\\/tienda\\\/pegatinas2018-04-29-10-44-17\\\/\",\"url\":\"https:\\\/\\\/todotrial.com\\\/tienda\\\/pegatinas2018-04-29-10-44-17\\\/\",\"name\":\"Pegatinas BULTACO FRONTERA - Tienda de todotrial\",\"isPartOf\":{\"@id\":\"https:\\\/\\\/todotrial.com\\\/tienda\\\/#website\"},\"primaryImageOfPage\":{\"@id\":\"https:\\\/\\\/todotrial.com\\\/tienda\\\/pegatinas2018-04-29-10-44-17\\\/#primaryimage\"},\"image\":{\"@id\":\"https:\\\/\\\/todotrial.com\\\/tienda\\\/pegatinas2018-04-29-10-44-17\\\/#primaryimage\"},\"thumbnailUrl\":\"https:\\\/\\\/todotrial.com\\\/tienda\\\/wp-content\\\/uploads\\\/2018\\\/04\\\/pegatinas-frontera-x2.jpg\",\"datePublished\":\"2018-04-29T10:44:17+00:00\",\"dateModified\":\"2025-03-21T16:13:01+00:00\",\"breadcrumb\":{\"@id\":\"https:\\\/\\\/todotrial.com\\\/tienda\\\/pegatinas2018-04-29-10-44-17\\\/#breadcrumb\"},\"inLanguage\":\"es\",\"potentialAction\":[{\"@type\":\"ReadAction\",\"target\":[\"https:\\\/\\\/todotrial.com\\\/tienda\\\/pegatinas2018-04-29-10-44-17\\\/\"]}]},{\"@type\":\"ImageObject\",\"inLanguage\":\"es\",\"@id\":\"https:\\\/\\\/todotrial.com\\\/tienda\\\/pegatinas2018-04-29-10-44-17\\\/#primaryimage\",\"url\":\"https:\\\/\\\/todotrial.com\\\/tienda\\\/wp-content\\\/uploads\\\/2018\\\/04\\\/pegatinas-frontera-x2.jpg\",\"contentUrl\":\"https:\\\/\\\/todotrial.com\\\/tienda\\\/wp-content\\\/uploads\\\/2018\\\/04\\\/pegatinas-frontera-x2.jpg\",\"width\":600,\"height\":600},{\"@type\":\"BreadcrumbList\",\"@id\":\"https:\\\/\\\/todotrial.com\\\/tienda\\\/pegatinas2018-04-29-10-44-17\\\/#breadcrumb\",\"itemListElement\":[{\"@type\":\"ListItem\",\"position\":1,\"name\":\"Portada\",\"item\":\"https:\\\/\\\/todotrial.com\\\/tienda\\\/\"},{\"@type\":\"ListItem\",\"position\":2,\"name\":\"Shop\",\"item\":\"https:\\\/\\\/todotrial.com\\\/tienda\\\/shop\\\/\"},{\"@type\":\"ListItem\",\"position\":3,\"name\":\"Pegatinas BULTACO FRONTERA\"}]},{\"@type\":\"WebSite\",\"@id\":\"https:\\\/\\\/todotrial.com\\\/tienda\\\/#website\",\"url\":\"https:\\\/\\\/todotrial.com\\\/tienda\\\/\",\"name\":\"Tienda de todotrial\",\"description\":\"\",\"potentialAction\":[{\"@type\":\"SearchAction\",\"target\":{\"@type\":\"EntryPoint\",\"urlTemplate\":\"https:\\\/\\\/todotrial.com\\\/tienda\\\/?s={search_term_string}\"},\"query-input\":{\"@type\":\"PropertyValueSpecification\",\"valueRequired\":true,\"valueName\":\"search_term_string\"}}],\"inLanguage\":\"es\"}]}<\/script>\n<!-- \/ Yoast SEO Premium plugin. -->","yoast_head_json":{"title":"Pegatinas BULTACO FRONTERA - Tienda de todotrial","robots":{"index":"index","follow":"follow","max-snippet":"max-snippet:-1","max-image-preview":"max-image-preview:large","max-video-preview":"max-video-preview:-1"},"canonical":"https:\/\/todotrial.com\/tienda\/pegatinas2018-04-29-10-44-17\/","og_locale":"es_ES","og_type":"article","og_title":"Pegatinas BULTACO FRONTERA","og_description":"Pegatinas BULTACO FRONTERA Ver en descripcion.","og_url":"https:\/\/todotrial.com\/tienda\/pegatinas2018-04-29-10-44-17\/","og_site_name":"Tienda de todotrial","article_modified_time":"2025-03-21T16:13:01+00:00","og_image":[{"width":600,"height":600,"url":"https:\/\/todotrial.com\/tienda\/wp-content\/uploads\/2018\/04\/pegatinas-frontera-x2.jpg","type":"image\/jpeg"}],"twitter_card":"summary_large_image","schema":{"@context":"https:\/\/schema.org","@graph":[{"@type":"WebPage","@id":"https:\/\/todotrial.com\/tienda\/pegatinas2018-04-29-10-44-17\/","url":"https:\/\/todotrial.com\/tienda\/pegatinas2018-04-29-10-44-17\/","name":"Pegatinas BULTACO FRONTERA - Tienda de todotrial","isPartOf":{"@id":"https:\/\/todotrial.com\/tienda\/#website"},"primaryImageOfPage":{"@id":"https:\/\/todotrial.com\/tienda\/pegatinas2018-04-29-10-44-17\/#primaryimage"},"image":{"@id":"https:\/\/todotrial.com\/tienda\/pegatinas2018-04-29-10-44-17\/#primaryimage"},"thumbnailUrl":"https:\/\/todotrial.com\/tienda\/wp-content\/uploads\/2018\/04\/pegatinas-frontera-x2.jpg","datePublished":"2018-04-29T10:44:17+00:00","dateModified":"2025-03-21T16:13:01+00:00","breadcrumb":{"@id":"https:\/\/todotrial.com\/tienda\/pegatinas2018-04-29-10-44-17\/#breadcrumb"},"inLanguage":"es","potentialAction":[{"@type":"ReadAction","target":["https:\/\/todotrial.com\/tienda\/pegatinas2018-04-29-10-44-17\/"]}]},{"@type":"ImageObject","inLanguage":"es","@id":"https:\/\/todotrial.com\/tienda\/pegatinas2018-04-29-10-44-17\/#primaryimage","url":"https:\/\/todotrial.com\/tienda\/wp-content\/uploads\/2018\/04\/pegatinas-frontera-x2.jpg","contentUrl":"https:\/\/todotrial.com\/tienda\/wp-content\/uploads\/2018\/04\/pegatinas-frontera-x2.jpg","width":600,"height":600},{"@type":"BreadcrumbList","@id":"https:\/\/todotrial.com\/tienda\/pegatinas2018-04-29-10-44-17\/#breadcrumb","itemListElement":[{"@type":"ListItem","position":1,"name":"Portada","item":"https:\/\/todotrial.com\/tienda\/"},{"@type":"ListItem","position":2,"name":"Shop","item":"https:\/\/todotrial.com\/tienda\/shop\/"},{"@type":"ListItem","position":3,"name":"Pegatinas BULTACO FRONTERA"}]},{"@type":"WebSite","@id":"https:\/\/todotrial.com\/tienda\/#website","url":"https:\/\/todotrial.com\/tienda\/","name":"Tienda de todotrial","description":"","potentialAction":[{"@type":"SearchAction","target":{"@type":"EntryPoint","urlTemplate":"https:\/\/todotrial.com\/tienda\/?s={search_term_string}"},"query-input":{"@type":"PropertyValueSpecification","valueRequired":true,"valueName":"search_term_string"}}],"inLanguage":"es"}]}},"_links":{"self":[{"href":"https:\/\/todotrial.com\/tienda\/wp-json\/wp\/v2\/product\/12306","targetHints":{"allow":["GET"]}}],"collection":[{"href":"https:\/\/todotrial.com\/tienda\/wp-json\/wp\/v2\/product"}],"about":[{"href":"https:\/\/todotrial.com\/tienda\/wp-json\/wp\/v2\/types\/product"}],"replies":[{"embeddable":true,"href":"https:\/\/todotrial.com\/tienda\/wp-json\/wp\/v2\/comments?post=12306"}],"version-history":[{"count":1,"href":"https:\/\/todotrial.com\/tienda\/wp-json\/wp\/v2\/product\/12306\/revisions"}],"predecessor-version":[{"id":53818,"href":"https:\/\/todotrial.com\/tienda\/wp-json\/wp\/v2\/product\/12306\/revisions\/53818"}],"wp:featuredmedia":[{"embeddable":true,"href":"https:\/\/todotrial.com\/tienda\/wp-json\/wp\/v2\/media\/12305"}],"wp:attachment":[{"href":"https:\/\/todotrial.com\/tienda\/wp-json\/wp\/v2\/media?parent=12306"}],"wp:term":[{"taxonomy":"product_brand","embeddable":true,"href":"https:\/\/todotrial.com\/tienda\/wp-json\/wp\/v2\/product_brand?post=12306"},{"taxonomy":"product_cat","embeddable":true,"href":"https:\/\/todotrial.com\/tienda\/wp-json\/wp\/v2\/product_cat?post=12306"},{"taxonomy":"product_tag","embeddable":true,"href":"https:\/\/todotrial.com\/tienda\/wp-json\/wp\/v2\/product_tag?post=12306"}],"curies":[{"name":"wp","href":"https:\/\/api.w.org\/{rel}","templated":true}]}}