{"id":12035,"date":"2018-04-01T21:09:31","date_gmt":"2018-04-01T21:09:31","guid":{"rendered":"https:\/\/todotrial.com\/tienda\/product\/escudo-metalico2018-04-01-21-09-31\/"},"modified":"2025-03-22T00:10:35","modified_gmt":"2025-03-21T23:10:35","slug":"escudo-metalico2018-04-01-21-09-31","status":"publish","type":"product","link":"https:\/\/todotrial.com\/tienda\/escudo-metalico2018-04-01-21-09-31\/","title":{"rendered":"RONDINE SPORT pareja anagramas met\u00e1licos para dep\u00f3sito de combustible"},"content":{"rendered":"<p>RONDINE SPORT pareja anagramas met\u00e1licos para dep\u00f3sito de combustible.<\/p>\n<p>Pareja de anagramas met\u00e1licos para dep\u00f3sito gasolina todos los modelos de motocicleta RONDINE SPORT. El precio aqu\u00ed indicado es por la pareja y caso de solicitar una unidad suelta debe de indicarse lado sentido marcha por tener mano<\/p>\n","protected":false},"excerpt":{"rendered":"<p>RONDINE SPORT pareja anagramas met\u00e1licos para dep\u00f3sito de combustible<\/p>\n","protected":false},"featured_media":12034,"comment_status":"open","ping_status":"closed","template":"","meta":[],"product_brand":[],"product_cat":[11780,15],"product_tag":[],"class_list":{"0":"post-12035","1":"product","2":"type-product","3":"status-publish","4":"has-post-thumbnail","6":"product_cat-adhesivos-clasicas","7":"product_cat-uncategorized","9":"first","10":"instock","11":"taxable","12":"shipping-taxable","13":"purchasable","14":"product-type-simple"},"yoast_head":"<!-- This site is optimized with the Yoast SEO Premium plugin v21.2 (Yoast SEO v27.4) - https:\/\/yoast.com\/product\/yoast-seo-premium-wordpress\/ -->\n<title>RONDINE SPORT pareja anagramas met\u00e1licos para dep\u00f3sito de combustible - Tienda de todotrial<\/title>\n<meta name=\"robots\" content=\"index, follow, max-snippet:-1, max-image-preview:large, max-video-preview:-1\" \/>\n<link rel=\"canonical\" href=\"https:\/\/todotrial.com\/tienda\/escudo-metalico2018-04-01-21-09-31\/\" \/>\n<meta property=\"og:locale\" content=\"es_ES\" \/>\n<meta property=\"og:type\" content=\"article\" \/>\n<meta property=\"og:title\" content=\"RONDINE SPORT pareja anagramas met\u00e1licos para dep\u00f3sito de combustible\" \/>\n<meta property=\"og:description\" content=\"RONDINE SPORT pareja anagramas met\u00e1licos para dep\u00f3sito de combustible\" \/>\n<meta property=\"og:url\" content=\"https:\/\/todotrial.com\/tienda\/escudo-metalico2018-04-01-21-09-31\/\" \/>\n<meta property=\"og:site_name\" content=\"Tienda de todotrial\" \/>\n<meta property=\"article:modified_time\" content=\"2025-03-21T23:10:35+00:00\" \/>\n<meta property=\"og:image\" content=\"https:\/\/todotrial.com\/tienda\/wp-content\/uploads\/2018\/04\/rondine_sport_escudos.jpg\" \/>\n\t<meta property=\"og:image:width\" content=\"227\" \/>\n\t<meta property=\"og:image:height\" content=\"156\" \/>\n\t<meta property=\"og:image:type\" content=\"image\/jpeg\" \/>\n<meta name=\"twitter:card\" content=\"summary_large_image\" \/>\n<script type=\"application\/ld+json\" class=\"yoast-schema-graph\">{\"@context\":\"https:\\\/\\\/schema.org\",\"@graph\":[{\"@type\":\"WebPage\",\"@id\":\"https:\\\/\\\/todotrial.com\\\/tienda\\\/escudo-metalico2018-04-01-21-09-31\\\/\",\"url\":\"https:\\\/\\\/todotrial.com\\\/tienda\\\/escudo-metalico2018-04-01-21-09-31\\\/\",\"name\":\"RONDINE SPORT pareja anagramas met\u00e1licos para dep\u00f3sito de combustible - Tienda de todotrial\",\"isPartOf\":{\"@id\":\"https:\\\/\\\/todotrial.com\\\/tienda\\\/#website\"},\"primaryImageOfPage\":{\"@id\":\"https:\\\/\\\/todotrial.com\\\/tienda\\\/escudo-metalico2018-04-01-21-09-31\\\/#primaryimage\"},\"image\":{\"@id\":\"https:\\\/\\\/todotrial.com\\\/tienda\\\/escudo-metalico2018-04-01-21-09-31\\\/#primaryimage\"},\"thumbnailUrl\":\"https:\\\/\\\/todotrial.com\\\/tienda\\\/wp-content\\\/uploads\\\/2018\\\/04\\\/rondine_sport_escudos.jpg\",\"datePublished\":\"2018-04-01T21:09:31+00:00\",\"dateModified\":\"2025-03-21T23:10:35+00:00\",\"breadcrumb\":{\"@id\":\"https:\\\/\\\/todotrial.com\\\/tienda\\\/escudo-metalico2018-04-01-21-09-31\\\/#breadcrumb\"},\"inLanguage\":\"es\",\"potentialAction\":[{\"@type\":\"ReadAction\",\"target\":[\"https:\\\/\\\/todotrial.com\\\/tienda\\\/escudo-metalico2018-04-01-21-09-31\\\/\"]}]},{\"@type\":\"ImageObject\",\"inLanguage\":\"es\",\"@id\":\"https:\\\/\\\/todotrial.com\\\/tienda\\\/escudo-metalico2018-04-01-21-09-31\\\/#primaryimage\",\"url\":\"https:\\\/\\\/todotrial.com\\\/tienda\\\/wp-content\\\/uploads\\\/2018\\\/04\\\/rondine_sport_escudos.jpg\",\"contentUrl\":\"https:\\\/\\\/todotrial.com\\\/tienda\\\/wp-content\\\/uploads\\\/2018\\\/04\\\/rondine_sport_escudos.jpg\",\"width\":227,\"height\":156},{\"@type\":\"BreadcrumbList\",\"@id\":\"https:\\\/\\\/todotrial.com\\\/tienda\\\/escudo-metalico2018-04-01-21-09-31\\\/#breadcrumb\",\"itemListElement\":[{\"@type\":\"ListItem\",\"position\":1,\"name\":\"Portada\",\"item\":\"https:\\\/\\\/todotrial.com\\\/tienda\\\/\"},{\"@type\":\"ListItem\",\"position\":2,\"name\":\"Shop\",\"item\":\"https:\\\/\\\/todotrial.com\\\/tienda\\\/shop\\\/\"},{\"@type\":\"ListItem\",\"position\":3,\"name\":\"RONDINE SPORT pareja anagramas met\u00e1licos para dep\u00f3sito de combustible\"}]},{\"@type\":\"WebSite\",\"@id\":\"https:\\\/\\\/todotrial.com\\\/tienda\\\/#website\",\"url\":\"https:\\\/\\\/todotrial.com\\\/tienda\\\/\",\"name\":\"Tienda de todotrial\",\"description\":\"\",\"potentialAction\":[{\"@type\":\"SearchAction\",\"target\":{\"@type\":\"EntryPoint\",\"urlTemplate\":\"https:\\\/\\\/todotrial.com\\\/tienda\\\/?s={search_term_string}\"},\"query-input\":{\"@type\":\"PropertyValueSpecification\",\"valueRequired\":true,\"valueName\":\"search_term_string\"}}],\"inLanguage\":\"es\"}]}<\/script>\n<!-- \/ Yoast SEO Premium plugin. -->","yoast_head_json":{"title":"RONDINE SPORT pareja anagramas met\u00e1licos para dep\u00f3sito de combustible - Tienda de todotrial","robots":{"index":"index","follow":"follow","max-snippet":"max-snippet:-1","max-image-preview":"max-image-preview:large","max-video-preview":"max-video-preview:-1"},"canonical":"https:\/\/todotrial.com\/tienda\/escudo-metalico2018-04-01-21-09-31\/","og_locale":"es_ES","og_type":"article","og_title":"RONDINE SPORT pareja anagramas met\u00e1licos para dep\u00f3sito de combustible","og_description":"RONDINE SPORT pareja anagramas met\u00e1licos para dep\u00f3sito de combustible","og_url":"https:\/\/todotrial.com\/tienda\/escudo-metalico2018-04-01-21-09-31\/","og_site_name":"Tienda de todotrial","article_modified_time":"2025-03-21T23:10:35+00:00","og_image":[{"width":227,"height":156,"url":"https:\/\/todotrial.com\/tienda\/wp-content\/uploads\/2018\/04\/rondine_sport_escudos.jpg","type":"image\/jpeg"}],"twitter_card":"summary_large_image","schema":{"@context":"https:\/\/schema.org","@graph":[{"@type":"WebPage","@id":"https:\/\/todotrial.com\/tienda\/escudo-metalico2018-04-01-21-09-31\/","url":"https:\/\/todotrial.com\/tienda\/escudo-metalico2018-04-01-21-09-31\/","name":"RONDINE SPORT pareja anagramas met\u00e1licos para dep\u00f3sito de combustible - Tienda de todotrial","isPartOf":{"@id":"https:\/\/todotrial.com\/tienda\/#website"},"primaryImageOfPage":{"@id":"https:\/\/todotrial.com\/tienda\/escudo-metalico2018-04-01-21-09-31\/#primaryimage"},"image":{"@id":"https:\/\/todotrial.com\/tienda\/escudo-metalico2018-04-01-21-09-31\/#primaryimage"},"thumbnailUrl":"https:\/\/todotrial.com\/tienda\/wp-content\/uploads\/2018\/04\/rondine_sport_escudos.jpg","datePublished":"2018-04-01T21:09:31+00:00","dateModified":"2025-03-21T23:10:35+00:00","breadcrumb":{"@id":"https:\/\/todotrial.com\/tienda\/escudo-metalico2018-04-01-21-09-31\/#breadcrumb"},"inLanguage":"es","potentialAction":[{"@type":"ReadAction","target":["https:\/\/todotrial.com\/tienda\/escudo-metalico2018-04-01-21-09-31\/"]}]},{"@type":"ImageObject","inLanguage":"es","@id":"https:\/\/todotrial.com\/tienda\/escudo-metalico2018-04-01-21-09-31\/#primaryimage","url":"https:\/\/todotrial.com\/tienda\/wp-content\/uploads\/2018\/04\/rondine_sport_escudos.jpg","contentUrl":"https:\/\/todotrial.com\/tienda\/wp-content\/uploads\/2018\/04\/rondine_sport_escudos.jpg","width":227,"height":156},{"@type":"BreadcrumbList","@id":"https:\/\/todotrial.com\/tienda\/escudo-metalico2018-04-01-21-09-31\/#breadcrumb","itemListElement":[{"@type":"ListItem","position":1,"name":"Portada","item":"https:\/\/todotrial.com\/tienda\/"},{"@type":"ListItem","position":2,"name":"Shop","item":"https:\/\/todotrial.com\/tienda\/shop\/"},{"@type":"ListItem","position":3,"name":"RONDINE SPORT pareja anagramas met\u00e1licos para dep\u00f3sito de combustible"}]},{"@type":"WebSite","@id":"https:\/\/todotrial.com\/tienda\/#website","url":"https:\/\/todotrial.com\/tienda\/","name":"Tienda de todotrial","description":"","potentialAction":[{"@type":"SearchAction","target":{"@type":"EntryPoint","urlTemplate":"https:\/\/todotrial.com\/tienda\/?s={search_term_string}"},"query-input":{"@type":"PropertyValueSpecification","valueRequired":true,"valueName":"search_term_string"}}],"inLanguage":"es"}]}},"_links":{"self":[{"href":"https:\/\/todotrial.com\/tienda\/wp-json\/wp\/v2\/product\/12035","targetHints":{"allow":["GET"]}}],"collection":[{"href":"https:\/\/todotrial.com\/tienda\/wp-json\/wp\/v2\/product"}],"about":[{"href":"https:\/\/todotrial.com\/tienda\/wp-json\/wp\/v2\/types\/product"}],"replies":[{"embeddable":true,"href":"https:\/\/todotrial.com\/tienda\/wp-json\/wp\/v2\/comments?post=12035"}],"version-history":[{"count":1,"href":"https:\/\/todotrial.com\/tienda\/wp-json\/wp\/v2\/product\/12035\/revisions"}],"predecessor-version":[{"id":54015,"href":"https:\/\/todotrial.com\/tienda\/wp-json\/wp\/v2\/product\/12035\/revisions\/54015"}],"wp:featuredmedia":[{"embeddable":true,"href":"https:\/\/todotrial.com\/tienda\/wp-json\/wp\/v2\/media\/12034"}],"wp:attachment":[{"href":"https:\/\/todotrial.com\/tienda\/wp-json\/wp\/v2\/media?parent=12035"}],"wp:term":[{"taxonomy":"product_brand","embeddable":true,"href":"https:\/\/todotrial.com\/tienda\/wp-json\/wp\/v2\/product_brand?post=12035"},{"taxonomy":"product_cat","embeddable":true,"href":"https:\/\/todotrial.com\/tienda\/wp-json\/wp\/v2\/product_cat?post=12035"},{"taxonomy":"product_tag","embeddable":true,"href":"https:\/\/todotrial.com\/tienda\/wp-json\/wp\/v2\/product_tag?post=12035"}],"curies":[{"name":"wp","href":"https:\/\/api.w.org\/{rel}","templated":true}]}}