{"id":11989,"date":"2018-04-01T09:50:07","date_gmt":"2018-04-01T09:50:07","guid":{"rendered":"https:\/\/todotrial.com\/tienda\/product\/escudo-metalico2018-04-01-09-50-07\/"},"modified":"2025-03-22T00:09:14","modified_gmt":"2025-03-21T23:09:14","slug":"escudo-metalico2018-04-01-09-50-07","status":"publish","type":"product","link":"https:\/\/todotrial.com\/tienda\/escudo-metalico2018-04-01-09-50-07\/","title":{"rendered":"MONDIAL Escudos varios"},"content":{"rendered":"<p>MONDIAL Escudos varios<br \/>(escudo M\u00f2ndial en azul para guardabarros y tapas cajas)<br \/>(escudo M\u00f2ndial en azul para dep\u00f3sito gasolina)<br \/>(escudo M\u00f2ndial en rojo para guardabarros y tapas cajas)<br \/>(escudo M\u00f2ndial en rojo para dep\u00f3sito gasolina)<\/p>\n<p>Estan realizados en tipo transfer y el precio aqu\u00ed indicado es por cada unidad.<\/p>\n","protected":false},"excerpt":{"rendered":"<p>MONDIAL Escudos varios<br \/>\n(escudo M\u00f2ndial en azul para guardabarros y tapas cajas)<br \/>\n(escudo M\u00f2ndial en azul para dep\u00f3sito gasolina)<br \/>\n(escudo M\u00f2ndial en rojo para guardabarros y tapas cajas)<br \/>\n(escudo M\u00f2ndial en rojo para dep\u00f3sito gasolina)<\/p>\n","protected":false},"featured_media":11988,"comment_status":"open","ping_status":"closed","template":"","meta":[],"product_brand":[],"product_cat":[11780,15],"product_tag":[],"class_list":{"0":"post-11989","1":"product","2":"type-product","3":"status-publish","4":"has-post-thumbnail","6":"product_cat-adhesivos-clasicas","7":"product_cat-uncategorized","9":"first","10":"instock","11":"taxable","12":"shipping-taxable","13":"purchasable","14":"product-type-simple"},"yoast_head":"<!-- This site is optimized with the Yoast SEO Premium plugin v21.2 (Yoast SEO v27.3) - https:\/\/yoast.com\/product\/yoast-seo-premium-wordpress\/ -->\n<title>MONDIAL Escudos varios - Tienda de todotrial<\/title>\n<meta name=\"robots\" content=\"index, follow, max-snippet:-1, max-image-preview:large, max-video-preview:-1\" \/>\n<link rel=\"canonical\" href=\"https:\/\/todotrial.com\/tienda\/escudo-metalico2018-04-01-09-50-07\/\" \/>\n<meta property=\"og:locale\" content=\"es_ES\" \/>\n<meta property=\"og:type\" content=\"article\" \/>\n<meta property=\"og:title\" content=\"MONDIAL Escudos varios\" \/>\n<meta property=\"og:description\" content=\"MONDIAL Escudos varios (escudo M\u00f2ndial en azul para guardabarros y tapas cajas) (escudo M\u00f2ndial en azul para dep\u00f3sito gasolina) (escudo M\u00f2ndial en rojo para guardabarros y tapas cajas) (escudo M\u00f2ndial en rojo para dep\u00f3sito gasolina)\" \/>\n<meta property=\"og:url\" content=\"https:\/\/todotrial.com\/tienda\/escudo-metalico2018-04-01-09-50-07\/\" \/>\n<meta property=\"og:site_name\" content=\"Tienda de todotrial\" \/>\n<meta property=\"article:modified_time\" content=\"2025-03-21T23:09:14+00:00\" \/>\n<meta property=\"og:image\" content=\"https:\/\/todotrial.com\/tienda\/wp-content\/uploads\/2018\/04\/259246377_3.jpg\" \/>\n\t<meta property=\"og:image:width\" content=\"640\" \/>\n\t<meta property=\"og:image:height\" content=\"435\" \/>\n\t<meta property=\"og:image:type\" content=\"image\/jpeg\" \/>\n<meta name=\"twitter:card\" content=\"summary_large_image\" \/>\n<script type=\"application\/ld+json\" class=\"yoast-schema-graph\">{\"@context\":\"https:\\\/\\\/schema.org\",\"@graph\":[{\"@type\":\"WebPage\",\"@id\":\"https:\\\/\\\/todotrial.com\\\/tienda\\\/escudo-metalico2018-04-01-09-50-07\\\/\",\"url\":\"https:\\\/\\\/todotrial.com\\\/tienda\\\/escudo-metalico2018-04-01-09-50-07\\\/\",\"name\":\"MONDIAL Escudos varios - Tienda de todotrial\",\"isPartOf\":{\"@id\":\"https:\\\/\\\/todotrial.com\\\/tienda\\\/#website\"},\"primaryImageOfPage\":{\"@id\":\"https:\\\/\\\/todotrial.com\\\/tienda\\\/escudo-metalico2018-04-01-09-50-07\\\/#primaryimage\"},\"image\":{\"@id\":\"https:\\\/\\\/todotrial.com\\\/tienda\\\/escudo-metalico2018-04-01-09-50-07\\\/#primaryimage\"},\"thumbnailUrl\":\"https:\\\/\\\/todotrial.com\\\/tienda\\\/wp-content\\\/uploads\\\/2018\\\/04\\\/259246377_3.jpg\",\"datePublished\":\"2018-04-01T09:50:07+00:00\",\"dateModified\":\"2025-03-21T23:09:14+00:00\",\"breadcrumb\":{\"@id\":\"https:\\\/\\\/todotrial.com\\\/tienda\\\/escudo-metalico2018-04-01-09-50-07\\\/#breadcrumb\"},\"inLanguage\":\"es\",\"potentialAction\":[{\"@type\":\"ReadAction\",\"target\":[\"https:\\\/\\\/todotrial.com\\\/tienda\\\/escudo-metalico2018-04-01-09-50-07\\\/\"]}]},{\"@type\":\"ImageObject\",\"inLanguage\":\"es\",\"@id\":\"https:\\\/\\\/todotrial.com\\\/tienda\\\/escudo-metalico2018-04-01-09-50-07\\\/#primaryimage\",\"url\":\"https:\\\/\\\/todotrial.com\\\/tienda\\\/wp-content\\\/uploads\\\/2018\\\/04\\\/259246377_3.jpg\",\"contentUrl\":\"https:\\\/\\\/todotrial.com\\\/tienda\\\/wp-content\\\/uploads\\\/2018\\\/04\\\/259246377_3.jpg\",\"width\":640,\"height\":435},{\"@type\":\"BreadcrumbList\",\"@id\":\"https:\\\/\\\/todotrial.com\\\/tienda\\\/escudo-metalico2018-04-01-09-50-07\\\/#breadcrumb\",\"itemListElement\":[{\"@type\":\"ListItem\",\"position\":1,\"name\":\"Portada\",\"item\":\"https:\\\/\\\/todotrial.com\\\/tienda\\\/\"},{\"@type\":\"ListItem\",\"position\":2,\"name\":\"Shop\",\"item\":\"https:\\\/\\\/todotrial.com\\\/tienda\\\/shop\\\/\"},{\"@type\":\"ListItem\",\"position\":3,\"name\":\"MONDIAL Escudos varios\"}]},{\"@type\":\"WebSite\",\"@id\":\"https:\\\/\\\/todotrial.com\\\/tienda\\\/#website\",\"url\":\"https:\\\/\\\/todotrial.com\\\/tienda\\\/\",\"name\":\"Tienda de todotrial\",\"description\":\"\",\"potentialAction\":[{\"@type\":\"SearchAction\",\"target\":{\"@type\":\"EntryPoint\",\"urlTemplate\":\"https:\\\/\\\/todotrial.com\\\/tienda\\\/?s={search_term_string}\"},\"query-input\":{\"@type\":\"PropertyValueSpecification\",\"valueRequired\":true,\"valueName\":\"search_term_string\"}}],\"inLanguage\":\"es\"}]}<\/script>\n<!-- \/ Yoast SEO Premium plugin. -->","yoast_head_json":{"title":"MONDIAL Escudos varios - Tienda de todotrial","robots":{"index":"index","follow":"follow","max-snippet":"max-snippet:-1","max-image-preview":"max-image-preview:large","max-video-preview":"max-video-preview:-1"},"canonical":"https:\/\/todotrial.com\/tienda\/escudo-metalico2018-04-01-09-50-07\/","og_locale":"es_ES","og_type":"article","og_title":"MONDIAL Escudos varios","og_description":"MONDIAL Escudos varios (escudo M\u00f2ndial en azul para guardabarros y tapas cajas) (escudo M\u00f2ndial en azul para dep\u00f3sito gasolina) (escudo M\u00f2ndial en rojo para guardabarros y tapas cajas) (escudo M\u00f2ndial en rojo para dep\u00f3sito gasolina)","og_url":"https:\/\/todotrial.com\/tienda\/escudo-metalico2018-04-01-09-50-07\/","og_site_name":"Tienda de todotrial","article_modified_time":"2025-03-21T23:09:14+00:00","og_image":[{"width":640,"height":435,"url":"https:\/\/todotrial.com\/tienda\/wp-content\/uploads\/2018\/04\/259246377_3.jpg","type":"image\/jpeg"}],"twitter_card":"summary_large_image","schema":{"@context":"https:\/\/schema.org","@graph":[{"@type":"WebPage","@id":"https:\/\/todotrial.com\/tienda\/escudo-metalico2018-04-01-09-50-07\/","url":"https:\/\/todotrial.com\/tienda\/escudo-metalico2018-04-01-09-50-07\/","name":"MONDIAL Escudos varios - Tienda de todotrial","isPartOf":{"@id":"https:\/\/todotrial.com\/tienda\/#website"},"primaryImageOfPage":{"@id":"https:\/\/todotrial.com\/tienda\/escudo-metalico2018-04-01-09-50-07\/#primaryimage"},"image":{"@id":"https:\/\/todotrial.com\/tienda\/escudo-metalico2018-04-01-09-50-07\/#primaryimage"},"thumbnailUrl":"https:\/\/todotrial.com\/tienda\/wp-content\/uploads\/2018\/04\/259246377_3.jpg","datePublished":"2018-04-01T09:50:07+00:00","dateModified":"2025-03-21T23:09:14+00:00","breadcrumb":{"@id":"https:\/\/todotrial.com\/tienda\/escudo-metalico2018-04-01-09-50-07\/#breadcrumb"},"inLanguage":"es","potentialAction":[{"@type":"ReadAction","target":["https:\/\/todotrial.com\/tienda\/escudo-metalico2018-04-01-09-50-07\/"]}]},{"@type":"ImageObject","inLanguage":"es","@id":"https:\/\/todotrial.com\/tienda\/escudo-metalico2018-04-01-09-50-07\/#primaryimage","url":"https:\/\/todotrial.com\/tienda\/wp-content\/uploads\/2018\/04\/259246377_3.jpg","contentUrl":"https:\/\/todotrial.com\/tienda\/wp-content\/uploads\/2018\/04\/259246377_3.jpg","width":640,"height":435},{"@type":"BreadcrumbList","@id":"https:\/\/todotrial.com\/tienda\/escudo-metalico2018-04-01-09-50-07\/#breadcrumb","itemListElement":[{"@type":"ListItem","position":1,"name":"Portada","item":"https:\/\/todotrial.com\/tienda\/"},{"@type":"ListItem","position":2,"name":"Shop","item":"https:\/\/todotrial.com\/tienda\/shop\/"},{"@type":"ListItem","position":3,"name":"MONDIAL Escudos varios"}]},{"@type":"WebSite","@id":"https:\/\/todotrial.com\/tienda\/#website","url":"https:\/\/todotrial.com\/tienda\/","name":"Tienda de todotrial","description":"","potentialAction":[{"@type":"SearchAction","target":{"@type":"EntryPoint","urlTemplate":"https:\/\/todotrial.com\/tienda\/?s={search_term_string}"},"query-input":{"@type":"PropertyValueSpecification","valueRequired":true,"valueName":"search_term_string"}}],"inLanguage":"es"}]}},"_links":{"self":[{"href":"https:\/\/todotrial.com\/tienda\/wp-json\/wp\/v2\/product\/11989","targetHints":{"allow":["GET"]}}],"collection":[{"href":"https:\/\/todotrial.com\/tienda\/wp-json\/wp\/v2\/product"}],"about":[{"href":"https:\/\/todotrial.com\/tienda\/wp-json\/wp\/v2\/types\/product"}],"replies":[{"embeddable":true,"href":"https:\/\/todotrial.com\/tienda\/wp-json\/wp\/v2\/comments?post=11989"}],"version-history":[{"count":1,"href":"https:\/\/todotrial.com\/tienda\/wp-json\/wp\/v2\/product\/11989\/revisions"}],"predecessor-version":[{"id":53992,"href":"https:\/\/todotrial.com\/tienda\/wp-json\/wp\/v2\/product\/11989\/revisions\/53992"}],"wp:featuredmedia":[{"embeddable":true,"href":"https:\/\/todotrial.com\/tienda\/wp-json\/wp\/v2\/media\/11988"}],"wp:attachment":[{"href":"https:\/\/todotrial.com\/tienda\/wp-json\/wp\/v2\/media?parent=11989"}],"wp:term":[{"taxonomy":"product_brand","embeddable":true,"href":"https:\/\/todotrial.com\/tienda\/wp-json\/wp\/v2\/product_brand?post=11989"},{"taxonomy":"product_cat","embeddable":true,"href":"https:\/\/todotrial.com\/tienda\/wp-json\/wp\/v2\/product_cat?post=11989"},{"taxonomy":"product_tag","embeddable":true,"href":"https:\/\/todotrial.com\/tienda\/wp-json\/wp\/v2\/product_tag?post=11989"}],"curies":[{"name":"wp","href":"https:\/\/api.w.org\/{rel}","templated":true}]}}