{"id":11978,"date":"2018-03-31T21:06:37","date_gmt":"2018-03-31T21:06:37","guid":{"rendered":"https:\/\/todotrial.com\/tienda\/product\/pegatinas2018-03-31-21-06-37\/"},"modified":"2025-03-21T17:14:12","modified_gmt":"2025-03-21T16:14:12","slug":"pegatinas2018-03-31-21-06-37","status":"publish","type":"product","link":"https:\/\/todotrial.com\/tienda\/pegatinas2018-03-31-21-06-37\/","title":{"rendered":"HONDA SERVETA PC 50 Turismo Kit Pegatinas"},"content":{"rendered":"<p>HONDA SERVETA PC 50 Turismo Kit Pegatinas (Honda en rojo y Serveta en negro sobre fondo plata).<\/p>\n<p>Leyendas HONDA en rojo y SERVETA en negro sobre un fondo plata para la versi\u00f3n PC50 Turismo de este ciclomotor japon\u00e9s fabricado por la marca espa\u00f1ola Serveta. Realizada en vinilo transfer, el precio aqu\u00ed indicado corresponde a la pareja.<\/p>\n","protected":false},"excerpt":{"rendered":"<p>HONDA SERVETA PC 50 Turismo Kit Pegatinas (Honda en rojo y Serveta en negro sobre fondo plata)<\/p>\n","protected":false},"featured_media":11977,"comment_status":"open","ping_status":"closed","template":"","meta":[],"product_brand":[],"product_cat":[11780,15],"product_tag":[],"class_list":{"0":"post-11978","1":"product","2":"type-product","3":"status-publish","4":"has-post-thumbnail","6":"product_cat-adhesivos-clasicas","7":"product_cat-uncategorized","9":"first","10":"instock","11":"taxable","12":"shipping-taxable","13":"purchasable","14":"product-type-simple"},"yoast_head":"<!-- This site is optimized with the Yoast SEO Premium plugin v21.2 (Yoast SEO v27.3) - https:\/\/yoast.com\/product\/yoast-seo-premium-wordpress\/ -->\n<title>HONDA SERVETA PC 50 Turismo Kit Pegatinas - Tienda de todotrial<\/title>\n<meta name=\"robots\" content=\"index, follow, max-snippet:-1, max-image-preview:large, max-video-preview:-1\" \/>\n<link rel=\"canonical\" href=\"https:\/\/todotrial.com\/tienda\/pegatinas2018-03-31-21-06-37\/\" \/>\n<meta property=\"og:locale\" content=\"es_ES\" \/>\n<meta property=\"og:type\" content=\"article\" \/>\n<meta property=\"og:title\" content=\"HONDA SERVETA PC 50 Turismo Kit Pegatinas\" \/>\n<meta property=\"og:description\" content=\"HONDA SERVETA PC 50 Turismo Kit Pegatinas (Honda en rojo y Serveta en negro sobre fondo plata)\" \/>\n<meta property=\"og:url\" content=\"https:\/\/todotrial.com\/tienda\/pegatinas2018-03-31-21-06-37\/\" \/>\n<meta property=\"og:site_name\" content=\"Tienda de todotrial\" \/>\n<meta property=\"article:modified_time\" content=\"2025-03-21T16:14:12+00:00\" \/>\n<meta property=\"og:image\" content=\"https:\/\/todotrial.com\/tienda\/wp-content\/uploads\/2018\/03\/ho4b9.jpg\" \/>\n\t<meta property=\"og:image:width\" content=\"350\" \/>\n\t<meta property=\"og:image:height\" content=\"262\" \/>\n\t<meta property=\"og:image:type\" content=\"image\/jpeg\" \/>\n<meta name=\"twitter:card\" content=\"summary_large_image\" \/>\n<script type=\"application\/ld+json\" class=\"yoast-schema-graph\">{\"@context\":\"https:\\\/\\\/schema.org\",\"@graph\":[{\"@type\":\"WebPage\",\"@id\":\"https:\\\/\\\/todotrial.com\\\/tienda\\\/pegatinas2018-03-31-21-06-37\\\/\",\"url\":\"https:\\\/\\\/todotrial.com\\\/tienda\\\/pegatinas2018-03-31-21-06-37\\\/\",\"name\":\"HONDA SERVETA PC 50 Turismo Kit Pegatinas - Tienda de todotrial\",\"isPartOf\":{\"@id\":\"https:\\\/\\\/todotrial.com\\\/tienda\\\/#website\"},\"primaryImageOfPage\":{\"@id\":\"https:\\\/\\\/todotrial.com\\\/tienda\\\/pegatinas2018-03-31-21-06-37\\\/#primaryimage\"},\"image\":{\"@id\":\"https:\\\/\\\/todotrial.com\\\/tienda\\\/pegatinas2018-03-31-21-06-37\\\/#primaryimage\"},\"thumbnailUrl\":\"https:\\\/\\\/todotrial.com\\\/tienda\\\/wp-content\\\/uploads\\\/2018\\\/03\\\/ho4b9.jpg\",\"datePublished\":\"2018-03-31T21:06:37+00:00\",\"dateModified\":\"2025-03-21T16:14:12+00:00\",\"breadcrumb\":{\"@id\":\"https:\\\/\\\/todotrial.com\\\/tienda\\\/pegatinas2018-03-31-21-06-37\\\/#breadcrumb\"},\"inLanguage\":\"es\",\"potentialAction\":[{\"@type\":\"ReadAction\",\"target\":[\"https:\\\/\\\/todotrial.com\\\/tienda\\\/pegatinas2018-03-31-21-06-37\\\/\"]}]},{\"@type\":\"ImageObject\",\"inLanguage\":\"es\",\"@id\":\"https:\\\/\\\/todotrial.com\\\/tienda\\\/pegatinas2018-03-31-21-06-37\\\/#primaryimage\",\"url\":\"https:\\\/\\\/todotrial.com\\\/tienda\\\/wp-content\\\/uploads\\\/2018\\\/03\\\/ho4b9.jpg\",\"contentUrl\":\"https:\\\/\\\/todotrial.com\\\/tienda\\\/wp-content\\\/uploads\\\/2018\\\/03\\\/ho4b9.jpg\",\"width\":350,\"height\":262},{\"@type\":\"BreadcrumbList\",\"@id\":\"https:\\\/\\\/todotrial.com\\\/tienda\\\/pegatinas2018-03-31-21-06-37\\\/#breadcrumb\",\"itemListElement\":[{\"@type\":\"ListItem\",\"position\":1,\"name\":\"Portada\",\"item\":\"https:\\\/\\\/todotrial.com\\\/tienda\\\/\"},{\"@type\":\"ListItem\",\"position\":2,\"name\":\"Shop\",\"item\":\"https:\\\/\\\/todotrial.com\\\/tienda\\\/shop\\\/\"},{\"@type\":\"ListItem\",\"position\":3,\"name\":\"HONDA SERVETA PC 50 Turismo Kit Pegatinas\"}]},{\"@type\":\"WebSite\",\"@id\":\"https:\\\/\\\/todotrial.com\\\/tienda\\\/#website\",\"url\":\"https:\\\/\\\/todotrial.com\\\/tienda\\\/\",\"name\":\"Tienda de todotrial\",\"description\":\"\",\"potentialAction\":[{\"@type\":\"SearchAction\",\"target\":{\"@type\":\"EntryPoint\",\"urlTemplate\":\"https:\\\/\\\/todotrial.com\\\/tienda\\\/?s={search_term_string}\"},\"query-input\":{\"@type\":\"PropertyValueSpecification\",\"valueRequired\":true,\"valueName\":\"search_term_string\"}}],\"inLanguage\":\"es\"}]}<\/script>\n<!-- \/ Yoast SEO Premium plugin. -->","yoast_head_json":{"title":"HONDA SERVETA PC 50 Turismo Kit Pegatinas - Tienda de todotrial","robots":{"index":"index","follow":"follow","max-snippet":"max-snippet:-1","max-image-preview":"max-image-preview:large","max-video-preview":"max-video-preview:-1"},"canonical":"https:\/\/todotrial.com\/tienda\/pegatinas2018-03-31-21-06-37\/","og_locale":"es_ES","og_type":"article","og_title":"HONDA SERVETA PC 50 Turismo Kit Pegatinas","og_description":"HONDA SERVETA PC 50 Turismo Kit Pegatinas (Honda en rojo y Serveta en negro sobre fondo plata)","og_url":"https:\/\/todotrial.com\/tienda\/pegatinas2018-03-31-21-06-37\/","og_site_name":"Tienda de todotrial","article_modified_time":"2025-03-21T16:14:12+00:00","og_image":[{"width":350,"height":262,"url":"https:\/\/todotrial.com\/tienda\/wp-content\/uploads\/2018\/03\/ho4b9.jpg","type":"image\/jpeg"}],"twitter_card":"summary_large_image","schema":{"@context":"https:\/\/schema.org","@graph":[{"@type":"WebPage","@id":"https:\/\/todotrial.com\/tienda\/pegatinas2018-03-31-21-06-37\/","url":"https:\/\/todotrial.com\/tienda\/pegatinas2018-03-31-21-06-37\/","name":"HONDA SERVETA PC 50 Turismo Kit Pegatinas - Tienda de todotrial","isPartOf":{"@id":"https:\/\/todotrial.com\/tienda\/#website"},"primaryImageOfPage":{"@id":"https:\/\/todotrial.com\/tienda\/pegatinas2018-03-31-21-06-37\/#primaryimage"},"image":{"@id":"https:\/\/todotrial.com\/tienda\/pegatinas2018-03-31-21-06-37\/#primaryimage"},"thumbnailUrl":"https:\/\/todotrial.com\/tienda\/wp-content\/uploads\/2018\/03\/ho4b9.jpg","datePublished":"2018-03-31T21:06:37+00:00","dateModified":"2025-03-21T16:14:12+00:00","breadcrumb":{"@id":"https:\/\/todotrial.com\/tienda\/pegatinas2018-03-31-21-06-37\/#breadcrumb"},"inLanguage":"es","potentialAction":[{"@type":"ReadAction","target":["https:\/\/todotrial.com\/tienda\/pegatinas2018-03-31-21-06-37\/"]}]},{"@type":"ImageObject","inLanguage":"es","@id":"https:\/\/todotrial.com\/tienda\/pegatinas2018-03-31-21-06-37\/#primaryimage","url":"https:\/\/todotrial.com\/tienda\/wp-content\/uploads\/2018\/03\/ho4b9.jpg","contentUrl":"https:\/\/todotrial.com\/tienda\/wp-content\/uploads\/2018\/03\/ho4b9.jpg","width":350,"height":262},{"@type":"BreadcrumbList","@id":"https:\/\/todotrial.com\/tienda\/pegatinas2018-03-31-21-06-37\/#breadcrumb","itemListElement":[{"@type":"ListItem","position":1,"name":"Portada","item":"https:\/\/todotrial.com\/tienda\/"},{"@type":"ListItem","position":2,"name":"Shop","item":"https:\/\/todotrial.com\/tienda\/shop\/"},{"@type":"ListItem","position":3,"name":"HONDA SERVETA PC 50 Turismo Kit Pegatinas"}]},{"@type":"WebSite","@id":"https:\/\/todotrial.com\/tienda\/#website","url":"https:\/\/todotrial.com\/tienda\/","name":"Tienda de todotrial","description":"","potentialAction":[{"@type":"SearchAction","target":{"@type":"EntryPoint","urlTemplate":"https:\/\/todotrial.com\/tienda\/?s={search_term_string}"},"query-input":{"@type":"PropertyValueSpecification","valueRequired":true,"valueName":"search_term_string"}}],"inLanguage":"es"}]}},"_links":{"self":[{"href":"https:\/\/todotrial.com\/tienda\/wp-json\/wp\/v2\/product\/11978","targetHints":{"allow":["GET"]}}],"collection":[{"href":"https:\/\/todotrial.com\/tienda\/wp-json\/wp\/v2\/product"}],"about":[{"href":"https:\/\/todotrial.com\/tienda\/wp-json\/wp\/v2\/types\/product"}],"replies":[{"embeddable":true,"href":"https:\/\/todotrial.com\/tienda\/wp-json\/wp\/v2\/comments?post=11978"}],"version-history":[{"count":1,"href":"https:\/\/todotrial.com\/tienda\/wp-json\/wp\/v2\/product\/11978\/revisions"}],"predecessor-version":[{"id":53842,"href":"https:\/\/todotrial.com\/tienda\/wp-json\/wp\/v2\/product\/11978\/revisions\/53842"}],"wp:featuredmedia":[{"embeddable":true,"href":"https:\/\/todotrial.com\/tienda\/wp-json\/wp\/v2\/media\/11977"}],"wp:attachment":[{"href":"https:\/\/todotrial.com\/tienda\/wp-json\/wp\/v2\/media?parent=11978"}],"wp:term":[{"taxonomy":"product_brand","embeddable":true,"href":"https:\/\/todotrial.com\/tienda\/wp-json\/wp\/v2\/product_brand?post=11978"},{"taxonomy":"product_cat","embeddable":true,"href":"https:\/\/todotrial.com\/tienda\/wp-json\/wp\/v2\/product_cat?post=11978"},{"taxonomy":"product_tag","embeddable":true,"href":"https:\/\/todotrial.com\/tienda\/wp-json\/wp\/v2\/product_tag?post=11978"}],"curies":[{"name":"wp","href":"https:\/\/api.w.org\/{rel}","templated":true}]}}