{"id":11972,"date":"2018-03-31T20:21:24","date_gmt":"2018-03-31T20:21:24","guid":{"rendered":"https:\/\/todotrial.com\/tienda\/product\/escudos-metalicos2018-03-31-20-21-24\/"},"modified":"2025-03-21T22:33:38","modified_gmt":"2025-03-21T21:33:38","slug":"escudos-metalicos2018-03-31-20-21-24","status":"publish","type":"product","link":"https:\/\/todotrial.com\/tienda\/escudos-metalicos2018-03-31-20-21-24\/","title":{"rendered":"Pareja Escudos Metalicos Cl\u00faa para Ciclomotor Gorrion II"},"content":{"rendered":"<p>Pareja Escudos CL4 Metalicos Cl\u00faa para Ciclomotor Gorrion II.<br \/>Anagrama de metal para dep\u00f3sito ciclomotor Gorri\u00f3n II CL\u00daA. El precio es por la pareja. Si se solicita una sola unidad (17 euros), indicar lado sentido marcha ya que el anagrama tiene mano<\/p>\n","protected":false},"excerpt":{"rendered":"<p>Pareja Escudos Metalicos Cl\u00faa para Ciclomotor Gorrion II<\/p>\n","protected":false},"featured_media":11970,"comment_status":"open","ping_status":"closed","template":"","meta":[],"product_brand":[],"product_cat":[11780,15],"product_tag":[],"class_list":{"0":"post-11972","1":"product","2":"type-product","3":"status-publish","4":"has-post-thumbnail","6":"product_cat-adhesivos-clasicas","7":"product_cat-uncategorized","9":"first","10":"instock","11":"taxable","12":"shipping-taxable","13":"purchasable","14":"product-type-simple"},"yoast_head":"<!-- This site is optimized with the Yoast SEO Premium plugin v21.2 (Yoast SEO v27.3) - https:\/\/yoast.com\/product\/yoast-seo-premium-wordpress\/ -->\n<title>Pareja Escudos Metalicos Cl\u00faa para Ciclomotor Gorrion II - Tienda de todotrial<\/title>\n<meta name=\"robots\" content=\"index, follow, max-snippet:-1, max-image-preview:large, max-video-preview:-1\" \/>\n<link rel=\"canonical\" href=\"https:\/\/todotrial.com\/tienda\/escudos-metalicos2018-03-31-20-21-24\/\" \/>\n<meta property=\"og:locale\" content=\"es_ES\" \/>\n<meta property=\"og:type\" content=\"article\" \/>\n<meta property=\"og:title\" content=\"Pareja Escudos Metalicos Cl\u00faa para Ciclomotor Gorrion II\" \/>\n<meta property=\"og:description\" content=\"Pareja Escudos Metalicos Cl\u00faa para Ciclomotor Gorrion II\" \/>\n<meta property=\"og:url\" content=\"https:\/\/todotrial.com\/tienda\/escudos-metalicos2018-03-31-20-21-24\/\" \/>\n<meta property=\"og:site_name\" content=\"Tienda de todotrial\" \/>\n<meta property=\"article:modified_time\" content=\"2025-03-21T21:33:38+00:00\" \/>\n<meta property=\"og:image\" content=\"https:\/\/todotrial.com\/tienda\/wp-content\/uploads\/2018\/03\/escudo_clua_150x150.jpg\" \/>\n\t<meta property=\"og:image:width\" content=\"150\" \/>\n\t<meta property=\"og:image:height\" content=\"111\" \/>\n\t<meta property=\"og:image:type\" content=\"image\/jpeg\" \/>\n<meta name=\"twitter:card\" content=\"summary_large_image\" \/>\n<script type=\"application\/ld+json\" class=\"yoast-schema-graph\">{\"@context\":\"https:\\\/\\\/schema.org\",\"@graph\":[{\"@type\":\"WebPage\",\"@id\":\"https:\\\/\\\/todotrial.com\\\/tienda\\\/escudos-metalicos2018-03-31-20-21-24\\\/\",\"url\":\"https:\\\/\\\/todotrial.com\\\/tienda\\\/escudos-metalicos2018-03-31-20-21-24\\\/\",\"name\":\"Pareja Escudos Metalicos Cl\u00faa para Ciclomotor Gorrion II - Tienda de todotrial\",\"isPartOf\":{\"@id\":\"https:\\\/\\\/todotrial.com\\\/tienda\\\/#website\"},\"primaryImageOfPage\":{\"@id\":\"https:\\\/\\\/todotrial.com\\\/tienda\\\/escudos-metalicos2018-03-31-20-21-24\\\/#primaryimage\"},\"image\":{\"@id\":\"https:\\\/\\\/todotrial.com\\\/tienda\\\/escudos-metalicos2018-03-31-20-21-24\\\/#primaryimage\"},\"thumbnailUrl\":\"https:\\\/\\\/todotrial.com\\\/tienda\\\/wp-content\\\/uploads\\\/2018\\\/03\\\/escudo_clua_150x150.jpg\",\"datePublished\":\"2018-03-31T20:21:24+00:00\",\"dateModified\":\"2025-03-21T21:33:38+00:00\",\"breadcrumb\":{\"@id\":\"https:\\\/\\\/todotrial.com\\\/tienda\\\/escudos-metalicos2018-03-31-20-21-24\\\/#breadcrumb\"},\"inLanguage\":\"es\",\"potentialAction\":[{\"@type\":\"ReadAction\",\"target\":[\"https:\\\/\\\/todotrial.com\\\/tienda\\\/escudos-metalicos2018-03-31-20-21-24\\\/\"]}]},{\"@type\":\"ImageObject\",\"inLanguage\":\"es\",\"@id\":\"https:\\\/\\\/todotrial.com\\\/tienda\\\/escudos-metalicos2018-03-31-20-21-24\\\/#primaryimage\",\"url\":\"https:\\\/\\\/todotrial.com\\\/tienda\\\/wp-content\\\/uploads\\\/2018\\\/03\\\/escudo_clua_150x150.jpg\",\"contentUrl\":\"https:\\\/\\\/todotrial.com\\\/tienda\\\/wp-content\\\/uploads\\\/2018\\\/03\\\/escudo_clua_150x150.jpg\",\"width\":150,\"height\":111},{\"@type\":\"BreadcrumbList\",\"@id\":\"https:\\\/\\\/todotrial.com\\\/tienda\\\/escudos-metalicos2018-03-31-20-21-24\\\/#breadcrumb\",\"itemListElement\":[{\"@type\":\"ListItem\",\"position\":1,\"name\":\"Portada\",\"item\":\"https:\\\/\\\/todotrial.com\\\/tienda\\\/\"},{\"@type\":\"ListItem\",\"position\":2,\"name\":\"Shop\",\"item\":\"https:\\\/\\\/todotrial.com\\\/tienda\\\/shop\\\/\"},{\"@type\":\"ListItem\",\"position\":3,\"name\":\"Pareja Escudos Metalicos Cl\u00faa para Ciclomotor Gorrion II\"}]},{\"@type\":\"WebSite\",\"@id\":\"https:\\\/\\\/todotrial.com\\\/tienda\\\/#website\",\"url\":\"https:\\\/\\\/todotrial.com\\\/tienda\\\/\",\"name\":\"Tienda de todotrial\",\"description\":\"\",\"potentialAction\":[{\"@type\":\"SearchAction\",\"target\":{\"@type\":\"EntryPoint\",\"urlTemplate\":\"https:\\\/\\\/todotrial.com\\\/tienda\\\/?s={search_term_string}\"},\"query-input\":{\"@type\":\"PropertyValueSpecification\",\"valueRequired\":true,\"valueName\":\"search_term_string\"}}],\"inLanguage\":\"es\"}]}<\/script>\n<!-- \/ Yoast SEO Premium plugin. -->","yoast_head_json":{"title":"Pareja Escudos Metalicos Cl\u00faa para Ciclomotor Gorrion II - Tienda de todotrial","robots":{"index":"index","follow":"follow","max-snippet":"max-snippet:-1","max-image-preview":"max-image-preview:large","max-video-preview":"max-video-preview:-1"},"canonical":"https:\/\/todotrial.com\/tienda\/escudos-metalicos2018-03-31-20-21-24\/","og_locale":"es_ES","og_type":"article","og_title":"Pareja Escudos Metalicos Cl\u00faa para Ciclomotor Gorrion II","og_description":"Pareja Escudos Metalicos Cl\u00faa para Ciclomotor Gorrion II","og_url":"https:\/\/todotrial.com\/tienda\/escudos-metalicos2018-03-31-20-21-24\/","og_site_name":"Tienda de todotrial","article_modified_time":"2025-03-21T21:33:38+00:00","og_image":[{"width":150,"height":111,"url":"https:\/\/todotrial.com\/tienda\/wp-content\/uploads\/2018\/03\/escudo_clua_150x150.jpg","type":"image\/jpeg"}],"twitter_card":"summary_large_image","schema":{"@context":"https:\/\/schema.org","@graph":[{"@type":"WebPage","@id":"https:\/\/todotrial.com\/tienda\/escudos-metalicos2018-03-31-20-21-24\/","url":"https:\/\/todotrial.com\/tienda\/escudos-metalicos2018-03-31-20-21-24\/","name":"Pareja Escudos Metalicos Cl\u00faa para Ciclomotor Gorrion II - Tienda de todotrial","isPartOf":{"@id":"https:\/\/todotrial.com\/tienda\/#website"},"primaryImageOfPage":{"@id":"https:\/\/todotrial.com\/tienda\/escudos-metalicos2018-03-31-20-21-24\/#primaryimage"},"image":{"@id":"https:\/\/todotrial.com\/tienda\/escudos-metalicos2018-03-31-20-21-24\/#primaryimage"},"thumbnailUrl":"https:\/\/todotrial.com\/tienda\/wp-content\/uploads\/2018\/03\/escudo_clua_150x150.jpg","datePublished":"2018-03-31T20:21:24+00:00","dateModified":"2025-03-21T21:33:38+00:00","breadcrumb":{"@id":"https:\/\/todotrial.com\/tienda\/escudos-metalicos2018-03-31-20-21-24\/#breadcrumb"},"inLanguage":"es","potentialAction":[{"@type":"ReadAction","target":["https:\/\/todotrial.com\/tienda\/escudos-metalicos2018-03-31-20-21-24\/"]}]},{"@type":"ImageObject","inLanguage":"es","@id":"https:\/\/todotrial.com\/tienda\/escudos-metalicos2018-03-31-20-21-24\/#primaryimage","url":"https:\/\/todotrial.com\/tienda\/wp-content\/uploads\/2018\/03\/escudo_clua_150x150.jpg","contentUrl":"https:\/\/todotrial.com\/tienda\/wp-content\/uploads\/2018\/03\/escudo_clua_150x150.jpg","width":150,"height":111},{"@type":"BreadcrumbList","@id":"https:\/\/todotrial.com\/tienda\/escudos-metalicos2018-03-31-20-21-24\/#breadcrumb","itemListElement":[{"@type":"ListItem","position":1,"name":"Portada","item":"https:\/\/todotrial.com\/tienda\/"},{"@type":"ListItem","position":2,"name":"Shop","item":"https:\/\/todotrial.com\/tienda\/shop\/"},{"@type":"ListItem","position":3,"name":"Pareja Escudos Metalicos Cl\u00faa para Ciclomotor Gorrion II"}]},{"@type":"WebSite","@id":"https:\/\/todotrial.com\/tienda\/#website","url":"https:\/\/todotrial.com\/tienda\/","name":"Tienda de todotrial","description":"","potentialAction":[{"@type":"SearchAction","target":{"@type":"EntryPoint","urlTemplate":"https:\/\/todotrial.com\/tienda\/?s={search_term_string}"},"query-input":{"@type":"PropertyValueSpecification","valueRequired":true,"valueName":"search_term_string"}}],"inLanguage":"es"}]}},"_links":{"self":[{"href":"https:\/\/todotrial.com\/tienda\/wp-json\/wp\/v2\/product\/11972","targetHints":{"allow":["GET"]}}],"collection":[{"href":"https:\/\/todotrial.com\/tienda\/wp-json\/wp\/v2\/product"}],"about":[{"href":"https:\/\/todotrial.com\/tienda\/wp-json\/wp\/v2\/types\/product"}],"replies":[{"embeddable":true,"href":"https:\/\/todotrial.com\/tienda\/wp-json\/wp\/v2\/comments?post=11972"}],"version-history":[{"count":1,"href":"https:\/\/todotrial.com\/tienda\/wp-json\/wp\/v2\/product\/11972\/revisions"}],"predecessor-version":[{"id":53988,"href":"https:\/\/todotrial.com\/tienda\/wp-json\/wp\/v2\/product\/11972\/revisions\/53988"}],"wp:featuredmedia":[{"embeddable":true,"href":"https:\/\/todotrial.com\/tienda\/wp-json\/wp\/v2\/media\/11970"}],"wp:attachment":[{"href":"https:\/\/todotrial.com\/tienda\/wp-json\/wp\/v2\/media?parent=11972"}],"wp:term":[{"taxonomy":"product_brand","embeddable":true,"href":"https:\/\/todotrial.com\/tienda\/wp-json\/wp\/v2\/product_brand?post=11972"},{"taxonomy":"product_cat","embeddable":true,"href":"https:\/\/todotrial.com\/tienda\/wp-json\/wp\/v2\/product_cat?post=11972"},{"taxonomy":"product_tag","embeddable":true,"href":"https:\/\/todotrial.com\/tienda\/wp-json\/wp\/v2\/product_tag?post=11972"}],"curies":[{"name":"wp","href":"https:\/\/api.w.org\/{rel}","templated":true}]}}