{"id":11674,"date":"2018-03-11T11:21:22","date_gmt":"2018-03-11T11:21:22","guid":{"rendered":"https:\/\/todotrial.com\/tienda\/product\/faro-delantero2018-02-10-21-39-582018-03-11-11-21-22\/"},"modified":"2025-02-20T17:56:24","modified_gmt":"2025-02-20T16:56:24","slug":"faro-delantero2018-02-10-21-39-582018-03-11-11-21-22","status":"publish","type":"product","link":"https:\/\/todotrial.com\/tienda\/faro-delantero2018-02-10-21-39-582018-03-11-11-21-22\/","title":{"rendered":"Faro DELANTERO KAWASAKI CL\u00c1SICAS"},"content":{"rendered":"<p>FARO delantero kawasaki clasicas Faro hal\u00f3geno de 55\/60 vatios. de 7 pulgadas (17,78 cms) de diametro ,redondo sellado que se adapta a todas las motocicletas, con un faro de 7 pulgadas de di\u00e1metro y concretamente a los modelos kawasaki que se relacionan el hal\u00f3geno es 40% m\u00e1s brillante que las l\u00e1mparas de cabeza sellada de estilo antiguo. &#8230;&#8230;&#8230;&#8230;&#8230;&#8230;&#8230;&#8230;&#8230;&#8230;&#8230;&#8230;&#8230;&#8230;&#8230;&#8230;&#8230;&#8230;&#8230;&#8230;&#8230;&#8230;&#8230;&#8230;.. v\u00e1lido para los siguientes modelos kawasaki cl\u00e1sicas&#8230;&#8230;&#8230;&#8230;&#8230;&#8230;&#8230;&#8230;&#8230;&#8230;&#8230;&#8230;&#8230;&#8230;&#8230;&#8230;&#8230;&#8230;&#8230;&#8230;&#8230;&#8230; h1 (1969) &#8211; headlight (kh500-a8) h1-a (1970) &#8211; headlight (kh500-a8) h1-b (1971) &#8211; headlight (kh500-a8) h1-c (1972) &#8211; headlight (kh500-a8) h1-d (1973) &#8211; headlight (kh500-a8) h1-e (1974) &#8211; headlight (kh500-a8) h1-f (1975) &#8211; headlight (kh500-a8) kh500-a8 (1976) &#8211; headlight (kh500-a8) kz1000-a1 (1977) &#8211; headlight ( 77- 78 a1\/a2\/a2a) kz1000-a2 (1978) &#8211; headlight ( 77- 78 a1\/a2\/a2a) kz1000-a2a (1978) &#8211; headlight ( 77- 78 a1\/a2\/a2a) kz1000-a3 (1979) &#8211; headlight ( 77- 78 a1\/a2\/a2a) kz1000-a3a (1979) &#8211; headlight ( 77- 78 a1\/a2\/a2a) kz1000-a4 (1980) &#8211; headlight ( 77- 78 a1\/a2\/a2a) kz1000-b1 (1977) &#8211; headlight ( 77- 78 b1\/b2) kz1000-b2 (1978) &#8211; headlight ( 77- 78 b1\/b2) kz1000-b3 (1979) &#8211; headlight ( 77- 78 b1\/b2) kz1000-b4 (1980) &#8211; headlight ( 77- 78 b1\/b2) kz1000-c1 (1978) &#8211; headlight ( 78 c1\/c1a) kz1000-c1a (1978) &#8211; headlight ( 78 c1\/c1a) kz1000-c2 (1979) &#8211; headlight ( 78 c1\/c1a) kz1000-c3 (1980) &#8211; headlight ( 78 c1\/c1a) kz1000-c4 (1981) &#8211; headlight ( 78 c1\/c1a) kz550-a1 (1980) &#8211; headlight ( 80- 81 a1\/a2) kz550-a2 (1981) &#8211; headlight ( 80- 81 a1\/a2) kz550-a3 (1982) &#8211; headlight ( 80- 81 a1\/a2) kz550-a4 (1983) &#8211; headlight ( 80- 81 a1\/a2) kz550-c1 (1980) &#8211; headlight ( 80- 81 c1\/c2) kz550-c2 (1981) &#8211; headlight ( 80- 81 c1\/c2) kz550-c3 (1982) &#8211; headlight ( 80- 81 c1\/c2) kz550-c4 (1983) &#8211; headlight ( 80- 81 c1\/c2) kz650-b1 (1977) &#8211; headlight kz650-b2 (1978) &#8211; headlight kz650-b2a (1978) &#8211; headlight kz650-b3 (1979) &#8211; headlight kz650-c1 (1977) &#8211; headlight kz650-c2 (1978) &#8211; headlight kz650-c3 (1979) &#8211; headlight kz650-d1 (1978) &#8211; headlight kz650-d1a (1978) &#8211; headlight kz650-d2 (1979) kz650-e1 (1980) &#8211; headlight kz650-f1 (1980) &#8211; headlight kz750-b1 (1976) &#8211; headlight kz750-b2 (1977) &#8211; headlight kz750-b3 (1978) &#8211; headlight kz750-b4 (1979) &#8211; headlight kz750-g1 (1980) &#8211; headlight kz900-a4 (1976) &#8211; headlight kz900-a5 (1977) &#8211; headlight kz900-b1 (1976) &#8211; headlight z1 (1973) &#8211; headlight z1-a (1974) &#8211; headlight z1-b (1975) &#8211; headlight&#8230;&#8230;&#8230;&#8230;&#8230;&#8230;&#8230;&#8230;&#8230;&#8230;&#8230;&#8230;&#8230;&#8230;&#8230;&#8230;&#8230;&#8230;&#8230;&#8230;&#8230;&#8230;&#8230;&#8230;&#8230;&#8230;&#8230;&#8230;&#8230;&#8230;&#8230;&#8230;&#8230;&#8230;.gastos envio 7,50 \u20ac<\/p>\n","protected":false},"excerpt":{"rendered":"<p>Faro DELANTERO KAWASAKI CL\u00c1SICAS hal\u00f3geno de 55\/60 vatios. de 7 pulgadas (17,78 cms) de diametro ,redondo sellado que se adapta a todas las motocicletas, con un faro de 7 pulgadas.<\/p>\n","protected":false},"featured_media":11673,"comment_status":"open","ping_status":"closed","template":"","meta":[],"product_brand":[],"product_cat":[15],"product_tag":[],"class_list":{"0":"post-11674","1":"product","2":"type-product","3":"status-publish","4":"has-post-thumbnail","6":"product_cat-uncategorized","8":"first","9":"instock","10":"taxable","11":"shipping-taxable","12":"purchasable","13":"product-type-simple"},"yoast_head":"<!-- This site is optimized with the Yoast SEO Premium plugin v21.2 (Yoast SEO v27.3) - https:\/\/yoast.com\/product\/yoast-seo-premium-wordpress\/ -->\n<title>Faro DELANTERO KAWASAKI CL\u00c1SICAS - Tienda de todotrial<\/title>\n<meta name=\"robots\" content=\"index, follow, max-snippet:-1, max-image-preview:large, max-video-preview:-1\" \/>\n<link rel=\"canonical\" href=\"https:\/\/todotrial.com\/tienda\/faro-delantero2018-02-10-21-39-582018-03-11-11-21-22\/\" \/>\n<meta property=\"og:locale\" content=\"es_ES\" \/>\n<meta property=\"og:type\" content=\"article\" \/>\n<meta property=\"og:title\" content=\"Faro DELANTERO KAWASAKI CL\u00c1SICAS\" \/>\n<meta property=\"og:description\" content=\"Faro DELANTERO KAWASAKI CL\u00c1SICAS hal\u00f3geno de 55\/60 vatios. de 7 pulgadas (17,78 cms) de diametro ,redondo sellado que se adapta a todas las motocicletas, con un faro de 7 pulgadas.\" \/>\n<meta property=\"og:url\" content=\"https:\/\/todotrial.com\/tienda\/faro-delantero2018-02-10-21-39-582018-03-11-11-21-22\/\" \/>\n<meta property=\"og:site_name\" content=\"Tienda de todotrial\" \/>\n<meta property=\"article:modified_time\" content=\"2025-02-20T16:56:24+00:00\" \/>\n<meta property=\"og:image\" content=\"https:\/\/todotrial.com\/tienda\/wp-content\/uploads\/2018\/03\/headlight-sealed-2.gif\" \/>\n\t<meta property=\"og:image:width\" content=\"218\" \/>\n\t<meta property=\"og:image:height\" content=\"207\" \/>\n\t<meta property=\"og:image:type\" content=\"image\/gif\" \/>\n<meta name=\"twitter:card\" content=\"summary_large_image\" \/>\n<meta name=\"twitter:label1\" content=\"Tiempo de lectura\" \/>\n\t<meta name=\"twitter:data1\" content=\"2 minutos\" \/>\n<script type=\"application\/ld+json\" class=\"yoast-schema-graph\">{\"@context\":\"https:\\\/\\\/schema.org\",\"@graph\":[{\"@type\":\"WebPage\",\"@id\":\"https:\\\/\\\/todotrial.com\\\/tienda\\\/faro-delantero2018-02-10-21-39-582018-03-11-11-21-22\\\/\",\"url\":\"https:\\\/\\\/todotrial.com\\\/tienda\\\/faro-delantero2018-02-10-21-39-582018-03-11-11-21-22\\\/\",\"name\":\"Faro DELANTERO KAWASAKI CL\u00c1SICAS - Tienda de todotrial\",\"isPartOf\":{\"@id\":\"https:\\\/\\\/todotrial.com\\\/tienda\\\/#website\"},\"primaryImageOfPage\":{\"@id\":\"https:\\\/\\\/todotrial.com\\\/tienda\\\/faro-delantero2018-02-10-21-39-582018-03-11-11-21-22\\\/#primaryimage\"},\"image\":{\"@id\":\"https:\\\/\\\/todotrial.com\\\/tienda\\\/faro-delantero2018-02-10-21-39-582018-03-11-11-21-22\\\/#primaryimage\"},\"thumbnailUrl\":\"https:\\\/\\\/todotrial.com\\\/tienda\\\/wp-content\\\/uploads\\\/2018\\\/03\\\/headlight-sealed-2.gif\",\"datePublished\":\"2018-03-11T11:21:22+00:00\",\"dateModified\":\"2025-02-20T16:56:24+00:00\",\"breadcrumb\":{\"@id\":\"https:\\\/\\\/todotrial.com\\\/tienda\\\/faro-delantero2018-02-10-21-39-582018-03-11-11-21-22\\\/#breadcrumb\"},\"inLanguage\":\"es\",\"potentialAction\":[{\"@type\":\"ReadAction\",\"target\":[\"https:\\\/\\\/todotrial.com\\\/tienda\\\/faro-delantero2018-02-10-21-39-582018-03-11-11-21-22\\\/\"]}]},{\"@type\":\"ImageObject\",\"inLanguage\":\"es\",\"@id\":\"https:\\\/\\\/todotrial.com\\\/tienda\\\/faro-delantero2018-02-10-21-39-582018-03-11-11-21-22\\\/#primaryimage\",\"url\":\"https:\\\/\\\/todotrial.com\\\/tienda\\\/wp-content\\\/uploads\\\/2018\\\/03\\\/headlight-sealed-2.gif\",\"contentUrl\":\"https:\\\/\\\/todotrial.com\\\/tienda\\\/wp-content\\\/uploads\\\/2018\\\/03\\\/headlight-sealed-2.gif\",\"width\":218,\"height\":207},{\"@type\":\"BreadcrumbList\",\"@id\":\"https:\\\/\\\/todotrial.com\\\/tienda\\\/faro-delantero2018-02-10-21-39-582018-03-11-11-21-22\\\/#breadcrumb\",\"itemListElement\":[{\"@type\":\"ListItem\",\"position\":1,\"name\":\"Portada\",\"item\":\"https:\\\/\\\/todotrial.com\\\/tienda\\\/\"},{\"@type\":\"ListItem\",\"position\":2,\"name\":\"Shop\",\"item\":\"https:\\\/\\\/todotrial.com\\\/tienda\\\/shop\\\/\"},{\"@type\":\"ListItem\",\"position\":3,\"name\":\"Faro DELANTERO KAWASAKI CL\u00c1SICAS\"}]},{\"@type\":\"WebSite\",\"@id\":\"https:\\\/\\\/todotrial.com\\\/tienda\\\/#website\",\"url\":\"https:\\\/\\\/todotrial.com\\\/tienda\\\/\",\"name\":\"Tienda de todotrial\",\"description\":\"\",\"potentialAction\":[{\"@type\":\"SearchAction\",\"target\":{\"@type\":\"EntryPoint\",\"urlTemplate\":\"https:\\\/\\\/todotrial.com\\\/tienda\\\/?s={search_term_string}\"},\"query-input\":{\"@type\":\"PropertyValueSpecification\",\"valueRequired\":true,\"valueName\":\"search_term_string\"}}],\"inLanguage\":\"es\"}]}<\/script>\n<!-- \/ Yoast SEO Premium plugin. -->","yoast_head_json":{"title":"Faro DELANTERO KAWASAKI CL\u00c1SICAS - Tienda de todotrial","robots":{"index":"index","follow":"follow","max-snippet":"max-snippet:-1","max-image-preview":"max-image-preview:large","max-video-preview":"max-video-preview:-1"},"canonical":"https:\/\/todotrial.com\/tienda\/faro-delantero2018-02-10-21-39-582018-03-11-11-21-22\/","og_locale":"es_ES","og_type":"article","og_title":"Faro DELANTERO KAWASAKI CL\u00c1SICAS","og_description":"Faro DELANTERO KAWASAKI CL\u00c1SICAS hal\u00f3geno de 55\/60 vatios. de 7 pulgadas (17,78 cms) de diametro ,redondo sellado que se adapta a todas las motocicletas, con un faro de 7 pulgadas.","og_url":"https:\/\/todotrial.com\/tienda\/faro-delantero2018-02-10-21-39-582018-03-11-11-21-22\/","og_site_name":"Tienda de todotrial","article_modified_time":"2025-02-20T16:56:24+00:00","og_image":[{"width":218,"height":207,"url":"https:\/\/todotrial.com\/tienda\/wp-content\/uploads\/2018\/03\/headlight-sealed-2.gif","type":"image\/gif"}],"twitter_card":"summary_large_image","twitter_misc":{"Tiempo de lectura":"2 minutos"},"schema":{"@context":"https:\/\/schema.org","@graph":[{"@type":"WebPage","@id":"https:\/\/todotrial.com\/tienda\/faro-delantero2018-02-10-21-39-582018-03-11-11-21-22\/","url":"https:\/\/todotrial.com\/tienda\/faro-delantero2018-02-10-21-39-582018-03-11-11-21-22\/","name":"Faro DELANTERO KAWASAKI CL\u00c1SICAS - Tienda de todotrial","isPartOf":{"@id":"https:\/\/todotrial.com\/tienda\/#website"},"primaryImageOfPage":{"@id":"https:\/\/todotrial.com\/tienda\/faro-delantero2018-02-10-21-39-582018-03-11-11-21-22\/#primaryimage"},"image":{"@id":"https:\/\/todotrial.com\/tienda\/faro-delantero2018-02-10-21-39-582018-03-11-11-21-22\/#primaryimage"},"thumbnailUrl":"https:\/\/todotrial.com\/tienda\/wp-content\/uploads\/2018\/03\/headlight-sealed-2.gif","datePublished":"2018-03-11T11:21:22+00:00","dateModified":"2025-02-20T16:56:24+00:00","breadcrumb":{"@id":"https:\/\/todotrial.com\/tienda\/faro-delantero2018-02-10-21-39-582018-03-11-11-21-22\/#breadcrumb"},"inLanguage":"es","potentialAction":[{"@type":"ReadAction","target":["https:\/\/todotrial.com\/tienda\/faro-delantero2018-02-10-21-39-582018-03-11-11-21-22\/"]}]},{"@type":"ImageObject","inLanguage":"es","@id":"https:\/\/todotrial.com\/tienda\/faro-delantero2018-02-10-21-39-582018-03-11-11-21-22\/#primaryimage","url":"https:\/\/todotrial.com\/tienda\/wp-content\/uploads\/2018\/03\/headlight-sealed-2.gif","contentUrl":"https:\/\/todotrial.com\/tienda\/wp-content\/uploads\/2018\/03\/headlight-sealed-2.gif","width":218,"height":207},{"@type":"BreadcrumbList","@id":"https:\/\/todotrial.com\/tienda\/faro-delantero2018-02-10-21-39-582018-03-11-11-21-22\/#breadcrumb","itemListElement":[{"@type":"ListItem","position":1,"name":"Portada","item":"https:\/\/todotrial.com\/tienda\/"},{"@type":"ListItem","position":2,"name":"Shop","item":"https:\/\/todotrial.com\/tienda\/shop\/"},{"@type":"ListItem","position":3,"name":"Faro DELANTERO KAWASAKI CL\u00c1SICAS"}]},{"@type":"WebSite","@id":"https:\/\/todotrial.com\/tienda\/#website","url":"https:\/\/todotrial.com\/tienda\/","name":"Tienda de todotrial","description":"","potentialAction":[{"@type":"SearchAction","target":{"@type":"EntryPoint","urlTemplate":"https:\/\/todotrial.com\/tienda\/?s={search_term_string}"},"query-input":{"@type":"PropertyValueSpecification","valueRequired":true,"valueName":"search_term_string"}}],"inLanguage":"es"}]}},"_links":{"self":[{"href":"https:\/\/todotrial.com\/tienda\/wp-json\/wp\/v2\/product\/11674","targetHints":{"allow":["GET"]}}],"collection":[{"href":"https:\/\/todotrial.com\/tienda\/wp-json\/wp\/v2\/product"}],"about":[{"href":"https:\/\/todotrial.com\/tienda\/wp-json\/wp\/v2\/types\/product"}],"replies":[{"embeddable":true,"href":"https:\/\/todotrial.com\/tienda\/wp-json\/wp\/v2\/comments?post=11674"}],"version-history":[{"count":0,"href":"https:\/\/todotrial.com\/tienda\/wp-json\/wp\/v2\/product\/11674\/revisions"}],"wp:featuredmedia":[{"embeddable":true,"href":"https:\/\/todotrial.com\/tienda\/wp-json\/wp\/v2\/media\/11673"}],"wp:attachment":[{"href":"https:\/\/todotrial.com\/tienda\/wp-json\/wp\/v2\/media?parent=11674"}],"wp:term":[{"taxonomy":"product_brand","embeddable":true,"href":"https:\/\/todotrial.com\/tienda\/wp-json\/wp\/v2\/product_brand?post=11674"},{"taxonomy":"product_cat","embeddable":true,"href":"https:\/\/todotrial.com\/tienda\/wp-json\/wp\/v2\/product_cat?post=11674"},{"taxonomy":"product_tag","embeddable":true,"href":"https:\/\/todotrial.com\/tienda\/wp-json\/wp\/v2\/product_tag?post=11674"}],"curies":[{"name":"wp","href":"https:\/\/api.w.org\/{rel}","templated":true}]}}