{"id":11518,"date":"2020-07-02T23:55:10","date_gmt":"2020-07-02T23:55:10","guid":{"rendered":"https:\/\/todotrial.com\/tienda\/product\/escudo-metal2018-02-13-17-09-42\/"},"modified":"2025-03-21T22:33:20","modified_gmt":"2025-03-21T21:33:20","slug":"escudo-metal2018-02-13-17-09-42","status":"publish","type":"product","link":"https:\/\/todotrial.com\/tienda\/escudo-metal2018-02-13-17-09-42\/","title":{"rendered":"MONTESA BRIO Escudo Metal"},"content":{"rendered":"<p>MONTESA BRIO Escudo Metal<\/p>\n<p>&nbsp;<\/p>\n<p>1.-Anagrama met\u00e1lico para dep\u00f3sito motocicletas MONTESA modelos Br\u00edo80\/Br\u00edo81\/Br\u00edo90\/Br\u00edo91. El precio aqu\u00ed indicado es por la unidad.<\/p>\n<p>2.-Anagrama met\u00e1lico para dep\u00f3sito motocicletas MONTESA modelos Br\u00edo80\/Br\u00edo81\/Br\u00edo90\/Br\u00edo91. La diferencia con la versi\u00f3n para el dep\u00f3sito (MO43A) es que \u00e9sta del guardabarros es menos abombada. El precio aqu\u00ed indicado es por la unidad.<\/p>\n<p>3.-Anagrama met\u00e1lico para dep\u00f3sito gasolina motocicletas MONTESA modelos Br\u00edo 82\/Comando\/Br\u00edo110\/Montesa 150\/Comando 150 y la familia Impala y sus derivadas. El precio aqu\u00ed indicado es por la unidad.<\/p>\n<p>4.-Anagrama met\u00e1lico para guardabarros trasero motocicletas MONTESA modelos Br\u00edo 82\/Comando\/Br\u00edo110\/Montesa 150\/Comando 150 y la familia Impala y sus derivadas. La diferencia con la versi\u00f3n para el dep\u00f3sito (MO44A) es que \u00e9sta del guardabarros es menos abombada. El precio aqu\u00ed indicado es por la unidad.<\/p>\n","protected":false},"excerpt":{"rendered":"<p>MONTESA BRIO Escudo Metal<br \/>\nVer 4 diferentes versiones.<\/p>\n","protected":false},"featured_media":11517,"comment_status":"open","ping_status":"closed","template":"","meta":[],"product_brand":[],"product_cat":[11780,15],"product_tag":[],"class_list":{"0":"post-11518","1":"product","2":"type-product","3":"status-publish","4":"has-post-thumbnail","6":"product_cat-adhesivos-clasicas","7":"product_cat-uncategorized","9":"first","10":"instock","11":"taxable","12":"shipping-taxable","13":"purchasable","14":"product-type-simple"},"yoast_head":"<!-- This site is optimized with the Yoast SEO Premium plugin v21.2 (Yoast SEO v27.3) - https:\/\/yoast.com\/product\/yoast-seo-premium-wordpress\/ -->\n<title>MONTESA BRIO Escudo Metal - Tienda de todotrial<\/title>\n<meta name=\"robots\" content=\"index, follow, max-snippet:-1, max-image-preview:large, max-video-preview:-1\" \/>\n<link rel=\"canonical\" href=\"https:\/\/todotrial.com\/tienda\/escudo-metal2018-02-13-17-09-42\/\" \/>\n<meta property=\"og:locale\" content=\"es_ES\" \/>\n<meta property=\"og:type\" content=\"article\" \/>\n<meta property=\"og:title\" content=\"MONTESA BRIO Escudo Metal\" \/>\n<meta property=\"og:description\" content=\"MONTESA BRIO Escudo Metal Ver 4 diferentes versiones.\" \/>\n<meta property=\"og:url\" content=\"https:\/\/todotrial.com\/tienda\/escudo-metal2018-02-13-17-09-42\/\" \/>\n<meta property=\"og:site_name\" content=\"Tienda de todotrial\" \/>\n<meta property=\"article:modified_time\" content=\"2025-03-21T21:33:20+00:00\" \/>\n<meta property=\"og:image\" content=\"https:\/\/todotrial.com\/tienda\/wp-content\/uploads\/2020\/07\/mo43b.jpg\" \/>\n\t<meta property=\"og:image:width\" content=\"300\" \/>\n\t<meta property=\"og:image:height\" content=\"304\" \/>\n\t<meta property=\"og:image:type\" content=\"image\/jpeg\" \/>\n<meta name=\"twitter:card\" content=\"summary_large_image\" \/>\n<meta name=\"twitter:label1\" content=\"Tiempo de lectura\" \/>\n\t<meta name=\"twitter:data1\" content=\"1 minuto\" \/>\n<script type=\"application\/ld+json\" class=\"yoast-schema-graph\">{\"@context\":\"https:\\\/\\\/schema.org\",\"@graph\":[{\"@type\":\"WebPage\",\"@id\":\"https:\\\/\\\/todotrial.com\\\/tienda\\\/escudo-metal2018-02-13-17-09-42\\\/\",\"url\":\"https:\\\/\\\/todotrial.com\\\/tienda\\\/escudo-metal2018-02-13-17-09-42\\\/\",\"name\":\"MONTESA BRIO Escudo Metal - Tienda de todotrial\",\"isPartOf\":{\"@id\":\"https:\\\/\\\/todotrial.com\\\/tienda\\\/#website\"},\"primaryImageOfPage\":{\"@id\":\"https:\\\/\\\/todotrial.com\\\/tienda\\\/escudo-metal2018-02-13-17-09-42\\\/#primaryimage\"},\"image\":{\"@id\":\"https:\\\/\\\/todotrial.com\\\/tienda\\\/escudo-metal2018-02-13-17-09-42\\\/#primaryimage\"},\"thumbnailUrl\":\"https:\\\/\\\/todotrial.com\\\/tienda\\\/wp-content\\\/uploads\\\/2020\\\/07\\\/mo43b.jpg\",\"datePublished\":\"2020-07-02T23:55:10+00:00\",\"dateModified\":\"2025-03-21T21:33:20+00:00\",\"breadcrumb\":{\"@id\":\"https:\\\/\\\/todotrial.com\\\/tienda\\\/escudo-metal2018-02-13-17-09-42\\\/#breadcrumb\"},\"inLanguage\":\"es\",\"potentialAction\":[{\"@type\":\"ReadAction\",\"target\":[\"https:\\\/\\\/todotrial.com\\\/tienda\\\/escudo-metal2018-02-13-17-09-42\\\/\"]}]},{\"@type\":\"ImageObject\",\"inLanguage\":\"es\",\"@id\":\"https:\\\/\\\/todotrial.com\\\/tienda\\\/escudo-metal2018-02-13-17-09-42\\\/#primaryimage\",\"url\":\"https:\\\/\\\/todotrial.com\\\/tienda\\\/wp-content\\\/uploads\\\/2020\\\/07\\\/mo43b.jpg\",\"contentUrl\":\"https:\\\/\\\/todotrial.com\\\/tienda\\\/wp-content\\\/uploads\\\/2020\\\/07\\\/mo43b.jpg\",\"width\":300,\"height\":304},{\"@type\":\"BreadcrumbList\",\"@id\":\"https:\\\/\\\/todotrial.com\\\/tienda\\\/escudo-metal2018-02-13-17-09-42\\\/#breadcrumb\",\"itemListElement\":[{\"@type\":\"ListItem\",\"position\":1,\"name\":\"Portada\",\"item\":\"https:\\\/\\\/todotrial.com\\\/tienda\\\/\"},{\"@type\":\"ListItem\",\"position\":2,\"name\":\"Shop\",\"item\":\"https:\\\/\\\/todotrial.com\\\/tienda\\\/shop\\\/\"},{\"@type\":\"ListItem\",\"position\":3,\"name\":\"MONTESA BRIO Escudo Metal\"}]},{\"@type\":\"WebSite\",\"@id\":\"https:\\\/\\\/todotrial.com\\\/tienda\\\/#website\",\"url\":\"https:\\\/\\\/todotrial.com\\\/tienda\\\/\",\"name\":\"Tienda de todotrial\",\"description\":\"\",\"potentialAction\":[{\"@type\":\"SearchAction\",\"target\":{\"@type\":\"EntryPoint\",\"urlTemplate\":\"https:\\\/\\\/todotrial.com\\\/tienda\\\/?s={search_term_string}\"},\"query-input\":{\"@type\":\"PropertyValueSpecification\",\"valueRequired\":true,\"valueName\":\"search_term_string\"}}],\"inLanguage\":\"es\"}]}<\/script>\n<!-- \/ Yoast SEO Premium plugin. -->","yoast_head_json":{"title":"MONTESA BRIO Escudo Metal - Tienda de todotrial","robots":{"index":"index","follow":"follow","max-snippet":"max-snippet:-1","max-image-preview":"max-image-preview:large","max-video-preview":"max-video-preview:-1"},"canonical":"https:\/\/todotrial.com\/tienda\/escudo-metal2018-02-13-17-09-42\/","og_locale":"es_ES","og_type":"article","og_title":"MONTESA BRIO Escudo Metal","og_description":"MONTESA BRIO Escudo Metal Ver 4 diferentes versiones.","og_url":"https:\/\/todotrial.com\/tienda\/escudo-metal2018-02-13-17-09-42\/","og_site_name":"Tienda de todotrial","article_modified_time":"2025-03-21T21:33:20+00:00","og_image":[{"width":300,"height":304,"url":"https:\/\/todotrial.com\/tienda\/wp-content\/uploads\/2020\/07\/mo43b.jpg","type":"image\/jpeg"}],"twitter_card":"summary_large_image","twitter_misc":{"Tiempo de lectura":"1 minuto"},"schema":{"@context":"https:\/\/schema.org","@graph":[{"@type":"WebPage","@id":"https:\/\/todotrial.com\/tienda\/escudo-metal2018-02-13-17-09-42\/","url":"https:\/\/todotrial.com\/tienda\/escudo-metal2018-02-13-17-09-42\/","name":"MONTESA BRIO Escudo Metal - Tienda de todotrial","isPartOf":{"@id":"https:\/\/todotrial.com\/tienda\/#website"},"primaryImageOfPage":{"@id":"https:\/\/todotrial.com\/tienda\/escudo-metal2018-02-13-17-09-42\/#primaryimage"},"image":{"@id":"https:\/\/todotrial.com\/tienda\/escudo-metal2018-02-13-17-09-42\/#primaryimage"},"thumbnailUrl":"https:\/\/todotrial.com\/tienda\/wp-content\/uploads\/2020\/07\/mo43b.jpg","datePublished":"2020-07-02T23:55:10+00:00","dateModified":"2025-03-21T21:33:20+00:00","breadcrumb":{"@id":"https:\/\/todotrial.com\/tienda\/escudo-metal2018-02-13-17-09-42\/#breadcrumb"},"inLanguage":"es","potentialAction":[{"@type":"ReadAction","target":["https:\/\/todotrial.com\/tienda\/escudo-metal2018-02-13-17-09-42\/"]}]},{"@type":"ImageObject","inLanguage":"es","@id":"https:\/\/todotrial.com\/tienda\/escudo-metal2018-02-13-17-09-42\/#primaryimage","url":"https:\/\/todotrial.com\/tienda\/wp-content\/uploads\/2020\/07\/mo43b.jpg","contentUrl":"https:\/\/todotrial.com\/tienda\/wp-content\/uploads\/2020\/07\/mo43b.jpg","width":300,"height":304},{"@type":"BreadcrumbList","@id":"https:\/\/todotrial.com\/tienda\/escudo-metal2018-02-13-17-09-42\/#breadcrumb","itemListElement":[{"@type":"ListItem","position":1,"name":"Portada","item":"https:\/\/todotrial.com\/tienda\/"},{"@type":"ListItem","position":2,"name":"Shop","item":"https:\/\/todotrial.com\/tienda\/shop\/"},{"@type":"ListItem","position":3,"name":"MONTESA BRIO Escudo Metal"}]},{"@type":"WebSite","@id":"https:\/\/todotrial.com\/tienda\/#website","url":"https:\/\/todotrial.com\/tienda\/","name":"Tienda de todotrial","description":"","potentialAction":[{"@type":"SearchAction","target":{"@type":"EntryPoint","urlTemplate":"https:\/\/todotrial.com\/tienda\/?s={search_term_string}"},"query-input":{"@type":"PropertyValueSpecification","valueRequired":true,"valueName":"search_term_string"}}],"inLanguage":"es"}]}},"_links":{"self":[{"href":"https:\/\/todotrial.com\/tienda\/wp-json\/wp\/v2\/product\/11518","targetHints":{"allow":["GET"]}}],"collection":[{"href":"https:\/\/todotrial.com\/tienda\/wp-json\/wp\/v2\/product"}],"about":[{"href":"https:\/\/todotrial.com\/tienda\/wp-json\/wp\/v2\/types\/product"}],"replies":[{"embeddable":true,"href":"https:\/\/todotrial.com\/tienda\/wp-json\/wp\/v2\/comments?post=11518"}],"version-history":[{"count":1,"href":"https:\/\/todotrial.com\/tienda\/wp-json\/wp\/v2\/product\/11518\/revisions"}],"predecessor-version":[{"id":53982,"href":"https:\/\/todotrial.com\/tienda\/wp-json\/wp\/v2\/product\/11518\/revisions\/53982"}],"wp:featuredmedia":[{"embeddable":true,"href":"https:\/\/todotrial.com\/tienda\/wp-json\/wp\/v2\/media\/11517"}],"wp:attachment":[{"href":"https:\/\/todotrial.com\/tienda\/wp-json\/wp\/v2\/media?parent=11518"}],"wp:term":[{"taxonomy":"product_brand","embeddable":true,"href":"https:\/\/todotrial.com\/tienda\/wp-json\/wp\/v2\/product_brand?post=11518"},{"taxonomy":"product_cat","embeddable":true,"href":"https:\/\/todotrial.com\/tienda\/wp-json\/wp\/v2\/product_cat?post=11518"},{"taxonomy":"product_tag","embeddable":true,"href":"https:\/\/todotrial.com\/tienda\/wp-json\/wp\/v2\/product_tag?post=11518"}],"curies":[{"name":"wp","href":"https:\/\/api.w.org\/{rel}","templated":true}]}}