{"id":11282,"date":"2020-07-02T23:43:09","date_gmt":"2020-07-02T23:43:09","guid":{"rendered":"https:\/\/todotrial.com\/tienda\/product\/pegatinas2018-01-13-19-19-53\/"},"modified":"2025-03-20T14:44:09","modified_gmt":"2025-03-20T13:44:09","slug":"pegatinas2018-01-13-19-19-53","status":"publish","type":"product","link":"https:\/\/todotrial.com\/tienda\/pegatinas2018-01-13-19-19-53\/","title":{"rendered":"GUZZI 73 cc \u00abCardellino\u00bb 2&#8243; serie Kit Pegatinas"},"content":{"rendered":"<p>GUZZI 73 cc \u00abCardellino\u00bb 2&#8243; serie Kit Pegatinas<\/p>\n<p>Juego completo anagramas MOTO GUZZI HISPANIA 73 cc \u00abCardelllino 2\u00aa serie (la m\u00e1s difundida). (incluye la pareja de orlas blancas para adorno laterales dep\u00f3sito gasolina, as\u00ed como las cuatro \u00e1guilas para dep\u00f3sito y guardabarros).<\/p>\n","protected":false},"excerpt":{"rendered":"<p>GUZZI 73 cc \u00abCardellino\u00bb 2&#8243; serie Kit Pegatinas<\/p>\n","protected":false},"featured_media":11281,"comment_status":"open","ping_status":"closed","template":"","meta":[],"product_brand":[],"product_cat":[11780,15],"product_tag":[],"class_list":{"0":"post-11282","1":"product","2":"type-product","3":"status-publish","4":"has-post-thumbnail","6":"product_cat-adhesivos-clasicas","7":"product_cat-uncategorized","9":"first","10":"instock","11":"taxable","12":"shipping-taxable","13":"purchasable","14":"product-type-simple"},"yoast_head":"<!-- This site is optimized with the Yoast SEO Premium plugin v21.2 (Yoast SEO v27.3) - https:\/\/yoast.com\/product\/yoast-seo-premium-wordpress\/ -->\n<title>GUZZI 73 cc &quot;Cardellino&quot; 2&quot; serie Kit Pegatinas - Tienda de todotrial<\/title>\n<meta name=\"robots\" content=\"index, follow, max-snippet:-1, max-image-preview:large, max-video-preview:-1\" \/>\n<link rel=\"canonical\" href=\"https:\/\/todotrial.com\/tienda\/pegatinas2018-01-13-19-19-53\/\" \/>\n<meta property=\"og:locale\" content=\"es_ES\" \/>\n<meta property=\"og:type\" content=\"article\" \/>\n<meta property=\"og:title\" content=\"GUZZI 73 cc &quot;Cardellino&quot; 2&quot; serie Kit Pegatinas\" \/>\n<meta property=\"og:description\" content=\"GUZZI 73 cc &quot;Cardellino&quot; 2&quot; serie Kit Pegatinas\" \/>\n<meta property=\"og:url\" content=\"https:\/\/todotrial.com\/tienda\/pegatinas2018-01-13-19-19-53\/\" \/>\n<meta property=\"og:site_name\" content=\"Tienda de todotrial\" \/>\n<meta property=\"article:modified_time\" content=\"2025-03-20T13:44:09+00:00\" \/>\n<meta property=\"og:image\" content=\"https:\/\/todotrial.com\/tienda\/wp-content\/uploads\/2020\/07\/moto-guzzi-hispania-cardellinoi.jpg\" \/>\n\t<meta property=\"og:image:width\" content=\"350\" \/>\n\t<meta property=\"og:image:height\" content=\"180\" \/>\n\t<meta property=\"og:image:type\" content=\"image\/jpeg\" \/>\n<meta name=\"twitter:card\" content=\"summary_large_image\" \/>\n<script type=\"application\/ld+json\" class=\"yoast-schema-graph\">{\"@context\":\"https:\\\/\\\/schema.org\",\"@graph\":[{\"@type\":\"WebPage\",\"@id\":\"https:\\\/\\\/todotrial.com\\\/tienda\\\/pegatinas2018-01-13-19-19-53\\\/\",\"url\":\"https:\\\/\\\/todotrial.com\\\/tienda\\\/pegatinas2018-01-13-19-19-53\\\/\",\"name\":\"GUZZI 73 cc \\\"Cardellino\\\" 2\\\" serie Kit Pegatinas - Tienda de todotrial\",\"isPartOf\":{\"@id\":\"https:\\\/\\\/todotrial.com\\\/tienda\\\/#website\"},\"primaryImageOfPage\":{\"@id\":\"https:\\\/\\\/todotrial.com\\\/tienda\\\/pegatinas2018-01-13-19-19-53\\\/#primaryimage\"},\"image\":{\"@id\":\"https:\\\/\\\/todotrial.com\\\/tienda\\\/pegatinas2018-01-13-19-19-53\\\/#primaryimage\"},\"thumbnailUrl\":\"https:\\\/\\\/todotrial.com\\\/tienda\\\/wp-content\\\/uploads\\\/2020\\\/07\\\/moto-guzzi-hispania-cardellinoi.jpg\",\"datePublished\":\"2020-07-02T23:43:09+00:00\",\"dateModified\":\"2025-03-20T13:44:09+00:00\",\"breadcrumb\":{\"@id\":\"https:\\\/\\\/todotrial.com\\\/tienda\\\/pegatinas2018-01-13-19-19-53\\\/#breadcrumb\"},\"inLanguage\":\"es\",\"potentialAction\":[{\"@type\":\"ReadAction\",\"target\":[\"https:\\\/\\\/todotrial.com\\\/tienda\\\/pegatinas2018-01-13-19-19-53\\\/\"]}]},{\"@type\":\"ImageObject\",\"inLanguage\":\"es\",\"@id\":\"https:\\\/\\\/todotrial.com\\\/tienda\\\/pegatinas2018-01-13-19-19-53\\\/#primaryimage\",\"url\":\"https:\\\/\\\/todotrial.com\\\/tienda\\\/wp-content\\\/uploads\\\/2020\\\/07\\\/moto-guzzi-hispania-cardellinoi.jpg\",\"contentUrl\":\"https:\\\/\\\/todotrial.com\\\/tienda\\\/wp-content\\\/uploads\\\/2020\\\/07\\\/moto-guzzi-hispania-cardellinoi.jpg\",\"width\":350,\"height\":180},{\"@type\":\"BreadcrumbList\",\"@id\":\"https:\\\/\\\/todotrial.com\\\/tienda\\\/pegatinas2018-01-13-19-19-53\\\/#breadcrumb\",\"itemListElement\":[{\"@type\":\"ListItem\",\"position\":1,\"name\":\"Portada\",\"item\":\"https:\\\/\\\/todotrial.com\\\/tienda\\\/\"},{\"@type\":\"ListItem\",\"position\":2,\"name\":\"Shop\",\"item\":\"https:\\\/\\\/todotrial.com\\\/tienda\\\/shop\\\/\"},{\"@type\":\"ListItem\",\"position\":3,\"name\":\"GUZZI 73 cc \u00abCardellino\u00bb 2&#8243; serie Kit Pegatinas\"}]},{\"@type\":\"WebSite\",\"@id\":\"https:\\\/\\\/todotrial.com\\\/tienda\\\/#website\",\"url\":\"https:\\\/\\\/todotrial.com\\\/tienda\\\/\",\"name\":\"Tienda de todotrial\",\"description\":\"\",\"potentialAction\":[{\"@type\":\"SearchAction\",\"target\":{\"@type\":\"EntryPoint\",\"urlTemplate\":\"https:\\\/\\\/todotrial.com\\\/tienda\\\/?s={search_term_string}\"},\"query-input\":{\"@type\":\"PropertyValueSpecification\",\"valueRequired\":true,\"valueName\":\"search_term_string\"}}],\"inLanguage\":\"es\"}]}<\/script>\n<!-- \/ Yoast SEO Premium plugin. -->","yoast_head_json":{"title":"GUZZI 73 cc \"Cardellino\" 2\" serie Kit Pegatinas - Tienda de todotrial","robots":{"index":"index","follow":"follow","max-snippet":"max-snippet:-1","max-image-preview":"max-image-preview:large","max-video-preview":"max-video-preview:-1"},"canonical":"https:\/\/todotrial.com\/tienda\/pegatinas2018-01-13-19-19-53\/","og_locale":"es_ES","og_type":"article","og_title":"GUZZI 73 cc \"Cardellino\" 2\" serie Kit Pegatinas","og_description":"GUZZI 73 cc \"Cardellino\" 2\" serie Kit Pegatinas","og_url":"https:\/\/todotrial.com\/tienda\/pegatinas2018-01-13-19-19-53\/","og_site_name":"Tienda de todotrial","article_modified_time":"2025-03-20T13:44:09+00:00","og_image":[{"width":350,"height":180,"url":"https:\/\/todotrial.com\/tienda\/wp-content\/uploads\/2020\/07\/moto-guzzi-hispania-cardellinoi.jpg","type":"image\/jpeg"}],"twitter_card":"summary_large_image","schema":{"@context":"https:\/\/schema.org","@graph":[{"@type":"WebPage","@id":"https:\/\/todotrial.com\/tienda\/pegatinas2018-01-13-19-19-53\/","url":"https:\/\/todotrial.com\/tienda\/pegatinas2018-01-13-19-19-53\/","name":"GUZZI 73 cc \"Cardellino\" 2\" serie Kit Pegatinas - Tienda de todotrial","isPartOf":{"@id":"https:\/\/todotrial.com\/tienda\/#website"},"primaryImageOfPage":{"@id":"https:\/\/todotrial.com\/tienda\/pegatinas2018-01-13-19-19-53\/#primaryimage"},"image":{"@id":"https:\/\/todotrial.com\/tienda\/pegatinas2018-01-13-19-19-53\/#primaryimage"},"thumbnailUrl":"https:\/\/todotrial.com\/tienda\/wp-content\/uploads\/2020\/07\/moto-guzzi-hispania-cardellinoi.jpg","datePublished":"2020-07-02T23:43:09+00:00","dateModified":"2025-03-20T13:44:09+00:00","breadcrumb":{"@id":"https:\/\/todotrial.com\/tienda\/pegatinas2018-01-13-19-19-53\/#breadcrumb"},"inLanguage":"es","potentialAction":[{"@type":"ReadAction","target":["https:\/\/todotrial.com\/tienda\/pegatinas2018-01-13-19-19-53\/"]}]},{"@type":"ImageObject","inLanguage":"es","@id":"https:\/\/todotrial.com\/tienda\/pegatinas2018-01-13-19-19-53\/#primaryimage","url":"https:\/\/todotrial.com\/tienda\/wp-content\/uploads\/2020\/07\/moto-guzzi-hispania-cardellinoi.jpg","contentUrl":"https:\/\/todotrial.com\/tienda\/wp-content\/uploads\/2020\/07\/moto-guzzi-hispania-cardellinoi.jpg","width":350,"height":180},{"@type":"BreadcrumbList","@id":"https:\/\/todotrial.com\/tienda\/pegatinas2018-01-13-19-19-53\/#breadcrumb","itemListElement":[{"@type":"ListItem","position":1,"name":"Portada","item":"https:\/\/todotrial.com\/tienda\/"},{"@type":"ListItem","position":2,"name":"Shop","item":"https:\/\/todotrial.com\/tienda\/shop\/"},{"@type":"ListItem","position":3,"name":"GUZZI 73 cc \u00abCardellino\u00bb 2&#8243; serie Kit Pegatinas"}]},{"@type":"WebSite","@id":"https:\/\/todotrial.com\/tienda\/#website","url":"https:\/\/todotrial.com\/tienda\/","name":"Tienda de todotrial","description":"","potentialAction":[{"@type":"SearchAction","target":{"@type":"EntryPoint","urlTemplate":"https:\/\/todotrial.com\/tienda\/?s={search_term_string}"},"query-input":{"@type":"PropertyValueSpecification","valueRequired":true,"valueName":"search_term_string"}}],"inLanguage":"es"}]}},"_links":{"self":[{"href":"https:\/\/todotrial.com\/tienda\/wp-json\/wp\/v2\/product\/11282","targetHints":{"allow":["GET"]}}],"collection":[{"href":"https:\/\/todotrial.com\/tienda\/wp-json\/wp\/v2\/product"}],"about":[{"href":"https:\/\/todotrial.com\/tienda\/wp-json\/wp\/v2\/types\/product"}],"replies":[{"embeddable":true,"href":"https:\/\/todotrial.com\/tienda\/wp-json\/wp\/v2\/comments?post=11282"}],"version-history":[{"count":1,"href":"https:\/\/todotrial.com\/tienda\/wp-json\/wp\/v2\/product\/11282\/revisions"}],"predecessor-version":[{"id":53589,"href":"https:\/\/todotrial.com\/tienda\/wp-json\/wp\/v2\/product\/11282\/revisions\/53589"}],"wp:featuredmedia":[{"embeddable":true,"href":"https:\/\/todotrial.com\/tienda\/wp-json\/wp\/v2\/media\/11281"}],"wp:attachment":[{"href":"https:\/\/todotrial.com\/tienda\/wp-json\/wp\/v2\/media?parent=11282"}],"wp:term":[{"taxonomy":"product_brand","embeddable":true,"href":"https:\/\/todotrial.com\/tienda\/wp-json\/wp\/v2\/product_brand?post=11282"},{"taxonomy":"product_cat","embeddable":true,"href":"https:\/\/todotrial.com\/tienda\/wp-json\/wp\/v2\/product_cat?post=11282"},{"taxonomy":"product_tag","embeddable":true,"href":"https:\/\/todotrial.com\/tienda\/wp-json\/wp\/v2\/product_tag?post=11282"}],"curies":[{"name":"wp","href":"https:\/\/api.w.org\/{rel}","templated":true}]}}