{"id":10875,"date":"2017-12-27T09:03:04","date_gmt":"2017-12-27T09:03:04","guid":{"rendered":"https:\/\/todotrial.com\/tienda\/product\/pegatinas2017-12-27-09-03-04\/"},"modified":"2025-03-21T19:04:14","modified_gmt":"2025-03-21T18:04:14","slug":"pegatinas2017-12-27-09-03-04","status":"publish","type":"product","link":"https:\/\/todotrial.com\/tienda\/pegatinas2017-12-27-09-03-04\/","title":{"rendered":"Ducati 200 \u00e9 (\u00e9lite posterior a 1965)  Juego Pegatinas"},"content":{"rendered":"<p>Ducati 200 \u00e9 (\u00e9lite posterior a 1965) Juego Pegatinas<\/p>\n<p>Juego completo de anagramas para la DUCATI ELITE en su versi\u00f3n posterior a 1965 (No V5). Incluye los tres anagramas del dep\u00f3sito de combustible (dos \u00e1guilas m\u00e1s una corona de las victorias en las 24 Horas de Montjuich), as\u00ed como los dos anagramas de las tapas cajas herramientas (200\u00e8, sin ribeteado), los dos de los guardabarros, las dos leyendas Akront para las llantas de rueda y las leyendas Betor de los amortiguadores traseros.<\/p>\n","protected":false},"excerpt":{"rendered":"<p>Ducati 200 \u00e9 (\u00e9lite posterior a 1965)  Juego Pegatinas<\/p>\n","protected":false},"featured_media":10874,"comment_status":"open","ping_status":"closed","template":"","meta":[],"product_brand":[],"product_cat":[11780,15],"product_tag":[],"class_list":{"0":"post-10875","1":"product","2":"type-product","3":"status-publish","4":"has-post-thumbnail","6":"product_cat-adhesivos-clasicas","7":"product_cat-uncategorized","9":"first","10":"instock","11":"taxable","12":"shipping-taxable","13":"purchasable","14":"product-type-simple"},"yoast_head":"<!-- This site is optimized with the Yoast SEO Premium plugin v21.2 (Yoast SEO v27.3) - https:\/\/yoast.com\/product\/yoast-seo-premium-wordpress\/ -->\n<title>Ducati 200 \u00e9 (\u00e9lite posterior a 1965) Juego Pegatinas - Tienda de todotrial<\/title>\n<meta name=\"robots\" content=\"index, follow, max-snippet:-1, max-image-preview:large, max-video-preview:-1\" \/>\n<link rel=\"canonical\" href=\"https:\/\/todotrial.com\/tienda\/pegatinas2017-12-27-09-03-04\/\" \/>\n<meta property=\"og:locale\" content=\"es_ES\" \/>\n<meta property=\"og:type\" content=\"article\" \/>\n<meta property=\"og:title\" content=\"Ducati 200 \u00e9 (\u00e9lite posterior a 1965) Juego Pegatinas\" \/>\n<meta property=\"og:description\" content=\"Ducati 200 \u00e9 (\u00e9lite posterior a 1965) Juego Pegatinas\" \/>\n<meta property=\"og:url\" content=\"https:\/\/todotrial.com\/tienda\/pegatinas2017-12-27-09-03-04\/\" \/>\n<meta property=\"og:site_name\" content=\"Tienda de todotrial\" \/>\n<meta property=\"article:modified_time\" content=\"2025-03-21T18:04:14+00:00\" \/>\n<meta property=\"og:image\" content=\"https:\/\/todotrial.com\/tienda\/wp-content\/uploads\/2017\/12\/ducati-200-e-elite-post-1965.jpg\" \/>\n\t<meta property=\"og:image:width\" content=\"448\" \/>\n\t<meta property=\"og:image:height\" content=\"200\" \/>\n\t<meta property=\"og:image:type\" content=\"image\/jpeg\" \/>\n<meta name=\"twitter:card\" content=\"summary_large_image\" \/>\n<script type=\"application\/ld+json\" class=\"yoast-schema-graph\">{\"@context\":\"https:\\\/\\\/schema.org\",\"@graph\":[{\"@type\":\"WebPage\",\"@id\":\"https:\\\/\\\/todotrial.com\\\/tienda\\\/pegatinas2017-12-27-09-03-04\\\/\",\"url\":\"https:\\\/\\\/todotrial.com\\\/tienda\\\/pegatinas2017-12-27-09-03-04\\\/\",\"name\":\"Ducati 200 \u00e9 (\u00e9lite posterior a 1965) Juego Pegatinas - Tienda de todotrial\",\"isPartOf\":{\"@id\":\"https:\\\/\\\/todotrial.com\\\/tienda\\\/#website\"},\"primaryImageOfPage\":{\"@id\":\"https:\\\/\\\/todotrial.com\\\/tienda\\\/pegatinas2017-12-27-09-03-04\\\/#primaryimage\"},\"image\":{\"@id\":\"https:\\\/\\\/todotrial.com\\\/tienda\\\/pegatinas2017-12-27-09-03-04\\\/#primaryimage\"},\"thumbnailUrl\":\"https:\\\/\\\/todotrial.com\\\/tienda\\\/wp-content\\\/uploads\\\/2017\\\/12\\\/ducati-200-e-elite-post-1965.jpg\",\"datePublished\":\"2017-12-27T09:03:04+00:00\",\"dateModified\":\"2025-03-21T18:04:14+00:00\",\"breadcrumb\":{\"@id\":\"https:\\\/\\\/todotrial.com\\\/tienda\\\/pegatinas2017-12-27-09-03-04\\\/#breadcrumb\"},\"inLanguage\":\"es\",\"potentialAction\":[{\"@type\":\"ReadAction\",\"target\":[\"https:\\\/\\\/todotrial.com\\\/tienda\\\/pegatinas2017-12-27-09-03-04\\\/\"]}]},{\"@type\":\"ImageObject\",\"inLanguage\":\"es\",\"@id\":\"https:\\\/\\\/todotrial.com\\\/tienda\\\/pegatinas2017-12-27-09-03-04\\\/#primaryimage\",\"url\":\"https:\\\/\\\/todotrial.com\\\/tienda\\\/wp-content\\\/uploads\\\/2017\\\/12\\\/ducati-200-e-elite-post-1965.jpg\",\"contentUrl\":\"https:\\\/\\\/todotrial.com\\\/tienda\\\/wp-content\\\/uploads\\\/2017\\\/12\\\/ducati-200-e-elite-post-1965.jpg\",\"width\":448,\"height\":200},{\"@type\":\"BreadcrumbList\",\"@id\":\"https:\\\/\\\/todotrial.com\\\/tienda\\\/pegatinas2017-12-27-09-03-04\\\/#breadcrumb\",\"itemListElement\":[{\"@type\":\"ListItem\",\"position\":1,\"name\":\"Portada\",\"item\":\"https:\\\/\\\/todotrial.com\\\/tienda\\\/\"},{\"@type\":\"ListItem\",\"position\":2,\"name\":\"Shop\",\"item\":\"https:\\\/\\\/todotrial.com\\\/tienda\\\/shop\\\/\"},{\"@type\":\"ListItem\",\"position\":3,\"name\":\"Ducati 200 \u00e9 (\u00e9lite posterior a 1965) Juego Pegatinas\"}]},{\"@type\":\"WebSite\",\"@id\":\"https:\\\/\\\/todotrial.com\\\/tienda\\\/#website\",\"url\":\"https:\\\/\\\/todotrial.com\\\/tienda\\\/\",\"name\":\"Tienda de todotrial\",\"description\":\"\",\"potentialAction\":[{\"@type\":\"SearchAction\",\"target\":{\"@type\":\"EntryPoint\",\"urlTemplate\":\"https:\\\/\\\/todotrial.com\\\/tienda\\\/?s={search_term_string}\"},\"query-input\":{\"@type\":\"PropertyValueSpecification\",\"valueRequired\":true,\"valueName\":\"search_term_string\"}}],\"inLanguage\":\"es\"}]}<\/script>\n<!-- \/ Yoast SEO Premium plugin. -->","yoast_head_json":{"title":"Ducati 200 \u00e9 (\u00e9lite posterior a 1965) Juego Pegatinas - Tienda de todotrial","robots":{"index":"index","follow":"follow","max-snippet":"max-snippet:-1","max-image-preview":"max-image-preview:large","max-video-preview":"max-video-preview:-1"},"canonical":"https:\/\/todotrial.com\/tienda\/pegatinas2017-12-27-09-03-04\/","og_locale":"es_ES","og_type":"article","og_title":"Ducati 200 \u00e9 (\u00e9lite posterior a 1965) Juego Pegatinas","og_description":"Ducati 200 \u00e9 (\u00e9lite posterior a 1965) Juego Pegatinas","og_url":"https:\/\/todotrial.com\/tienda\/pegatinas2017-12-27-09-03-04\/","og_site_name":"Tienda de todotrial","article_modified_time":"2025-03-21T18:04:14+00:00","og_image":[{"width":448,"height":200,"url":"https:\/\/todotrial.com\/tienda\/wp-content\/uploads\/2017\/12\/ducati-200-e-elite-post-1965.jpg","type":"image\/jpeg"}],"twitter_card":"summary_large_image","schema":{"@context":"https:\/\/schema.org","@graph":[{"@type":"WebPage","@id":"https:\/\/todotrial.com\/tienda\/pegatinas2017-12-27-09-03-04\/","url":"https:\/\/todotrial.com\/tienda\/pegatinas2017-12-27-09-03-04\/","name":"Ducati 200 \u00e9 (\u00e9lite posterior a 1965) Juego Pegatinas - Tienda de todotrial","isPartOf":{"@id":"https:\/\/todotrial.com\/tienda\/#website"},"primaryImageOfPage":{"@id":"https:\/\/todotrial.com\/tienda\/pegatinas2017-12-27-09-03-04\/#primaryimage"},"image":{"@id":"https:\/\/todotrial.com\/tienda\/pegatinas2017-12-27-09-03-04\/#primaryimage"},"thumbnailUrl":"https:\/\/todotrial.com\/tienda\/wp-content\/uploads\/2017\/12\/ducati-200-e-elite-post-1965.jpg","datePublished":"2017-12-27T09:03:04+00:00","dateModified":"2025-03-21T18:04:14+00:00","breadcrumb":{"@id":"https:\/\/todotrial.com\/tienda\/pegatinas2017-12-27-09-03-04\/#breadcrumb"},"inLanguage":"es","potentialAction":[{"@type":"ReadAction","target":["https:\/\/todotrial.com\/tienda\/pegatinas2017-12-27-09-03-04\/"]}]},{"@type":"ImageObject","inLanguage":"es","@id":"https:\/\/todotrial.com\/tienda\/pegatinas2017-12-27-09-03-04\/#primaryimage","url":"https:\/\/todotrial.com\/tienda\/wp-content\/uploads\/2017\/12\/ducati-200-e-elite-post-1965.jpg","contentUrl":"https:\/\/todotrial.com\/tienda\/wp-content\/uploads\/2017\/12\/ducati-200-e-elite-post-1965.jpg","width":448,"height":200},{"@type":"BreadcrumbList","@id":"https:\/\/todotrial.com\/tienda\/pegatinas2017-12-27-09-03-04\/#breadcrumb","itemListElement":[{"@type":"ListItem","position":1,"name":"Portada","item":"https:\/\/todotrial.com\/tienda\/"},{"@type":"ListItem","position":2,"name":"Shop","item":"https:\/\/todotrial.com\/tienda\/shop\/"},{"@type":"ListItem","position":3,"name":"Ducati 200 \u00e9 (\u00e9lite posterior a 1965) Juego Pegatinas"}]},{"@type":"WebSite","@id":"https:\/\/todotrial.com\/tienda\/#website","url":"https:\/\/todotrial.com\/tienda\/","name":"Tienda de todotrial","description":"","potentialAction":[{"@type":"SearchAction","target":{"@type":"EntryPoint","urlTemplate":"https:\/\/todotrial.com\/tienda\/?s={search_term_string}"},"query-input":{"@type":"PropertyValueSpecification","valueRequired":true,"valueName":"search_term_string"}}],"inLanguage":"es"}]}},"_links":{"self":[{"href":"https:\/\/todotrial.com\/tienda\/wp-json\/wp\/v2\/product\/10875","targetHints":{"allow":["GET"]}}],"collection":[{"href":"https:\/\/todotrial.com\/tienda\/wp-json\/wp\/v2\/product"}],"about":[{"href":"https:\/\/todotrial.com\/tienda\/wp-json\/wp\/v2\/types\/product"}],"replies":[{"embeddable":true,"href":"https:\/\/todotrial.com\/tienda\/wp-json\/wp\/v2\/comments?post=10875"}],"version-history":[{"count":1,"href":"https:\/\/todotrial.com\/tienda\/wp-json\/wp\/v2\/product\/10875\/revisions"}],"predecessor-version":[{"id":53892,"href":"https:\/\/todotrial.com\/tienda\/wp-json\/wp\/v2\/product\/10875\/revisions\/53892"}],"wp:featuredmedia":[{"embeddable":true,"href":"https:\/\/todotrial.com\/tienda\/wp-json\/wp\/v2\/media\/10874"}],"wp:attachment":[{"href":"https:\/\/todotrial.com\/tienda\/wp-json\/wp\/v2\/media?parent=10875"}],"wp:term":[{"taxonomy":"product_brand","embeddable":true,"href":"https:\/\/todotrial.com\/tienda\/wp-json\/wp\/v2\/product_brand?post=10875"},{"taxonomy":"product_cat","embeddable":true,"href":"https:\/\/todotrial.com\/tienda\/wp-json\/wp\/v2\/product_cat?post=10875"},{"taxonomy":"product_tag","embeddable":true,"href":"https:\/\/todotrial.com\/tienda\/wp-json\/wp\/v2\/product_tag?post=10875"}],"curies":[{"name":"wp","href":"https:\/\/api.w.org\/{rel}","templated":true}]}}