{"id":1082,"date":"2020-07-02T15:27:39","date_gmt":"2020-07-02T15:27:39","guid":{"rendered":"https:\/\/todotrial.com\/tienda\/product\/road-racing-2005\/"},"modified":"2025-02-20T17:32:44","modified_gmt":"2025-02-20T16:32:44","slug":"road-racing-2005","status":"publish","type":"product","link":"https:\/\/todotrial.com\/tienda\/road-racing-2005\/","title":{"rendered":"Road Racing Review 2005 DVD"},"content":{"rendered":"<p>El resumen oficial que muestra una vez m\u00e1s las carreras de carretera y proporciona la acci\u00f3n de moto deportiva m\u00e1s fina en el planeta! Lleno de acci\u00f3n la temporada de carreras de este a\u00f1o estaba repleto de magn\u00edficas batallas de carretera, todos capturados en exclusiva en esta ronda de carreras. Los aficionados pueden disfrutar ahora de destacados premium mostrando todas sus pilotos de carretera favoritos, incluyendo Farquhar, Martin Finnegan, Lougher y McGuinness, arrasando su camino alrededor de los carreteras m\u00e1s dif\u00edciles en la Isla de Man e Irlanda del Norte! El DVD incluye metraje fenomenal de todos los mejores eventos.<\/p>\n","protected":false},"excerpt":{"rendered":"<p>Road Racing Review 2005 DVD<\/p>\n","protected":false},"featured_media":1081,"comment_status":"open","ping_status":"closed","template":"","meta":[],"product_brand":[],"product_cat":[15],"product_tag":[],"class_list":{"0":"post-1082","1":"product","2":"type-product","3":"status-publish","4":"has-post-thumbnail","6":"product_cat-uncategorized","8":"first","9":"instock","10":"taxable","11":"shipping-taxable","12":"purchasable","13":"product-type-simple"},"yoast_head":"<!-- This site is optimized with the Yoast SEO Premium plugin v21.2 (Yoast SEO v27.3) - https:\/\/yoast.com\/product\/yoast-seo-premium-wordpress\/ -->\n<title>Road Racing Review 2005 DVD - Tienda de todotrial<\/title>\n<meta name=\"robots\" content=\"index, follow, max-snippet:-1, max-image-preview:large, max-video-preview:-1\" \/>\n<link rel=\"canonical\" href=\"https:\/\/todotrial.com\/tienda\/road-racing-2005\/\" \/>\n<meta property=\"og:locale\" content=\"es_ES\" \/>\n<meta property=\"og:type\" content=\"article\" \/>\n<meta property=\"og:title\" content=\"Road Racing Review 2005 DVD\" \/>\n<meta property=\"og:description\" content=\"Road Racing Review 2005 DVD\" \/>\n<meta property=\"og:url\" content=\"https:\/\/todotrial.com\/tienda\/road-racing-2005\/\" \/>\n<meta property=\"og:site_name\" content=\"Tienda de todotrial\" \/>\n<meta property=\"article:modified_time\" content=\"2025-02-20T16:32:44+00:00\" \/>\n<meta property=\"og:image\" content=\"https:\/\/todotrial.com\/tienda\/wp-content\/uploads\/2020\/07\/1344.jpg\" \/>\n\t<meta property=\"og:image:width\" content=\"360\" \/>\n\t<meta property=\"og:image:height\" content=\"510\" \/>\n\t<meta property=\"og:image:type\" content=\"image\/jpeg\" \/>\n<meta name=\"twitter:card\" content=\"summary_large_image\" \/>\n<meta name=\"twitter:label1\" content=\"Tiempo de lectura\" \/>\n\t<meta name=\"twitter:data1\" content=\"1 minuto\" \/>\n<script type=\"application\/ld+json\" class=\"yoast-schema-graph\">{\"@context\":\"https:\\\/\\\/schema.org\",\"@graph\":[{\"@type\":\"WebPage\",\"@id\":\"https:\\\/\\\/todotrial.com\\\/tienda\\\/road-racing-2005\\\/\",\"url\":\"https:\\\/\\\/todotrial.com\\\/tienda\\\/road-racing-2005\\\/\",\"name\":\"Road Racing Review 2005 DVD - Tienda de todotrial\",\"isPartOf\":{\"@id\":\"https:\\\/\\\/todotrial.com\\\/tienda\\\/#website\"},\"primaryImageOfPage\":{\"@id\":\"https:\\\/\\\/todotrial.com\\\/tienda\\\/road-racing-2005\\\/#primaryimage\"},\"image\":{\"@id\":\"https:\\\/\\\/todotrial.com\\\/tienda\\\/road-racing-2005\\\/#primaryimage\"},\"thumbnailUrl\":\"https:\\\/\\\/todotrial.com\\\/tienda\\\/wp-content\\\/uploads\\\/2020\\\/07\\\/1344.jpg\",\"datePublished\":\"2020-07-02T15:27:39+00:00\",\"dateModified\":\"2025-02-20T16:32:44+00:00\",\"breadcrumb\":{\"@id\":\"https:\\\/\\\/todotrial.com\\\/tienda\\\/road-racing-2005\\\/#breadcrumb\"},\"inLanguage\":\"es\",\"potentialAction\":[{\"@type\":\"ReadAction\",\"target\":[\"https:\\\/\\\/todotrial.com\\\/tienda\\\/road-racing-2005\\\/\"]}]},{\"@type\":\"ImageObject\",\"inLanguage\":\"es\",\"@id\":\"https:\\\/\\\/todotrial.com\\\/tienda\\\/road-racing-2005\\\/#primaryimage\",\"url\":\"https:\\\/\\\/todotrial.com\\\/tienda\\\/wp-content\\\/uploads\\\/2020\\\/07\\\/1344.jpg\",\"contentUrl\":\"https:\\\/\\\/todotrial.com\\\/tienda\\\/wp-content\\\/uploads\\\/2020\\\/07\\\/1344.jpg\",\"width\":360,\"height\":510},{\"@type\":\"BreadcrumbList\",\"@id\":\"https:\\\/\\\/todotrial.com\\\/tienda\\\/road-racing-2005\\\/#breadcrumb\",\"itemListElement\":[{\"@type\":\"ListItem\",\"position\":1,\"name\":\"Portada\",\"item\":\"https:\\\/\\\/todotrial.com\\\/tienda\\\/\"},{\"@type\":\"ListItem\",\"position\":2,\"name\":\"Shop\",\"item\":\"https:\\\/\\\/todotrial.com\\\/tienda\\\/shop\\\/\"},{\"@type\":\"ListItem\",\"position\":3,\"name\":\"Road Racing Review 2005 DVD\"}]},{\"@type\":\"WebSite\",\"@id\":\"https:\\\/\\\/todotrial.com\\\/tienda\\\/#website\",\"url\":\"https:\\\/\\\/todotrial.com\\\/tienda\\\/\",\"name\":\"Tienda de todotrial\",\"description\":\"\",\"potentialAction\":[{\"@type\":\"SearchAction\",\"target\":{\"@type\":\"EntryPoint\",\"urlTemplate\":\"https:\\\/\\\/todotrial.com\\\/tienda\\\/?s={search_term_string}\"},\"query-input\":{\"@type\":\"PropertyValueSpecification\",\"valueRequired\":true,\"valueName\":\"search_term_string\"}}],\"inLanguage\":\"es\"}]}<\/script>\n<!-- \/ Yoast SEO Premium plugin. -->","yoast_head_json":{"title":"Road Racing Review 2005 DVD - Tienda de todotrial","robots":{"index":"index","follow":"follow","max-snippet":"max-snippet:-1","max-image-preview":"max-image-preview:large","max-video-preview":"max-video-preview:-1"},"canonical":"https:\/\/todotrial.com\/tienda\/road-racing-2005\/","og_locale":"es_ES","og_type":"article","og_title":"Road Racing Review 2005 DVD","og_description":"Road Racing Review 2005 DVD","og_url":"https:\/\/todotrial.com\/tienda\/road-racing-2005\/","og_site_name":"Tienda de todotrial","article_modified_time":"2025-02-20T16:32:44+00:00","og_image":[{"width":360,"height":510,"url":"https:\/\/todotrial.com\/tienda\/wp-content\/uploads\/2020\/07\/1344.jpg","type":"image\/jpeg"}],"twitter_card":"summary_large_image","twitter_misc":{"Tiempo de lectura":"1 minuto"},"schema":{"@context":"https:\/\/schema.org","@graph":[{"@type":"WebPage","@id":"https:\/\/todotrial.com\/tienda\/road-racing-2005\/","url":"https:\/\/todotrial.com\/tienda\/road-racing-2005\/","name":"Road Racing Review 2005 DVD - Tienda de todotrial","isPartOf":{"@id":"https:\/\/todotrial.com\/tienda\/#website"},"primaryImageOfPage":{"@id":"https:\/\/todotrial.com\/tienda\/road-racing-2005\/#primaryimage"},"image":{"@id":"https:\/\/todotrial.com\/tienda\/road-racing-2005\/#primaryimage"},"thumbnailUrl":"https:\/\/todotrial.com\/tienda\/wp-content\/uploads\/2020\/07\/1344.jpg","datePublished":"2020-07-02T15:27:39+00:00","dateModified":"2025-02-20T16:32:44+00:00","breadcrumb":{"@id":"https:\/\/todotrial.com\/tienda\/road-racing-2005\/#breadcrumb"},"inLanguage":"es","potentialAction":[{"@type":"ReadAction","target":["https:\/\/todotrial.com\/tienda\/road-racing-2005\/"]}]},{"@type":"ImageObject","inLanguage":"es","@id":"https:\/\/todotrial.com\/tienda\/road-racing-2005\/#primaryimage","url":"https:\/\/todotrial.com\/tienda\/wp-content\/uploads\/2020\/07\/1344.jpg","contentUrl":"https:\/\/todotrial.com\/tienda\/wp-content\/uploads\/2020\/07\/1344.jpg","width":360,"height":510},{"@type":"BreadcrumbList","@id":"https:\/\/todotrial.com\/tienda\/road-racing-2005\/#breadcrumb","itemListElement":[{"@type":"ListItem","position":1,"name":"Portada","item":"https:\/\/todotrial.com\/tienda\/"},{"@type":"ListItem","position":2,"name":"Shop","item":"https:\/\/todotrial.com\/tienda\/shop\/"},{"@type":"ListItem","position":3,"name":"Road Racing Review 2005 DVD"}]},{"@type":"WebSite","@id":"https:\/\/todotrial.com\/tienda\/#website","url":"https:\/\/todotrial.com\/tienda\/","name":"Tienda de todotrial","description":"","potentialAction":[{"@type":"SearchAction","target":{"@type":"EntryPoint","urlTemplate":"https:\/\/todotrial.com\/tienda\/?s={search_term_string}"},"query-input":{"@type":"PropertyValueSpecification","valueRequired":true,"valueName":"search_term_string"}}],"inLanguage":"es"}]}},"_links":{"self":[{"href":"https:\/\/todotrial.com\/tienda\/wp-json\/wp\/v2\/product\/1082","targetHints":{"allow":["GET"]}}],"collection":[{"href":"https:\/\/todotrial.com\/tienda\/wp-json\/wp\/v2\/product"}],"about":[{"href":"https:\/\/todotrial.com\/tienda\/wp-json\/wp\/v2\/types\/product"}],"replies":[{"embeddable":true,"href":"https:\/\/todotrial.com\/tienda\/wp-json\/wp\/v2\/comments?post=1082"}],"version-history":[{"count":0,"href":"https:\/\/todotrial.com\/tienda\/wp-json\/wp\/v2\/product\/1082\/revisions"}],"wp:featuredmedia":[{"embeddable":true,"href":"https:\/\/todotrial.com\/tienda\/wp-json\/wp\/v2\/media\/1081"}],"wp:attachment":[{"href":"https:\/\/todotrial.com\/tienda\/wp-json\/wp\/v2\/media?parent=1082"}],"wp:term":[{"taxonomy":"product_brand","embeddable":true,"href":"https:\/\/todotrial.com\/tienda\/wp-json\/wp\/v2\/product_brand?post=1082"},{"taxonomy":"product_cat","embeddable":true,"href":"https:\/\/todotrial.com\/tienda\/wp-json\/wp\/v2\/product_cat?post=1082"},{"taxonomy":"product_tag","embeddable":true,"href":"https:\/\/todotrial.com\/tienda\/wp-json\/wp\/v2\/product_tag?post=1082"}],"curies":[{"name":"wp","href":"https:\/\/api.w.org\/{rel}","templated":true}]}}