{"id":1078,"date":"2020-07-02T15:27:23","date_gmt":"2020-07-02T15:27:23","guid":{"rendered":"https:\/\/todotrial.com\/tienda\/product\/mundial-trial-outdoor-2009\/"},"modified":"2025-02-20T17:32:45","modified_gmt":"2025-02-20T16:32:45","slug":"mundial-trial-outdoor-2009","status":"publish","type":"product","link":"https:\/\/todotrial.com\/tienda\/mundial-trial-outdoor-2009\/","title":{"rendered":"Campeonato Mundial de Trial Outdoor 2009 DVD"},"content":{"rendered":"<p>El resumen oficial del Campeonato del Mundo al aire libre te trae la historia definitiva de una temporada emocionante, con todos los grandes nombres &#8211; como Toni Bou, Adam Raga, Albert Cabestany, Dougie Lampkin, Takahisa Fujinami y Jeroni Fajardo. Incre\u00edble material ofreciendo la historia ronda por ronda de la temporada, con momentos clave capturados en glorioso primer plano. Con una incre\u00edble racha de seis victorias consecutivas, siempre parec\u00eda que Bou ten\u00eda el t\u00edtulo en su mano. Sin embargo,el exitoso espa\u00f1ol tuvo que trabajar duro por su victoria.<\/p>\n","protected":false},"excerpt":{"rendered":"<p>Campeonato Mundial de Trial Outdoor 2009 DVD<\/p>\n","protected":false},"featured_media":1077,"comment_status":"open","ping_status":"closed","template":"","meta":[],"product_brand":[],"product_cat":[15],"product_tag":[],"class_list":{"0":"post-1078","1":"product","2":"type-product","3":"status-publish","4":"has-post-thumbnail","6":"product_cat-uncategorized","8":"first","9":"instock","10":"taxable","11":"shipping-taxable","12":"purchasable","13":"product-type-simple"},"yoast_head":"<!-- This site is optimized with the Yoast SEO Premium plugin v21.2 (Yoast SEO v27.3) - https:\/\/yoast.com\/product\/yoast-seo-premium-wordpress\/ -->\n<title>Campeonato Mundial de Trial Outdoor 2009 DVD - Tienda de todotrial<\/title>\n<meta name=\"robots\" content=\"index, follow, max-snippet:-1, max-image-preview:large, max-video-preview:-1\" \/>\n<link rel=\"canonical\" href=\"https:\/\/todotrial.com\/tienda\/mundial-trial-outdoor-2009\/\" \/>\n<meta property=\"og:locale\" content=\"es_ES\" \/>\n<meta property=\"og:type\" content=\"article\" \/>\n<meta property=\"og:title\" content=\"Campeonato Mundial de Trial Outdoor 2009 DVD\" \/>\n<meta property=\"og:description\" content=\"Campeonato Mundial de Trial Outdoor 2009 DVD\" \/>\n<meta property=\"og:url\" content=\"https:\/\/todotrial.com\/tienda\/mundial-trial-outdoor-2009\/\" \/>\n<meta property=\"og:site_name\" content=\"Tienda de todotrial\" \/>\n<meta property=\"article:modified_time\" content=\"2025-02-20T16:32:45+00:00\" \/>\n<meta property=\"og:image\" content=\"https:\/\/todotrial.com\/tienda\/wp-content\/uploads\/2020\/07\/trial_outdoor_2009.jpg\" \/>\n\t<meta property=\"og:image:width\" content=\"400\" \/>\n\t<meta property=\"og:image:height\" content=\"571\" \/>\n\t<meta property=\"og:image:type\" content=\"image\/jpeg\" \/>\n<meta name=\"twitter:card\" content=\"summary_large_image\" \/>\n<script type=\"application\/ld+json\" class=\"yoast-schema-graph\">{\"@context\":\"https:\\\/\\\/schema.org\",\"@graph\":[{\"@type\":\"WebPage\",\"@id\":\"https:\\\/\\\/todotrial.com\\\/tienda\\\/mundial-trial-outdoor-2009\\\/\",\"url\":\"https:\\\/\\\/todotrial.com\\\/tienda\\\/mundial-trial-outdoor-2009\\\/\",\"name\":\"Campeonato Mundial de Trial Outdoor 2009 DVD - Tienda de todotrial\",\"isPartOf\":{\"@id\":\"https:\\\/\\\/todotrial.com\\\/tienda\\\/#website\"},\"primaryImageOfPage\":{\"@id\":\"https:\\\/\\\/todotrial.com\\\/tienda\\\/mundial-trial-outdoor-2009\\\/#primaryimage\"},\"image\":{\"@id\":\"https:\\\/\\\/todotrial.com\\\/tienda\\\/mundial-trial-outdoor-2009\\\/#primaryimage\"},\"thumbnailUrl\":\"https:\\\/\\\/todotrial.com\\\/tienda\\\/wp-content\\\/uploads\\\/2020\\\/07\\\/trial_outdoor_2009.jpg\",\"datePublished\":\"2020-07-02T15:27:23+00:00\",\"dateModified\":\"2025-02-20T16:32:45+00:00\",\"breadcrumb\":{\"@id\":\"https:\\\/\\\/todotrial.com\\\/tienda\\\/mundial-trial-outdoor-2009\\\/#breadcrumb\"},\"inLanguage\":\"es\",\"potentialAction\":[{\"@type\":\"ReadAction\",\"target\":[\"https:\\\/\\\/todotrial.com\\\/tienda\\\/mundial-trial-outdoor-2009\\\/\"]}]},{\"@type\":\"ImageObject\",\"inLanguage\":\"es\",\"@id\":\"https:\\\/\\\/todotrial.com\\\/tienda\\\/mundial-trial-outdoor-2009\\\/#primaryimage\",\"url\":\"https:\\\/\\\/todotrial.com\\\/tienda\\\/wp-content\\\/uploads\\\/2020\\\/07\\\/trial_outdoor_2009.jpg\",\"contentUrl\":\"https:\\\/\\\/todotrial.com\\\/tienda\\\/wp-content\\\/uploads\\\/2020\\\/07\\\/trial_outdoor_2009.jpg\",\"width\":400,\"height\":571},{\"@type\":\"BreadcrumbList\",\"@id\":\"https:\\\/\\\/todotrial.com\\\/tienda\\\/mundial-trial-outdoor-2009\\\/#breadcrumb\",\"itemListElement\":[{\"@type\":\"ListItem\",\"position\":1,\"name\":\"Portada\",\"item\":\"https:\\\/\\\/todotrial.com\\\/tienda\\\/\"},{\"@type\":\"ListItem\",\"position\":2,\"name\":\"Shop\",\"item\":\"https:\\\/\\\/todotrial.com\\\/tienda\\\/shop\\\/\"},{\"@type\":\"ListItem\",\"position\":3,\"name\":\"Campeonato Mundial de Trial Outdoor 2009 DVD\"}]},{\"@type\":\"WebSite\",\"@id\":\"https:\\\/\\\/todotrial.com\\\/tienda\\\/#website\",\"url\":\"https:\\\/\\\/todotrial.com\\\/tienda\\\/\",\"name\":\"Tienda de todotrial\",\"description\":\"\",\"potentialAction\":[{\"@type\":\"SearchAction\",\"target\":{\"@type\":\"EntryPoint\",\"urlTemplate\":\"https:\\\/\\\/todotrial.com\\\/tienda\\\/?s={search_term_string}\"},\"query-input\":{\"@type\":\"PropertyValueSpecification\",\"valueRequired\":true,\"valueName\":\"search_term_string\"}}],\"inLanguage\":\"es\"}]}<\/script>\n<!-- \/ Yoast SEO Premium plugin. -->","yoast_head_json":{"title":"Campeonato Mundial de Trial Outdoor 2009 DVD - Tienda de todotrial","robots":{"index":"index","follow":"follow","max-snippet":"max-snippet:-1","max-image-preview":"max-image-preview:large","max-video-preview":"max-video-preview:-1"},"canonical":"https:\/\/todotrial.com\/tienda\/mundial-trial-outdoor-2009\/","og_locale":"es_ES","og_type":"article","og_title":"Campeonato Mundial de Trial Outdoor 2009 DVD","og_description":"Campeonato Mundial de Trial Outdoor 2009 DVD","og_url":"https:\/\/todotrial.com\/tienda\/mundial-trial-outdoor-2009\/","og_site_name":"Tienda de todotrial","article_modified_time":"2025-02-20T16:32:45+00:00","og_image":[{"width":400,"height":571,"url":"https:\/\/todotrial.com\/tienda\/wp-content\/uploads\/2020\/07\/trial_outdoor_2009.jpg","type":"image\/jpeg"}],"twitter_card":"summary_large_image","schema":{"@context":"https:\/\/schema.org","@graph":[{"@type":"WebPage","@id":"https:\/\/todotrial.com\/tienda\/mundial-trial-outdoor-2009\/","url":"https:\/\/todotrial.com\/tienda\/mundial-trial-outdoor-2009\/","name":"Campeonato Mundial de Trial Outdoor 2009 DVD - Tienda de todotrial","isPartOf":{"@id":"https:\/\/todotrial.com\/tienda\/#website"},"primaryImageOfPage":{"@id":"https:\/\/todotrial.com\/tienda\/mundial-trial-outdoor-2009\/#primaryimage"},"image":{"@id":"https:\/\/todotrial.com\/tienda\/mundial-trial-outdoor-2009\/#primaryimage"},"thumbnailUrl":"https:\/\/todotrial.com\/tienda\/wp-content\/uploads\/2020\/07\/trial_outdoor_2009.jpg","datePublished":"2020-07-02T15:27:23+00:00","dateModified":"2025-02-20T16:32:45+00:00","breadcrumb":{"@id":"https:\/\/todotrial.com\/tienda\/mundial-trial-outdoor-2009\/#breadcrumb"},"inLanguage":"es","potentialAction":[{"@type":"ReadAction","target":["https:\/\/todotrial.com\/tienda\/mundial-trial-outdoor-2009\/"]}]},{"@type":"ImageObject","inLanguage":"es","@id":"https:\/\/todotrial.com\/tienda\/mundial-trial-outdoor-2009\/#primaryimage","url":"https:\/\/todotrial.com\/tienda\/wp-content\/uploads\/2020\/07\/trial_outdoor_2009.jpg","contentUrl":"https:\/\/todotrial.com\/tienda\/wp-content\/uploads\/2020\/07\/trial_outdoor_2009.jpg","width":400,"height":571},{"@type":"BreadcrumbList","@id":"https:\/\/todotrial.com\/tienda\/mundial-trial-outdoor-2009\/#breadcrumb","itemListElement":[{"@type":"ListItem","position":1,"name":"Portada","item":"https:\/\/todotrial.com\/tienda\/"},{"@type":"ListItem","position":2,"name":"Shop","item":"https:\/\/todotrial.com\/tienda\/shop\/"},{"@type":"ListItem","position":3,"name":"Campeonato Mundial de Trial Outdoor 2009 DVD"}]},{"@type":"WebSite","@id":"https:\/\/todotrial.com\/tienda\/#website","url":"https:\/\/todotrial.com\/tienda\/","name":"Tienda de todotrial","description":"","potentialAction":[{"@type":"SearchAction","target":{"@type":"EntryPoint","urlTemplate":"https:\/\/todotrial.com\/tienda\/?s={search_term_string}"},"query-input":{"@type":"PropertyValueSpecification","valueRequired":true,"valueName":"search_term_string"}}],"inLanguage":"es"}]}},"_links":{"self":[{"href":"https:\/\/todotrial.com\/tienda\/wp-json\/wp\/v2\/product\/1078","targetHints":{"allow":["GET"]}}],"collection":[{"href":"https:\/\/todotrial.com\/tienda\/wp-json\/wp\/v2\/product"}],"about":[{"href":"https:\/\/todotrial.com\/tienda\/wp-json\/wp\/v2\/types\/product"}],"replies":[{"embeddable":true,"href":"https:\/\/todotrial.com\/tienda\/wp-json\/wp\/v2\/comments?post=1078"}],"version-history":[{"count":0,"href":"https:\/\/todotrial.com\/tienda\/wp-json\/wp\/v2\/product\/1078\/revisions"}],"wp:featuredmedia":[{"embeddable":true,"href":"https:\/\/todotrial.com\/tienda\/wp-json\/wp\/v2\/media\/1077"}],"wp:attachment":[{"href":"https:\/\/todotrial.com\/tienda\/wp-json\/wp\/v2\/media?parent=1078"}],"wp:term":[{"taxonomy":"product_brand","embeddable":true,"href":"https:\/\/todotrial.com\/tienda\/wp-json\/wp\/v2\/product_brand?post=1078"},{"taxonomy":"product_cat","embeddable":true,"href":"https:\/\/todotrial.com\/tienda\/wp-json\/wp\/v2\/product_cat?post=1078"},{"taxonomy":"product_tag","embeddable":true,"href":"https:\/\/todotrial.com\/tienda\/wp-json\/wp\/v2\/product_tag?post=1078"}],"curies":[{"name":"wp","href":"https:\/\/api.w.org\/{rel}","templated":true}]}}