{"id":1072,"date":"2020-07-02T15:27:04","date_gmt":"2020-07-02T15:27:04","guid":{"rendered":"https:\/\/todotrial.com\/tienda\/product\/mondiale-trial-2006\/"},"modified":"2025-02-20T17:32:47","modified_gmt":"2025-02-20T16:32:47","slug":"mondiale-trial-2006","status":"publish","type":"product","link":"https:\/\/todotrial.com\/tienda\/mondiale-trial-2006\/","title":{"rendered":"Mondiale Trial 2006"},"content":{"rendered":"<p>Toda la temporada del Mundial de trial 2006 en 2 horas de im\u00e1genes, los mejores momentos, las clasificaciones de cada prueba, ca\u00eddas, entrevistas&#8230;<\/p>\n<p>Adam Raga, con 3 victorias se ha confirmado como campe\u00f3n obteniendo su segundo t\u00edtulo, gracias a su mayor regularidad y rendimiento. Takahisha Fujinami ha ganado m\u00e1s pruebas, 4, manteni\u00e9ndose en la lucha por el t\u00edtulo hasta el final, en la \u00faltima prueba, celebrada en el circuito Spa Francorchamps de B\u00e9lgica, donde finalmente lograba el subcampeonato. Albert Cabestany, con 2 victorias, ha pagado un inicio del campeonato no muy bueno y una serie de resultados desafortunados hasta conseguir recuperar el ritmo que le ha llevado finalmente a la tercera plaza final.<\/p>\n<p>Los comentarios t\u00e9cnicos est\u00e1n en italiano, pero son muy f\u00e1ciles de entender gracias a la buena pronunciaci\u00f3n del comentarista. Video oficial con licencia de Octagon.<\/p>\n<p>Formato audio: Stereo 2.0<br \/>Formato video: PAL 4:3<br \/>Audio: italiano<\/p>\n","protected":false},"excerpt":{"rendered":"<p>Mondiale Trial 2006 (italiano)<\/p>\n","protected":false},"featured_media":1071,"comment_status":"open","ping_status":"closed","template":"","meta":[],"product_brand":[],"product_cat":[15],"product_tag":[],"class_list":{"0":"post-1072","1":"product","2":"type-product","3":"status-publish","4":"has-post-thumbnail","6":"product_cat-uncategorized","8":"first","9":"instock","10":"taxable","11":"shipping-taxable","12":"purchasable","13":"product-type-simple"},"yoast_head":"<!-- This site is optimized with the Yoast SEO Premium plugin v21.2 (Yoast SEO v27.5) - https:\/\/yoast.com\/product\/yoast-seo-premium-wordpress\/ -->\n<title>Mondiale Trial 2006 - Tienda de todotrial<\/title>\n<meta name=\"robots\" content=\"index, follow, max-snippet:-1, max-image-preview:large, max-video-preview:-1\" \/>\n<link rel=\"canonical\" href=\"https:\/\/todotrial.com\/tienda\/mondiale-trial-2006\/\" \/>\n<meta property=\"og:locale\" content=\"es_ES\" \/>\n<meta property=\"og:type\" content=\"article\" \/>\n<meta property=\"og:title\" content=\"Mondiale Trial 2006\" \/>\n<meta property=\"og:description\" content=\"Mondiale Trial 2006 (italiano)\" \/>\n<meta property=\"og:url\" content=\"https:\/\/todotrial.com\/tienda\/mondiale-trial-2006\/\" \/>\n<meta property=\"og:site_name\" content=\"Tienda de todotrial\" \/>\n<meta property=\"article:modified_time\" content=\"2025-02-20T16:32:47+00:00\" \/>\n<meta property=\"og:image\" content=\"https:\/\/todotrial.com\/tienda\/wp-content\/uploads\/2020\/07\/1.jpg\" \/>\n\t<meta property=\"og:image:width\" content=\"145\" \/>\n\t<meta property=\"og:image:height\" content=\"227\" \/>\n\t<meta property=\"og:image:type\" content=\"image\/jpeg\" \/>\n<meta name=\"twitter:card\" content=\"summary_large_image\" \/>\n<meta name=\"twitter:label1\" content=\"Tiempo de lectura\" \/>\n\t<meta name=\"twitter:data1\" content=\"1 minuto\" \/>\n<script type=\"application\/ld+json\" class=\"yoast-schema-graph\">{\"@context\":\"https:\\\/\\\/schema.org\",\"@graph\":[{\"@type\":\"WebPage\",\"@id\":\"https:\\\/\\\/todotrial.com\\\/tienda\\\/mondiale-trial-2006\\\/\",\"url\":\"https:\\\/\\\/todotrial.com\\\/tienda\\\/mondiale-trial-2006\\\/\",\"name\":\"Mondiale Trial 2006 - Tienda de todotrial\",\"isPartOf\":{\"@id\":\"https:\\\/\\\/todotrial.com\\\/tienda\\\/#website\"},\"primaryImageOfPage\":{\"@id\":\"https:\\\/\\\/todotrial.com\\\/tienda\\\/mondiale-trial-2006\\\/#primaryimage\"},\"image\":{\"@id\":\"https:\\\/\\\/todotrial.com\\\/tienda\\\/mondiale-trial-2006\\\/#primaryimage\"},\"thumbnailUrl\":\"https:\\\/\\\/todotrial.com\\\/tienda\\\/wp-content\\\/uploads\\\/2020\\\/07\\\/1.jpg\",\"datePublished\":\"2020-07-02T15:27:04+00:00\",\"dateModified\":\"2025-02-20T16:32:47+00:00\",\"breadcrumb\":{\"@id\":\"https:\\\/\\\/todotrial.com\\\/tienda\\\/mondiale-trial-2006\\\/#breadcrumb\"},\"inLanguage\":\"es\",\"potentialAction\":[{\"@type\":\"ReadAction\",\"target\":[\"https:\\\/\\\/todotrial.com\\\/tienda\\\/mondiale-trial-2006\\\/\"]}]},{\"@type\":\"ImageObject\",\"inLanguage\":\"es\",\"@id\":\"https:\\\/\\\/todotrial.com\\\/tienda\\\/mondiale-trial-2006\\\/#primaryimage\",\"url\":\"https:\\\/\\\/todotrial.com\\\/tienda\\\/wp-content\\\/uploads\\\/2020\\\/07\\\/1.jpg\",\"contentUrl\":\"https:\\\/\\\/todotrial.com\\\/tienda\\\/wp-content\\\/uploads\\\/2020\\\/07\\\/1.jpg\",\"width\":145,\"height\":227},{\"@type\":\"BreadcrumbList\",\"@id\":\"https:\\\/\\\/todotrial.com\\\/tienda\\\/mondiale-trial-2006\\\/#breadcrumb\",\"itemListElement\":[{\"@type\":\"ListItem\",\"position\":1,\"name\":\"Portada\",\"item\":\"https:\\\/\\\/todotrial.com\\\/tienda\\\/\"},{\"@type\":\"ListItem\",\"position\":2,\"name\":\"Shop\",\"item\":\"https:\\\/\\\/todotrial.com\\\/tienda\\\/shop\\\/\"},{\"@type\":\"ListItem\",\"position\":3,\"name\":\"Mondiale Trial 2006\"}]},{\"@type\":\"WebSite\",\"@id\":\"https:\\\/\\\/todotrial.com\\\/tienda\\\/#website\",\"url\":\"https:\\\/\\\/todotrial.com\\\/tienda\\\/\",\"name\":\"Tienda de todotrial\",\"description\":\"\",\"potentialAction\":[{\"@type\":\"SearchAction\",\"target\":{\"@type\":\"EntryPoint\",\"urlTemplate\":\"https:\\\/\\\/todotrial.com\\\/tienda\\\/?s={search_term_string}\"},\"query-input\":{\"@type\":\"PropertyValueSpecification\",\"valueRequired\":true,\"valueName\":\"search_term_string\"}}],\"inLanguage\":\"es\"}]}<\/script>\n<!-- \/ Yoast SEO Premium plugin. -->","yoast_head_json":{"title":"Mondiale Trial 2006 - Tienda de todotrial","robots":{"index":"index","follow":"follow","max-snippet":"max-snippet:-1","max-image-preview":"max-image-preview:large","max-video-preview":"max-video-preview:-1"},"canonical":"https:\/\/todotrial.com\/tienda\/mondiale-trial-2006\/","og_locale":"es_ES","og_type":"article","og_title":"Mondiale Trial 2006","og_description":"Mondiale Trial 2006 (italiano)","og_url":"https:\/\/todotrial.com\/tienda\/mondiale-trial-2006\/","og_site_name":"Tienda de todotrial","article_modified_time":"2025-02-20T16:32:47+00:00","og_image":[{"width":145,"height":227,"url":"https:\/\/todotrial.com\/tienda\/wp-content\/uploads\/2020\/07\/1.jpg","type":"image\/jpeg"}],"twitter_card":"summary_large_image","twitter_misc":{"Tiempo de lectura":"1 minuto"},"schema":{"@context":"https:\/\/schema.org","@graph":[{"@type":"WebPage","@id":"https:\/\/todotrial.com\/tienda\/mondiale-trial-2006\/","url":"https:\/\/todotrial.com\/tienda\/mondiale-trial-2006\/","name":"Mondiale Trial 2006 - Tienda de todotrial","isPartOf":{"@id":"https:\/\/todotrial.com\/tienda\/#website"},"primaryImageOfPage":{"@id":"https:\/\/todotrial.com\/tienda\/mondiale-trial-2006\/#primaryimage"},"image":{"@id":"https:\/\/todotrial.com\/tienda\/mondiale-trial-2006\/#primaryimage"},"thumbnailUrl":"https:\/\/todotrial.com\/tienda\/wp-content\/uploads\/2020\/07\/1.jpg","datePublished":"2020-07-02T15:27:04+00:00","dateModified":"2025-02-20T16:32:47+00:00","breadcrumb":{"@id":"https:\/\/todotrial.com\/tienda\/mondiale-trial-2006\/#breadcrumb"},"inLanguage":"es","potentialAction":[{"@type":"ReadAction","target":["https:\/\/todotrial.com\/tienda\/mondiale-trial-2006\/"]}]},{"@type":"ImageObject","inLanguage":"es","@id":"https:\/\/todotrial.com\/tienda\/mondiale-trial-2006\/#primaryimage","url":"https:\/\/todotrial.com\/tienda\/wp-content\/uploads\/2020\/07\/1.jpg","contentUrl":"https:\/\/todotrial.com\/tienda\/wp-content\/uploads\/2020\/07\/1.jpg","width":145,"height":227},{"@type":"BreadcrumbList","@id":"https:\/\/todotrial.com\/tienda\/mondiale-trial-2006\/#breadcrumb","itemListElement":[{"@type":"ListItem","position":1,"name":"Portada","item":"https:\/\/todotrial.com\/tienda\/"},{"@type":"ListItem","position":2,"name":"Shop","item":"https:\/\/todotrial.com\/tienda\/shop\/"},{"@type":"ListItem","position":3,"name":"Mondiale Trial 2006"}]},{"@type":"WebSite","@id":"https:\/\/todotrial.com\/tienda\/#website","url":"https:\/\/todotrial.com\/tienda\/","name":"Tienda de todotrial","description":"","potentialAction":[{"@type":"SearchAction","target":{"@type":"EntryPoint","urlTemplate":"https:\/\/todotrial.com\/tienda\/?s={search_term_string}"},"query-input":{"@type":"PropertyValueSpecification","valueRequired":true,"valueName":"search_term_string"}}],"inLanguage":"es"}]}},"_links":{"self":[{"href":"https:\/\/todotrial.com\/tienda\/wp-json\/wp\/v2\/product\/1072","targetHints":{"allow":["GET"]}}],"collection":[{"href":"https:\/\/todotrial.com\/tienda\/wp-json\/wp\/v2\/product"}],"about":[{"href":"https:\/\/todotrial.com\/tienda\/wp-json\/wp\/v2\/types\/product"}],"replies":[{"embeddable":true,"href":"https:\/\/todotrial.com\/tienda\/wp-json\/wp\/v2\/comments?post=1072"}],"version-history":[{"count":0,"href":"https:\/\/todotrial.com\/tienda\/wp-json\/wp\/v2\/product\/1072\/revisions"}],"wp:featuredmedia":[{"embeddable":true,"href":"https:\/\/todotrial.com\/tienda\/wp-json\/wp\/v2\/media\/1071"}],"wp:attachment":[{"href":"https:\/\/todotrial.com\/tienda\/wp-json\/wp\/v2\/media?parent=1072"}],"wp:term":[{"taxonomy":"product_brand","embeddable":true,"href":"https:\/\/todotrial.com\/tienda\/wp-json\/wp\/v2\/product_brand?post=1072"},{"taxonomy":"product_cat","embeddable":true,"href":"https:\/\/todotrial.com\/tienda\/wp-json\/wp\/v2\/product_cat?post=1072"},{"taxonomy":"product_tag","embeddable":true,"href":"https:\/\/todotrial.com\/tienda\/wp-json\/wp\/v2\/product_tag?post=1072"}],"curies":[{"name":"wp","href":"https:\/\/api.w.org\/{rel}","templated":true}]}}