{"id":1070,"date":"2020-07-02T15:26:58","date_gmt":"2020-07-02T15:26:58","guid":{"rendered":"https:\/\/todotrial.com\/tienda\/product\/mundial-enduro-2006\/"},"modified":"2025-02-20T17:32:48","modified_gmt":"2025-02-20T16:32:48","slug":"mundial-enduro-2006","status":"publish","type":"product","link":"https:\/\/todotrial.com\/tienda\/mundial-enduro-2006\/","title":{"rendered":"Mundial de Enduro 2006"},"content":{"rendered":"<p>El Campeonato del Mundo de Enduro cruz\u00f3 el Atlantico por primera vez este a\u00f1o de 2006,con pruebas en USA, Canada a\u00f1adidas a las extendidas a trav\u00e9s de Europa desde el Sur de Espa\u00f1a hasta Suecia en el Norte y Eslovaquia en el Este.<\/p>\n<p>Podrian los pilotos de America del Norte,tomar ventaja de su actuaci\u00f3n en suelo patrio para derrotar a los mejores de Europa, Australia y Nueva Zelanda?. Las respuestas estan aqui en este detallado resumen de la temporada de 2006.<\/p>\n<p>David Knight de Isla de Man repetiria su victoria del 2005 en la categoria grande mientras que el finland\u00e9s Samuli Aro y el espa\u00f1ol Ivan Cervantes tambi\u00e9n retuvier\u00f3n la corona que ganaron el a\u00f1o pasado en las categorias ligera y media.<\/p>\n<p>Todos montaban KTM pero tuvieron mucha oposicion por parte de la compa\u00f1ia austriaca Husqvarna y tambien de Yamaha y Honda. Fue un gran a\u00f1o de competici\u00f3n internacional , en medio de los espectaculares paisajes.Las ocho rondas estan cubiertas en detalle por este film con dos horas de duraci\u00f3n<\/p>\n<p>Formato :DVD-Pal ;<br \/>Edita : Duke ;<br \/>Duraci\u00f3n 120 minutos ;<br \/>Idioma :Ingl\u00e9s<\/p>\n","protected":false},"excerpt":{"rendered":"<p>Campeonato Mundial de Enduro 2006 DVD<\/p>\n","protected":false},"featured_media":1069,"comment_status":"open","ping_status":"closed","template":"","meta":[],"product_brand":[],"product_cat":[15],"product_tag":[],"class_list":{"0":"post-1070","1":"product","2":"type-product","3":"status-publish","4":"has-post-thumbnail","6":"product_cat-uncategorized","8":"first","9":"instock","10":"taxable","11":"shipping-taxable","12":"purchasable","13":"product-type-simple"},"yoast_head":"<!-- This site is optimized with the Yoast SEO Premium plugin v21.2 (Yoast SEO v27.5) - https:\/\/yoast.com\/product\/yoast-seo-premium-wordpress\/ -->\n<title>Mundial de Enduro 2006 - Tienda de todotrial<\/title>\n<meta name=\"robots\" content=\"index, follow, max-snippet:-1, max-image-preview:large, max-video-preview:-1\" \/>\n<link rel=\"canonical\" href=\"https:\/\/todotrial.com\/tienda\/mundial-enduro-2006\/\" \/>\n<meta property=\"og:locale\" content=\"es_ES\" \/>\n<meta property=\"og:type\" content=\"article\" \/>\n<meta property=\"og:title\" content=\"Mundial de Enduro 2006\" \/>\n<meta property=\"og:description\" content=\"Campeonato Mundial de Enduro 2006 DVD\" \/>\n<meta property=\"og:url\" content=\"https:\/\/todotrial.com\/tienda\/mundial-enduro-2006\/\" \/>\n<meta property=\"og:site_name\" content=\"Tienda de todotrial\" \/>\n<meta property=\"article:modified_time\" content=\"2025-02-20T16:32:48+00:00\" \/>\n<meta property=\"og:image\" content=\"https:\/\/todotrial.com\/tienda\/wp-content\/uploads\/2020\/07\/2286.jpg\" \/>\n\t<meta property=\"og:image:width\" content=\"360\" \/>\n\t<meta property=\"og:image:height\" content=\"518\" \/>\n\t<meta property=\"og:image:type\" content=\"image\/jpeg\" \/>\n<meta name=\"twitter:card\" content=\"summary_large_image\" \/>\n<meta name=\"twitter:label1\" content=\"Tiempo de lectura\" \/>\n\t<meta name=\"twitter:data1\" content=\"1 minuto\" \/>\n<script type=\"application\/ld+json\" class=\"yoast-schema-graph\">{\"@context\":\"https:\\\/\\\/schema.org\",\"@graph\":[{\"@type\":\"WebPage\",\"@id\":\"https:\\\/\\\/todotrial.com\\\/tienda\\\/mundial-enduro-2006\\\/\",\"url\":\"https:\\\/\\\/todotrial.com\\\/tienda\\\/mundial-enduro-2006\\\/\",\"name\":\"Mundial de Enduro 2006 - Tienda de todotrial\",\"isPartOf\":{\"@id\":\"https:\\\/\\\/todotrial.com\\\/tienda\\\/#website\"},\"primaryImageOfPage\":{\"@id\":\"https:\\\/\\\/todotrial.com\\\/tienda\\\/mundial-enduro-2006\\\/#primaryimage\"},\"image\":{\"@id\":\"https:\\\/\\\/todotrial.com\\\/tienda\\\/mundial-enduro-2006\\\/#primaryimage\"},\"thumbnailUrl\":\"https:\\\/\\\/todotrial.com\\\/tienda\\\/wp-content\\\/uploads\\\/2020\\\/07\\\/2286.jpg\",\"datePublished\":\"2020-07-02T15:26:58+00:00\",\"dateModified\":\"2025-02-20T16:32:48+00:00\",\"breadcrumb\":{\"@id\":\"https:\\\/\\\/todotrial.com\\\/tienda\\\/mundial-enduro-2006\\\/#breadcrumb\"},\"inLanguage\":\"es\",\"potentialAction\":[{\"@type\":\"ReadAction\",\"target\":[\"https:\\\/\\\/todotrial.com\\\/tienda\\\/mundial-enduro-2006\\\/\"]}]},{\"@type\":\"ImageObject\",\"inLanguage\":\"es\",\"@id\":\"https:\\\/\\\/todotrial.com\\\/tienda\\\/mundial-enduro-2006\\\/#primaryimage\",\"url\":\"https:\\\/\\\/todotrial.com\\\/tienda\\\/wp-content\\\/uploads\\\/2020\\\/07\\\/2286.jpg\",\"contentUrl\":\"https:\\\/\\\/todotrial.com\\\/tienda\\\/wp-content\\\/uploads\\\/2020\\\/07\\\/2286.jpg\",\"width\":360,\"height\":518},{\"@type\":\"BreadcrumbList\",\"@id\":\"https:\\\/\\\/todotrial.com\\\/tienda\\\/mundial-enduro-2006\\\/#breadcrumb\",\"itemListElement\":[{\"@type\":\"ListItem\",\"position\":1,\"name\":\"Portada\",\"item\":\"https:\\\/\\\/todotrial.com\\\/tienda\\\/\"},{\"@type\":\"ListItem\",\"position\":2,\"name\":\"Shop\",\"item\":\"https:\\\/\\\/todotrial.com\\\/tienda\\\/shop\\\/\"},{\"@type\":\"ListItem\",\"position\":3,\"name\":\"Mundial de Enduro 2006\"}]},{\"@type\":\"WebSite\",\"@id\":\"https:\\\/\\\/todotrial.com\\\/tienda\\\/#website\",\"url\":\"https:\\\/\\\/todotrial.com\\\/tienda\\\/\",\"name\":\"Tienda de todotrial\",\"description\":\"\",\"potentialAction\":[{\"@type\":\"SearchAction\",\"target\":{\"@type\":\"EntryPoint\",\"urlTemplate\":\"https:\\\/\\\/todotrial.com\\\/tienda\\\/?s={search_term_string}\"},\"query-input\":{\"@type\":\"PropertyValueSpecification\",\"valueRequired\":true,\"valueName\":\"search_term_string\"}}],\"inLanguage\":\"es\"}]}<\/script>\n<!-- \/ Yoast SEO Premium plugin. -->","yoast_head_json":{"title":"Mundial de Enduro 2006 - Tienda de todotrial","robots":{"index":"index","follow":"follow","max-snippet":"max-snippet:-1","max-image-preview":"max-image-preview:large","max-video-preview":"max-video-preview:-1"},"canonical":"https:\/\/todotrial.com\/tienda\/mundial-enduro-2006\/","og_locale":"es_ES","og_type":"article","og_title":"Mundial de Enduro 2006","og_description":"Campeonato Mundial de Enduro 2006 DVD","og_url":"https:\/\/todotrial.com\/tienda\/mundial-enduro-2006\/","og_site_name":"Tienda de todotrial","article_modified_time":"2025-02-20T16:32:48+00:00","og_image":[{"width":360,"height":518,"url":"https:\/\/todotrial.com\/tienda\/wp-content\/uploads\/2020\/07\/2286.jpg","type":"image\/jpeg"}],"twitter_card":"summary_large_image","twitter_misc":{"Tiempo de lectura":"1 minuto"},"schema":{"@context":"https:\/\/schema.org","@graph":[{"@type":"WebPage","@id":"https:\/\/todotrial.com\/tienda\/mundial-enduro-2006\/","url":"https:\/\/todotrial.com\/tienda\/mundial-enduro-2006\/","name":"Mundial de Enduro 2006 - Tienda de todotrial","isPartOf":{"@id":"https:\/\/todotrial.com\/tienda\/#website"},"primaryImageOfPage":{"@id":"https:\/\/todotrial.com\/tienda\/mundial-enduro-2006\/#primaryimage"},"image":{"@id":"https:\/\/todotrial.com\/tienda\/mundial-enduro-2006\/#primaryimage"},"thumbnailUrl":"https:\/\/todotrial.com\/tienda\/wp-content\/uploads\/2020\/07\/2286.jpg","datePublished":"2020-07-02T15:26:58+00:00","dateModified":"2025-02-20T16:32:48+00:00","breadcrumb":{"@id":"https:\/\/todotrial.com\/tienda\/mundial-enduro-2006\/#breadcrumb"},"inLanguage":"es","potentialAction":[{"@type":"ReadAction","target":["https:\/\/todotrial.com\/tienda\/mundial-enduro-2006\/"]}]},{"@type":"ImageObject","inLanguage":"es","@id":"https:\/\/todotrial.com\/tienda\/mundial-enduro-2006\/#primaryimage","url":"https:\/\/todotrial.com\/tienda\/wp-content\/uploads\/2020\/07\/2286.jpg","contentUrl":"https:\/\/todotrial.com\/tienda\/wp-content\/uploads\/2020\/07\/2286.jpg","width":360,"height":518},{"@type":"BreadcrumbList","@id":"https:\/\/todotrial.com\/tienda\/mundial-enduro-2006\/#breadcrumb","itemListElement":[{"@type":"ListItem","position":1,"name":"Portada","item":"https:\/\/todotrial.com\/tienda\/"},{"@type":"ListItem","position":2,"name":"Shop","item":"https:\/\/todotrial.com\/tienda\/shop\/"},{"@type":"ListItem","position":3,"name":"Mundial de Enduro 2006"}]},{"@type":"WebSite","@id":"https:\/\/todotrial.com\/tienda\/#website","url":"https:\/\/todotrial.com\/tienda\/","name":"Tienda de todotrial","description":"","potentialAction":[{"@type":"SearchAction","target":{"@type":"EntryPoint","urlTemplate":"https:\/\/todotrial.com\/tienda\/?s={search_term_string}"},"query-input":{"@type":"PropertyValueSpecification","valueRequired":true,"valueName":"search_term_string"}}],"inLanguage":"es"}]}},"_links":{"self":[{"href":"https:\/\/todotrial.com\/tienda\/wp-json\/wp\/v2\/product\/1070","targetHints":{"allow":["GET"]}}],"collection":[{"href":"https:\/\/todotrial.com\/tienda\/wp-json\/wp\/v2\/product"}],"about":[{"href":"https:\/\/todotrial.com\/tienda\/wp-json\/wp\/v2\/types\/product"}],"replies":[{"embeddable":true,"href":"https:\/\/todotrial.com\/tienda\/wp-json\/wp\/v2\/comments?post=1070"}],"version-history":[{"count":0,"href":"https:\/\/todotrial.com\/tienda\/wp-json\/wp\/v2\/product\/1070\/revisions"}],"wp:featuredmedia":[{"embeddable":true,"href":"https:\/\/todotrial.com\/tienda\/wp-json\/wp\/v2\/media\/1069"}],"wp:attachment":[{"href":"https:\/\/todotrial.com\/tienda\/wp-json\/wp\/v2\/media?parent=1070"}],"wp:term":[{"taxonomy":"product_brand","embeddable":true,"href":"https:\/\/todotrial.com\/tienda\/wp-json\/wp\/v2\/product_brand?post=1070"},{"taxonomy":"product_cat","embeddable":true,"href":"https:\/\/todotrial.com\/tienda\/wp-json\/wp\/v2\/product_cat?post=1070"},{"taxonomy":"product_tag","embeddable":true,"href":"https:\/\/todotrial.com\/tienda\/wp-json\/wp\/v2\/product_tag?post=1070"}],"curies":[{"name":"wp","href":"https:\/\/api.w.org\/{rel}","templated":true}]}}