{"id":10687,"date":"2017-12-12T19:50:09","date_gmt":"2017-12-12T19:50:09","guid":{"rendered":"https:\/\/todotrial.com\/tienda\/product\/dvds-trial2017-12-12-19-50-09\/"},"modified":"2025-02-20T18:01:09","modified_gmt":"2025-02-20T17:01:09","slug":"dvds-trial2017-12-12-19-50-09","status":"publish","type":"product","link":"https:\/\/todotrial.com\/tienda\/dvds-trial2017-12-12-19-50-09\/","title":{"rendered":"The 2017 UK Trials Review"},"content":{"rendered":"<p>El DVD resumen anual de los Triales m\u00e1s importantes celebrados en el Reino Unido durante 2017. Im\u00e1genes del Trial Indoor de Sheffield, las principales pruebas del Campeonato Brit\u00e1nico de Trial, el Campeonato S3, el Campeonato de Escocial, el Campeonato Brit\u00e1nico femenino, el Campeonato Brit\u00e1nico de Trial de Cl\u00e1sicas Kia Twinshock y el Campeonato Brit\u00e1nico de Supertrial. Dan Thorpe comenta las im\u00e1genes.<\/p>\n","protected":false},"excerpt":{"rendered":"<p>The 2017 UK Trials Review<\/p>\n","protected":false},"featured_media":10686,"comment_status":"open","ping_status":"closed","template":"","meta":[],"product_brand":[],"product_cat":[15],"product_tag":[],"class_list":{"0":"post-10687","1":"product","2":"type-product","3":"status-publish","4":"has-post-thumbnail","6":"product_cat-uncategorized","8":"first","9":"instock","10":"taxable","11":"shipping-taxable","12":"purchasable","13":"product-type-simple"},"yoast_head":"<!-- This site is optimized with the Yoast SEO Premium plugin v21.2 (Yoast SEO v27.3) - https:\/\/yoast.com\/product\/yoast-seo-premium-wordpress\/ -->\n<title>The 2017 UK Trials Review - Tienda de todotrial<\/title>\n<meta name=\"robots\" content=\"index, follow, max-snippet:-1, max-image-preview:large, max-video-preview:-1\" \/>\n<link rel=\"canonical\" href=\"https:\/\/todotrial.com\/tienda\/dvds-trial2017-12-12-19-50-09\/\" \/>\n<meta property=\"og:locale\" content=\"es_ES\" \/>\n<meta property=\"og:type\" content=\"article\" \/>\n<meta property=\"og:title\" content=\"The 2017 UK Trials Review\" \/>\n<meta property=\"og:description\" content=\"The 2017 UK Trials Review\" \/>\n<meta property=\"og:url\" content=\"https:\/\/todotrial.com\/tienda\/dvds-trial2017-12-12-19-50-09\/\" \/>\n<meta property=\"og:site_name\" content=\"Tienda de todotrial\" \/>\n<meta property=\"article:modified_time\" content=\"2025-02-20T17:01:09+00:00\" \/>\n<meta property=\"og:image\" content=\"https:\/\/todotrial.com\/tienda\/wp-content\/uploads\/2017\/12\/4e8da5eaf0209fa7f25052d75c385705.jpg\" \/>\n\t<meta property=\"og:image:width\" content=\"450\" \/>\n\t<meta property=\"og:image:height\" content=\"300\" \/>\n\t<meta property=\"og:image:type\" content=\"image\/jpeg\" \/>\n<meta name=\"twitter:card\" content=\"summary_large_image\" \/>\n<script type=\"application\/ld+json\" class=\"yoast-schema-graph\">{\"@context\":\"https:\\\/\\\/schema.org\",\"@graph\":[{\"@type\":\"WebPage\",\"@id\":\"https:\\\/\\\/todotrial.com\\\/tienda\\\/dvds-trial2017-12-12-19-50-09\\\/\",\"url\":\"https:\\\/\\\/todotrial.com\\\/tienda\\\/dvds-trial2017-12-12-19-50-09\\\/\",\"name\":\"The 2017 UK Trials Review - Tienda de todotrial\",\"isPartOf\":{\"@id\":\"https:\\\/\\\/todotrial.com\\\/tienda\\\/#website\"},\"primaryImageOfPage\":{\"@id\":\"https:\\\/\\\/todotrial.com\\\/tienda\\\/dvds-trial2017-12-12-19-50-09\\\/#primaryimage\"},\"image\":{\"@id\":\"https:\\\/\\\/todotrial.com\\\/tienda\\\/dvds-trial2017-12-12-19-50-09\\\/#primaryimage\"},\"thumbnailUrl\":\"https:\\\/\\\/todotrial.com\\\/tienda\\\/wp-content\\\/uploads\\\/2017\\\/12\\\/4e8da5eaf0209fa7f25052d75c385705.jpg\",\"datePublished\":\"2017-12-12T19:50:09+00:00\",\"dateModified\":\"2025-02-20T17:01:09+00:00\",\"breadcrumb\":{\"@id\":\"https:\\\/\\\/todotrial.com\\\/tienda\\\/dvds-trial2017-12-12-19-50-09\\\/#breadcrumb\"},\"inLanguage\":\"es\",\"potentialAction\":[{\"@type\":\"ReadAction\",\"target\":[\"https:\\\/\\\/todotrial.com\\\/tienda\\\/dvds-trial2017-12-12-19-50-09\\\/\"]}]},{\"@type\":\"ImageObject\",\"inLanguage\":\"es\",\"@id\":\"https:\\\/\\\/todotrial.com\\\/tienda\\\/dvds-trial2017-12-12-19-50-09\\\/#primaryimage\",\"url\":\"https:\\\/\\\/todotrial.com\\\/tienda\\\/wp-content\\\/uploads\\\/2017\\\/12\\\/4e8da5eaf0209fa7f25052d75c385705.jpg\",\"contentUrl\":\"https:\\\/\\\/todotrial.com\\\/tienda\\\/wp-content\\\/uploads\\\/2017\\\/12\\\/4e8da5eaf0209fa7f25052d75c385705.jpg\",\"width\":450,\"height\":300},{\"@type\":\"BreadcrumbList\",\"@id\":\"https:\\\/\\\/todotrial.com\\\/tienda\\\/dvds-trial2017-12-12-19-50-09\\\/#breadcrumb\",\"itemListElement\":[{\"@type\":\"ListItem\",\"position\":1,\"name\":\"Portada\",\"item\":\"https:\\\/\\\/todotrial.com\\\/tienda\\\/\"},{\"@type\":\"ListItem\",\"position\":2,\"name\":\"Shop\",\"item\":\"https:\\\/\\\/todotrial.com\\\/tienda\\\/shop\\\/\"},{\"@type\":\"ListItem\",\"position\":3,\"name\":\"The 2017 UK Trials Review\"}]},{\"@type\":\"WebSite\",\"@id\":\"https:\\\/\\\/todotrial.com\\\/tienda\\\/#website\",\"url\":\"https:\\\/\\\/todotrial.com\\\/tienda\\\/\",\"name\":\"Tienda de todotrial\",\"description\":\"\",\"potentialAction\":[{\"@type\":\"SearchAction\",\"target\":{\"@type\":\"EntryPoint\",\"urlTemplate\":\"https:\\\/\\\/todotrial.com\\\/tienda\\\/?s={search_term_string}\"},\"query-input\":{\"@type\":\"PropertyValueSpecification\",\"valueRequired\":true,\"valueName\":\"search_term_string\"}}],\"inLanguage\":\"es\"}]}<\/script>\n<!-- \/ Yoast SEO Premium plugin. -->","yoast_head_json":{"title":"The 2017 UK Trials Review - Tienda de todotrial","robots":{"index":"index","follow":"follow","max-snippet":"max-snippet:-1","max-image-preview":"max-image-preview:large","max-video-preview":"max-video-preview:-1"},"canonical":"https:\/\/todotrial.com\/tienda\/dvds-trial2017-12-12-19-50-09\/","og_locale":"es_ES","og_type":"article","og_title":"The 2017 UK Trials Review","og_description":"The 2017 UK Trials Review","og_url":"https:\/\/todotrial.com\/tienda\/dvds-trial2017-12-12-19-50-09\/","og_site_name":"Tienda de todotrial","article_modified_time":"2025-02-20T17:01:09+00:00","og_image":[{"width":450,"height":300,"url":"https:\/\/todotrial.com\/tienda\/wp-content\/uploads\/2017\/12\/4e8da5eaf0209fa7f25052d75c385705.jpg","type":"image\/jpeg"}],"twitter_card":"summary_large_image","schema":{"@context":"https:\/\/schema.org","@graph":[{"@type":"WebPage","@id":"https:\/\/todotrial.com\/tienda\/dvds-trial2017-12-12-19-50-09\/","url":"https:\/\/todotrial.com\/tienda\/dvds-trial2017-12-12-19-50-09\/","name":"The 2017 UK Trials Review - Tienda de todotrial","isPartOf":{"@id":"https:\/\/todotrial.com\/tienda\/#website"},"primaryImageOfPage":{"@id":"https:\/\/todotrial.com\/tienda\/dvds-trial2017-12-12-19-50-09\/#primaryimage"},"image":{"@id":"https:\/\/todotrial.com\/tienda\/dvds-trial2017-12-12-19-50-09\/#primaryimage"},"thumbnailUrl":"https:\/\/todotrial.com\/tienda\/wp-content\/uploads\/2017\/12\/4e8da5eaf0209fa7f25052d75c385705.jpg","datePublished":"2017-12-12T19:50:09+00:00","dateModified":"2025-02-20T17:01:09+00:00","breadcrumb":{"@id":"https:\/\/todotrial.com\/tienda\/dvds-trial2017-12-12-19-50-09\/#breadcrumb"},"inLanguage":"es","potentialAction":[{"@type":"ReadAction","target":["https:\/\/todotrial.com\/tienda\/dvds-trial2017-12-12-19-50-09\/"]}]},{"@type":"ImageObject","inLanguage":"es","@id":"https:\/\/todotrial.com\/tienda\/dvds-trial2017-12-12-19-50-09\/#primaryimage","url":"https:\/\/todotrial.com\/tienda\/wp-content\/uploads\/2017\/12\/4e8da5eaf0209fa7f25052d75c385705.jpg","contentUrl":"https:\/\/todotrial.com\/tienda\/wp-content\/uploads\/2017\/12\/4e8da5eaf0209fa7f25052d75c385705.jpg","width":450,"height":300},{"@type":"BreadcrumbList","@id":"https:\/\/todotrial.com\/tienda\/dvds-trial2017-12-12-19-50-09\/#breadcrumb","itemListElement":[{"@type":"ListItem","position":1,"name":"Portada","item":"https:\/\/todotrial.com\/tienda\/"},{"@type":"ListItem","position":2,"name":"Shop","item":"https:\/\/todotrial.com\/tienda\/shop\/"},{"@type":"ListItem","position":3,"name":"The 2017 UK Trials Review"}]},{"@type":"WebSite","@id":"https:\/\/todotrial.com\/tienda\/#website","url":"https:\/\/todotrial.com\/tienda\/","name":"Tienda de todotrial","description":"","potentialAction":[{"@type":"SearchAction","target":{"@type":"EntryPoint","urlTemplate":"https:\/\/todotrial.com\/tienda\/?s={search_term_string}"},"query-input":{"@type":"PropertyValueSpecification","valueRequired":true,"valueName":"search_term_string"}}],"inLanguage":"es"}]}},"_links":{"self":[{"href":"https:\/\/todotrial.com\/tienda\/wp-json\/wp\/v2\/product\/10687","targetHints":{"allow":["GET"]}}],"collection":[{"href":"https:\/\/todotrial.com\/tienda\/wp-json\/wp\/v2\/product"}],"about":[{"href":"https:\/\/todotrial.com\/tienda\/wp-json\/wp\/v2\/types\/product"}],"replies":[{"embeddable":true,"href":"https:\/\/todotrial.com\/tienda\/wp-json\/wp\/v2\/comments?post=10687"}],"version-history":[{"count":0,"href":"https:\/\/todotrial.com\/tienda\/wp-json\/wp\/v2\/product\/10687\/revisions"}],"wp:featuredmedia":[{"embeddable":true,"href":"https:\/\/todotrial.com\/tienda\/wp-json\/wp\/v2\/media\/10686"}],"wp:attachment":[{"href":"https:\/\/todotrial.com\/tienda\/wp-json\/wp\/v2\/media?parent=10687"}],"wp:term":[{"taxonomy":"product_brand","embeddable":true,"href":"https:\/\/todotrial.com\/tienda\/wp-json\/wp\/v2\/product_brand?post=10687"},{"taxonomy":"product_cat","embeddable":true,"href":"https:\/\/todotrial.com\/tienda\/wp-json\/wp\/v2\/product_cat?post=10687"},{"taxonomy":"product_tag","embeddable":true,"href":"https:\/\/todotrial.com\/tienda\/wp-json\/wp\/v2\/product_tag?post=10687"}],"curies":[{"name":"wp","href":"https:\/\/api.w.org\/{rel}","templated":true}]}}