{"id":10679,"date":"2017-12-12T18:19:13","date_gmt":"2017-12-12T18:19:13","guid":{"rendered":"https:\/\/todotrial.com\/tienda\/product\/dvds-trial2017-12-12-18-19-13\/"},"modified":"2025-02-20T18:01:14","modified_gmt":"2025-02-20T17:01:14","slug":"dvds-trial2017-12-12-18-19-13","status":"publish","type":"product","link":"https:\/\/todotrial.com\/tienda\/dvds-trial2017-12-12-18-19-13\/","title":{"rendered":"Sheffield Indoor 2017 DVD"},"content":{"rendered":"<p>DVD de 65 minutos del popular Trial Indoor de Sheffield en su edici\u00f3n de 2017. Aunque no form\u00f3 parte del Campeonato Mundial, cont\u00f3 con la participaci\u00f3n de Toni Bou, Adam Raga, Jeroni Fajardo, James Dabill, Jaime Busto y Jack Price.<\/p>\n","protected":false},"excerpt":{"rendered":"<p>Sheffield Indoor 2017 DVD<\/p>\n","protected":false},"featured_media":10678,"comment_status":"open","ping_status":"closed","template":"","meta":[],"product_brand":[],"product_cat":[15],"product_tag":[],"class_list":{"0":"post-10679","1":"product","2":"type-product","3":"status-publish","4":"has-post-thumbnail","6":"product_cat-uncategorized","8":"first","9":"instock","10":"taxable","11":"shipping-taxable","12":"purchasable","13":"product-type-simple"},"yoast_head":"<!-- This site is optimized with the Yoast SEO Premium plugin v21.2 (Yoast SEO v27.3) - https:\/\/yoast.com\/product\/yoast-seo-premium-wordpress\/ -->\n<title>Sheffield Indoor 2017 DVD - Tienda de todotrial<\/title>\n<meta name=\"robots\" content=\"index, follow, max-snippet:-1, max-image-preview:large, max-video-preview:-1\" \/>\n<link rel=\"canonical\" href=\"https:\/\/todotrial.com\/tienda\/dvds-trial2017-12-12-18-19-13\/\" \/>\n<meta property=\"og:locale\" content=\"es_ES\" \/>\n<meta property=\"og:type\" content=\"article\" \/>\n<meta property=\"og:title\" content=\"Sheffield Indoor 2017 DVD\" \/>\n<meta property=\"og:description\" content=\"Sheffield Indoor 2017 DVD\" \/>\n<meta property=\"og:url\" content=\"https:\/\/todotrial.com\/tienda\/dvds-trial2017-12-12-18-19-13\/\" \/>\n<meta property=\"og:site_name\" content=\"Tienda de todotrial\" \/>\n<meta property=\"article:modified_time\" content=\"2025-02-20T17:01:14+00:00\" \/>\n<meta property=\"og:image\" content=\"https:\/\/todotrial.com\/tienda\/wp-content\/uploads\/2017\/12\/7f5448966e5a6b825363da918909d5a2.jpg\" \/>\n\t<meta property=\"og:image:width\" content=\"450\" \/>\n\t<meta property=\"og:image:height\" content=\"300\" \/>\n\t<meta property=\"og:image:type\" content=\"image\/jpeg\" \/>\n<meta name=\"twitter:card\" content=\"summary_large_image\" \/>\n<script type=\"application\/ld+json\" class=\"yoast-schema-graph\">{\"@context\":\"https:\\\/\\\/schema.org\",\"@graph\":[{\"@type\":\"WebPage\",\"@id\":\"https:\\\/\\\/todotrial.com\\\/tienda\\\/dvds-trial2017-12-12-18-19-13\\\/\",\"url\":\"https:\\\/\\\/todotrial.com\\\/tienda\\\/dvds-trial2017-12-12-18-19-13\\\/\",\"name\":\"Sheffield Indoor 2017 DVD - Tienda de todotrial\",\"isPartOf\":{\"@id\":\"https:\\\/\\\/todotrial.com\\\/tienda\\\/#website\"},\"primaryImageOfPage\":{\"@id\":\"https:\\\/\\\/todotrial.com\\\/tienda\\\/dvds-trial2017-12-12-18-19-13\\\/#primaryimage\"},\"image\":{\"@id\":\"https:\\\/\\\/todotrial.com\\\/tienda\\\/dvds-trial2017-12-12-18-19-13\\\/#primaryimage\"},\"thumbnailUrl\":\"https:\\\/\\\/todotrial.com\\\/tienda\\\/wp-content\\\/uploads\\\/2017\\\/12\\\/7f5448966e5a6b825363da918909d5a2.jpg\",\"datePublished\":\"2017-12-12T18:19:13+00:00\",\"dateModified\":\"2025-02-20T17:01:14+00:00\",\"breadcrumb\":{\"@id\":\"https:\\\/\\\/todotrial.com\\\/tienda\\\/dvds-trial2017-12-12-18-19-13\\\/#breadcrumb\"},\"inLanguage\":\"es\",\"potentialAction\":[{\"@type\":\"ReadAction\",\"target\":[\"https:\\\/\\\/todotrial.com\\\/tienda\\\/dvds-trial2017-12-12-18-19-13\\\/\"]}]},{\"@type\":\"ImageObject\",\"inLanguage\":\"es\",\"@id\":\"https:\\\/\\\/todotrial.com\\\/tienda\\\/dvds-trial2017-12-12-18-19-13\\\/#primaryimage\",\"url\":\"https:\\\/\\\/todotrial.com\\\/tienda\\\/wp-content\\\/uploads\\\/2017\\\/12\\\/7f5448966e5a6b825363da918909d5a2.jpg\",\"contentUrl\":\"https:\\\/\\\/todotrial.com\\\/tienda\\\/wp-content\\\/uploads\\\/2017\\\/12\\\/7f5448966e5a6b825363da918909d5a2.jpg\",\"width\":450,\"height\":300},{\"@type\":\"BreadcrumbList\",\"@id\":\"https:\\\/\\\/todotrial.com\\\/tienda\\\/dvds-trial2017-12-12-18-19-13\\\/#breadcrumb\",\"itemListElement\":[{\"@type\":\"ListItem\",\"position\":1,\"name\":\"Portada\",\"item\":\"https:\\\/\\\/todotrial.com\\\/tienda\\\/\"},{\"@type\":\"ListItem\",\"position\":2,\"name\":\"Shop\",\"item\":\"https:\\\/\\\/todotrial.com\\\/tienda\\\/shop\\\/\"},{\"@type\":\"ListItem\",\"position\":3,\"name\":\"Sheffield Indoor 2017 DVD\"}]},{\"@type\":\"WebSite\",\"@id\":\"https:\\\/\\\/todotrial.com\\\/tienda\\\/#website\",\"url\":\"https:\\\/\\\/todotrial.com\\\/tienda\\\/\",\"name\":\"Tienda de todotrial\",\"description\":\"\",\"potentialAction\":[{\"@type\":\"SearchAction\",\"target\":{\"@type\":\"EntryPoint\",\"urlTemplate\":\"https:\\\/\\\/todotrial.com\\\/tienda\\\/?s={search_term_string}\"},\"query-input\":{\"@type\":\"PropertyValueSpecification\",\"valueRequired\":true,\"valueName\":\"search_term_string\"}}],\"inLanguage\":\"es\"}]}<\/script>\n<!-- \/ Yoast SEO Premium plugin. -->","yoast_head_json":{"title":"Sheffield Indoor 2017 DVD - Tienda de todotrial","robots":{"index":"index","follow":"follow","max-snippet":"max-snippet:-1","max-image-preview":"max-image-preview:large","max-video-preview":"max-video-preview:-1"},"canonical":"https:\/\/todotrial.com\/tienda\/dvds-trial2017-12-12-18-19-13\/","og_locale":"es_ES","og_type":"article","og_title":"Sheffield Indoor 2017 DVD","og_description":"Sheffield Indoor 2017 DVD","og_url":"https:\/\/todotrial.com\/tienda\/dvds-trial2017-12-12-18-19-13\/","og_site_name":"Tienda de todotrial","article_modified_time":"2025-02-20T17:01:14+00:00","og_image":[{"width":450,"height":300,"url":"https:\/\/todotrial.com\/tienda\/wp-content\/uploads\/2017\/12\/7f5448966e5a6b825363da918909d5a2.jpg","type":"image\/jpeg"}],"twitter_card":"summary_large_image","schema":{"@context":"https:\/\/schema.org","@graph":[{"@type":"WebPage","@id":"https:\/\/todotrial.com\/tienda\/dvds-trial2017-12-12-18-19-13\/","url":"https:\/\/todotrial.com\/tienda\/dvds-trial2017-12-12-18-19-13\/","name":"Sheffield Indoor 2017 DVD - Tienda de todotrial","isPartOf":{"@id":"https:\/\/todotrial.com\/tienda\/#website"},"primaryImageOfPage":{"@id":"https:\/\/todotrial.com\/tienda\/dvds-trial2017-12-12-18-19-13\/#primaryimage"},"image":{"@id":"https:\/\/todotrial.com\/tienda\/dvds-trial2017-12-12-18-19-13\/#primaryimage"},"thumbnailUrl":"https:\/\/todotrial.com\/tienda\/wp-content\/uploads\/2017\/12\/7f5448966e5a6b825363da918909d5a2.jpg","datePublished":"2017-12-12T18:19:13+00:00","dateModified":"2025-02-20T17:01:14+00:00","breadcrumb":{"@id":"https:\/\/todotrial.com\/tienda\/dvds-trial2017-12-12-18-19-13\/#breadcrumb"},"inLanguage":"es","potentialAction":[{"@type":"ReadAction","target":["https:\/\/todotrial.com\/tienda\/dvds-trial2017-12-12-18-19-13\/"]}]},{"@type":"ImageObject","inLanguage":"es","@id":"https:\/\/todotrial.com\/tienda\/dvds-trial2017-12-12-18-19-13\/#primaryimage","url":"https:\/\/todotrial.com\/tienda\/wp-content\/uploads\/2017\/12\/7f5448966e5a6b825363da918909d5a2.jpg","contentUrl":"https:\/\/todotrial.com\/tienda\/wp-content\/uploads\/2017\/12\/7f5448966e5a6b825363da918909d5a2.jpg","width":450,"height":300},{"@type":"BreadcrumbList","@id":"https:\/\/todotrial.com\/tienda\/dvds-trial2017-12-12-18-19-13\/#breadcrumb","itemListElement":[{"@type":"ListItem","position":1,"name":"Portada","item":"https:\/\/todotrial.com\/tienda\/"},{"@type":"ListItem","position":2,"name":"Shop","item":"https:\/\/todotrial.com\/tienda\/shop\/"},{"@type":"ListItem","position":3,"name":"Sheffield Indoor 2017 DVD"}]},{"@type":"WebSite","@id":"https:\/\/todotrial.com\/tienda\/#website","url":"https:\/\/todotrial.com\/tienda\/","name":"Tienda de todotrial","description":"","potentialAction":[{"@type":"SearchAction","target":{"@type":"EntryPoint","urlTemplate":"https:\/\/todotrial.com\/tienda\/?s={search_term_string}"},"query-input":{"@type":"PropertyValueSpecification","valueRequired":true,"valueName":"search_term_string"}}],"inLanguage":"es"}]}},"_links":{"self":[{"href":"https:\/\/todotrial.com\/tienda\/wp-json\/wp\/v2\/product\/10679","targetHints":{"allow":["GET"]}}],"collection":[{"href":"https:\/\/todotrial.com\/tienda\/wp-json\/wp\/v2\/product"}],"about":[{"href":"https:\/\/todotrial.com\/tienda\/wp-json\/wp\/v2\/types\/product"}],"replies":[{"embeddable":true,"href":"https:\/\/todotrial.com\/tienda\/wp-json\/wp\/v2\/comments?post=10679"}],"version-history":[{"count":0,"href":"https:\/\/todotrial.com\/tienda\/wp-json\/wp\/v2\/product\/10679\/revisions"}],"wp:featuredmedia":[{"embeddable":true,"href":"https:\/\/todotrial.com\/tienda\/wp-json\/wp\/v2\/media\/10678"}],"wp:attachment":[{"href":"https:\/\/todotrial.com\/tienda\/wp-json\/wp\/v2\/media?parent=10679"}],"wp:term":[{"taxonomy":"product_brand","embeddable":true,"href":"https:\/\/todotrial.com\/tienda\/wp-json\/wp\/v2\/product_brand?post=10679"},{"taxonomy":"product_cat","embeddable":true,"href":"https:\/\/todotrial.com\/tienda\/wp-json\/wp\/v2\/product_cat?post=10679"},{"taxonomy":"product_tag","embeddable":true,"href":"https:\/\/todotrial.com\/tienda\/wp-json\/wp\/v2\/product_tag?post=10679"}],"curies":[{"name":"wp","href":"https:\/\/api.w.org\/{rel}","templated":true}]}}