{"id":1060,"date":"2020-07-02T15:26:22","date_gmt":"2020-07-02T15:26:22","guid":{"rendered":"https:\/\/todotrial.com\/tienda\/product\/motocross-2008-dvd\/"},"modified":"2025-02-20T17:32:52","modified_gmt":"2025-02-20T16:32:52","slug":"motocross-2008-dvd","status":"publish","type":"product","link":"https:\/\/todotrial.com\/tienda\/motocross-2008-dvd\/","title":{"rendered":"Mundial  Motocross 2008 (2 discos)"},"content":{"rendered":"<p>Este es el resumen oficial del Campeonato del Mundo de Motocross 2008, que adem\u00e1s para contener m\u00e1s acci\u00f3n que nunca viene con 2 DVDs!!!<\/p>\n<p>Prep\u00e1rate para ver m\u00e1s de 5 horas de la m\u00e1s emocionante acci\u00f3n en el mundo del motocross, una cobertura completa de cada una de las pruebas de la temporada en las categor\u00edas MX1 y MX2.<\/p>\n<p>Las tomas de las c\u00e1maras con los mejores angulos nos proporcionan todas las emociones en impresionantes escenas de acci\u00f3n, adem\u00e1s hay noticias, entrevistas, presentaciones, un resumen de la incre\u00edble temporada y los resultados de cada carrera.<\/p>\n<p>Ambas batallas por el t\u00edtulo no se decidieron hasta la \u00faltima carrera con los h\u00e9roes de MX1 David Philippaerts, Steve Ramon y Ken de Dycker enzarzados en una apretada batalla durante todo el a\u00f1o, y en MX2 Tyla Rattray y Tommy Searle teniendo su lucha particular hasta el \u00faltimo d\u00eda.<\/p>\n<p>Adem\u00e1s en esta ocasi\u00f3n los aficionados pudieron ver el esperado retorno del equipo de f\u00e1brica Honda para luchar contra los poderosos equipos de Yamahas, Suzukis, KTMs y Kawasakis. Tambi\u00e9n la atenci\u00f3n estuvo en Josh Coppins y sus esperanzas de recuperaci\u00f3n de la lesi\u00f3n sufrida en la temporada 2007. El Mundial de Motocross FIM 2008 fue apasionante de principio a fin.<\/p>\n<p>Este resumen le trae cada momento vital de las 15 carreras, casi todas sobre polvo y barro, en lo que ha sido una inolvidable y fascinante temporada.<\/p>\n<p>Formato: PAL-DVD.<br \/>Duraci\u00f3n:320 minutos<br \/>Edita:Duke<br \/>Idioma: Ingl\u00e9s<\/p>\n","protected":false},"excerpt":{"rendered":"<p>Campeonato Mundial de Motocross 2008 (2 discos) DVD<\/p>\n","protected":false},"featured_media":1059,"comment_status":"open","ping_status":"closed","template":"","meta":[],"product_brand":[],"product_cat":[15],"product_tag":[],"class_list":{"0":"post-1060","1":"product","2":"type-product","3":"status-publish","4":"has-post-thumbnail","6":"product_cat-uncategorized","8":"first","9":"instock","10":"taxable","11":"shipping-taxable","12":"purchasable","13":"product-type-simple"},"yoast_head":"<!-- This site is optimized with the Yoast SEO Premium plugin v21.2 (Yoast SEO v27.5) - https:\/\/yoast.com\/product\/yoast-seo-premium-wordpress\/ -->\n<title>Mundial Motocross 2008 (2 discos) - Tienda de todotrial<\/title>\n<meta name=\"robots\" content=\"index, follow, max-snippet:-1, max-image-preview:large, max-video-preview:-1\" \/>\n<link rel=\"canonical\" href=\"https:\/\/todotrial.com\/tienda\/motocross-2008-dvd\/\" \/>\n<meta property=\"og:locale\" content=\"es_ES\" \/>\n<meta property=\"og:type\" content=\"article\" \/>\n<meta property=\"og:title\" content=\"Mundial Motocross 2008 (2 discos)\" \/>\n<meta property=\"og:description\" content=\"Campeonato Mundial de Motocross 2008 (2 discos) DVD\" \/>\n<meta property=\"og:url\" content=\"https:\/\/todotrial.com\/tienda\/motocross-2008-dvd\/\" \/>\n<meta property=\"og:site_name\" content=\"Tienda de todotrial\" \/>\n<meta property=\"article:modified_time\" content=\"2025-02-20T16:32:52+00:00\" \/>\n<meta property=\"og:image\" content=\"https:\/\/todotrial.com\/tienda\/wp-content\/uploads\/2020\/07\/mundial_mx_2008.jpg\" \/>\n\t<meta property=\"og:image:width\" content=\"300\" \/>\n\t<meta property=\"og:image:height\" content=\"430\" \/>\n\t<meta property=\"og:image:type\" content=\"image\/jpeg\" \/>\n<meta name=\"twitter:card\" content=\"summary_large_image\" \/>\n<meta name=\"twitter:label1\" content=\"Tiempo de lectura\" \/>\n\t<meta name=\"twitter:data1\" content=\"1 minuto\" \/>\n<script type=\"application\/ld+json\" class=\"yoast-schema-graph\">{\"@context\":\"https:\\\/\\\/schema.org\",\"@graph\":[{\"@type\":\"WebPage\",\"@id\":\"https:\\\/\\\/todotrial.com\\\/tienda\\\/motocross-2008-dvd\\\/\",\"url\":\"https:\\\/\\\/todotrial.com\\\/tienda\\\/motocross-2008-dvd\\\/\",\"name\":\"Mundial Motocross 2008 (2 discos) - Tienda de todotrial\",\"isPartOf\":{\"@id\":\"https:\\\/\\\/todotrial.com\\\/tienda\\\/#website\"},\"primaryImageOfPage\":{\"@id\":\"https:\\\/\\\/todotrial.com\\\/tienda\\\/motocross-2008-dvd\\\/#primaryimage\"},\"image\":{\"@id\":\"https:\\\/\\\/todotrial.com\\\/tienda\\\/motocross-2008-dvd\\\/#primaryimage\"},\"thumbnailUrl\":\"https:\\\/\\\/todotrial.com\\\/tienda\\\/wp-content\\\/uploads\\\/2020\\\/07\\\/mundial_mx_2008.jpg\",\"datePublished\":\"2020-07-02T15:26:22+00:00\",\"dateModified\":\"2025-02-20T16:32:52+00:00\",\"breadcrumb\":{\"@id\":\"https:\\\/\\\/todotrial.com\\\/tienda\\\/motocross-2008-dvd\\\/#breadcrumb\"},\"inLanguage\":\"es\",\"potentialAction\":[{\"@type\":\"ReadAction\",\"target\":[\"https:\\\/\\\/todotrial.com\\\/tienda\\\/motocross-2008-dvd\\\/\"]}]},{\"@type\":\"ImageObject\",\"inLanguage\":\"es\",\"@id\":\"https:\\\/\\\/todotrial.com\\\/tienda\\\/motocross-2008-dvd\\\/#primaryimage\",\"url\":\"https:\\\/\\\/todotrial.com\\\/tienda\\\/wp-content\\\/uploads\\\/2020\\\/07\\\/mundial_mx_2008.jpg\",\"contentUrl\":\"https:\\\/\\\/todotrial.com\\\/tienda\\\/wp-content\\\/uploads\\\/2020\\\/07\\\/mundial_mx_2008.jpg\",\"width\":300,\"height\":430},{\"@type\":\"BreadcrumbList\",\"@id\":\"https:\\\/\\\/todotrial.com\\\/tienda\\\/motocross-2008-dvd\\\/#breadcrumb\",\"itemListElement\":[{\"@type\":\"ListItem\",\"position\":1,\"name\":\"Portada\",\"item\":\"https:\\\/\\\/todotrial.com\\\/tienda\\\/\"},{\"@type\":\"ListItem\",\"position\":2,\"name\":\"Shop\",\"item\":\"https:\\\/\\\/todotrial.com\\\/tienda\\\/shop\\\/\"},{\"@type\":\"ListItem\",\"position\":3,\"name\":\"Mundial Motocross 2008 (2 discos)\"}]},{\"@type\":\"WebSite\",\"@id\":\"https:\\\/\\\/todotrial.com\\\/tienda\\\/#website\",\"url\":\"https:\\\/\\\/todotrial.com\\\/tienda\\\/\",\"name\":\"Tienda de todotrial\",\"description\":\"\",\"potentialAction\":[{\"@type\":\"SearchAction\",\"target\":{\"@type\":\"EntryPoint\",\"urlTemplate\":\"https:\\\/\\\/todotrial.com\\\/tienda\\\/?s={search_term_string}\"},\"query-input\":{\"@type\":\"PropertyValueSpecification\",\"valueRequired\":true,\"valueName\":\"search_term_string\"}}],\"inLanguage\":\"es\"}]}<\/script>\n<!-- \/ Yoast SEO Premium plugin. -->","yoast_head_json":{"title":"Mundial Motocross 2008 (2 discos) - Tienda de todotrial","robots":{"index":"index","follow":"follow","max-snippet":"max-snippet:-1","max-image-preview":"max-image-preview:large","max-video-preview":"max-video-preview:-1"},"canonical":"https:\/\/todotrial.com\/tienda\/motocross-2008-dvd\/","og_locale":"es_ES","og_type":"article","og_title":"Mundial Motocross 2008 (2 discos)","og_description":"Campeonato Mundial de Motocross 2008 (2 discos) DVD","og_url":"https:\/\/todotrial.com\/tienda\/motocross-2008-dvd\/","og_site_name":"Tienda de todotrial","article_modified_time":"2025-02-20T16:32:52+00:00","og_image":[{"width":300,"height":430,"url":"https:\/\/todotrial.com\/tienda\/wp-content\/uploads\/2020\/07\/mundial_mx_2008.jpg","type":"image\/jpeg"}],"twitter_card":"summary_large_image","twitter_misc":{"Tiempo de lectura":"1 minuto"},"schema":{"@context":"https:\/\/schema.org","@graph":[{"@type":"WebPage","@id":"https:\/\/todotrial.com\/tienda\/motocross-2008-dvd\/","url":"https:\/\/todotrial.com\/tienda\/motocross-2008-dvd\/","name":"Mundial Motocross 2008 (2 discos) - Tienda de todotrial","isPartOf":{"@id":"https:\/\/todotrial.com\/tienda\/#website"},"primaryImageOfPage":{"@id":"https:\/\/todotrial.com\/tienda\/motocross-2008-dvd\/#primaryimage"},"image":{"@id":"https:\/\/todotrial.com\/tienda\/motocross-2008-dvd\/#primaryimage"},"thumbnailUrl":"https:\/\/todotrial.com\/tienda\/wp-content\/uploads\/2020\/07\/mundial_mx_2008.jpg","datePublished":"2020-07-02T15:26:22+00:00","dateModified":"2025-02-20T16:32:52+00:00","breadcrumb":{"@id":"https:\/\/todotrial.com\/tienda\/motocross-2008-dvd\/#breadcrumb"},"inLanguage":"es","potentialAction":[{"@type":"ReadAction","target":["https:\/\/todotrial.com\/tienda\/motocross-2008-dvd\/"]}]},{"@type":"ImageObject","inLanguage":"es","@id":"https:\/\/todotrial.com\/tienda\/motocross-2008-dvd\/#primaryimage","url":"https:\/\/todotrial.com\/tienda\/wp-content\/uploads\/2020\/07\/mundial_mx_2008.jpg","contentUrl":"https:\/\/todotrial.com\/tienda\/wp-content\/uploads\/2020\/07\/mundial_mx_2008.jpg","width":300,"height":430},{"@type":"BreadcrumbList","@id":"https:\/\/todotrial.com\/tienda\/motocross-2008-dvd\/#breadcrumb","itemListElement":[{"@type":"ListItem","position":1,"name":"Portada","item":"https:\/\/todotrial.com\/tienda\/"},{"@type":"ListItem","position":2,"name":"Shop","item":"https:\/\/todotrial.com\/tienda\/shop\/"},{"@type":"ListItem","position":3,"name":"Mundial Motocross 2008 (2 discos)"}]},{"@type":"WebSite","@id":"https:\/\/todotrial.com\/tienda\/#website","url":"https:\/\/todotrial.com\/tienda\/","name":"Tienda de todotrial","description":"","potentialAction":[{"@type":"SearchAction","target":{"@type":"EntryPoint","urlTemplate":"https:\/\/todotrial.com\/tienda\/?s={search_term_string}"},"query-input":{"@type":"PropertyValueSpecification","valueRequired":true,"valueName":"search_term_string"}}],"inLanguage":"es"}]}},"_links":{"self":[{"href":"https:\/\/todotrial.com\/tienda\/wp-json\/wp\/v2\/product\/1060","targetHints":{"allow":["GET"]}}],"collection":[{"href":"https:\/\/todotrial.com\/tienda\/wp-json\/wp\/v2\/product"}],"about":[{"href":"https:\/\/todotrial.com\/tienda\/wp-json\/wp\/v2\/types\/product"}],"replies":[{"embeddable":true,"href":"https:\/\/todotrial.com\/tienda\/wp-json\/wp\/v2\/comments?post=1060"}],"version-history":[{"count":0,"href":"https:\/\/todotrial.com\/tienda\/wp-json\/wp\/v2\/product\/1060\/revisions"}],"wp:featuredmedia":[{"embeddable":true,"href":"https:\/\/todotrial.com\/tienda\/wp-json\/wp\/v2\/media\/1059"}],"wp:attachment":[{"href":"https:\/\/todotrial.com\/tienda\/wp-json\/wp\/v2\/media?parent=1060"}],"wp:term":[{"taxonomy":"product_brand","embeddable":true,"href":"https:\/\/todotrial.com\/tienda\/wp-json\/wp\/v2\/product_brand?post=1060"},{"taxonomy":"product_cat","embeddable":true,"href":"https:\/\/todotrial.com\/tienda\/wp-json\/wp\/v2\/product_cat?post=1060"},{"taxonomy":"product_tag","embeddable":true,"href":"https:\/\/todotrial.com\/tienda\/wp-json\/wp\/v2\/product_tag?post=1060"}],"curies":[{"name":"wp","href":"https:\/\/api.w.org\/{rel}","templated":true}]}}