{"id":1048,"date":"2020-07-02T15:25:37","date_gmt":"2020-07-02T15:25:37","guid":{"rendered":"https:\/\/todotrial.com\/tienda\/product\/dvd-tecnicas-pilotaje-toni-bou\/"},"modified":"2025-02-20T17:32:57","modified_gmt":"2025-02-20T16:32:57","slug":"dvd-tecnicas-pilotaje-toni-bou","status":"publish","type":"product","link":"https:\/\/todotrial.com\/tienda\/dvd-tecnicas-pilotaje-toni-bou\/","title":{"rendered":"DVD Tecnicas de Pilotaje, Toni Bou"},"content":{"rendered":"<p>Ya est\u00e1 disponible el DVD \u00abT\u00e9cnicas de Pilotaje por Toni Bou\u00bb<\/p>\n<p>Desde hace unos d\u00edas puedes hacerte ya con el nuevo DVD en el que el campe\u00f3n del mundo nos cuenta los secretos de su t\u00e9cnica. Una obra realizada a conciencia, con m\u00faltiples consejos y unas explicaciones claras y concisas de Toni sobre los diferentes aspectos a tener en cuenta para mejorar nuestro pilotaje.<\/p>\n<p>54 minutos de explicaciones con sonido Dolby digital 2.0.<\/p>\n<p>Est\u00e1 editado en espa\u00f1ol, ingl\u00e9s, alem\u00e1n, italiano y franc\u00e9s y se puede ver en todas las regiones del planeta.<\/p>\n<p>&nbsp;<\/p>\n","protected":false},"excerpt":{"rendered":"<p>Ya est\u00e1 disponible el DVD \u00abT\u00e9cnicas de Pilotaje por Toni Bou\u00bb<\/p>\n<p>Desde hace unos d\u00edas puedes hacerte ya con el nuevo DVD en el que el campe\u00f3n del mundo nos cuenta los secretos de su t\u00e9cnica. Una obra realizada a conciencia, con m\u00faltiples consejos y unas explicaciones claras y concisas de Toni sobre los diferentes aspectos a tener en cuenta para mejorar nuestro pilotaje.<\/p>\n<p>54 minutos de explicaciones con sonido Dolby digital 2.0.<\/p>\n<p>Est\u00e1 editado en espa\u00f1ol, ingl\u00e9s, alem\u00e1n, italiano y franc\u00e9s y se puede ver en todas las regiones del planeta.<\/p>\n","protected":false},"featured_media":1045,"comment_status":"open","ping_status":"closed","template":"","meta":[],"product_brand":[],"product_cat":[15],"product_tag":[],"class_list":{"0":"post-1048","1":"product","2":"type-product","3":"status-publish","4":"has-post-thumbnail","6":"product_cat-uncategorized","8":"first","9":"instock","10":"taxable","11":"shipping-taxable","12":"purchasable","13":"product-type-simple"},"yoast_head":"<!-- This site is optimized with the Yoast SEO Premium plugin v21.2 (Yoast SEO v27.3) - https:\/\/yoast.com\/product\/yoast-seo-premium-wordpress\/ -->\n<title>DVD Tecnicas de Pilotaje, Toni Bou - Tienda de todotrial<\/title>\n<meta name=\"robots\" content=\"index, follow, max-snippet:-1, max-image-preview:large, max-video-preview:-1\" \/>\n<link rel=\"canonical\" href=\"https:\/\/todotrial.com\/tienda\/dvd-tecnicas-pilotaje-toni-bou\/\" \/>\n<meta property=\"og:locale\" content=\"es_ES\" \/>\n<meta property=\"og:type\" content=\"article\" \/>\n<meta property=\"og:title\" content=\"DVD Tecnicas de Pilotaje, Toni Bou\" \/>\n<meta property=\"og:description\" content=\"Ya est\u00e1 disponible el DVD &quot;T\u00e9cnicas de Pilotaje por Toni Bou&quot;  Desde hace unos d\u00edas puedes hacerte ya con el nuevo DVD en el que el campe\u00f3n del mundo nos cuenta los secretos de su t\u00e9cnica. Una obra realizada a conciencia, con m\u00faltiples consejos y unas explicaciones claras y concisas de Toni sobre los diferentes aspectos a tener en cuenta para mejorar nuestro pilotaje.  54 minutos de explicaciones con sonido Dolby digital 2.0.  Est\u00e1 editado en espa\u00f1ol, ingl\u00e9s, alem\u00e1n, italiano y franc\u00e9s y se puede ver en todas las regiones del planeta.\" \/>\n<meta property=\"og:url\" content=\"https:\/\/todotrial.com\/tienda\/dvd-tecnicas-pilotaje-toni-bou\/\" \/>\n<meta property=\"og:site_name\" content=\"Tienda de todotrial\" \/>\n<meta property=\"article:modified_time\" content=\"2025-02-20T16:32:57+00:00\" \/>\n<meta property=\"og:image\" content=\"https:\/\/todotrial.com\/tienda\/wp-content\/uploads\/2020\/07\/dvd_tonibou_uk-1.jpg\" \/>\n\t<meta property=\"og:image:width\" content=\"422\" \/>\n\t<meta property=\"og:image:height\" content=\"597\" \/>\n\t<meta property=\"og:image:type\" content=\"image\/jpeg\" \/>\n<meta name=\"twitter:card\" content=\"summary_large_image\" \/>\n<meta name=\"twitter:label1\" content=\"Tiempo de lectura\" \/>\n\t<meta name=\"twitter:data1\" content=\"1 minuto\" \/>\n<script type=\"application\/ld+json\" class=\"yoast-schema-graph\">{\"@context\":\"https:\\\/\\\/schema.org\",\"@graph\":[{\"@type\":\"WebPage\",\"@id\":\"https:\\\/\\\/todotrial.com\\\/tienda\\\/dvd-tecnicas-pilotaje-toni-bou\\\/\",\"url\":\"https:\\\/\\\/todotrial.com\\\/tienda\\\/dvd-tecnicas-pilotaje-toni-bou\\\/\",\"name\":\"DVD Tecnicas de Pilotaje, Toni Bou - Tienda de todotrial\",\"isPartOf\":{\"@id\":\"https:\\\/\\\/todotrial.com\\\/tienda\\\/#website\"},\"primaryImageOfPage\":{\"@id\":\"https:\\\/\\\/todotrial.com\\\/tienda\\\/dvd-tecnicas-pilotaje-toni-bou\\\/#primaryimage\"},\"image\":{\"@id\":\"https:\\\/\\\/todotrial.com\\\/tienda\\\/dvd-tecnicas-pilotaje-toni-bou\\\/#primaryimage\"},\"thumbnailUrl\":\"https:\\\/\\\/todotrial.com\\\/tienda\\\/wp-content\\\/uploads\\\/2020\\\/07\\\/dvd_tonibou_uk-1.jpg\",\"datePublished\":\"2020-07-02T15:25:37+00:00\",\"dateModified\":\"2025-02-20T16:32:57+00:00\",\"breadcrumb\":{\"@id\":\"https:\\\/\\\/todotrial.com\\\/tienda\\\/dvd-tecnicas-pilotaje-toni-bou\\\/#breadcrumb\"},\"inLanguage\":\"es\",\"potentialAction\":[{\"@type\":\"ReadAction\",\"target\":[\"https:\\\/\\\/todotrial.com\\\/tienda\\\/dvd-tecnicas-pilotaje-toni-bou\\\/\"]}]},{\"@type\":\"ImageObject\",\"inLanguage\":\"es\",\"@id\":\"https:\\\/\\\/todotrial.com\\\/tienda\\\/dvd-tecnicas-pilotaje-toni-bou\\\/#primaryimage\",\"url\":\"https:\\\/\\\/todotrial.com\\\/tienda\\\/wp-content\\\/uploads\\\/2020\\\/07\\\/dvd_tonibou_uk-1.jpg\",\"contentUrl\":\"https:\\\/\\\/todotrial.com\\\/tienda\\\/wp-content\\\/uploads\\\/2020\\\/07\\\/dvd_tonibou_uk-1.jpg\",\"width\":422,\"height\":597},{\"@type\":\"BreadcrumbList\",\"@id\":\"https:\\\/\\\/todotrial.com\\\/tienda\\\/dvd-tecnicas-pilotaje-toni-bou\\\/#breadcrumb\",\"itemListElement\":[{\"@type\":\"ListItem\",\"position\":1,\"name\":\"Portada\",\"item\":\"https:\\\/\\\/todotrial.com\\\/tienda\\\/\"},{\"@type\":\"ListItem\",\"position\":2,\"name\":\"Shop\",\"item\":\"https:\\\/\\\/todotrial.com\\\/tienda\\\/shop\\\/\"},{\"@type\":\"ListItem\",\"position\":3,\"name\":\"DVD Tecnicas de Pilotaje, Toni Bou\"}]},{\"@type\":\"WebSite\",\"@id\":\"https:\\\/\\\/todotrial.com\\\/tienda\\\/#website\",\"url\":\"https:\\\/\\\/todotrial.com\\\/tienda\\\/\",\"name\":\"Tienda de todotrial\",\"description\":\"\",\"potentialAction\":[{\"@type\":\"SearchAction\",\"target\":{\"@type\":\"EntryPoint\",\"urlTemplate\":\"https:\\\/\\\/todotrial.com\\\/tienda\\\/?s={search_term_string}\"},\"query-input\":{\"@type\":\"PropertyValueSpecification\",\"valueRequired\":true,\"valueName\":\"search_term_string\"}}],\"inLanguage\":\"es\"}]}<\/script>\n<!-- \/ Yoast SEO Premium plugin. -->","yoast_head_json":{"title":"DVD Tecnicas de Pilotaje, Toni Bou - Tienda de todotrial","robots":{"index":"index","follow":"follow","max-snippet":"max-snippet:-1","max-image-preview":"max-image-preview:large","max-video-preview":"max-video-preview:-1"},"canonical":"https:\/\/todotrial.com\/tienda\/dvd-tecnicas-pilotaje-toni-bou\/","og_locale":"es_ES","og_type":"article","og_title":"DVD Tecnicas de Pilotaje, Toni Bou","og_description":"Ya est\u00e1 disponible el DVD \"T\u00e9cnicas de Pilotaje por Toni Bou\"  Desde hace unos d\u00edas puedes hacerte ya con el nuevo DVD en el que el campe\u00f3n del mundo nos cuenta los secretos de su t\u00e9cnica. Una obra realizada a conciencia, con m\u00faltiples consejos y unas explicaciones claras y concisas de Toni sobre los diferentes aspectos a tener en cuenta para mejorar nuestro pilotaje.  54 minutos de explicaciones con sonido Dolby digital 2.0.  Est\u00e1 editado en espa\u00f1ol, ingl\u00e9s, alem\u00e1n, italiano y franc\u00e9s y se puede ver en todas las regiones del planeta.","og_url":"https:\/\/todotrial.com\/tienda\/dvd-tecnicas-pilotaje-toni-bou\/","og_site_name":"Tienda de todotrial","article_modified_time":"2025-02-20T16:32:57+00:00","og_image":[{"width":422,"height":597,"url":"https:\/\/todotrial.com\/tienda\/wp-content\/uploads\/2020\/07\/dvd_tonibou_uk-1.jpg","type":"image\/jpeg"}],"twitter_card":"summary_large_image","twitter_misc":{"Tiempo de lectura":"1 minuto"},"schema":{"@context":"https:\/\/schema.org","@graph":[{"@type":"WebPage","@id":"https:\/\/todotrial.com\/tienda\/dvd-tecnicas-pilotaje-toni-bou\/","url":"https:\/\/todotrial.com\/tienda\/dvd-tecnicas-pilotaje-toni-bou\/","name":"DVD Tecnicas de Pilotaje, Toni Bou - Tienda de todotrial","isPartOf":{"@id":"https:\/\/todotrial.com\/tienda\/#website"},"primaryImageOfPage":{"@id":"https:\/\/todotrial.com\/tienda\/dvd-tecnicas-pilotaje-toni-bou\/#primaryimage"},"image":{"@id":"https:\/\/todotrial.com\/tienda\/dvd-tecnicas-pilotaje-toni-bou\/#primaryimage"},"thumbnailUrl":"https:\/\/todotrial.com\/tienda\/wp-content\/uploads\/2020\/07\/dvd_tonibou_uk-1.jpg","datePublished":"2020-07-02T15:25:37+00:00","dateModified":"2025-02-20T16:32:57+00:00","breadcrumb":{"@id":"https:\/\/todotrial.com\/tienda\/dvd-tecnicas-pilotaje-toni-bou\/#breadcrumb"},"inLanguage":"es","potentialAction":[{"@type":"ReadAction","target":["https:\/\/todotrial.com\/tienda\/dvd-tecnicas-pilotaje-toni-bou\/"]}]},{"@type":"ImageObject","inLanguage":"es","@id":"https:\/\/todotrial.com\/tienda\/dvd-tecnicas-pilotaje-toni-bou\/#primaryimage","url":"https:\/\/todotrial.com\/tienda\/wp-content\/uploads\/2020\/07\/dvd_tonibou_uk-1.jpg","contentUrl":"https:\/\/todotrial.com\/tienda\/wp-content\/uploads\/2020\/07\/dvd_tonibou_uk-1.jpg","width":422,"height":597},{"@type":"BreadcrumbList","@id":"https:\/\/todotrial.com\/tienda\/dvd-tecnicas-pilotaje-toni-bou\/#breadcrumb","itemListElement":[{"@type":"ListItem","position":1,"name":"Portada","item":"https:\/\/todotrial.com\/tienda\/"},{"@type":"ListItem","position":2,"name":"Shop","item":"https:\/\/todotrial.com\/tienda\/shop\/"},{"@type":"ListItem","position":3,"name":"DVD Tecnicas de Pilotaje, Toni Bou"}]},{"@type":"WebSite","@id":"https:\/\/todotrial.com\/tienda\/#website","url":"https:\/\/todotrial.com\/tienda\/","name":"Tienda de todotrial","description":"","potentialAction":[{"@type":"SearchAction","target":{"@type":"EntryPoint","urlTemplate":"https:\/\/todotrial.com\/tienda\/?s={search_term_string}"},"query-input":{"@type":"PropertyValueSpecification","valueRequired":true,"valueName":"search_term_string"}}],"inLanguage":"es"}]}},"_links":{"self":[{"href":"https:\/\/todotrial.com\/tienda\/wp-json\/wp\/v2\/product\/1048","targetHints":{"allow":["GET"]}}],"collection":[{"href":"https:\/\/todotrial.com\/tienda\/wp-json\/wp\/v2\/product"}],"about":[{"href":"https:\/\/todotrial.com\/tienda\/wp-json\/wp\/v2\/types\/product"}],"replies":[{"embeddable":true,"href":"https:\/\/todotrial.com\/tienda\/wp-json\/wp\/v2\/comments?post=1048"}],"version-history":[{"count":0,"href":"https:\/\/todotrial.com\/tienda\/wp-json\/wp\/v2\/product\/1048\/revisions"}],"wp:featuredmedia":[{"embeddable":true,"href":"https:\/\/todotrial.com\/tienda\/wp-json\/wp\/v2\/media\/1045"}],"wp:attachment":[{"href":"https:\/\/todotrial.com\/tienda\/wp-json\/wp\/v2\/media?parent=1048"}],"wp:term":[{"taxonomy":"product_brand","embeddable":true,"href":"https:\/\/todotrial.com\/tienda\/wp-json\/wp\/v2\/product_brand?post=1048"},{"taxonomy":"product_cat","embeddable":true,"href":"https:\/\/todotrial.com\/tienda\/wp-json\/wp\/v2\/product_cat?post=1048"},{"taxonomy":"product_tag","embeddable":true,"href":"https:\/\/todotrial.com\/tienda\/wp-json\/wp\/v2\/product_tag?post=1048"}],"curies":[{"name":"wp","href":"https:\/\/api.w.org\/{rel}","templated":true}]}}