{"id":1032,"date":"2020-07-02T15:24:48","date_gmt":"2020-07-02T15:24:48","guid":{"rendered":"https:\/\/todotrial.com\/tienda\/product\/tapon-carter\/"},"modified":"2025-02-20T17:33:00","modified_gmt":"2025-02-20T16:33:00","slug":"tapon-carter","status":"publish","type":"product","link":"https:\/\/todotrial.com\/tienda\/tapon-carter\/","title":{"rendered":"Tap\u00f3n c\u00e1rter Montesa, llenado de aceite, 14&#215;1,5mm en aluminio"},"content":{"rendered":"<p>Tap\u00f3n c\u00e1rter Montesa, llenado de aceite, 14&#215;1,5mm en aluminio.<br \/>M\u00e1s fuertes que los originales de pl\u00e1stico<br \/>Tambi\u00e9n v\u00e1lido para Bultaco<\/p>\n","protected":false},"excerpt":{"rendered":"<p>Tap\u00f3n c\u00e1rter Montesa, llenado de aceite, 14&#215;1,5mm en aluminio<\/p>\n","protected":false},"featured_media":1031,"comment_status":"open","ping_status":"closed","template":"","meta":[],"product_brand":[],"product_cat":[15],"product_tag":[],"class_list":{"0":"post-1032","1":"product","2":"type-product","3":"status-publish","4":"has-post-thumbnail","6":"product_cat-uncategorized","8":"first","9":"instock","10":"taxable","11":"shipping-taxable","12":"purchasable","13":"product-type-simple"},"yoast_head":"<!-- This site is optimized with the Yoast SEO Premium plugin v21.2 (Yoast SEO v27.3) - https:\/\/yoast.com\/product\/yoast-seo-premium-wordpress\/ -->\n<title>Tap\u00f3n c\u00e1rter Montesa, llenado de aceite, 14x1,5mm en aluminio - Tienda de todotrial<\/title>\n<meta name=\"robots\" content=\"index, follow, max-snippet:-1, max-image-preview:large, max-video-preview:-1\" \/>\n<link rel=\"canonical\" href=\"https:\/\/todotrial.com\/tienda\/tapon-carter\/\" \/>\n<meta property=\"og:locale\" content=\"es_ES\" \/>\n<meta property=\"og:type\" content=\"article\" \/>\n<meta property=\"og:title\" content=\"Tap\u00f3n c\u00e1rter Montesa, llenado de aceite, 14x1,5mm en aluminio\" \/>\n<meta property=\"og:description\" content=\"Tap\u00f3n c\u00e1rter Montesa, llenado de aceite, 14x1,5mm en aluminio\" \/>\n<meta property=\"og:url\" content=\"https:\/\/todotrial.com\/tienda\/tapon-carter\/\" \/>\n<meta property=\"og:site_name\" content=\"Tienda de todotrial\" \/>\n<meta property=\"article:modified_time\" content=\"2025-02-20T16:33:00+00:00\" \/>\n<meta property=\"og:image\" content=\"https:\/\/todotrial.com\/tienda\/wp-content\/uploads\/2020\/07\/montesa_alloy_filler_plug_p8.jpg\" \/>\n\t<meta property=\"og:image:width\" content=\"325\" \/>\n\t<meta property=\"og:image:height\" content=\"244\" \/>\n\t<meta property=\"og:image:type\" content=\"image\/jpeg\" \/>\n<meta name=\"twitter:card\" content=\"summary_large_image\" \/>\n<script type=\"application\/ld+json\" class=\"yoast-schema-graph\">{\"@context\":\"https:\\\/\\\/schema.org\",\"@graph\":[{\"@type\":\"WebPage\",\"@id\":\"https:\\\/\\\/todotrial.com\\\/tienda\\\/tapon-carter\\\/\",\"url\":\"https:\\\/\\\/todotrial.com\\\/tienda\\\/tapon-carter\\\/\",\"name\":\"Tap\u00f3n c\u00e1rter Montesa, llenado de aceite, 14x1,5mm en aluminio - Tienda de todotrial\",\"isPartOf\":{\"@id\":\"https:\\\/\\\/todotrial.com\\\/tienda\\\/#website\"},\"primaryImageOfPage\":{\"@id\":\"https:\\\/\\\/todotrial.com\\\/tienda\\\/tapon-carter\\\/#primaryimage\"},\"image\":{\"@id\":\"https:\\\/\\\/todotrial.com\\\/tienda\\\/tapon-carter\\\/#primaryimage\"},\"thumbnailUrl\":\"https:\\\/\\\/todotrial.com\\\/tienda\\\/wp-content\\\/uploads\\\/2020\\\/07\\\/montesa_alloy_filler_plug_p8.jpg\",\"datePublished\":\"2020-07-02T15:24:48+00:00\",\"dateModified\":\"2025-02-20T16:33:00+00:00\",\"breadcrumb\":{\"@id\":\"https:\\\/\\\/todotrial.com\\\/tienda\\\/tapon-carter\\\/#breadcrumb\"},\"inLanguage\":\"es\",\"potentialAction\":[{\"@type\":\"ReadAction\",\"target\":[\"https:\\\/\\\/todotrial.com\\\/tienda\\\/tapon-carter\\\/\"]}]},{\"@type\":\"ImageObject\",\"inLanguage\":\"es\",\"@id\":\"https:\\\/\\\/todotrial.com\\\/tienda\\\/tapon-carter\\\/#primaryimage\",\"url\":\"https:\\\/\\\/todotrial.com\\\/tienda\\\/wp-content\\\/uploads\\\/2020\\\/07\\\/montesa_alloy_filler_plug_p8.jpg\",\"contentUrl\":\"https:\\\/\\\/todotrial.com\\\/tienda\\\/wp-content\\\/uploads\\\/2020\\\/07\\\/montesa_alloy_filler_plug_p8.jpg\",\"width\":325,\"height\":244},{\"@type\":\"BreadcrumbList\",\"@id\":\"https:\\\/\\\/todotrial.com\\\/tienda\\\/tapon-carter\\\/#breadcrumb\",\"itemListElement\":[{\"@type\":\"ListItem\",\"position\":1,\"name\":\"Portada\",\"item\":\"https:\\\/\\\/todotrial.com\\\/tienda\\\/\"},{\"@type\":\"ListItem\",\"position\":2,\"name\":\"Shop\",\"item\":\"https:\\\/\\\/todotrial.com\\\/tienda\\\/shop\\\/\"},{\"@type\":\"ListItem\",\"position\":3,\"name\":\"Tap\u00f3n c\u00e1rter Montesa, llenado de aceite, 14&#215;1,5mm en aluminio\"}]},{\"@type\":\"WebSite\",\"@id\":\"https:\\\/\\\/todotrial.com\\\/tienda\\\/#website\",\"url\":\"https:\\\/\\\/todotrial.com\\\/tienda\\\/\",\"name\":\"Tienda de todotrial\",\"description\":\"\",\"potentialAction\":[{\"@type\":\"SearchAction\",\"target\":{\"@type\":\"EntryPoint\",\"urlTemplate\":\"https:\\\/\\\/todotrial.com\\\/tienda\\\/?s={search_term_string}\"},\"query-input\":{\"@type\":\"PropertyValueSpecification\",\"valueRequired\":true,\"valueName\":\"search_term_string\"}}],\"inLanguage\":\"es\"}]}<\/script>\n<!-- \/ Yoast SEO Premium plugin. -->","yoast_head_json":{"title":"Tap\u00f3n c\u00e1rter Montesa, llenado de aceite, 14x1,5mm en aluminio - Tienda de todotrial","robots":{"index":"index","follow":"follow","max-snippet":"max-snippet:-1","max-image-preview":"max-image-preview:large","max-video-preview":"max-video-preview:-1"},"canonical":"https:\/\/todotrial.com\/tienda\/tapon-carter\/","og_locale":"es_ES","og_type":"article","og_title":"Tap\u00f3n c\u00e1rter Montesa, llenado de aceite, 14x1,5mm en aluminio","og_description":"Tap\u00f3n c\u00e1rter Montesa, llenado de aceite, 14x1,5mm en aluminio","og_url":"https:\/\/todotrial.com\/tienda\/tapon-carter\/","og_site_name":"Tienda de todotrial","article_modified_time":"2025-02-20T16:33:00+00:00","og_image":[{"width":325,"height":244,"url":"https:\/\/todotrial.com\/tienda\/wp-content\/uploads\/2020\/07\/montesa_alloy_filler_plug_p8.jpg","type":"image\/jpeg"}],"twitter_card":"summary_large_image","schema":{"@context":"https:\/\/schema.org","@graph":[{"@type":"WebPage","@id":"https:\/\/todotrial.com\/tienda\/tapon-carter\/","url":"https:\/\/todotrial.com\/tienda\/tapon-carter\/","name":"Tap\u00f3n c\u00e1rter Montesa, llenado de aceite, 14x1,5mm en aluminio - Tienda de todotrial","isPartOf":{"@id":"https:\/\/todotrial.com\/tienda\/#website"},"primaryImageOfPage":{"@id":"https:\/\/todotrial.com\/tienda\/tapon-carter\/#primaryimage"},"image":{"@id":"https:\/\/todotrial.com\/tienda\/tapon-carter\/#primaryimage"},"thumbnailUrl":"https:\/\/todotrial.com\/tienda\/wp-content\/uploads\/2020\/07\/montesa_alloy_filler_plug_p8.jpg","datePublished":"2020-07-02T15:24:48+00:00","dateModified":"2025-02-20T16:33:00+00:00","breadcrumb":{"@id":"https:\/\/todotrial.com\/tienda\/tapon-carter\/#breadcrumb"},"inLanguage":"es","potentialAction":[{"@type":"ReadAction","target":["https:\/\/todotrial.com\/tienda\/tapon-carter\/"]}]},{"@type":"ImageObject","inLanguage":"es","@id":"https:\/\/todotrial.com\/tienda\/tapon-carter\/#primaryimage","url":"https:\/\/todotrial.com\/tienda\/wp-content\/uploads\/2020\/07\/montesa_alloy_filler_plug_p8.jpg","contentUrl":"https:\/\/todotrial.com\/tienda\/wp-content\/uploads\/2020\/07\/montesa_alloy_filler_plug_p8.jpg","width":325,"height":244},{"@type":"BreadcrumbList","@id":"https:\/\/todotrial.com\/tienda\/tapon-carter\/#breadcrumb","itemListElement":[{"@type":"ListItem","position":1,"name":"Portada","item":"https:\/\/todotrial.com\/tienda\/"},{"@type":"ListItem","position":2,"name":"Shop","item":"https:\/\/todotrial.com\/tienda\/shop\/"},{"@type":"ListItem","position":3,"name":"Tap\u00f3n c\u00e1rter Montesa, llenado de aceite, 14&#215;1,5mm en aluminio"}]},{"@type":"WebSite","@id":"https:\/\/todotrial.com\/tienda\/#website","url":"https:\/\/todotrial.com\/tienda\/","name":"Tienda de todotrial","description":"","potentialAction":[{"@type":"SearchAction","target":{"@type":"EntryPoint","urlTemplate":"https:\/\/todotrial.com\/tienda\/?s={search_term_string}"},"query-input":{"@type":"PropertyValueSpecification","valueRequired":true,"valueName":"search_term_string"}}],"inLanguage":"es"}]}},"_links":{"self":[{"href":"https:\/\/todotrial.com\/tienda\/wp-json\/wp\/v2\/product\/1032","targetHints":{"allow":["GET"]}}],"collection":[{"href":"https:\/\/todotrial.com\/tienda\/wp-json\/wp\/v2\/product"}],"about":[{"href":"https:\/\/todotrial.com\/tienda\/wp-json\/wp\/v2\/types\/product"}],"replies":[{"embeddable":true,"href":"https:\/\/todotrial.com\/tienda\/wp-json\/wp\/v2\/comments?post=1032"}],"version-history":[{"count":0,"href":"https:\/\/todotrial.com\/tienda\/wp-json\/wp\/v2\/product\/1032\/revisions"}],"wp:featuredmedia":[{"embeddable":true,"href":"https:\/\/todotrial.com\/tienda\/wp-json\/wp\/v2\/media\/1031"}],"wp:attachment":[{"href":"https:\/\/todotrial.com\/tienda\/wp-json\/wp\/v2\/media?parent=1032"}],"wp:term":[{"taxonomy":"product_brand","embeddable":true,"href":"https:\/\/todotrial.com\/tienda\/wp-json\/wp\/v2\/product_brand?post=1032"},{"taxonomy":"product_cat","embeddable":true,"href":"https:\/\/todotrial.com\/tienda\/wp-json\/wp\/v2\/product_cat?post=1032"},{"taxonomy":"product_tag","embeddable":true,"href":"https:\/\/todotrial.com\/tienda\/wp-json\/wp\/v2\/product_tag?post=1032"}],"curies":[{"name":"wp","href":"https:\/\/api.w.org\/{rel}","templated":true}]}}