{"id":10249,"date":"2017-11-01T11:54:55","date_gmt":"2017-11-01T11:54:55","guid":{"rendered":"https:\/\/todotrial.com\/tienda\/product\/trompeta-carburador\/"},"modified":"2025-02-20T18:02:52","modified_gmt":"2025-02-20T17:02:52","slug":"trompeta-carburador","status":"publish","type":"product","link":"https:\/\/todotrial.com\/tienda\/trompeta-carburador\/","title":{"rendered":"TROMPETA ESPACIADORA para Carburador DELLORTO PHBL 26"},"content":{"rendered":"<p>TROMPETA ESPACIADORA para Carburador DELLORTO PHBL 26, GAS GAS; BETA; SHERCO etc.<br \/>Este es un substituto mecanizado CNC de aluminio para la trompeta de goma est\u00e1ndar que viene en el carburador Dellorto PHBL 26 que se encuentra en muchas motos de trial modernas inc. GasGas, Beta, Sherco, etc.<\/p>\n<p>Estos son ligeramente m\u00e1s largos que las trompetas de goma est\u00e1ndar y al estar hechos de aluminio no colapsar\u00e1n al ajustar la abrazadera de la manguera de la caja de aire, haciendo que el sello entre la caja de aire y el carburador sea totalmente herm\u00e9tico ..<\/p>\n<p>Este kit viene con una \u00abjunta t\u00f3rica\u00bb de goma y tres tornillos prisioneros y toma solo un par de minutos para instalarlo en su carburador &#8211; simplemente retire la trompeta de goma original, coloque la \u00abjunta t\u00f3rica\u00bb sobre la parte posterior del carburador y desl\u00edce el nuevo espaciador \/ trompeta en el carburador asegur\u00e1ndose de que la \u00abjunta t\u00f3rica\u00bb est\u00e1 asentada correctamente dentro de la trompeta, luego apriete los tres tornillos prisioneros, Trabajo hecho &#8230;<\/p>\n","protected":false},"excerpt":{"rendered":"<p>TROMPETA ESPACIADORA para Carburador DELLORTO PHBL 26, GAS GAS; BETA; SHERCO etc.<\/p>\n","protected":false},"featured_media":10246,"comment_status":"open","ping_status":"closed","template":"","meta":[],"product_brand":[],"product_cat":[15],"product_tag":[],"class_list":{"0":"post-10249","1":"product","2":"type-product","3":"status-publish","4":"has-post-thumbnail","6":"product_cat-uncategorized","8":"first","9":"outofstock","10":"taxable","11":"shipping-taxable","12":"purchasable","13":"product-type-simple"},"yoast_head":"<!-- This site is optimized with the Yoast SEO Premium plugin v21.2 (Yoast SEO v27.3) - https:\/\/yoast.com\/product\/yoast-seo-premium-wordpress\/ -->\n<title>TROMPETA ESPACIADORA para Carburador DELLORTO PHBL 26 - Tienda de todotrial<\/title>\n<meta name=\"robots\" content=\"index, follow, max-snippet:-1, max-image-preview:large, max-video-preview:-1\" \/>\n<link rel=\"canonical\" href=\"https:\/\/todotrial.com\/tienda\/trompeta-carburador\/\" \/>\n<meta property=\"og:locale\" content=\"es_ES\" \/>\n<meta property=\"og:type\" content=\"article\" \/>\n<meta property=\"og:title\" content=\"TROMPETA ESPACIADORA para Carburador DELLORTO PHBL 26\" \/>\n<meta property=\"og:description\" content=\"TROMPETA ESPACIADORA para Carburador DELLORTO PHBL 26, GAS GAS; BETA; SHERCO etc.\" \/>\n<meta property=\"og:url\" content=\"https:\/\/todotrial.com\/tienda\/trompeta-carburador\/\" \/>\n<meta property=\"og:site_name\" content=\"Tienda de todotrial\" \/>\n<meta property=\"article:modified_time\" content=\"2025-02-20T17:02:52+00:00\" \/>\n<meta property=\"og:image\" content=\"https:\/\/todotrial.com\/tienda\/wp-content\/uploads\/2017\/11\/carb-spacer-1.jpg\" \/>\n\t<meta property=\"og:image:width\" content=\"1158\" \/>\n\t<meta property=\"og:image:height\" content=\"1141\" \/>\n\t<meta property=\"og:image:type\" content=\"image\/jpeg\" \/>\n<meta name=\"twitter:card\" content=\"summary_large_image\" \/>\n<meta name=\"twitter:label1\" content=\"Tiempo de lectura\" \/>\n\t<meta name=\"twitter:data1\" content=\"1 minuto\" \/>\n<script type=\"application\/ld+json\" class=\"yoast-schema-graph\">{\"@context\":\"https:\\\/\\\/schema.org\",\"@graph\":[{\"@type\":\"WebPage\",\"@id\":\"https:\\\/\\\/todotrial.com\\\/tienda\\\/trompeta-carburador\\\/\",\"url\":\"https:\\\/\\\/todotrial.com\\\/tienda\\\/trompeta-carburador\\\/\",\"name\":\"TROMPETA ESPACIADORA para Carburador DELLORTO PHBL 26 - Tienda de todotrial\",\"isPartOf\":{\"@id\":\"https:\\\/\\\/todotrial.com\\\/tienda\\\/#website\"},\"primaryImageOfPage\":{\"@id\":\"https:\\\/\\\/todotrial.com\\\/tienda\\\/trompeta-carburador\\\/#primaryimage\"},\"image\":{\"@id\":\"https:\\\/\\\/todotrial.com\\\/tienda\\\/trompeta-carburador\\\/#primaryimage\"},\"thumbnailUrl\":\"https:\\\/\\\/todotrial.com\\\/tienda\\\/wp-content\\\/uploads\\\/2017\\\/11\\\/carb-spacer-1.jpg\",\"datePublished\":\"2017-11-01T11:54:55+00:00\",\"dateModified\":\"2025-02-20T17:02:52+00:00\",\"breadcrumb\":{\"@id\":\"https:\\\/\\\/todotrial.com\\\/tienda\\\/trompeta-carburador\\\/#breadcrumb\"},\"inLanguage\":\"es\",\"potentialAction\":[{\"@type\":\"ReadAction\",\"target\":[\"https:\\\/\\\/todotrial.com\\\/tienda\\\/trompeta-carburador\\\/\"]}]},{\"@type\":\"ImageObject\",\"inLanguage\":\"es\",\"@id\":\"https:\\\/\\\/todotrial.com\\\/tienda\\\/trompeta-carburador\\\/#primaryimage\",\"url\":\"https:\\\/\\\/todotrial.com\\\/tienda\\\/wp-content\\\/uploads\\\/2017\\\/11\\\/carb-spacer-1.jpg\",\"contentUrl\":\"https:\\\/\\\/todotrial.com\\\/tienda\\\/wp-content\\\/uploads\\\/2017\\\/11\\\/carb-spacer-1.jpg\",\"width\":1158,\"height\":1141},{\"@type\":\"BreadcrumbList\",\"@id\":\"https:\\\/\\\/todotrial.com\\\/tienda\\\/trompeta-carburador\\\/#breadcrumb\",\"itemListElement\":[{\"@type\":\"ListItem\",\"position\":1,\"name\":\"Portada\",\"item\":\"https:\\\/\\\/todotrial.com\\\/tienda\\\/\"},{\"@type\":\"ListItem\",\"position\":2,\"name\":\"Shop\",\"item\":\"https:\\\/\\\/todotrial.com\\\/tienda\\\/shop\\\/\"},{\"@type\":\"ListItem\",\"position\":3,\"name\":\"TROMPETA ESPACIADORA para Carburador DELLORTO PHBL 26\"}]},{\"@type\":\"WebSite\",\"@id\":\"https:\\\/\\\/todotrial.com\\\/tienda\\\/#website\",\"url\":\"https:\\\/\\\/todotrial.com\\\/tienda\\\/\",\"name\":\"Tienda de todotrial\",\"description\":\"\",\"potentialAction\":[{\"@type\":\"SearchAction\",\"target\":{\"@type\":\"EntryPoint\",\"urlTemplate\":\"https:\\\/\\\/todotrial.com\\\/tienda\\\/?s={search_term_string}\"},\"query-input\":{\"@type\":\"PropertyValueSpecification\",\"valueRequired\":true,\"valueName\":\"search_term_string\"}}],\"inLanguage\":\"es\"}]}<\/script>\n<!-- \/ Yoast SEO Premium plugin. -->","yoast_head_json":{"title":"TROMPETA ESPACIADORA para Carburador DELLORTO PHBL 26 - Tienda de todotrial","robots":{"index":"index","follow":"follow","max-snippet":"max-snippet:-1","max-image-preview":"max-image-preview:large","max-video-preview":"max-video-preview:-1"},"canonical":"https:\/\/todotrial.com\/tienda\/trompeta-carburador\/","og_locale":"es_ES","og_type":"article","og_title":"TROMPETA ESPACIADORA para Carburador DELLORTO PHBL 26","og_description":"TROMPETA ESPACIADORA para Carburador DELLORTO PHBL 26, GAS GAS; BETA; SHERCO etc.","og_url":"https:\/\/todotrial.com\/tienda\/trompeta-carburador\/","og_site_name":"Tienda de todotrial","article_modified_time":"2025-02-20T17:02:52+00:00","og_image":[{"width":1158,"height":1141,"url":"https:\/\/todotrial.com\/tienda\/wp-content\/uploads\/2017\/11\/carb-spacer-1.jpg","type":"image\/jpeg"}],"twitter_card":"summary_large_image","twitter_misc":{"Tiempo de lectura":"1 minuto"},"schema":{"@context":"https:\/\/schema.org","@graph":[{"@type":"WebPage","@id":"https:\/\/todotrial.com\/tienda\/trompeta-carburador\/","url":"https:\/\/todotrial.com\/tienda\/trompeta-carburador\/","name":"TROMPETA ESPACIADORA para Carburador DELLORTO PHBL 26 - Tienda de todotrial","isPartOf":{"@id":"https:\/\/todotrial.com\/tienda\/#website"},"primaryImageOfPage":{"@id":"https:\/\/todotrial.com\/tienda\/trompeta-carburador\/#primaryimage"},"image":{"@id":"https:\/\/todotrial.com\/tienda\/trompeta-carburador\/#primaryimage"},"thumbnailUrl":"https:\/\/todotrial.com\/tienda\/wp-content\/uploads\/2017\/11\/carb-spacer-1.jpg","datePublished":"2017-11-01T11:54:55+00:00","dateModified":"2025-02-20T17:02:52+00:00","breadcrumb":{"@id":"https:\/\/todotrial.com\/tienda\/trompeta-carburador\/#breadcrumb"},"inLanguage":"es","potentialAction":[{"@type":"ReadAction","target":["https:\/\/todotrial.com\/tienda\/trompeta-carburador\/"]}]},{"@type":"ImageObject","inLanguage":"es","@id":"https:\/\/todotrial.com\/tienda\/trompeta-carburador\/#primaryimage","url":"https:\/\/todotrial.com\/tienda\/wp-content\/uploads\/2017\/11\/carb-spacer-1.jpg","contentUrl":"https:\/\/todotrial.com\/tienda\/wp-content\/uploads\/2017\/11\/carb-spacer-1.jpg","width":1158,"height":1141},{"@type":"BreadcrumbList","@id":"https:\/\/todotrial.com\/tienda\/trompeta-carburador\/#breadcrumb","itemListElement":[{"@type":"ListItem","position":1,"name":"Portada","item":"https:\/\/todotrial.com\/tienda\/"},{"@type":"ListItem","position":2,"name":"Shop","item":"https:\/\/todotrial.com\/tienda\/shop\/"},{"@type":"ListItem","position":3,"name":"TROMPETA ESPACIADORA para Carburador DELLORTO PHBL 26"}]},{"@type":"WebSite","@id":"https:\/\/todotrial.com\/tienda\/#website","url":"https:\/\/todotrial.com\/tienda\/","name":"Tienda de todotrial","description":"","potentialAction":[{"@type":"SearchAction","target":{"@type":"EntryPoint","urlTemplate":"https:\/\/todotrial.com\/tienda\/?s={search_term_string}"},"query-input":{"@type":"PropertyValueSpecification","valueRequired":true,"valueName":"search_term_string"}}],"inLanguage":"es"}]}},"_links":{"self":[{"href":"https:\/\/todotrial.com\/tienda\/wp-json\/wp\/v2\/product\/10249","targetHints":{"allow":["GET"]}}],"collection":[{"href":"https:\/\/todotrial.com\/tienda\/wp-json\/wp\/v2\/product"}],"about":[{"href":"https:\/\/todotrial.com\/tienda\/wp-json\/wp\/v2\/types\/product"}],"replies":[{"embeddable":true,"href":"https:\/\/todotrial.com\/tienda\/wp-json\/wp\/v2\/comments?post=10249"}],"version-history":[{"count":0,"href":"https:\/\/todotrial.com\/tienda\/wp-json\/wp\/v2\/product\/10249\/revisions"}],"wp:featuredmedia":[{"embeddable":true,"href":"https:\/\/todotrial.com\/tienda\/wp-json\/wp\/v2\/media\/10246"}],"wp:attachment":[{"href":"https:\/\/todotrial.com\/tienda\/wp-json\/wp\/v2\/media?parent=10249"}],"wp:term":[{"taxonomy":"product_brand","embeddable":true,"href":"https:\/\/todotrial.com\/tienda\/wp-json\/wp\/v2\/product_brand?post=10249"},{"taxonomy":"product_cat","embeddable":true,"href":"https:\/\/todotrial.com\/tienda\/wp-json\/wp\/v2\/product_cat?post=10249"},{"taxonomy":"product_tag","embeddable":true,"href":"https:\/\/todotrial.com\/tienda\/wp-json\/wp\/v2\/product_tag?post=10249"}],"curies":[{"name":"wp","href":"https:\/\/api.w.org\/{rel}","templated":true}]}}