{"id":10106,"date":"2017-08-15T23:34:24","date_gmt":"2017-08-15T23:34:24","guid":{"rendered":"https:\/\/todotrial.com\/tienda\/product\/bultaco-sherpa-caja-filtro-aire-competicion-6493-6494-6495\/"},"modified":"2025-02-20T18:03:37","modified_gmt":"2025-02-20T17:03:37","slug":"bultaco-sherpa-caja-filtro-aire-competicion-6493-6494-6495","status":"publish","type":"product","link":"https:\/\/todotrial.com\/tienda\/bultaco-sherpa-caja-filtro-aire-competicion-6493-6494-6495\/","title":{"rendered":"Honda TLR &#8211; Caja filtro aire competici\u00f3n"},"content":{"rendered":"<p>Caja filtro de aire para Honda TLR realizada en fibra de vidrio para preparaciones de competici\u00f3n. No es una r\u00e9plica de la caja original, sino una nueva caja de filtro desarrollada para maximizar el espacio disponible y mejorar notablemente el flujo de aire hacia el carburador. Con ello se mejora claramente el comportamiento de la moto, incrementando su capacidad de estirada y prestaciones.<\/p>\n<p>La caja es m\u00e1s grande que la original y est\u00e1 realizada en fibra de v\u00eddrio sin lijar ni pintar, viene con los orificios para la tobera del filtro de aire y tapa, tan s\u00f3lo hay que realizar los anclajes en el lugar deseado y posteriormente lijar y pintar. \u00a1Mejora el rendimiento de tu Honda TLR para los triales de cl\u00e1sicas!<\/p>\n","protected":false},"excerpt":{"rendered":"<p>Caja filtro de aire para Honda TLR realizada en fibra de vidrio para preparaciones de competici\u00f3n.<\/p>\n","protected":false},"featured_media":10103,"comment_status":"open","ping_status":"closed","template":"","meta":[],"product_brand":[],"product_cat":[15],"product_tag":[],"class_list":{"0":"post-10106","1":"product","2":"type-product","3":"status-publish","4":"has-post-thumbnail","6":"product_cat-uncategorized","8":"first","9":"instock","10":"taxable","11":"shipping-taxable","12":"purchasable","13":"product-type-simple"},"yoast_head":"<!-- This site is optimized with the Yoast SEO Premium plugin v21.2 (Yoast SEO v27.5) - https:\/\/yoast.com\/product\/yoast-seo-premium-wordpress\/ -->\n<title>Honda TLR - Caja filtro aire competici\u00f3n - Tienda de todotrial<\/title>\n<meta name=\"robots\" content=\"index, follow, max-snippet:-1, max-image-preview:large, max-video-preview:-1\" \/>\n<link rel=\"canonical\" href=\"https:\/\/todotrial.com\/tienda\/bultaco-sherpa-caja-filtro-aire-competicion-6493-6494-6495\/\" \/>\n<meta property=\"og:locale\" content=\"es_ES\" \/>\n<meta property=\"og:type\" content=\"article\" \/>\n<meta property=\"og:title\" content=\"Honda TLR - Caja filtro aire competici\u00f3n\" \/>\n<meta property=\"og:description\" content=\"Caja filtro de aire para Honda TLR realizada en fibra de vidrio para preparaciones de competici\u00f3n.\" \/>\n<meta property=\"og:url\" content=\"https:\/\/todotrial.com\/tienda\/bultaco-sherpa-caja-filtro-aire-competicion-6493-6494-6495\/\" \/>\n<meta property=\"og:site_name\" content=\"Tienda de todotrial\" \/>\n<meta property=\"article:modified_time\" content=\"2025-02-20T17:03:37+00:00\" \/>\n<meta property=\"og:image\" content=\"https:\/\/todotrial.com\/tienda\/wp-content\/uploads\/2017\/08\/cfatlr-01.jpg\" \/>\n\t<meta property=\"og:image:width\" content=\"1024\" \/>\n\t<meta property=\"og:image:height\" content=\"792\" \/>\n\t<meta property=\"og:image:type\" content=\"image\/jpeg\" \/>\n<meta name=\"twitter:card\" content=\"summary_large_image\" \/>\n<meta name=\"twitter:label1\" content=\"Tiempo de lectura\" \/>\n\t<meta name=\"twitter:data1\" content=\"1 minuto\" \/>\n<script type=\"application\/ld+json\" class=\"yoast-schema-graph\">{\"@context\":\"https:\\\/\\\/schema.org\",\"@graph\":[{\"@type\":\"WebPage\",\"@id\":\"https:\\\/\\\/todotrial.com\\\/tienda\\\/bultaco-sherpa-caja-filtro-aire-competicion-6493-6494-6495\\\/\",\"url\":\"https:\\\/\\\/todotrial.com\\\/tienda\\\/bultaco-sherpa-caja-filtro-aire-competicion-6493-6494-6495\\\/\",\"name\":\"Honda TLR - Caja filtro aire competici\u00f3n - Tienda de todotrial\",\"isPartOf\":{\"@id\":\"https:\\\/\\\/todotrial.com\\\/tienda\\\/#website\"},\"primaryImageOfPage\":{\"@id\":\"https:\\\/\\\/todotrial.com\\\/tienda\\\/bultaco-sherpa-caja-filtro-aire-competicion-6493-6494-6495\\\/#primaryimage\"},\"image\":{\"@id\":\"https:\\\/\\\/todotrial.com\\\/tienda\\\/bultaco-sherpa-caja-filtro-aire-competicion-6493-6494-6495\\\/#primaryimage\"},\"thumbnailUrl\":\"https:\\\/\\\/todotrial.com\\\/tienda\\\/wp-content\\\/uploads\\\/2017\\\/08\\\/cfatlr-01.jpg\",\"datePublished\":\"2017-08-15T23:34:24+00:00\",\"dateModified\":\"2025-02-20T17:03:37+00:00\",\"breadcrumb\":{\"@id\":\"https:\\\/\\\/todotrial.com\\\/tienda\\\/bultaco-sherpa-caja-filtro-aire-competicion-6493-6494-6495\\\/#breadcrumb\"},\"inLanguage\":\"es\",\"potentialAction\":[{\"@type\":\"ReadAction\",\"target\":[\"https:\\\/\\\/todotrial.com\\\/tienda\\\/bultaco-sherpa-caja-filtro-aire-competicion-6493-6494-6495\\\/\"]}]},{\"@type\":\"ImageObject\",\"inLanguage\":\"es\",\"@id\":\"https:\\\/\\\/todotrial.com\\\/tienda\\\/bultaco-sherpa-caja-filtro-aire-competicion-6493-6494-6495\\\/#primaryimage\",\"url\":\"https:\\\/\\\/todotrial.com\\\/tienda\\\/wp-content\\\/uploads\\\/2017\\\/08\\\/cfatlr-01.jpg\",\"contentUrl\":\"https:\\\/\\\/todotrial.com\\\/tienda\\\/wp-content\\\/uploads\\\/2017\\\/08\\\/cfatlr-01.jpg\",\"width\":1024,\"height\":792},{\"@type\":\"BreadcrumbList\",\"@id\":\"https:\\\/\\\/todotrial.com\\\/tienda\\\/bultaco-sherpa-caja-filtro-aire-competicion-6493-6494-6495\\\/#breadcrumb\",\"itemListElement\":[{\"@type\":\"ListItem\",\"position\":1,\"name\":\"Portada\",\"item\":\"https:\\\/\\\/todotrial.com\\\/tienda\\\/\"},{\"@type\":\"ListItem\",\"position\":2,\"name\":\"Shop\",\"item\":\"https:\\\/\\\/todotrial.com\\\/tienda\\\/shop\\\/\"},{\"@type\":\"ListItem\",\"position\":3,\"name\":\"Honda TLR &#8211; Caja filtro aire competici\u00f3n\"}]},{\"@type\":\"WebSite\",\"@id\":\"https:\\\/\\\/todotrial.com\\\/tienda\\\/#website\",\"url\":\"https:\\\/\\\/todotrial.com\\\/tienda\\\/\",\"name\":\"Tienda de todotrial\",\"description\":\"\",\"potentialAction\":[{\"@type\":\"SearchAction\",\"target\":{\"@type\":\"EntryPoint\",\"urlTemplate\":\"https:\\\/\\\/todotrial.com\\\/tienda\\\/?s={search_term_string}\"},\"query-input\":{\"@type\":\"PropertyValueSpecification\",\"valueRequired\":true,\"valueName\":\"search_term_string\"}}],\"inLanguage\":\"es\"}]}<\/script>\n<!-- \/ Yoast SEO Premium plugin. -->","yoast_head_json":{"title":"Honda TLR - Caja filtro aire competici\u00f3n - Tienda de todotrial","robots":{"index":"index","follow":"follow","max-snippet":"max-snippet:-1","max-image-preview":"max-image-preview:large","max-video-preview":"max-video-preview:-1"},"canonical":"https:\/\/todotrial.com\/tienda\/bultaco-sherpa-caja-filtro-aire-competicion-6493-6494-6495\/","og_locale":"es_ES","og_type":"article","og_title":"Honda TLR - Caja filtro aire competici\u00f3n","og_description":"Caja filtro de aire para Honda TLR realizada en fibra de vidrio para preparaciones de competici\u00f3n.","og_url":"https:\/\/todotrial.com\/tienda\/bultaco-sherpa-caja-filtro-aire-competicion-6493-6494-6495\/","og_site_name":"Tienda de todotrial","article_modified_time":"2025-02-20T17:03:37+00:00","og_image":[{"width":1024,"height":792,"url":"https:\/\/todotrial.com\/tienda\/wp-content\/uploads\/2017\/08\/cfatlr-01.jpg","type":"image\/jpeg"}],"twitter_card":"summary_large_image","twitter_misc":{"Tiempo de lectura":"1 minuto"},"schema":{"@context":"https:\/\/schema.org","@graph":[{"@type":"WebPage","@id":"https:\/\/todotrial.com\/tienda\/bultaco-sherpa-caja-filtro-aire-competicion-6493-6494-6495\/","url":"https:\/\/todotrial.com\/tienda\/bultaco-sherpa-caja-filtro-aire-competicion-6493-6494-6495\/","name":"Honda TLR - Caja filtro aire competici\u00f3n - Tienda de todotrial","isPartOf":{"@id":"https:\/\/todotrial.com\/tienda\/#website"},"primaryImageOfPage":{"@id":"https:\/\/todotrial.com\/tienda\/bultaco-sherpa-caja-filtro-aire-competicion-6493-6494-6495\/#primaryimage"},"image":{"@id":"https:\/\/todotrial.com\/tienda\/bultaco-sherpa-caja-filtro-aire-competicion-6493-6494-6495\/#primaryimage"},"thumbnailUrl":"https:\/\/todotrial.com\/tienda\/wp-content\/uploads\/2017\/08\/cfatlr-01.jpg","datePublished":"2017-08-15T23:34:24+00:00","dateModified":"2025-02-20T17:03:37+00:00","breadcrumb":{"@id":"https:\/\/todotrial.com\/tienda\/bultaco-sherpa-caja-filtro-aire-competicion-6493-6494-6495\/#breadcrumb"},"inLanguage":"es","potentialAction":[{"@type":"ReadAction","target":["https:\/\/todotrial.com\/tienda\/bultaco-sherpa-caja-filtro-aire-competicion-6493-6494-6495\/"]}]},{"@type":"ImageObject","inLanguage":"es","@id":"https:\/\/todotrial.com\/tienda\/bultaco-sherpa-caja-filtro-aire-competicion-6493-6494-6495\/#primaryimage","url":"https:\/\/todotrial.com\/tienda\/wp-content\/uploads\/2017\/08\/cfatlr-01.jpg","contentUrl":"https:\/\/todotrial.com\/tienda\/wp-content\/uploads\/2017\/08\/cfatlr-01.jpg","width":1024,"height":792},{"@type":"BreadcrumbList","@id":"https:\/\/todotrial.com\/tienda\/bultaco-sherpa-caja-filtro-aire-competicion-6493-6494-6495\/#breadcrumb","itemListElement":[{"@type":"ListItem","position":1,"name":"Portada","item":"https:\/\/todotrial.com\/tienda\/"},{"@type":"ListItem","position":2,"name":"Shop","item":"https:\/\/todotrial.com\/tienda\/shop\/"},{"@type":"ListItem","position":3,"name":"Honda TLR &#8211; Caja filtro aire competici\u00f3n"}]},{"@type":"WebSite","@id":"https:\/\/todotrial.com\/tienda\/#website","url":"https:\/\/todotrial.com\/tienda\/","name":"Tienda de todotrial","description":"","potentialAction":[{"@type":"SearchAction","target":{"@type":"EntryPoint","urlTemplate":"https:\/\/todotrial.com\/tienda\/?s={search_term_string}"},"query-input":{"@type":"PropertyValueSpecification","valueRequired":true,"valueName":"search_term_string"}}],"inLanguage":"es"}]}},"_links":{"self":[{"href":"https:\/\/todotrial.com\/tienda\/wp-json\/wp\/v2\/product\/10106","targetHints":{"allow":["GET"]}}],"collection":[{"href":"https:\/\/todotrial.com\/tienda\/wp-json\/wp\/v2\/product"}],"about":[{"href":"https:\/\/todotrial.com\/tienda\/wp-json\/wp\/v2\/types\/product"}],"replies":[{"embeddable":true,"href":"https:\/\/todotrial.com\/tienda\/wp-json\/wp\/v2\/comments?post=10106"}],"version-history":[{"count":0,"href":"https:\/\/todotrial.com\/tienda\/wp-json\/wp\/v2\/product\/10106\/revisions"}],"wp:featuredmedia":[{"embeddable":true,"href":"https:\/\/todotrial.com\/tienda\/wp-json\/wp\/v2\/media\/10103"}],"wp:attachment":[{"href":"https:\/\/todotrial.com\/tienda\/wp-json\/wp\/v2\/media?parent=10106"}],"wp:term":[{"taxonomy":"product_brand","embeddable":true,"href":"https:\/\/todotrial.com\/tienda\/wp-json\/wp\/v2\/product_brand?post=10106"},{"taxonomy":"product_cat","embeddable":true,"href":"https:\/\/todotrial.com\/tienda\/wp-json\/wp\/v2\/product_cat?post=10106"},{"taxonomy":"product_tag","embeddable":true,"href":"https:\/\/todotrial.com\/tienda\/wp-json\/wp\/v2\/product_tag?post=10106"}],"curies":[{"name":"wp","href":"https:\/\/api.w.org\/{rel}","templated":true}]}}