{"id":10038,"date":"2020-07-02T22:40:55","date_gmt":"2020-07-02T22:40:55","guid":{"rendered":"https:\/\/todotrial.com\/tienda\/product\/adhesivos-clasicas2017-06-27-11-23-15\/"},"modified":"2025-02-20T17:21:11","modified_gmt":"2025-02-20T16:21:11","slug":"adhesivos-clasicas2017-06-27-11-23-15","status":"publish","type":"product","link":"https:\/\/todotrial.com\/tienda\/adhesivos-clasicas2017-06-27-11-23-15\/","title":{"rendered":"BULTACO MERCURIO 125 adhesivos"},"content":{"rendered":"<p>BULTACO MERCURIO 125 adhesivos.<br \/>Juego completo de anagramas para el modelo Mercurio 125 (Modelo 7). Incluye los anagramas met\u00e1licos para el dep\u00f3sitoto de gasolina as\u00ed como los anagramas en vinilo para el guardabarros trasero y los dos amortiguadores posteriores.<\/p>\n","protected":false},"excerpt":{"rendered":"<p>BULTACO MERCURIO 125 adhesivos.<br \/>\nJuego completo de anagramas para el modelo Mercurio 125 (Modelo 7). Incluye los anagramas met\u00e1licos para el dep\u00f3sitoto de gasolina as\u00ed como los anagramas en vinilo para el guardabarros trasero y los dos amortiguadores posteriores.<\/p>\n","protected":false},"featured_media":10037,"comment_status":"open","ping_status":"closed","template":"","meta":[],"product_brand":[],"product_cat":[15],"product_tag":[],"class_list":{"0":"post-10038","1":"product","2":"type-product","3":"status-publish","4":"has-post-thumbnail","6":"product_cat-uncategorized","8":"first","9":"instock","10":"taxable","11":"shipping-taxable","12":"purchasable","13":"product-type-simple"},"yoast_head":"<!-- This site is optimized with the Yoast SEO Premium plugin v21.2 (Yoast SEO v27.3) - https:\/\/yoast.com\/product\/yoast-seo-premium-wordpress\/ -->\n<title>BULTACO MERCURIO 125 adhesivos - Tienda de todotrial<\/title>\n<meta name=\"robots\" content=\"index, follow, max-snippet:-1, max-image-preview:large, max-video-preview:-1\" \/>\n<link rel=\"canonical\" href=\"https:\/\/todotrial.com\/tienda\/adhesivos-clasicas2017-06-27-11-23-15\/\" \/>\n<meta property=\"og:locale\" content=\"es_ES\" \/>\n<meta property=\"og:type\" content=\"article\" \/>\n<meta property=\"og:title\" content=\"BULTACO MERCURIO 125 adhesivos\" \/>\n<meta property=\"og:description\" content=\"BULTACO MERCURIO 125 adhesivos. Juego completo de anagramas para el modelo Mercurio 125 (Modelo 7). Incluye los anagramas met\u00e1licos para el dep\u00f3sitoto de gasolina as\u00ed como los anagramas en vinilo para el guardabarros trasero y los dos amortiguadores posteriores.\" \/>\n<meta property=\"og:url\" content=\"https:\/\/todotrial.com\/tienda\/adhesivos-clasicas2017-06-27-11-23-15\/\" \/>\n<meta property=\"og:site_name\" content=\"Tienda de todotrial\" \/>\n<meta property=\"article:modified_time\" content=\"2025-02-20T16:21:11+00:00\" \/>\n<meta property=\"og:image\" content=\"https:\/\/todotrial.com\/tienda\/wp-content\/uploads\/2020\/07\/mercurio-125.jpg\" \/>\n\t<meta property=\"og:image:width\" content=\"350\" \/>\n\t<meta property=\"og:image:height\" content=\"345\" \/>\n\t<meta property=\"og:image:type\" content=\"image\/jpeg\" \/>\n<meta name=\"twitter:card\" content=\"summary_large_image\" \/>\n<script type=\"application\/ld+json\" class=\"yoast-schema-graph\">{\"@context\":\"https:\\\/\\\/schema.org\",\"@graph\":[{\"@type\":\"WebPage\",\"@id\":\"https:\\\/\\\/todotrial.com\\\/tienda\\\/adhesivos-clasicas2017-06-27-11-23-15\\\/\",\"url\":\"https:\\\/\\\/todotrial.com\\\/tienda\\\/adhesivos-clasicas2017-06-27-11-23-15\\\/\",\"name\":\"BULTACO MERCURIO 125 adhesivos - Tienda de todotrial\",\"isPartOf\":{\"@id\":\"https:\\\/\\\/todotrial.com\\\/tienda\\\/#website\"},\"primaryImageOfPage\":{\"@id\":\"https:\\\/\\\/todotrial.com\\\/tienda\\\/adhesivos-clasicas2017-06-27-11-23-15\\\/#primaryimage\"},\"image\":{\"@id\":\"https:\\\/\\\/todotrial.com\\\/tienda\\\/adhesivos-clasicas2017-06-27-11-23-15\\\/#primaryimage\"},\"thumbnailUrl\":\"https:\\\/\\\/todotrial.com\\\/tienda\\\/wp-content\\\/uploads\\\/2020\\\/07\\\/mercurio-125.jpg\",\"datePublished\":\"2020-07-02T22:40:55+00:00\",\"dateModified\":\"2025-02-20T16:21:11+00:00\",\"breadcrumb\":{\"@id\":\"https:\\\/\\\/todotrial.com\\\/tienda\\\/adhesivos-clasicas2017-06-27-11-23-15\\\/#breadcrumb\"},\"inLanguage\":\"es\",\"potentialAction\":[{\"@type\":\"ReadAction\",\"target\":[\"https:\\\/\\\/todotrial.com\\\/tienda\\\/adhesivos-clasicas2017-06-27-11-23-15\\\/\"]}]},{\"@type\":\"ImageObject\",\"inLanguage\":\"es\",\"@id\":\"https:\\\/\\\/todotrial.com\\\/tienda\\\/adhesivos-clasicas2017-06-27-11-23-15\\\/#primaryimage\",\"url\":\"https:\\\/\\\/todotrial.com\\\/tienda\\\/wp-content\\\/uploads\\\/2020\\\/07\\\/mercurio-125.jpg\",\"contentUrl\":\"https:\\\/\\\/todotrial.com\\\/tienda\\\/wp-content\\\/uploads\\\/2020\\\/07\\\/mercurio-125.jpg\",\"width\":350,\"height\":345},{\"@type\":\"BreadcrumbList\",\"@id\":\"https:\\\/\\\/todotrial.com\\\/tienda\\\/adhesivos-clasicas2017-06-27-11-23-15\\\/#breadcrumb\",\"itemListElement\":[{\"@type\":\"ListItem\",\"position\":1,\"name\":\"Portada\",\"item\":\"https:\\\/\\\/todotrial.com\\\/tienda\\\/\"},{\"@type\":\"ListItem\",\"position\":2,\"name\":\"Shop\",\"item\":\"https:\\\/\\\/todotrial.com\\\/tienda\\\/shop\\\/\"},{\"@type\":\"ListItem\",\"position\":3,\"name\":\"BULTACO MERCURIO 125 adhesivos\"}]},{\"@type\":\"WebSite\",\"@id\":\"https:\\\/\\\/todotrial.com\\\/tienda\\\/#website\",\"url\":\"https:\\\/\\\/todotrial.com\\\/tienda\\\/\",\"name\":\"Tienda de todotrial\",\"description\":\"\",\"potentialAction\":[{\"@type\":\"SearchAction\",\"target\":{\"@type\":\"EntryPoint\",\"urlTemplate\":\"https:\\\/\\\/todotrial.com\\\/tienda\\\/?s={search_term_string}\"},\"query-input\":{\"@type\":\"PropertyValueSpecification\",\"valueRequired\":true,\"valueName\":\"search_term_string\"}}],\"inLanguage\":\"es\"}]}<\/script>\n<!-- \/ Yoast SEO Premium plugin. -->","yoast_head_json":{"title":"BULTACO MERCURIO 125 adhesivos - Tienda de todotrial","robots":{"index":"index","follow":"follow","max-snippet":"max-snippet:-1","max-image-preview":"max-image-preview:large","max-video-preview":"max-video-preview:-1"},"canonical":"https:\/\/todotrial.com\/tienda\/adhesivos-clasicas2017-06-27-11-23-15\/","og_locale":"es_ES","og_type":"article","og_title":"BULTACO MERCURIO 125 adhesivos","og_description":"BULTACO MERCURIO 125 adhesivos. Juego completo de anagramas para el modelo Mercurio 125 (Modelo 7). Incluye los anagramas met\u00e1licos para el dep\u00f3sitoto de gasolina as\u00ed como los anagramas en vinilo para el guardabarros trasero y los dos amortiguadores posteriores.","og_url":"https:\/\/todotrial.com\/tienda\/adhesivos-clasicas2017-06-27-11-23-15\/","og_site_name":"Tienda de todotrial","article_modified_time":"2025-02-20T16:21:11+00:00","og_image":[{"width":350,"height":345,"url":"https:\/\/todotrial.com\/tienda\/wp-content\/uploads\/2020\/07\/mercurio-125.jpg","type":"image\/jpeg"}],"twitter_card":"summary_large_image","schema":{"@context":"https:\/\/schema.org","@graph":[{"@type":"WebPage","@id":"https:\/\/todotrial.com\/tienda\/adhesivos-clasicas2017-06-27-11-23-15\/","url":"https:\/\/todotrial.com\/tienda\/adhesivos-clasicas2017-06-27-11-23-15\/","name":"BULTACO MERCURIO 125 adhesivos - Tienda de todotrial","isPartOf":{"@id":"https:\/\/todotrial.com\/tienda\/#website"},"primaryImageOfPage":{"@id":"https:\/\/todotrial.com\/tienda\/adhesivos-clasicas2017-06-27-11-23-15\/#primaryimage"},"image":{"@id":"https:\/\/todotrial.com\/tienda\/adhesivos-clasicas2017-06-27-11-23-15\/#primaryimage"},"thumbnailUrl":"https:\/\/todotrial.com\/tienda\/wp-content\/uploads\/2020\/07\/mercurio-125.jpg","datePublished":"2020-07-02T22:40:55+00:00","dateModified":"2025-02-20T16:21:11+00:00","breadcrumb":{"@id":"https:\/\/todotrial.com\/tienda\/adhesivos-clasicas2017-06-27-11-23-15\/#breadcrumb"},"inLanguage":"es","potentialAction":[{"@type":"ReadAction","target":["https:\/\/todotrial.com\/tienda\/adhesivos-clasicas2017-06-27-11-23-15\/"]}]},{"@type":"ImageObject","inLanguage":"es","@id":"https:\/\/todotrial.com\/tienda\/adhesivos-clasicas2017-06-27-11-23-15\/#primaryimage","url":"https:\/\/todotrial.com\/tienda\/wp-content\/uploads\/2020\/07\/mercurio-125.jpg","contentUrl":"https:\/\/todotrial.com\/tienda\/wp-content\/uploads\/2020\/07\/mercurio-125.jpg","width":350,"height":345},{"@type":"BreadcrumbList","@id":"https:\/\/todotrial.com\/tienda\/adhesivos-clasicas2017-06-27-11-23-15\/#breadcrumb","itemListElement":[{"@type":"ListItem","position":1,"name":"Portada","item":"https:\/\/todotrial.com\/tienda\/"},{"@type":"ListItem","position":2,"name":"Shop","item":"https:\/\/todotrial.com\/tienda\/shop\/"},{"@type":"ListItem","position":3,"name":"BULTACO MERCURIO 125 adhesivos"}]},{"@type":"WebSite","@id":"https:\/\/todotrial.com\/tienda\/#website","url":"https:\/\/todotrial.com\/tienda\/","name":"Tienda de todotrial","description":"","potentialAction":[{"@type":"SearchAction","target":{"@type":"EntryPoint","urlTemplate":"https:\/\/todotrial.com\/tienda\/?s={search_term_string}"},"query-input":{"@type":"PropertyValueSpecification","valueRequired":true,"valueName":"search_term_string"}}],"inLanguage":"es"}]}},"_links":{"self":[{"href":"https:\/\/todotrial.com\/tienda\/wp-json\/wp\/v2\/product\/10038","targetHints":{"allow":["GET"]}}],"collection":[{"href":"https:\/\/todotrial.com\/tienda\/wp-json\/wp\/v2\/product"}],"about":[{"href":"https:\/\/todotrial.com\/tienda\/wp-json\/wp\/v2\/types\/product"}],"replies":[{"embeddable":true,"href":"https:\/\/todotrial.com\/tienda\/wp-json\/wp\/v2\/comments?post=10038"}],"version-history":[{"count":0,"href":"https:\/\/todotrial.com\/tienda\/wp-json\/wp\/v2\/product\/10038\/revisions"}],"wp:featuredmedia":[{"embeddable":true,"href":"https:\/\/todotrial.com\/tienda\/wp-json\/wp\/v2\/media\/10037"}],"wp:attachment":[{"href":"https:\/\/todotrial.com\/tienda\/wp-json\/wp\/v2\/media?parent=10038"}],"wp:term":[{"taxonomy":"product_brand","embeddable":true,"href":"https:\/\/todotrial.com\/tienda\/wp-json\/wp\/v2\/product_brand?post=10038"},{"taxonomy":"product_cat","embeddable":true,"href":"https:\/\/todotrial.com\/tienda\/wp-json\/wp\/v2\/product_cat?post=10038"},{"taxonomy":"product_tag","embeddable":true,"href":"https:\/\/todotrial.com\/tienda\/wp-json\/wp\/v2\/product_tag?post=10038"}],"curies":[{"name":"wp","href":"https:\/\/api.w.org\/{rel}","templated":true}]}}