{"id":10006,"date":"2020-07-02T22:39:14","date_gmt":"2020-07-02T22:39:14","guid":{"rendered":"https:\/\/todotrial.com\/tienda\/product\/adhesivos-clasicas2017-06-22-20-25-36\/"},"modified":"2025-02-20T17:21:23","modified_gmt":"2025-02-20T16:21:23","slug":"adhesivos-clasicas2017-06-22-20-25-36","status":"publish","type":"product","link":"https:\/\/todotrial.com\/tienda\/adhesivos-clasicas2017-06-22-20-25-36\/","title":{"rendered":"BULTACO JUNIOR 75 &#8211; modelo 20"},"content":{"rendered":"<p>BULTACO JUNIOR 75 &#8211; modelo 20<br \/>Ver Contenido.<\/p>\n<p>Este juego (7 unidades) comprende los siguientes anagramas en vinilo: los dos anagramas circulares para los laterales del dep\u00f3sito de gasolina, un anagrama Junior (tama\u00f1o peque\u00f1o) para la tapa de la caja de herramientas (lado derecho de la moto sentido marcha), un anagrama Junior (tama\u00f1o grande) y una leyenda 75 cc para el lado izquierdo sentido marcha del protector bajo asiento, y las dos leyendas Betor en poliester para los amortiguadores traseros.<\/p>\n","protected":false},"excerpt":{"rendered":"<p>BULTACO JUNIOR 75 &#8211; modelo 20<br \/>\nVer Contenido.<\/p>\n","protected":false},"featured_media":10005,"comment_status":"open","ping_status":"closed","template":"","meta":[],"product_brand":[],"product_cat":[15],"product_tag":[],"class_list":{"0":"post-10006","1":"product","2":"type-product","3":"status-publish","4":"has-post-thumbnail","6":"product_cat-uncategorized","8":"first","9":"instock","10":"taxable","11":"shipping-taxable","12":"purchasable","13":"product-type-simple"},"yoast_head":"<!-- This site is optimized with the Yoast SEO Premium plugin v21.2 (Yoast SEO v27.3) - https:\/\/yoast.com\/product\/yoast-seo-premium-wordpress\/ -->\n<title>BULTACO JUNIOR 75 - modelo 20 - Tienda de todotrial<\/title>\n<meta name=\"robots\" content=\"index, follow, max-snippet:-1, max-image-preview:large, max-video-preview:-1\" \/>\n<link rel=\"canonical\" href=\"https:\/\/todotrial.com\/tienda\/adhesivos-clasicas2017-06-22-20-25-36\/\" \/>\n<meta property=\"og:locale\" content=\"es_ES\" \/>\n<meta property=\"og:type\" content=\"article\" \/>\n<meta property=\"og:title\" content=\"BULTACO JUNIOR 75 - modelo 20\" \/>\n<meta property=\"og:description\" content=\"BULTACO JUNIOR 75 - modelo 20 Ver Contenido.\" \/>\n<meta property=\"og:url\" content=\"https:\/\/todotrial.com\/tienda\/adhesivos-clasicas2017-06-22-20-25-36\/\" \/>\n<meta property=\"og:site_name\" content=\"Tienda de todotrial\" \/>\n<meta property=\"article:modified_time\" content=\"2025-02-20T16:21:23+00:00\" \/>\n<meta property=\"og:image\" content=\"https:\/\/todotrial.com\/tienda\/wp-content\/uploads\/2020\/07\/junior-serie-20.jpg\" \/>\n\t<meta property=\"og:image:width\" content=\"450\" \/>\n\t<meta property=\"og:image:height\" content=\"225\" \/>\n\t<meta property=\"og:image:type\" content=\"image\/jpeg\" \/>\n<meta name=\"twitter:card\" content=\"summary_large_image\" \/>\n<script type=\"application\/ld+json\" class=\"yoast-schema-graph\">{\"@context\":\"https:\\\/\\\/schema.org\",\"@graph\":[{\"@type\":\"WebPage\",\"@id\":\"https:\\\/\\\/todotrial.com\\\/tienda\\\/adhesivos-clasicas2017-06-22-20-25-36\\\/\",\"url\":\"https:\\\/\\\/todotrial.com\\\/tienda\\\/adhesivos-clasicas2017-06-22-20-25-36\\\/\",\"name\":\"BULTACO JUNIOR 75 - modelo 20 - Tienda de todotrial\",\"isPartOf\":{\"@id\":\"https:\\\/\\\/todotrial.com\\\/tienda\\\/#website\"},\"primaryImageOfPage\":{\"@id\":\"https:\\\/\\\/todotrial.com\\\/tienda\\\/adhesivos-clasicas2017-06-22-20-25-36\\\/#primaryimage\"},\"image\":{\"@id\":\"https:\\\/\\\/todotrial.com\\\/tienda\\\/adhesivos-clasicas2017-06-22-20-25-36\\\/#primaryimage\"},\"thumbnailUrl\":\"https:\\\/\\\/todotrial.com\\\/tienda\\\/wp-content\\\/uploads\\\/2020\\\/07\\\/junior-serie-20.jpg\",\"datePublished\":\"2020-07-02T22:39:14+00:00\",\"dateModified\":\"2025-02-20T16:21:23+00:00\",\"breadcrumb\":{\"@id\":\"https:\\\/\\\/todotrial.com\\\/tienda\\\/adhesivos-clasicas2017-06-22-20-25-36\\\/#breadcrumb\"},\"inLanguage\":\"es\",\"potentialAction\":[{\"@type\":\"ReadAction\",\"target\":[\"https:\\\/\\\/todotrial.com\\\/tienda\\\/adhesivos-clasicas2017-06-22-20-25-36\\\/\"]}]},{\"@type\":\"ImageObject\",\"inLanguage\":\"es\",\"@id\":\"https:\\\/\\\/todotrial.com\\\/tienda\\\/adhesivos-clasicas2017-06-22-20-25-36\\\/#primaryimage\",\"url\":\"https:\\\/\\\/todotrial.com\\\/tienda\\\/wp-content\\\/uploads\\\/2020\\\/07\\\/junior-serie-20.jpg\",\"contentUrl\":\"https:\\\/\\\/todotrial.com\\\/tienda\\\/wp-content\\\/uploads\\\/2020\\\/07\\\/junior-serie-20.jpg\",\"width\":450,\"height\":225},{\"@type\":\"BreadcrumbList\",\"@id\":\"https:\\\/\\\/todotrial.com\\\/tienda\\\/adhesivos-clasicas2017-06-22-20-25-36\\\/#breadcrumb\",\"itemListElement\":[{\"@type\":\"ListItem\",\"position\":1,\"name\":\"Portada\",\"item\":\"https:\\\/\\\/todotrial.com\\\/tienda\\\/\"},{\"@type\":\"ListItem\",\"position\":2,\"name\":\"Shop\",\"item\":\"https:\\\/\\\/todotrial.com\\\/tienda\\\/shop\\\/\"},{\"@type\":\"ListItem\",\"position\":3,\"name\":\"BULTACO JUNIOR 75 &#8211; modelo 20\"}]},{\"@type\":\"WebSite\",\"@id\":\"https:\\\/\\\/todotrial.com\\\/tienda\\\/#website\",\"url\":\"https:\\\/\\\/todotrial.com\\\/tienda\\\/\",\"name\":\"Tienda de todotrial\",\"description\":\"\",\"potentialAction\":[{\"@type\":\"SearchAction\",\"target\":{\"@type\":\"EntryPoint\",\"urlTemplate\":\"https:\\\/\\\/todotrial.com\\\/tienda\\\/?s={search_term_string}\"},\"query-input\":{\"@type\":\"PropertyValueSpecification\",\"valueRequired\":true,\"valueName\":\"search_term_string\"}}],\"inLanguage\":\"es\"}]}<\/script>\n<!-- \/ Yoast SEO Premium plugin. -->","yoast_head_json":{"title":"BULTACO JUNIOR 75 - modelo 20 - Tienda de todotrial","robots":{"index":"index","follow":"follow","max-snippet":"max-snippet:-1","max-image-preview":"max-image-preview:large","max-video-preview":"max-video-preview:-1"},"canonical":"https:\/\/todotrial.com\/tienda\/adhesivos-clasicas2017-06-22-20-25-36\/","og_locale":"es_ES","og_type":"article","og_title":"BULTACO JUNIOR 75 - modelo 20","og_description":"BULTACO JUNIOR 75 - modelo 20 Ver Contenido.","og_url":"https:\/\/todotrial.com\/tienda\/adhesivos-clasicas2017-06-22-20-25-36\/","og_site_name":"Tienda de todotrial","article_modified_time":"2025-02-20T16:21:23+00:00","og_image":[{"width":450,"height":225,"url":"https:\/\/todotrial.com\/tienda\/wp-content\/uploads\/2020\/07\/junior-serie-20.jpg","type":"image\/jpeg"}],"twitter_card":"summary_large_image","schema":{"@context":"https:\/\/schema.org","@graph":[{"@type":"WebPage","@id":"https:\/\/todotrial.com\/tienda\/adhesivos-clasicas2017-06-22-20-25-36\/","url":"https:\/\/todotrial.com\/tienda\/adhesivos-clasicas2017-06-22-20-25-36\/","name":"BULTACO JUNIOR 75 - modelo 20 - Tienda de todotrial","isPartOf":{"@id":"https:\/\/todotrial.com\/tienda\/#website"},"primaryImageOfPage":{"@id":"https:\/\/todotrial.com\/tienda\/adhesivos-clasicas2017-06-22-20-25-36\/#primaryimage"},"image":{"@id":"https:\/\/todotrial.com\/tienda\/adhesivos-clasicas2017-06-22-20-25-36\/#primaryimage"},"thumbnailUrl":"https:\/\/todotrial.com\/tienda\/wp-content\/uploads\/2020\/07\/junior-serie-20.jpg","datePublished":"2020-07-02T22:39:14+00:00","dateModified":"2025-02-20T16:21:23+00:00","breadcrumb":{"@id":"https:\/\/todotrial.com\/tienda\/adhesivos-clasicas2017-06-22-20-25-36\/#breadcrumb"},"inLanguage":"es","potentialAction":[{"@type":"ReadAction","target":["https:\/\/todotrial.com\/tienda\/adhesivos-clasicas2017-06-22-20-25-36\/"]}]},{"@type":"ImageObject","inLanguage":"es","@id":"https:\/\/todotrial.com\/tienda\/adhesivos-clasicas2017-06-22-20-25-36\/#primaryimage","url":"https:\/\/todotrial.com\/tienda\/wp-content\/uploads\/2020\/07\/junior-serie-20.jpg","contentUrl":"https:\/\/todotrial.com\/tienda\/wp-content\/uploads\/2020\/07\/junior-serie-20.jpg","width":450,"height":225},{"@type":"BreadcrumbList","@id":"https:\/\/todotrial.com\/tienda\/adhesivos-clasicas2017-06-22-20-25-36\/#breadcrumb","itemListElement":[{"@type":"ListItem","position":1,"name":"Portada","item":"https:\/\/todotrial.com\/tienda\/"},{"@type":"ListItem","position":2,"name":"Shop","item":"https:\/\/todotrial.com\/tienda\/shop\/"},{"@type":"ListItem","position":3,"name":"BULTACO JUNIOR 75 &#8211; modelo 20"}]},{"@type":"WebSite","@id":"https:\/\/todotrial.com\/tienda\/#website","url":"https:\/\/todotrial.com\/tienda\/","name":"Tienda de todotrial","description":"","potentialAction":[{"@type":"SearchAction","target":{"@type":"EntryPoint","urlTemplate":"https:\/\/todotrial.com\/tienda\/?s={search_term_string}"},"query-input":{"@type":"PropertyValueSpecification","valueRequired":true,"valueName":"search_term_string"}}],"inLanguage":"es"}]}},"_links":{"self":[{"href":"https:\/\/todotrial.com\/tienda\/wp-json\/wp\/v2\/product\/10006","targetHints":{"allow":["GET"]}}],"collection":[{"href":"https:\/\/todotrial.com\/tienda\/wp-json\/wp\/v2\/product"}],"about":[{"href":"https:\/\/todotrial.com\/tienda\/wp-json\/wp\/v2\/types\/product"}],"replies":[{"embeddable":true,"href":"https:\/\/todotrial.com\/tienda\/wp-json\/wp\/v2\/comments?post=10006"}],"version-history":[{"count":0,"href":"https:\/\/todotrial.com\/tienda\/wp-json\/wp\/v2\/product\/10006\/revisions"}],"wp:featuredmedia":[{"embeddable":true,"href":"https:\/\/todotrial.com\/tienda\/wp-json\/wp\/v2\/media\/10005"}],"wp:attachment":[{"href":"https:\/\/todotrial.com\/tienda\/wp-json\/wp\/v2\/media?parent=10006"}],"wp:term":[{"taxonomy":"product_brand","embeddable":true,"href":"https:\/\/todotrial.com\/tienda\/wp-json\/wp\/v2\/product_brand?post=10006"},{"taxonomy":"product_cat","embeddable":true,"href":"https:\/\/todotrial.com\/tienda\/wp-json\/wp\/v2\/product_cat?post=10006"},{"taxonomy":"product_tag","embeddable":true,"href":"https:\/\/todotrial.com\/tienda\/wp-json\/wp\/v2\/product_tag?post=10006"}],"curies":[{"name":"wp","href":"https:\/\/api.w.org\/{rel}","templated":true}]}}