{"id":38669,"date":"2022-12-21T20:38:40","date_gmt":"2022-12-21T19:38:40","guid":{"rendered":"https:\/\/todotrial.com\/tienda\/?page_id=38669"},"modified":"2022-12-21T20:38:43","modified_gmt":"2022-12-21T19:38:43","slug":"condiciones-generales-de-contratacion","status":"publish","type":"page","link":"https:\/\/todotrial.com\/tienda\/condiciones-generales-de-contratacion\/","title":{"rendered":"T\u00e9rminos y condiciones"},"content":{"rendered":"<h2>Quienes somos<\/h2>\n<p>Esta es la tienda de la revista online Todotrial, http:\/\/todotrial.com.<br \/>\nEl apartado Tienda lo encontrar\u00e1s en http:\/\/todotrial.com\/tienda.<\/p>\n<h2>T\u00e9rminos y condiciones<\/h2>\n<div class=\"entry-content\">\n<p>Estos t\u00e9rminos y condiciones determinan el uso de los servicios que te ofrecemos en esta tienda online. Al visitar nuestra p\u00e1gina web aceptas el contenido de los mismos. \u00c9stas son las normas por las que se rige todo el proceso de compra y todos aquellos procesos que puedan derivar de su ejecuci\u00f3n.<\/p>\n<p>1. Listado de precios de los Art\u00edculos. \u2028Todos los precios expuestos en la lista de nuestros productos incluyen el IVA. Como regla general se aplicar\u00e1 el tipo impositivo del 21% de IVA para el territorio de la Uni\u00f3n Europea. En la venta a cualquier otro pa\u00eds del mundo no se repercutir\u00e1 IVA, no obstante, los sistemas aduaneros de cada pa\u00eds aplicar\u00e1n las cargas impositivas correspondientes. Los precios expuestos en esta tienda online podr\u00e1n ser revisados y modificados en cualquier momento.<\/p>\n<p>2. T\u00e9rminos de uso. \u2028Cuando pasas un pedido a trav\u00e9s de esta p\u00e1gina web (www.todotrial.com\/tienda) consideraremos dicha acci\u00f3n como una compra. Una vez realizado tu pedido, recibir\u00e1s confirmaci\u00f3n del mismo por e-mail, momento en el cual nos vincula una relaci\u00f3n contractual. Posteriormente te enviaremos tambi\u00e9n por mail los detalles de tu pedido. Es posible que este mail llegue a tu buz\u00f3n de correo no deseado o spam. Los detalles sobre tus pedidos recientes podr\u00e1s encontrarlos en la p\u00e1gina \u00abMi cuenta\u00bb.<\/p>\n<p>3. Plazos de Entrega de los pedidos\u2028. El plazo de entrega depende de que el art\u00edculo solicitado est\u00e9 disponible en nuestro stock o en el de nuestro proveedor, lo normal es que no se demore\u00a0 m\u00e1s de diez d\u00edas en caso de env\u00edos nacionales y veinte en env\u00edos fuera del territorio nacional.<br \/>\nEl sistema de env\u00edo en todos los casos ser\u00e1 a trav\u00e9s de servicio de mensajer\u00eda o paqueter\u00eda\u00a0 que tardar\u00e1 entre dos y cinco d\u00edas desde la salida de nuestros almacenes, plazo que se a\u00f1adir\u00e1 al mencionado en el p\u00e1rrafo anterior. Si a\u00f1ades varios art\u00edculos al carrito, la fecha aproximada de entrega ser\u00e1 la m\u00e1s alejada en el tiempo.<\/p>\n<p>Los env\u00edos est\u00e1ndar suelen entregarse entre tres y cinco d\u00edas despu\u00e9s de haber hecho la compra a trav\u00e9s de la web, aunque estos plazos de entrega son orientativos, y en cualquier caso, un retraso en la entrega respecto los plazos indicados no dar\u00e1 derecho al cliente a exigir indemnizaci\u00f3n alguna, aunque s\u00ed a cancelarlo.<\/p>\n<p>Los plazos de entrega se computan sobre d\u00edas laborables y en caso de que existiera alg\u00fan problema te lo comunicaremos lo antes posible tratando de darte un nuevo plazo de entrega. Si no fuera posible servirte el producto, procederemos a su anulaci\u00f3n.<\/p>\n<p>4. Garant\u00eda en todos los Art\u00edculos. \u2028Los clientes de Todotrial.com\/tienda se benefician de la garant\u00eda dada por los distintos fabricantes de cada uno de los art\u00edculos, por lo que nos encargaremos de gestionarlo con la marca, aunque siempre ser\u00e1 esta quien determine si la aprueba o no. Los defectos o desperfectos debidos a una incorrecta utilizaci\u00f3n o manipulaci\u00f3n del material o los desgastes producidos por un uso normal del mismo, no se incluyen en esta garant\u00eda.<\/p>\n<p>5. Devoluciones. \u2028Tratamos de ofrecer las m\u00e1ximas garant\u00edas de calidad y servicio, por lo que ofrecemos a nuestros clientes la posibilidad de devolver los productos adquiridos On-line. Para ello deber\u00e1n contactar en el mail: todotrial@todotrial.com, donde se les informar\u00e1 del proceso a seguir. Todos los productos deber\u00e1n conservar intacto su precinto de origen y estar correctamente embalados, corriendo el cliente con los gastos de env\u00edo.<\/p>\n<p>6. Protecci\u00f3n de los Datos Personales\u2028. En cumplimiento de lo establecido en la Ley Org\u00e1nica 15\/1999, de 13 de diciembre, de Protecci\u00f3n de Datos de Car\u00e1cter Personal, Todotrial S.L.. informa a sus clientes de que cuantos datos personales le faciliten ser\u00e1n incluidos en un fichero automatizado de datos de car\u00e1cter personal, creado y mantenido bajo la responsabilidad de Todotrial S.L. La finalidad de dicho fichero es facilitar la tramitaci\u00f3n de los pedidos y tambi\u00e9n enviarle comunicaciones comerciales sobre productos y servicios que puedan resultar de su inter\u00e9s, por lo que podr\u00e1n ser comunicados a otras empresas del Grupo con este fin. Todotrial S.L. garantiza la seguridad y confidencialidad de los datos facilitados. De este modo, se compromete al cumplimiento de su obligaci\u00f3n de secreto de los datos de car\u00e1cter personal y de su deber de guardarlos y adoptar todas las medidas necesarias para evitar su alteraci\u00f3n, p\u00e9rdida, tratamiento o uso no autorizado. Por lo tanto, toda la informaci\u00f3n sobre nuestros clientes no ser\u00e1 utilizada con prop\u00f3sitos comerciales ni ser\u00e1 cedida a terceros. Los clientes de Todotrial S.L. podr\u00e1n en todo momento ejercitar los derechos de acceso, rectificaci\u00f3n, cancelaci\u00f3n y oposici\u00f3n, comunic\u00e1ndolo por escrito a nuestra direcci\u00f3n de correo electr\u00f3nico todotrial@todotrial.com<\/p>\n<p>7. Contenido e informaci\u00f3n suministrada. \u2028Todotrial S.L se reserva el derecho a modificar en cualquier momento la oferta comercial presentada en el web (modificaciones sobre productos, precios, promociones y otras condiciones comerciales y de servicio). Procuramos que la informaci\u00f3n contenida en la web no contenga errores tipogr\u00e1ficos, pero en caso de que se produjera alg\u00fan error de este tipo en alguno de los precios mostrados y alg\u00fan cliente hubiera tomado una decisi\u00f3n de compra basada en dicho error, \u00e9ste tendr\u00e1 derecho a rescindir su compra sin ning\u00fan coste por su parte.<\/p>\n<p>8. Legislaci\u00f3n aplicable\u2028. Las relaciones con nuestros clientes que se deriven de la prestaci\u00f3n de los servicios contenidos en nuestra web est\u00e1n sometidas a la legislaci\u00f3n y la jurisdicci\u00f3n espa\u00f1ola. Los usuarios de nuestra web son conscientes de todo lo expuesto y lo aceptan voluntariamente.<\/p>\n<p>9. Localizaci\u00f3n del pedido. \u2028Podr\u00e1s conocer el estado de tu env\u00edo en todo momento solicit\u00e1ndolo por mail a todotrial@todotrial.com.<\/p>\n<\/div>\n<h3><\/h3>\n","protected":false},"excerpt":{"rendered":"<p>Quienes somos Esta es la tienda de la revista online Todotrial, http:\/\/todotrial.com. El apartado Tienda lo encontrar\u00e1s en http:\/\/todotrial.com\/tienda. T\u00e9rminos y condiciones Estos t\u00e9rminos y condiciones determinan el uso de los servicios que te ofrecemos en esta tienda online. Al visitar nuestra p\u00e1gina web aceptas el contenido de los mismos. \u00c9stas son las normas por [&hellip;]<\/p>\n","protected":false},"author":3,"featured_media":0,"parent":0,"menu_order":0,"comment_status":"closed","ping_status":"closed","template":"","meta":{"footnotes":""},"class_list":["post-38669","page","type-page","status-publish","hentry"],"yoast_head":"<!-- This site is optimized with the Yoast SEO Premium plugin v21.2 (Yoast SEO v27.3) - https:\/\/yoast.com\/product\/yoast-seo-premium-wordpress\/ -->\n<title>T\u00e9rminos y condiciones - Tienda de todotrial<\/title>\n<meta name=\"robots\" content=\"index, follow, max-snippet:-1, max-image-preview:large, max-video-preview:-1\" \/>\n<link rel=\"canonical\" href=\"https:\/\/todotrial.com\/tienda\/condiciones-generales-de-contratacion\/\" \/>\n<meta property=\"og:locale\" content=\"es_ES\" \/>\n<meta property=\"og:type\" content=\"article\" \/>\n<meta property=\"og:title\" content=\"T\u00e9rminos y condiciones\" \/>\n<meta property=\"og:description\" content=\"Quienes somos Esta es la tienda de la revista online Todotrial, http:\/\/todotrial.com. El apartado Tienda lo encontrar\u00e1s en http:\/\/todotrial.com\/tienda. T\u00e9rminos y condiciones Estos t\u00e9rminos y condiciones determinan el uso de los servicios que te ofrecemos en esta tienda online. Al visitar nuestra p\u00e1gina web aceptas el contenido de los mismos. \u00c9stas son las normas por [&hellip;]\" \/>\n<meta property=\"og:url\" content=\"https:\/\/todotrial.com\/tienda\/condiciones-generales-de-contratacion\/\" \/>\n<meta property=\"og:site_name\" content=\"Tienda de todotrial\" \/>\n<meta property=\"article:modified_time\" content=\"2022-12-21T19:38:43+00:00\" \/>\n<meta name=\"twitter:card\" content=\"summary_large_image\" \/>\n<meta name=\"twitter:label1\" content=\"Tiempo de lectura\" \/>\n\t<meta name=\"twitter:data1\" content=\"5 minutos\" \/>\n<script type=\"application\/ld+json\" class=\"yoast-schema-graph\">{\"@context\":\"https:\\\/\\\/schema.org\",\"@graph\":[{\"@type\":\"WebPage\",\"@id\":\"https:\\\/\\\/todotrial.com\\\/tienda\\\/condiciones-generales-de-contratacion\\\/\",\"url\":\"https:\\\/\\\/todotrial.com\\\/tienda\\\/condiciones-generales-de-contratacion\\\/\",\"name\":\"T\u00e9rminos y condiciones - Tienda de todotrial\",\"isPartOf\":{\"@id\":\"https:\\\/\\\/todotrial.com\\\/tienda\\\/#website\"},\"datePublished\":\"2022-12-21T19:38:40+00:00\",\"dateModified\":\"2022-12-21T19:38:43+00:00\",\"breadcrumb\":{\"@id\":\"https:\\\/\\\/todotrial.com\\\/tienda\\\/condiciones-generales-de-contratacion\\\/#breadcrumb\"},\"inLanguage\":\"es\",\"potentialAction\":[{\"@type\":\"ReadAction\",\"target\":[\"https:\\\/\\\/todotrial.com\\\/tienda\\\/condiciones-generales-de-contratacion\\\/\"]}]},{\"@type\":\"BreadcrumbList\",\"@id\":\"https:\\\/\\\/todotrial.com\\\/tienda\\\/condiciones-generales-de-contratacion\\\/#breadcrumb\",\"itemListElement\":[{\"@type\":\"ListItem\",\"position\":1,\"name\":\"Portada\",\"item\":\"https:\\\/\\\/todotrial.com\\\/tienda\\\/\"},{\"@type\":\"ListItem\",\"position\":2,\"name\":\"T\u00e9rminos y condiciones\"}]},{\"@type\":\"WebSite\",\"@id\":\"https:\\\/\\\/todotrial.com\\\/tienda\\\/#website\",\"url\":\"https:\\\/\\\/todotrial.com\\\/tienda\\\/\",\"name\":\"Tienda de todotrial\",\"description\":\"\",\"potentialAction\":[{\"@type\":\"SearchAction\",\"target\":{\"@type\":\"EntryPoint\",\"urlTemplate\":\"https:\\\/\\\/todotrial.com\\\/tienda\\\/?s={search_term_string}\"},\"query-input\":{\"@type\":\"PropertyValueSpecification\",\"valueRequired\":true,\"valueName\":\"search_term_string\"}}],\"inLanguage\":\"es\"}]}<\/script>\n<!-- \/ Yoast SEO Premium plugin. -->","yoast_head_json":{"title":"T\u00e9rminos y condiciones - Tienda de todotrial","robots":{"index":"index","follow":"follow","max-snippet":"max-snippet:-1","max-image-preview":"max-image-preview:large","max-video-preview":"max-video-preview:-1"},"canonical":"https:\/\/todotrial.com\/tienda\/condiciones-generales-de-contratacion\/","og_locale":"es_ES","og_type":"article","og_title":"T\u00e9rminos y condiciones","og_description":"Quienes somos Esta es la tienda de la revista online Todotrial, http:\/\/todotrial.com. El apartado Tienda lo encontrar\u00e1s en http:\/\/todotrial.com\/tienda. T\u00e9rminos y condiciones Estos t\u00e9rminos y condiciones determinan el uso de los servicios que te ofrecemos en esta tienda online. Al visitar nuestra p\u00e1gina web aceptas el contenido de los mismos. \u00c9stas son las normas por [&hellip;]","og_url":"https:\/\/todotrial.com\/tienda\/condiciones-generales-de-contratacion\/","og_site_name":"Tienda de todotrial","article_modified_time":"2022-12-21T19:38:43+00:00","twitter_card":"summary_large_image","twitter_misc":{"Tiempo de lectura":"5 minutos"},"schema":{"@context":"https:\/\/schema.org","@graph":[{"@type":"WebPage","@id":"https:\/\/todotrial.com\/tienda\/condiciones-generales-de-contratacion\/","url":"https:\/\/todotrial.com\/tienda\/condiciones-generales-de-contratacion\/","name":"T\u00e9rminos y condiciones - Tienda de todotrial","isPartOf":{"@id":"https:\/\/todotrial.com\/tienda\/#website"},"datePublished":"2022-12-21T19:38:40+00:00","dateModified":"2022-12-21T19:38:43+00:00","breadcrumb":{"@id":"https:\/\/todotrial.com\/tienda\/condiciones-generales-de-contratacion\/#breadcrumb"},"inLanguage":"es","potentialAction":[{"@type":"ReadAction","target":["https:\/\/todotrial.com\/tienda\/condiciones-generales-de-contratacion\/"]}]},{"@type":"BreadcrumbList","@id":"https:\/\/todotrial.com\/tienda\/condiciones-generales-de-contratacion\/#breadcrumb","itemListElement":[{"@type":"ListItem","position":1,"name":"Portada","item":"https:\/\/todotrial.com\/tienda\/"},{"@type":"ListItem","position":2,"name":"T\u00e9rminos y condiciones"}]},{"@type":"WebSite","@id":"https:\/\/todotrial.com\/tienda\/#website","url":"https:\/\/todotrial.com\/tienda\/","name":"Tienda de todotrial","description":"","potentialAction":[{"@type":"SearchAction","target":{"@type":"EntryPoint","urlTemplate":"https:\/\/todotrial.com\/tienda\/?s={search_term_string}"},"query-input":{"@type":"PropertyValueSpecification","valueRequired":true,"valueName":"search_term_string"}}],"inLanguage":"es"}]}},"_links":{"self":[{"href":"https:\/\/todotrial.com\/tienda\/wp-json\/wp\/v2\/pages\/38669","targetHints":{"allow":["GET"]}}],"collection":[{"href":"https:\/\/todotrial.com\/tienda\/wp-json\/wp\/v2\/pages"}],"about":[{"href":"https:\/\/todotrial.com\/tienda\/wp-json\/wp\/v2\/types\/page"}],"author":[{"embeddable":true,"href":"https:\/\/todotrial.com\/tienda\/wp-json\/wp\/v2\/users\/3"}],"replies":[{"embeddable":true,"href":"https:\/\/todotrial.com\/tienda\/wp-json\/wp\/v2\/comments?post=38669"}],"version-history":[{"count":0,"href":"https:\/\/todotrial.com\/tienda\/wp-json\/wp\/v2\/pages\/38669\/revisions"}],"wp:attachment":[{"href":"https:\/\/todotrial.com\/tienda\/wp-json\/wp\/v2\/media?parent=38669"}],"curies":[{"name":"wp","href":"https:\/\/api.w.org\/{rel}","templated":true}]}}