{"id":28717,"date":"2019-03-04T07:43:04","date_gmt":"2019-03-04T07:43:04","guid":{"rendered":"http:\/\/wclovers.bizdirect.pw\/?page_id=3"},"modified":"2022-12-21T21:47:27","modified_gmt":"2022-12-21T20:47:27","slug":"politica-de-privacidad","status":"publish","type":"page","link":"https:\/\/todotrial.com\/tienda\/politica-de-privacidad\/","title":{"rendered":"Privacy Policy &#8211; Pol\u00edtica de Privacidad"},"content":{"rendered":"<h2>Clausula de Protecci\u00f3n de Datos<\/h2>\n<p>De acuerdo con lo establecido en la Ley Org\u00e1nica 15\/1999, de 13 de diciembre, de Protecci\u00f3n de Datos de car\u00e1cter Personal, el Cliente\/Usuario queda informado de la incorporaci\u00f3n de sus datos a los ficheros automatizados existentes en la p\u00e1gina web www.todotrial.com<\/p>\n<p>As\u00edmismo, queda informado del tratamiento automatizado a que van a ser sometidos todos sus datos a los que la Compa\u00f1\u00eda tenga acceso como consecuencia de su navegaci\u00f3n por las p\u00e1ginas web de Todotrial.com, de la consulta, solicitud o contrataci\u00f3n de cualquier servicio o producto, o de cualquier transacci\u00f3n u operaci\u00f3n realizada, para las finalidades de comercializaci\u00f3n de nuestros servicios, del mantenimiento de su relaci\u00f3n contractual y de gesti\u00f3n y al objeto de adecuar nuestras ofertas comerciales a su perfil particular, siendo sus destinatarios los servicios comerciales y t\u00e9cnicos de la tienda online. El cliente \/ usuario tiene derecho a oponerse al tratamiento de cualquiera de sus datos que no sean imprescindibles para la celebraci\u00f3n del contrato y a su utilizaci\u00f3n para cualquier finalidad distinta del mantenimiento de su relaci\u00f3n contractual, siendo facultativas las respuestas que pudiere dar a las cuestiones que se le planteen al margen del contrato.<\/p>\n<p>El cliente \/ usuario acepta que puedan ser cedidos sus datos, exclusivamente para las finalidades a las que se refiere el p\u00e1rrafo anterior, a sociedades participadas por Todotrial.com , o a otras con las que Todotrial.com concluya acuerdos de colaboraci\u00f3n.<\/p>\n<p>Asimismo, el cliente \/ usuario acepta que Todotrial.com o sus sociedades filiales y participadas, le remitan informaci\u00f3n sobre cualesquiera bienes o servicios que comercialicen. La aceptaci\u00f3n del cliente \/ usuario para que puedan ser tratados o cedidos sus datos en la forma establecida en este p\u00e1rrafo, tiene siempre car\u00e1cter revocable, sin efectos retroactivos, conforme a lo que disponen los art\u00edculos 6 y 11 de la Ley Org\u00e1nica 15\/99.<\/p>\n<p>Los movimientos realizados a trav\u00e9s de todo tipo de medios interactivos por el cliente \/ usuario en las p\u00e1ginas web de Todotrial.com quedar\u00e1n registrados en un archivo inform\u00e1tico y tratados con las misma finalidades descritas en los anteriores p\u00e1rrafos. Dicho archivo de movimientos permite a Todotrial.com localizar las incidencias y problemas que puedan surgir, solventarlos en el menor plazo posible y seguir ofreciendo al cliente \/ usuario los servicios que solicita y otros que puedan ser de su inter\u00e9s, sin necesidad de que, una vez se haya registrado por primera vez, tenga que registrarse en cada visita para acceder a las \u00e1reas y servicios a \u00e9l reservados, pero sin que, en ning\u00fan caso, dichos archivos proporcionen el nombre y apellidos del cliente \/ usuario , ni permitan leer datos de su disco duro, ni los eventuales archivos inform\u00e1ticos creados por otros proveedores.<\/p>\n<p>El cliente \/ usuario queda, igualmente, informado sobre la posibilidad de ejercer los derechos de acceso, rectificaci\u00f3n, cancelaci\u00f3n y oposici\u00f3n, en los t\u00e9rminos establecidos en la legislaci\u00f3n vigente, pudiendo utilizar para ello cualquiera de los canales de comunicaci\u00f3n de Todotrial.com, a trav\u00e9s del correo electr\u00f3nico todotrial (ARROBA) todotrial.com.<\/p>\n<p>La titularidad de los ficheros de datos personales corresponde a<\/p>\n<h2>Aviso Legal<\/h2>\n<p>1) DATOS IDENTIFICATIVOS : En cumplimiento con el deber de informaci\u00f3n recogido en art\u00edculo 10 de la Ley 34\/2002, de 11 de julio, de Servicios de la Sociedad de la Informaci\u00f3n y del Comercio Electr\u00f3nico, a continuaci\u00f3n se reflejan los siguientes datos: La persona titular de este website es Horacio San Mart\u00edn, con los siguientes datos: Titular del dominio: Horacio San Mart\u00edn. Direcci\u00f3n: Bolivia 2 4\u00a0 &#8211; Madrid 28016 &#8211; Email general: todotrial(a)todotrial.com &#8211; ## Datos Registrales: , N.I.F. 02539755A. &#8211; Telefono: 622101841.<\/p>\n<p>2) USUARIOS : El acceso y\/o uso de los portales de Todotrial.com atribuye la condici\u00f3n de USUARIO, que acepta, desde dicho acceso y\/o uso, las Condiciones Generales de Uso aqu\u00ed reflejadas. Las citadas Condiciones ser\u00e1n de aplicaci\u00f3n independientemente de las Condiciones Generales de Contrataci\u00f3n que en su caso resulten de obligado cumplimiento.<\/p>\n<p>3) USO DEL PORTAL : Las websites de Todotrial.com proporcionan el acceso a multitud de informaciones, servicios, programas o datos (en adelante, \u00ablos contenidos\u00bb) en Internet pertenecientes a Todotrial.com a los que el USUARIO pueda tener acceso. El USUARIO asume la responsabilidad del uso del PORTAL. Dicha responsabilidad se extiende al registro que fuese necesario para acceder a determinados servicios o contenidos. En dicho registro el USUARIO ser\u00e1 responsable de aportar informaci\u00f3n veraz y l\u00edcita. Como consecuencia de este registro, al USUARIO se le puede proporcionar una contrase\u00f1a de la que ser\u00e1 responsable, comprometi\u00e9ndose a hacer un uso diligente y confidencial de la misma. El USUARIO se compromete a hacer un uso adecuado de los contenidos y servicios (como por ejemplo servicios de chat, foros de discusi\u00f3n o grupos de noticias) que Todotrial.com. ofrece a trav\u00e9s de sus websites y con car\u00e1cter enunciativo pero no limitativo, a no emplearlos para (i) incurrir en actividades il\u00edcitas, ilegales o contrarias a la buena fe y al orden p\u00fablico; (ii) difundir contenidos o propaganda de car\u00e1cter racista, xen\u00f3fobo, pornogr\u00e1fico-ilegal, de apolog\u00eda del terrorismo o atentatorio contra los derechos humanos; (iii) provocar da\u00f1os en los sistemas f\u00edsicos y l\u00f3gicos de Todotrial.com, de sus proveedores o de terceras personas, introducir o difundir en la red virus inform\u00e1ticos o cualesquiera otros sistemas f\u00edsicos o l\u00f3gicos que sean susceptibles de provocar los da\u00f1os anteriormente mencionados; (iv) intentar acceder y, en su caso, utilizar las cuentas de correo electr\u00f3nico de otros usuarios y modificar o manipular sus mensajes. Todotrial.com se reserva el derecho de retirar todos aquellos comentarios y aportaciones que vulneren el respeto a la dignidad de la persona, que sean discriminatorios, xen\u00f3fobos, racistas, pornogr\u00e1ficos, que atenten contra la juventud o la infancia, el orden o la seguridad p\u00fablica o que, a su juicio, no resultaran adecuados para su publicaci\u00f3n.. En cualquier caso, Todotrial.com no ser\u00e1 responsable de las opiniones vertidas por los usuarios a trav\u00e9s de los foros, chats, u otras herramientas de participaci\u00f3n.<\/p>\n<p>4) PROPIEDAD INTELECTUAL E INDUSTRIAL : El titular de Todotrial.com por s\u00ed o como cesionario, es titular de todos los derechos de propiedad intelectual e industrial de sus p\u00e1ginas webs, as\u00ed como de los elementos contenidos en el mismo (a t\u00edtulo enunciativo, im\u00e1genes, sonido, audio, v\u00eddeo, software o textos; marcas o logotipos, combinaciones de colores, estructura y dise\u00f1o, selecci\u00f3n de materiales usados, programas de ordenador necesarios para su funcionamiento, acceso y uso, etc&#8230;), titularidad de Todotrial.com o bien de sus licenciantes. Todos los derechos reservados. En virtud de lo dispuesto en los art\u00edculos 8 y 32.1, p\u00e1rrafo segundo, de la Ley de Propiedad Intelectual, quedan expresamente prohibidas la reproducci\u00f3n, la distribuci\u00f3n y la comunicaci\u00f3n publica, incluida su modalidad de puesta a disposici\u00f3n, de la totalidad o parte de los contenidos de esta p\u00e1gina web, con fines comerciales, en cualquier soporte y por cualquier medio t\u00e9cnico, sin la autorizaci\u00f3n de Todotrial.com. El USUARIO se compromete a respetar los derechos de Propiedad Intelectual e Industrial titularidad de Todotrial.com. Podr\u00e1 visualizar los elementos de las diferentes websites e incluso imprimirlos, copiarlos y almacenarlos en el disco duro de su ordenador o en cualquier otro soporte f\u00edsico siempre y cuando sea, \u00fanica y exclusivamente, para su uso personal y privado. El USUARIO deber\u00e1 abstenerse de suprimir, alterar, eludir o manipular cualquier dispositivo de protecci\u00f3n o sistema de seguridad que estuviera instalado en el las p\u00e1ginas de Todotrial.com.<\/p>\n<p>5) EXCLUSI\u00d3N DE GARANT\u00cdAS Y RESPONSABILIDAD: el titular de Todotrial.com no se hace responsable, en ning\u00fan caso, de los da\u00f1os y perjuicios de cualquier naturaleza que pudieran ocasionar, a t\u00edtulo enunciativo: errores u omisiones en los contenidos, falta de disponibilidad del portal o la transmisi\u00f3n de virus o programas maliciosos o lesivos en los contenidos, a pesar de haber adoptado todas las medidas tecnol\u00f3gicas necesarias para evitarlo.<\/p>\n<p>6) MODIFICACIONES: el titular de Todotrial.com se reserva el derecho de efectuar sin previo aviso las modificaciones que considere oportunas en sus websites, pudiendo cambiar, suprimir o a\u00f1adir tanto los contenidos y servicios que se presten a trav\u00e9s de la misma como la forma en la que \u00e9stos aparezcan presentados o localizados en sus websites<\/p>\n<p>7) EMPLEO DE COOKIES: el titular de Todotrial.com podr\u00e1 utilizar cookies para personalizar y facilitar al m\u00e1ximo la navegaci\u00f3n del USUARIO por sus websites. Las cookies se asocian \u00fanicamente a un USUARIO an\u00f3nimo y su ordenador y no proporcionan referencias que permitan deducir datos personales del USUARIO. El USUARIO podr\u00e1 configurar su navegador para que notifique y rechace la instalaci\u00f3n de las cookies enviadas por Todotrial.com, sin que ello perjudique la posibilidad del USUARIO de acceder a los Contenidos.<\/p>\n<p>8) ENLACES : En el caso de que en las websites se dispusiesen enlaces o hiperv\u00ednculos hac\u00eda otros sitios de Internet, Motocross La Estaci\u00f3n S.L. . no ejercer\u00e1 ning\u00fan tipo de control sobre dichos sitios y contenidos. En ning\u00fan caso el titular de Todotrial.com asumir\u00e1 responsabilidad alguna por los contenidos de alg\u00fan enlace perteneciente a un sitio web ajeno, ni garantizar\u00e1 la disponibilidad t\u00e9cnica, calidad, fiabilidad, exactitud, amplitud, veracidad, validez y constitucionalidad de cualquier material o informaci\u00f3n contenida en ninguno de dichos hiperv\u00ednculos u otros sitios de Internet. Igualmente la inclusi\u00f3n de estas conexiones externas no implicar\u00e1 ning\u00fan tipo de asociaci\u00f3n, fusi\u00f3n o participaci\u00f3n con las entidades conectadas.<\/p>\n<p>9) DERECHO DE EXCLUSI\u00d3N: el titular de Todotrial.com se reserva el derecho a denegar o retirar el acceso a sus websites y\/o los servicios ofrecidos sin necesidad de preaviso, a instancia propia o de un tercero, a aquellos usuarios que incumplan las presentes Condiciones Generales de Uso.<\/p>\n<p>10) GENERALIDADES: el titular de Todotrial.com perseguir\u00e1 el incumplimiento de las presentes condiciones as\u00ed como cualquier utilizaci\u00f3n indebida de sus websites ejerciendo todas las acciones civiles y penales que le puedan corresponder en derecho.<\/p>\n<p>11) MODIFICACI\u00d3N DE LAS PRESENTES CONDICIONES Y DURACI\u00d3N: el titular de Todotrial.com podr\u00e1 modificar en cualquier momento las condiciones aqu\u00ed determinadas, siendo debidamente publicadas como aqu\u00ed aparecen. La vigencia de las citadas condiciones ir\u00e1 en funci\u00f3n de su exposici\u00f3n y estar\u00e1n vigentes hasta que sean modificadas por otras debidamente publicadas.<\/p>\n<p>12) LEGISLACI\u00d3N APLICABLE Y JURISDICCI\u00d3N: todo lo aqu\u00ed previsto se regir\u00e1 por la normativa espa\u00f1ola vigente y cualquier controversia se someter\u00e1 a los Juzgados y tribunales de la ciudad de Madrid.<\/p>\n<p>*Todos nuestros precios llevan el IVA incluido salvo que se indique lo contratio. Los precios mostrados en la p\u00e1gina web son v\u00e1lidos salvo error tipogr\u00e1fico o de cat\u00e1logo.<\/p>\n<h2><\/h2>\n<p>Esta es la tienda de la revista online Todotrial, http:\/\/todotrial.com.<br \/>\nEl apartado Tienda lo encontrar\u00e1s en http:\/\/todotrial.com\/tienda.<\/p>\n","protected":false},"excerpt":{"rendered":"<p>Clausula de Protecci\u00f3n de Datos De acuerdo con lo establecido en la Ley Org\u00e1nica 15\/1999, de 13 de diciembre, de Protecci\u00f3n de Datos de car\u00e1cter Personal, el Cliente\/Usuario queda informado de la incorporaci\u00f3n de sus datos a los ficheros automatizados existentes en la p\u00e1gina web www.todotrial.com As\u00edmismo, queda informado del tratamiento automatizado a que van [&hellip;]<\/p>\n","protected":false},"author":3,"featured_media":0,"parent":0,"menu_order":0,"comment_status":"closed","ping_status":"closed","template":"","meta":{"footnotes":""},"class_list":["post-28717","page","type-page","status-publish","hentry"],"yoast_head":"<!-- This site is optimized with the Yoast SEO Premium plugin v21.2 (Yoast SEO v27.6) - https:\/\/yoast.com\/product\/yoast-seo-premium-wordpress\/ -->\n<title>Privacy Policy - Pol\u00edtica de Privacidad - Tienda de todotrial<\/title>\n<meta name=\"robots\" content=\"index, follow, max-snippet:-1, max-image-preview:large, max-video-preview:-1\" \/>\n<link rel=\"canonical\" href=\"https:\/\/todotrial.com\/tienda\/politica-de-privacidad\/\" \/>\n<meta property=\"og:locale\" content=\"es_ES\" \/>\n<meta property=\"og:type\" content=\"article\" \/>\n<meta property=\"og:title\" content=\"Privacy Policy - Pol\u00edtica de Privacidad\" \/>\n<meta property=\"og:description\" content=\"Clausula de Protecci\u00f3n de Datos De acuerdo con lo establecido en la Ley Org\u00e1nica 15\/1999, de 13 de diciembre, de Protecci\u00f3n de Datos de car\u00e1cter Personal, el Cliente\/Usuario queda informado de la incorporaci\u00f3n de sus datos a los ficheros automatizados existentes en la p\u00e1gina web www.todotrial.com As\u00edmismo, queda informado del tratamiento automatizado a que van [&hellip;]\" \/>\n<meta property=\"og:url\" content=\"https:\/\/todotrial.com\/tienda\/politica-de-privacidad\/\" \/>\n<meta property=\"og:site_name\" content=\"Tienda de todotrial\" \/>\n<meta property=\"article:modified_time\" content=\"2022-12-21T20:47:27+00:00\" \/>\n<meta name=\"twitter:card\" content=\"summary_large_image\" \/>\n<meta name=\"twitter:label1\" content=\"Tiempo de lectura\" \/>\n\t<meta name=\"twitter:data1\" content=\"8 minutos\" \/>\n<script type=\"application\/ld+json\" class=\"yoast-schema-graph\">{\"@context\":\"https:\\\/\\\/schema.org\",\"@graph\":[{\"@type\":\"WebPage\",\"@id\":\"https:\\\/\\\/todotrial.com\\\/tienda\\\/politica-de-privacidad\\\/\",\"url\":\"https:\\\/\\\/todotrial.com\\\/tienda\\\/politica-de-privacidad\\\/\",\"name\":\"Privacy Policy - Pol\u00edtica de Privacidad - Tienda de todotrial\",\"isPartOf\":{\"@id\":\"https:\\\/\\\/todotrial.com\\\/tienda\\\/#website\"},\"datePublished\":\"2019-03-04T07:43:04+00:00\",\"dateModified\":\"2022-12-21T20:47:27+00:00\",\"breadcrumb\":{\"@id\":\"https:\\\/\\\/todotrial.com\\\/tienda\\\/politica-de-privacidad\\\/#breadcrumb\"},\"inLanguage\":\"es\",\"potentialAction\":[{\"@type\":\"ReadAction\",\"target\":[\"https:\\\/\\\/todotrial.com\\\/tienda\\\/politica-de-privacidad\\\/\"]}]},{\"@type\":\"BreadcrumbList\",\"@id\":\"https:\\\/\\\/todotrial.com\\\/tienda\\\/politica-de-privacidad\\\/#breadcrumb\",\"itemListElement\":[{\"@type\":\"ListItem\",\"position\":1,\"name\":\"Portada\",\"item\":\"https:\\\/\\\/todotrial.com\\\/tienda\\\/\"},{\"@type\":\"ListItem\",\"position\":2,\"name\":\"Privacy Policy &#8211; Pol\u00edtica de Privacidad\"}]},{\"@type\":\"WebSite\",\"@id\":\"https:\\\/\\\/todotrial.com\\\/tienda\\\/#website\",\"url\":\"https:\\\/\\\/todotrial.com\\\/tienda\\\/\",\"name\":\"Tienda de todotrial\",\"description\":\"\",\"potentialAction\":[{\"@type\":\"SearchAction\",\"target\":{\"@type\":\"EntryPoint\",\"urlTemplate\":\"https:\\\/\\\/todotrial.com\\\/tienda\\\/?s={search_term_string}\"},\"query-input\":{\"@type\":\"PropertyValueSpecification\",\"valueRequired\":true,\"valueName\":\"search_term_string\"}}],\"inLanguage\":\"es\"}]}<\/script>\n<!-- \/ Yoast SEO Premium plugin. -->","yoast_head_json":{"title":"Privacy Policy - Pol\u00edtica de Privacidad - Tienda de todotrial","robots":{"index":"index","follow":"follow","max-snippet":"max-snippet:-1","max-image-preview":"max-image-preview:large","max-video-preview":"max-video-preview:-1"},"canonical":"https:\/\/todotrial.com\/tienda\/politica-de-privacidad\/","og_locale":"es_ES","og_type":"article","og_title":"Privacy Policy - Pol\u00edtica de Privacidad","og_description":"Clausula de Protecci\u00f3n de Datos De acuerdo con lo establecido en la Ley Org\u00e1nica 15\/1999, de 13 de diciembre, de Protecci\u00f3n de Datos de car\u00e1cter Personal, el Cliente\/Usuario queda informado de la incorporaci\u00f3n de sus datos a los ficheros automatizados existentes en la p\u00e1gina web www.todotrial.com As\u00edmismo, queda informado del tratamiento automatizado a que van [&hellip;]","og_url":"https:\/\/todotrial.com\/tienda\/politica-de-privacidad\/","og_site_name":"Tienda de todotrial","article_modified_time":"2022-12-21T20:47:27+00:00","twitter_card":"summary_large_image","twitter_misc":{"Tiempo de lectura":"8 minutos"},"schema":{"@context":"https:\/\/schema.org","@graph":[{"@type":"WebPage","@id":"https:\/\/todotrial.com\/tienda\/politica-de-privacidad\/","url":"https:\/\/todotrial.com\/tienda\/politica-de-privacidad\/","name":"Privacy Policy - Pol\u00edtica de Privacidad - Tienda de todotrial","isPartOf":{"@id":"https:\/\/todotrial.com\/tienda\/#website"},"datePublished":"2019-03-04T07:43:04+00:00","dateModified":"2022-12-21T20:47:27+00:00","breadcrumb":{"@id":"https:\/\/todotrial.com\/tienda\/politica-de-privacidad\/#breadcrumb"},"inLanguage":"es","potentialAction":[{"@type":"ReadAction","target":["https:\/\/todotrial.com\/tienda\/politica-de-privacidad\/"]}]},{"@type":"BreadcrumbList","@id":"https:\/\/todotrial.com\/tienda\/politica-de-privacidad\/#breadcrumb","itemListElement":[{"@type":"ListItem","position":1,"name":"Portada","item":"https:\/\/todotrial.com\/tienda\/"},{"@type":"ListItem","position":2,"name":"Privacy Policy &#8211; Pol\u00edtica de Privacidad"}]},{"@type":"WebSite","@id":"https:\/\/todotrial.com\/tienda\/#website","url":"https:\/\/todotrial.com\/tienda\/","name":"Tienda de todotrial","description":"","potentialAction":[{"@type":"SearchAction","target":{"@type":"EntryPoint","urlTemplate":"https:\/\/todotrial.com\/tienda\/?s={search_term_string}"},"query-input":{"@type":"PropertyValueSpecification","valueRequired":true,"valueName":"search_term_string"}}],"inLanguage":"es"}]}},"_links":{"self":[{"href":"https:\/\/todotrial.com\/tienda\/wp-json\/wp\/v2\/pages\/28717","targetHints":{"allow":["GET"]}}],"collection":[{"href":"https:\/\/todotrial.com\/tienda\/wp-json\/wp\/v2\/pages"}],"about":[{"href":"https:\/\/todotrial.com\/tienda\/wp-json\/wp\/v2\/types\/page"}],"author":[{"embeddable":true,"href":"https:\/\/todotrial.com\/tienda\/wp-json\/wp\/v2\/users\/3"}],"replies":[{"embeddable":true,"href":"https:\/\/todotrial.com\/tienda\/wp-json\/wp\/v2\/comments?post=28717"}],"version-history":[{"count":0,"href":"https:\/\/todotrial.com\/tienda\/wp-json\/wp\/v2\/pages\/28717\/revisions"}],"wp:attachment":[{"href":"https:\/\/todotrial.com\/tienda\/wp-json\/wp\/v2\/media?parent=28717"}],"curies":[{"name":"wp","href":"https:\/\/api.w.org\/{rel}","templated":true}]}}